{"id":12540,"date":"2026-04-29T14:12:08","date_gmt":"2026-04-29T12:12:08","guid":{"rendered":"https:\/\/gaia-lux.ch\/?post_type=product&#038;p=12540"},"modified":"2026-04-29T14:12:08","modified_gmt":"2026-04-29T12:12:08","slug":"kelly-wood-perspective-22-cavaliere-multicolor-phw","status":"publish","type":"product","link":"http:\/\/gaia-lux.ch\/en\/product\/kelly-wood-perspective-22-cavaliere-multicolor-phw\/","title":{"rendered":"Kelly wood Perspective 22 Cavaliere Multicolor PHW"},"content":{"rendered":"<p>Mod\u00e8le rare et audacieux de la maison <a href=\"chatgpt:\/\/generic-entity?number=0\">Herm\u00e8s<\/a>, le Kelly Wood Perspective 22 se distingue par son design architectural et r\u00e9solument contemporain. Issu de la ligne Perspective Cavali\u00e8re, ce sac revisite l\u2019iconique Kelly avec une approche graphique et artistique.<\/p>\n<p>Sa construction unique associe bois structur\u00e9 et cuir, cr\u00e9ant un contraste saisissant entre mati\u00e8res naturelles et savoir-faire maroquinier d\u2019exception. La version multicolore Cavali\u00e8re apporte une dimension vibrante et moderne, faisant de cette pi\u00e8ce un v\u00e9ritable objet de collection.<\/p>\n<p>La m\u00e9tallerie palladi\u00e9e (PHW \u2013 Palladium Hardware) vient subtilement compl\u00e9ter l\u2019ensemble avec une touche \u00e9l\u00e9gante et contemporaine.<\/p>\n<p>\u00c0 la fois sac et pi\u00e8ce d\u2019art, ce Kelly Wood Perspective est destin\u00e9 aux amateurs de cr\u00e9ations rares et avant-gardistes, recherchant une pi\u00e8ce forte, distinctive et hautement d\u00e9sirable.<\/p>\n<p>Il est livr\u00e9 en <strong data-start=\"1016\" data-end=\"1038\">full set<\/strong>, comprenant la bo\u00eete Herm\u00e8s, le dustbag, la feutrine, la facture et la bandouli\u00e8re.<\/p>","protected":false},"excerpt":{"rendered":"<p>Mod\u00e8le rare et audacieux de la maison Herm\u00e8s, le Kelly Wood Perspective 22 se distingue par son design architectural et r\u00e9solument contemporain. Issu de la ligne Perspective Cavali\u00e8re, ce sac revisite l\u2019iconique Kelly avec une approche graphique et artistique. Sa construction unique associe bois structur\u00e9 et cuir, cr\u00e9ant un contraste saisissant entre mati\u00e8res naturelles et [&hellip;]<\/p>\n","protected":false},"featured_media":12541,"template":"","meta":[],"product_brand":[],"product_cat":[323],"product_tag":[],"class_list":{"0":"post-12540","1":"product","2":"type-product","3":"status-publish","4":"has-post-thumbnail","6":"product_cat-kelly","7":"ts_product_brand-kelly","9":"first","10":"instock","11":"taxable","12":"shipping-taxable","13":"purchasable","14":"product-type-simple","15":"add-to-wishlist-before_add_to_cart"},"yoast_head":"<!-- This site is optimized with the Yoast SEO plugin v27.5 - https:\/\/yoast.com\/product\/yoast-seo-wordpress\/ -->\n<title>Kelly wood Perspective 22 Cavaliere Multicolor PHW - Gaia Lux<\/title>\n<meta name=\"robots\" content=\"index, follow, max-snippet:-1, max-image-preview:large, max-video-preview:-1\" \/>\n<link rel=\"canonical\" href=\"https:\/\/gaia-lux.ch\/en\/product\/kelly-wood-perspective-22-cavaliere-multicolor-phw\/\" \/>\n<meta property=\"og:locale\" content=\"en_GB\" \/>\n<meta property=\"og:type\" content=\"article\" \/>\n<meta property=\"og:title\" content=\"Kelly wood Perspective 22 Cavaliere Multicolor PHW - Gaia Lux\" \/>\n<meta property=\"og:description\" content=\"Mod\u00e8le rare et audacieux de la maison Herm\u00e8s, le Kelly Wood Perspective 22 se distingue par son design architectural et r\u00e9solument contemporain. Issu de la ligne Perspective Cavali\u00e8re, ce sac revisite l\u2019iconique Kelly avec une approche graphique et artistique. Sa construction unique associe bois structur\u00e9 et cuir, cr\u00e9ant un contraste saisissant entre mati\u00e8res naturelles et [&hellip;]\" \/>\n<meta property=\"og:url\" content=\"https:\/\/gaia-lux.ch\/en\/product\/kelly-wood-perspective-22-cavaliere-multicolor-phw\/\" \/>\n<meta property=\"og:site_name\" content=\"Gaia Lux\" \/>\n<meta property=\"og:image\" content=\"https:\/\/gaia-lux.ch\/wp-content\/uploads\/2026\/04\/Photoroom_20260429_111045.jpeg\" \/>\n\t<meta property=\"og:image:width\" content=\"1512\" \/>\n\t<meta property=\"og:image:height\" content=\"1512\" \/>\n\t<meta property=\"og:image:type\" content=\"image\/jpeg\" \/>\n<meta name=\"twitter:card\" content=\"summary_large_image\" \/>\n<meta name=\"twitter:label1\" content=\"Estimated reading time\" \/>\n\t<meta name=\"twitter:data1\" content=\"1 minute\" \/>\n<script type=\"application\/ld+json\" class=\"yoast-schema-graph\">{\"@context\":\"https:\\\/\\\/schema.org\",\"@graph\":[{\"@type\":\"WebPage\",\"@id\":\"https:\\\/\\\/gaia-lux.ch\\\/produit\\\/kelly-wood-perspective-22-cavaliere-multicolor-phw\\\/\",\"url\":\"https:\\\/\\\/gaia-lux.ch\\\/produit\\\/kelly-wood-perspective-22-cavaliere-multicolor-phw\\\/\",\"name\":\"Kelly wood Perspective 22 Cavaliere Multicolor PHW - Gaia Lux\",\"isPartOf\":{\"@id\":\"https:\\\/\\\/gaia-lux.ch\\\/#website\"},\"primaryImageOfPage\":{\"@id\":\"https:\\\/\\\/gaia-lux.ch\\\/produit\\\/kelly-wood-perspective-22-cavaliere-multicolor-phw\\\/#primaryimage\"},\"image\":{\"@id\":\"https:\\\/\\\/gaia-lux.ch\\\/produit\\\/kelly-wood-perspective-22-cavaliere-multicolor-phw\\\/#primaryimage\"},\"thumbnailUrl\":\"https:\\\/\\\/gaia-lux.ch\\\/wp-content\\\/uploads\\\/2026\\\/04\\\/Photoroom_20260429_111045.jpeg\",\"datePublished\":\"2026-04-29T12:12:08+00:00\",\"breadcrumb\":{\"@id\":\"https:\\\/\\\/gaia-lux.ch\\\/produit\\\/kelly-wood-perspective-22-cavaliere-multicolor-phw\\\/#breadcrumb\"},\"inLanguage\":\"en-GB\",\"potentialAction\":[{\"@type\":\"ReadAction\",\"target\":[\"https:\\\/\\\/gaia-lux.ch\\\/produit\\\/kelly-wood-perspective-22-cavaliere-multicolor-phw\\\/\"]}]},{\"@type\":\"ImageObject\",\"inLanguage\":\"en-GB\",\"@id\":\"https:\\\/\\\/gaia-lux.ch\\\/produit\\\/kelly-wood-perspective-22-cavaliere-multicolor-phw\\\/#primaryimage\",\"url\":\"https:\\\/\\\/gaia-lux.ch\\\/wp-content\\\/uploads\\\/2026\\\/04\\\/Photoroom_20260429_111045.jpeg\",\"contentUrl\":\"https:\\\/\\\/gaia-lux.ch\\\/wp-content\\\/uploads\\\/2026\\\/04\\\/Photoroom_20260429_111045.jpeg\",\"width\":1512,\"height\":1512},{\"@type\":\"BreadcrumbList\",\"@id\":\"https:\\\/\\\/gaia-lux.ch\\\/produit\\\/kelly-wood-perspective-22-cavaliere-multicolor-phw\\\/#breadcrumb\",\"itemListElement\":[{\"@type\":\"ListItem\",\"position\":1,\"name\":\"Accueil\",\"item\":\"https:\\\/\\\/gaia-lux.ch\\\/\"},{\"@type\":\"ListItem\",\"position\":2,\"name\":\"Boutique\",\"item\":\"https:\\\/\\\/gaia-lux.ch\\\/boutique\\\/\"},{\"@type\":\"ListItem\",\"position\":3,\"name\":\"Kelly wood Perspective 22 Cavaliere Multicolor PHW\"}]},{\"@type\":\"WebSite\",\"@id\":\"https:\\\/\\\/gaia-lux.ch\\\/#website\",\"url\":\"https:\\\/\\\/gaia-lux.ch\\\/\",\"name\":\"Gaia Lux\",\"description\":\"Des pi\u00e8ces uniques, rares et limit\u00e9s.\",\"publisher\":{\"@id\":\"https:\\\/\\\/gaia-lux.ch\\\/#organization\"},\"alternateName\":\"Gaia Lux : Sp\u00e9cialis\u00e9s dans la recherche de sacs Herm\u00e8s rares et limit\u00e9s.\",\"potentialAction\":[{\"@type\":\"SearchAction\",\"target\":{\"@type\":\"EntryPoint\",\"urlTemplate\":\"https:\\\/\\\/gaia-lux.ch\\\/?s={search_term_string}\"},\"query-input\":{\"@type\":\"PropertyValueSpecification\",\"valueRequired\":true,\"valueName\":\"search_term_string\"}}],\"inLanguage\":\"en-GB\"},{\"@type\":\"Organization\",\"@id\":\"https:\\\/\\\/gaia-lux.ch\\\/#organization\",\"name\":\"Gaia Lux\",\"url\":\"https:\\\/\\\/gaia-lux.ch\\\/\",\"logo\":{\"@type\":\"ImageObject\",\"inLanguage\":\"en-GB\",\"@id\":\"https:\\\/\\\/gaia-lux.ch\\\/#\\\/schema\\\/logo\\\/image\\\/\",\"url\":\"https:\\\/\\\/gaia-lux.ch\\\/wp-content\\\/uploads\\\/2025\\\/06\\\/cropped-LOGO-GAIA-2-Photoroom.png\",\"contentUrl\":\"https:\\\/\\\/gaia-lux.ch\\\/wp-content\\\/uploads\\\/2025\\\/06\\\/cropped-LOGO-GAIA-2-Photoroom.png\",\"width\":512,\"height\":512,\"caption\":\"Gaia Lux\"},\"image\":{\"@id\":\"https:\\\/\\\/gaia-lux.ch\\\/#\\\/schema\\\/logo\\\/image\\\/\"}}]}<\/script>\n<!-- \/ Yoast SEO plugin. -->","yoast_head_json":{"title":"Kelly wood Perspective 22 Cavaliere Multicolor PHW - Gaia Lux","robots":{"index":"index","follow":"follow","max-snippet":"max-snippet:-1","max-image-preview":"max-image-preview:large","max-video-preview":"max-video-preview:-1"},"canonical":"https:\/\/gaia-lux.ch\/en\/product\/kelly-wood-perspective-22-cavaliere-multicolor-phw\/","og_locale":"en_GB","og_type":"article","og_title":"Kelly wood Perspective 22 Cavaliere Multicolor PHW - Gaia Lux","og_description":"Mod\u00e8le rare et audacieux de la maison Herm\u00e8s, le Kelly Wood Perspective 22 se distingue par son design architectural et r\u00e9solument contemporain. Issu de la ligne Perspective Cavali\u00e8re, ce sac revisite l\u2019iconique Kelly avec une approche graphique et artistique. Sa construction unique associe bois structur\u00e9 et cuir, cr\u00e9ant un contraste saisissant entre mati\u00e8res naturelles et [&hellip;]","og_url":"https:\/\/gaia-lux.ch\/en\/product\/kelly-wood-perspective-22-cavaliere-multicolor-phw\/","og_site_name":"Gaia Lux","og_image":[{"width":1512,"height":1512,"url":"https:\/\/gaia-lux.ch\/wp-content\/uploads\/2026\/04\/Photoroom_20260429_111045.jpeg","type":"image\/jpeg"}],"twitter_card":"summary_large_image","twitter_misc":{"Estimated reading time":"1 minute"},"schema":{"@context":"https:\/\/schema.org","@graph":[{"@type":"WebPage","@id":"https:\/\/gaia-lux.ch\/produit\/kelly-wood-perspective-22-cavaliere-multicolor-phw\/","url":"https:\/\/gaia-lux.ch\/produit\/kelly-wood-perspective-22-cavaliere-multicolor-phw\/","name":"Kelly wood Perspective 22 Cavaliere Multicolor PHW - Gaia Lux","isPartOf":{"@id":"https:\/\/gaia-lux.ch\/#website"},"primaryImageOfPage":{"@id":"https:\/\/gaia-lux.ch\/produit\/kelly-wood-perspective-22-cavaliere-multicolor-phw\/#primaryimage"},"image":{"@id":"https:\/\/gaia-lux.ch\/produit\/kelly-wood-perspective-22-cavaliere-multicolor-phw\/#primaryimage"},"thumbnailUrl":"https:\/\/gaia-lux.ch\/wp-content\/uploads\/2026\/04\/Photoroom_20260429_111045.jpeg","datePublished":"2026-04-29T12:12:08+00:00","breadcrumb":{"@id":"https:\/\/gaia-lux.ch\/produit\/kelly-wood-perspective-22-cavaliere-multicolor-phw\/#breadcrumb"},"inLanguage":"en-GB","potentialAction":[{"@type":"ReadAction","target":["https:\/\/gaia-lux.ch\/produit\/kelly-wood-perspective-22-cavaliere-multicolor-phw\/"]}]},{"@type":"ImageObject","inLanguage":"en-GB","@id":"https:\/\/gaia-lux.ch\/produit\/kelly-wood-perspective-22-cavaliere-multicolor-phw\/#primaryimage","url":"https:\/\/gaia-lux.ch\/wp-content\/uploads\/2026\/04\/Photoroom_20260429_111045.jpeg","contentUrl":"https:\/\/gaia-lux.ch\/wp-content\/uploads\/2026\/04\/Photoroom_20260429_111045.jpeg","width":1512,"height":1512},{"@type":"BreadcrumbList","@id":"https:\/\/gaia-lux.ch\/produit\/kelly-wood-perspective-22-cavaliere-multicolor-phw\/#breadcrumb","itemListElement":[{"@type":"ListItem","position":1,"name":"Accueil","item":"https:\/\/gaia-lux.ch\/"},{"@type":"ListItem","position":2,"name":"Boutique","item":"https:\/\/gaia-lux.ch\/boutique\/"},{"@type":"ListItem","position":3,"name":"Kelly wood Perspective 22 Cavaliere Multicolor PHW"}]},{"@type":"WebSite","@id":"https:\/\/gaia-lux.ch\/#website","url":"https:\/\/gaia-lux.ch\/","name":"Gaia Lux","description":"Des pi\u00e8ces uniques, rares et limit\u00e9s.","publisher":{"@id":"https:\/\/gaia-lux.ch\/#organization"},"alternateName":"Gaia Lux : Sp\u00e9cialis\u00e9s dans la recherche de sacs Herm\u00e8s rares et limit\u00e9s.","potentialAction":[{"@type":"SearchAction","target":{"@type":"EntryPoint","urlTemplate":"https:\/\/gaia-lux.ch\/?s={search_term_string}"},"query-input":{"@type":"PropertyValueSpecification","valueRequired":true,"valueName":"search_term_string"}}],"inLanguage":"en-GB"},{"@type":"Organization","@id":"https:\/\/gaia-lux.ch\/#organization","name":"Gaia Lux","url":"https:\/\/gaia-lux.ch\/","logo":{"@type":"ImageObject","inLanguage":"en-GB","@id":"https:\/\/gaia-lux.ch\/#\/schema\/logo\/image\/","url":"https:\/\/gaia-lux.ch\/wp-content\/uploads\/2025\/06\/cropped-LOGO-GAIA-2-Photoroom.png","contentUrl":"https:\/\/gaia-lux.ch\/wp-content\/uploads\/2025\/06\/cropped-LOGO-GAIA-2-Photoroom.png","width":512,"height":512,"caption":"Gaia Lux"},"image":{"@id":"https:\/\/gaia-lux.ch\/#\/schema\/logo\/image\/"}}]}},"_links":{"self":[{"href":"http:\/\/gaia-lux.ch\/en\/wp-json\/wp\/v2\/product\/12540","targetHints":{"allow":["GET"]}}],"collection":[{"href":"http:\/\/gaia-lux.ch\/en\/wp-json\/wp\/v2\/product"}],"about":[{"href":"http:\/\/gaia-lux.ch\/en\/wp-json\/wp\/v2\/types\/product"}],"version-history":[{"count":2,"href":"http:\/\/gaia-lux.ch\/en\/wp-json\/wp\/v2\/product\/12540\/revisions"}],"predecessor-version":[{"id":12555,"href":"http:\/\/gaia-lux.ch\/en\/wp-json\/wp\/v2\/product\/12540\/revisions\/12555"}],"wp:featuredmedia":[{"embeddable":true,"href":"http:\/\/gaia-lux.ch\/en\/wp-json\/wp\/v2\/media\/12541"}],"wp:attachment":[{"href":"http:\/\/gaia-lux.ch\/en\/wp-json\/wp\/v2\/media?parent=12540"}],"wp:term":[{"taxonomy":"product_brand","embeddable":true,"href":"http:\/\/gaia-lux.ch\/en\/wp-json\/wp\/v2\/product_brand?post=12540"},{"taxonomy":"product_cat","embeddable":true,"href":"http:\/\/gaia-lux.ch\/en\/wp-json\/wp\/v2\/product_cat?post=12540"},{"taxonomy":"product_tag","embeddable":true,"href":"http:\/\/gaia-lux.ch\/en\/wp-json\/wp\/v2\/product_tag?post=12540"}],"curies":[{"name":"wp","href":"https:\/\/api.w.org\/{rel}","templated":true}]}}