{"id":12470,"date":"2026-03-05T14:56:09","date_gmt":"2026-03-05T13:56:09","guid":{"rendered":"https:\/\/gaia-lux.ch\/?post_type=product&#038;p=12470"},"modified":"2026-03-05T15:01:24","modified_gmt":"2026-03-05T14:01:24","slug":"kelly-25-alligator-matte-bubblegum-phw","status":"publish","type":"product","link":"http:\/\/gaia-lux.ch\/fr\/produit\/kelly-25-alligator-matte-bubblegum-phw\/","title":{"rendered":"Kelly 25 Alligator Matte Bubblegum PHW"},"content":{"rendered":"","protected":false},"excerpt":{"rendered":"<p data-start=\"168\" data-end=\"423\">\u00c0 la fois d\u00e9licat et spectaculaire, ce <strong data-start=\"207\" data-end=\"219\">Kelly 25<\/strong> sign\u00e9 <strong data-start=\"226\" data-end=\"236\">Herm\u00e8s<\/strong> incarne l\u2019excellence du savoir-faire artisanal de la Maison. R\u00e9alis\u00e9 en <strong data-start=\"309\" data-end=\"326\">alligator mat<\/strong>, cuir exotique d\u2019une grande raret\u00e9, il s\u00e9duit par sa texture velout\u00e9e et son \u00e9l\u00e9gance naturelle.<\/p>\n<p data-start=\"425\" data-end=\"728\">Sa teinte <strong data-start=\"435\" data-end=\"448\">Bubblegum<\/strong>, un rose vif et lumineux embl\u00e9matique d\u2019Herm\u00e8s, apporte une touche audacieuse et f\u00e9minine \u00e0 cette silhouette iconique. La <strong data-start=\"571\" data-end=\"604\">bijouterie palladium (PHW)<\/strong> vient sublimer l\u2019ensemble avec une finition moderne et raffin\u00e9e, cr\u00e9ant un contraste subtil avec l\u2019intensit\u00e9 de la couleur.<\/p>\n<p data-start=\"876\" data-end=\"1161\">Dat\u00e9 de 2020, ce sac est pr\u00e9sent\u00e9 en <strong data-start=\"1093\" data-end=\"1126\">tr\u00e8s bon \u00e9tat, proche du neuf<\/strong>, ayant \u00e9t\u00e9 soigneusement conserv\u00e9. Il est livr\u00e9 en <strong data-start=\"1179\" data-end=\"1191\">full set<\/strong>, comprenant la bo\u00eete Herm\u00e8s, le dustbag, la bandouli\u00e8re, la clochette, le cadenas, les cl\u00e9s, ainsi qu\u2019un <strong data-start=\"1297\" data-end=\"1370\">duplicata de la facture originale et un duplicata du certificat CITES<\/strong>.<\/p>\n<p data-start=\"730\" data-end=\"969\">Prix sur demande, n&#8217;h\u00e9sitez pas \u00e0 nous envoyer une demande d&#8217;information.<\/p>\n","protected":false},"featured_media":12471,"template":"","meta":[],"product_brand":[],"product_cat":[323,216],"product_tag":[],"class_list":{"0":"post-12470","1":"product","2":"type-product","3":"status-publish","4":"has-post-thumbnail","6":"product_cat-kelly","7":"product_cat-les-sacs","8":"ts_product_brand-kelly","10":"first","11":"instock","12":"taxable","13":"shipping-taxable","14":"product-type-simple","15":"add-to-wishlist-before_add_to_cart"},"yoast_head":"<!-- This site is optimized with the Yoast SEO plugin v27.5 - https:\/\/yoast.com\/product\/yoast-seo-wordpress\/ -->\n<title>Kelly 25 Alligator Matte Bubblegum PHW - Gaia Lux<\/title>\n<meta name=\"robots\" content=\"index, follow, max-snippet:-1, max-image-preview:large, max-video-preview:-1\" \/>\n<link rel=\"canonical\" href=\"https:\/\/gaia-lux.ch\/fr\/produit\/kelly-25-alligator-matte-bubblegum-phw\/\" \/>\n<meta property=\"og:locale\" content=\"fr_FR\" \/>\n<meta property=\"og:type\" content=\"article\" \/>\n<meta property=\"og:title\" content=\"Kelly 25 Alligator Matte Bubblegum PHW - Gaia Lux\" \/>\n<meta property=\"og:description\" content=\"\u00c0 la fois d\u00e9licat et spectaculaire, ce Kelly 25 sign\u00e9 Herm\u00e8s incarne l\u2019excellence du savoir-faire artisanal de la Maison. R\u00e9alis\u00e9 en alligator mat, cuir exotique d\u2019une grande raret\u00e9, il s\u00e9duit par sa texture velout\u00e9e et son \u00e9l\u00e9gance naturelle. Sa teinte Bubblegum, un rose vif et lumineux embl\u00e9matique d\u2019Herm\u00e8s, apporte une touche audacieuse et f\u00e9minine \u00e0 cette silhouette iconique. La bijouterie palladium (PHW) vient sublimer l\u2019ensemble avec une finition moderne et raffin\u00e9e, cr\u00e9ant un contraste subtil avec l\u2019intensit\u00e9 de la couleur. Dat\u00e9 de 2020, ce sac est pr\u00e9sent\u00e9 en tr\u00e8s bon \u00e9tat, proche du neuf, ayant \u00e9t\u00e9 soigneusement conserv\u00e9. Il est livr\u00e9 en full set, comprenant la bo\u00eete Herm\u00e8s, le dustbag, la bandouli\u00e8re, la clochette, le cadenas, les cl\u00e9s, ainsi qu\u2019un duplicata de la facture originale et un duplicata du certificat CITES. Prix sur demande, n&#039;h\u00e9sitez pas \u00e0 nous envoyer une demande d&#039;information.\" \/>\n<meta property=\"og:url\" content=\"https:\/\/gaia-lux.ch\/fr\/produit\/kelly-25-alligator-matte-bubblegum-phw\/\" \/>\n<meta property=\"og:site_name\" content=\"Gaia Lux\" \/>\n<meta property=\"article:modified_time\" content=\"2026-03-05T14:01:24+00:00\" \/>\n<meta property=\"og:image\" content=\"https:\/\/gaia-lux.ch\/wp-content\/uploads\/2026\/03\/transparent-Photoroom.png\" \/>\n\t<meta property=\"og:image:width\" content=\"1512\" \/>\n\t<meta property=\"og:image:height\" content=\"1512\" \/>\n\t<meta property=\"og:image:type\" content=\"image\/png\" \/>\n<meta name=\"twitter:card\" content=\"summary_large_image\" \/>\n<meta name=\"twitter:label1\" content=\"Dur\u00e9e de lecture estim\u00e9e\" \/>\n\t<meta name=\"twitter:data1\" content=\"1 minute\" \/>\n<script type=\"application\/ld+json\" class=\"yoast-schema-graph\">{\"@context\":\"https:\\\/\\\/schema.org\",\"@graph\":[{\"@type\":\"WebPage\",\"@id\":\"https:\\\/\\\/gaia-lux.ch\\\/produit\\\/kelly-25-alligator-matte-bubblegum-phw\\\/\",\"url\":\"https:\\\/\\\/gaia-lux.ch\\\/produit\\\/kelly-25-alligator-matte-bubblegum-phw\\\/\",\"name\":\"Kelly 25 Alligator Matte Bubblegum PHW - Gaia Lux\",\"isPartOf\":{\"@id\":\"https:\\\/\\\/gaia-lux.ch\\\/#website\"},\"primaryImageOfPage\":{\"@id\":\"https:\\\/\\\/gaia-lux.ch\\\/produit\\\/kelly-25-alligator-matte-bubblegum-phw\\\/#primaryimage\"},\"image\":{\"@id\":\"https:\\\/\\\/gaia-lux.ch\\\/produit\\\/kelly-25-alligator-matte-bubblegum-phw\\\/#primaryimage\"},\"thumbnailUrl\":\"https:\\\/\\\/gaia-lux.ch\\\/wp-content\\\/uploads\\\/2026\\\/03\\\/transparent-Photoroom.png\",\"datePublished\":\"2026-03-05T13:56:09+00:00\",\"dateModified\":\"2026-03-05T14:01:24+00:00\",\"breadcrumb\":{\"@id\":\"https:\\\/\\\/gaia-lux.ch\\\/produit\\\/kelly-25-alligator-matte-bubblegum-phw\\\/#breadcrumb\"},\"inLanguage\":\"fr-FR\",\"potentialAction\":[{\"@type\":\"ReadAction\",\"target\":[\"https:\\\/\\\/gaia-lux.ch\\\/produit\\\/kelly-25-alligator-matte-bubblegum-phw\\\/\"]}]},{\"@type\":\"ImageObject\",\"inLanguage\":\"fr-FR\",\"@id\":\"https:\\\/\\\/gaia-lux.ch\\\/produit\\\/kelly-25-alligator-matte-bubblegum-phw\\\/#primaryimage\",\"url\":\"https:\\\/\\\/gaia-lux.ch\\\/wp-content\\\/uploads\\\/2026\\\/03\\\/transparent-Photoroom.png\",\"contentUrl\":\"https:\\\/\\\/gaia-lux.ch\\\/wp-content\\\/uploads\\\/2026\\\/03\\\/transparent-Photoroom.png\",\"width\":1512,\"height\":1512},{\"@type\":\"BreadcrumbList\",\"@id\":\"https:\\\/\\\/gaia-lux.ch\\\/produit\\\/kelly-25-alligator-matte-bubblegum-phw\\\/#breadcrumb\",\"itemListElement\":[{\"@type\":\"ListItem\",\"position\":1,\"name\":\"Accueil\",\"item\":\"https:\\\/\\\/gaia-lux.ch\\\/\"},{\"@type\":\"ListItem\",\"position\":2,\"name\":\"Boutique\",\"item\":\"https:\\\/\\\/gaia-lux.ch\\\/boutique\\\/\"},{\"@type\":\"ListItem\",\"position\":3,\"name\":\"Kelly 25 Alligator Matte Bubblegum PHW\"}]},{\"@type\":\"WebSite\",\"@id\":\"https:\\\/\\\/gaia-lux.ch\\\/#website\",\"url\":\"https:\\\/\\\/gaia-lux.ch\\\/\",\"name\":\"Gaia Lux\",\"description\":\"Des pi\u00e8ces uniques, rares et limit\u00e9s.\",\"publisher\":{\"@id\":\"https:\\\/\\\/gaia-lux.ch\\\/#organization\"},\"alternateName\":\"Gaia Lux : Sp\u00e9cialis\u00e9s dans la recherche de sacs Herm\u00e8s rares et limit\u00e9s.\",\"potentialAction\":[{\"@type\":\"SearchAction\",\"target\":{\"@type\":\"EntryPoint\",\"urlTemplate\":\"https:\\\/\\\/gaia-lux.ch\\\/?s={search_term_string}\"},\"query-input\":{\"@type\":\"PropertyValueSpecification\",\"valueRequired\":true,\"valueName\":\"search_term_string\"}}],\"inLanguage\":\"fr-FR\"},{\"@type\":\"Organization\",\"@id\":\"https:\\\/\\\/gaia-lux.ch\\\/#organization\",\"name\":\"Gaia Lux\",\"url\":\"https:\\\/\\\/gaia-lux.ch\\\/\",\"logo\":{\"@type\":\"ImageObject\",\"inLanguage\":\"fr-FR\",\"@id\":\"https:\\\/\\\/gaia-lux.ch\\\/#\\\/schema\\\/logo\\\/image\\\/\",\"url\":\"https:\\\/\\\/gaia-lux.ch\\\/wp-content\\\/uploads\\\/2025\\\/06\\\/cropped-LOGO-GAIA-2-Photoroom.png\",\"contentUrl\":\"https:\\\/\\\/gaia-lux.ch\\\/wp-content\\\/uploads\\\/2025\\\/06\\\/cropped-LOGO-GAIA-2-Photoroom.png\",\"width\":512,\"height\":512,\"caption\":\"Gaia Lux\"},\"image\":{\"@id\":\"https:\\\/\\\/gaia-lux.ch\\\/#\\\/schema\\\/logo\\\/image\\\/\"}}]}<\/script>\n<!-- \/ Yoast SEO plugin. -->","yoast_head_json":{"title":"Kelly 25 Alligator Matte Bubblegum PHW - Gaia Lux","robots":{"index":"index","follow":"follow","max-snippet":"max-snippet:-1","max-image-preview":"max-image-preview:large","max-video-preview":"max-video-preview:-1"},"canonical":"https:\/\/gaia-lux.ch\/fr\/produit\/kelly-25-alligator-matte-bubblegum-phw\/","og_locale":"fr_FR","og_type":"article","og_title":"Kelly 25 Alligator Matte Bubblegum PHW - Gaia Lux","og_description":"\u00c0 la fois d\u00e9licat et spectaculaire, ce Kelly 25 sign\u00e9 Herm\u00e8s incarne l\u2019excellence du savoir-faire artisanal de la Maison. R\u00e9alis\u00e9 en alligator mat, cuir exotique d\u2019une grande raret\u00e9, il s\u00e9duit par sa texture velout\u00e9e et son \u00e9l\u00e9gance naturelle. Sa teinte Bubblegum, un rose vif et lumineux embl\u00e9matique d\u2019Herm\u00e8s, apporte une touche audacieuse et f\u00e9minine \u00e0 cette silhouette iconique. La bijouterie palladium (PHW) vient sublimer l\u2019ensemble avec une finition moderne et raffin\u00e9e, cr\u00e9ant un contraste subtil avec l\u2019intensit\u00e9 de la couleur. Dat\u00e9 de 2020, ce sac est pr\u00e9sent\u00e9 en tr\u00e8s bon \u00e9tat, proche du neuf, ayant \u00e9t\u00e9 soigneusement conserv\u00e9. Il est livr\u00e9 en full set, comprenant la bo\u00eete Herm\u00e8s, le dustbag, la bandouli\u00e8re, la clochette, le cadenas, les cl\u00e9s, ainsi qu\u2019un duplicata de la facture originale et un duplicata du certificat CITES. Prix sur demande, n'h\u00e9sitez pas \u00e0 nous envoyer une demande d'information.","og_url":"https:\/\/gaia-lux.ch\/fr\/produit\/kelly-25-alligator-matte-bubblegum-phw\/","og_site_name":"Gaia Lux","article_modified_time":"2026-03-05T14:01:24+00:00","og_image":[{"width":1512,"height":1512,"url":"https:\/\/gaia-lux.ch\/wp-content\/uploads\/2026\/03\/transparent-Photoroom.png","type":"image\/png"}],"twitter_card":"summary_large_image","twitter_misc":{"Dur\u00e9e de lecture estim\u00e9e":"1 minute"},"schema":{"@context":"https:\/\/schema.org","@graph":[{"@type":"WebPage","@id":"https:\/\/gaia-lux.ch\/produit\/kelly-25-alligator-matte-bubblegum-phw\/","url":"https:\/\/gaia-lux.ch\/produit\/kelly-25-alligator-matte-bubblegum-phw\/","name":"Kelly 25 Alligator Matte Bubblegum PHW - Gaia Lux","isPartOf":{"@id":"https:\/\/gaia-lux.ch\/#website"},"primaryImageOfPage":{"@id":"https:\/\/gaia-lux.ch\/produit\/kelly-25-alligator-matte-bubblegum-phw\/#primaryimage"},"image":{"@id":"https:\/\/gaia-lux.ch\/produit\/kelly-25-alligator-matte-bubblegum-phw\/#primaryimage"},"thumbnailUrl":"https:\/\/gaia-lux.ch\/wp-content\/uploads\/2026\/03\/transparent-Photoroom.png","datePublished":"2026-03-05T13:56:09+00:00","dateModified":"2026-03-05T14:01:24+00:00","breadcrumb":{"@id":"https:\/\/gaia-lux.ch\/produit\/kelly-25-alligator-matte-bubblegum-phw\/#breadcrumb"},"inLanguage":"fr-FR","potentialAction":[{"@type":"ReadAction","target":["https:\/\/gaia-lux.ch\/produit\/kelly-25-alligator-matte-bubblegum-phw\/"]}]},{"@type":"ImageObject","inLanguage":"fr-FR","@id":"https:\/\/gaia-lux.ch\/produit\/kelly-25-alligator-matte-bubblegum-phw\/#primaryimage","url":"https:\/\/gaia-lux.ch\/wp-content\/uploads\/2026\/03\/transparent-Photoroom.png","contentUrl":"https:\/\/gaia-lux.ch\/wp-content\/uploads\/2026\/03\/transparent-Photoroom.png","width":1512,"height":1512},{"@type":"BreadcrumbList","@id":"https:\/\/gaia-lux.ch\/produit\/kelly-25-alligator-matte-bubblegum-phw\/#breadcrumb","itemListElement":[{"@type":"ListItem","position":1,"name":"Accueil","item":"https:\/\/gaia-lux.ch\/"},{"@type":"ListItem","position":2,"name":"Boutique","item":"https:\/\/gaia-lux.ch\/boutique\/"},{"@type":"ListItem","position":3,"name":"Kelly 25 Alligator Matte Bubblegum PHW"}]},{"@type":"WebSite","@id":"https:\/\/gaia-lux.ch\/#website","url":"https:\/\/gaia-lux.ch\/","name":"Gaia Lux","description":"Des pi\u00e8ces uniques, rares et limit\u00e9s.","publisher":{"@id":"https:\/\/gaia-lux.ch\/#organization"},"alternateName":"Gaia Lux : Sp\u00e9cialis\u00e9s dans la recherche de sacs Herm\u00e8s rares et limit\u00e9s.","potentialAction":[{"@type":"SearchAction","target":{"@type":"EntryPoint","urlTemplate":"https:\/\/gaia-lux.ch\/?s={search_term_string}"},"query-input":{"@type":"PropertyValueSpecification","valueRequired":true,"valueName":"search_term_string"}}],"inLanguage":"fr-FR"},{"@type":"Organization","@id":"https:\/\/gaia-lux.ch\/#organization","name":"Gaia Lux","url":"https:\/\/gaia-lux.ch\/","logo":{"@type":"ImageObject","inLanguage":"fr-FR","@id":"https:\/\/gaia-lux.ch\/#\/schema\/logo\/image\/","url":"https:\/\/gaia-lux.ch\/wp-content\/uploads\/2025\/06\/cropped-LOGO-GAIA-2-Photoroom.png","contentUrl":"https:\/\/gaia-lux.ch\/wp-content\/uploads\/2025\/06\/cropped-LOGO-GAIA-2-Photoroom.png","width":512,"height":512,"caption":"Gaia Lux"},"image":{"@id":"https:\/\/gaia-lux.ch\/#\/schema\/logo\/image\/"}}]}},"_links":{"self":[{"href":"http:\/\/gaia-lux.ch\/fr\/wp-json\/wp\/v2\/product\/12470","targetHints":{"allow":["GET"]}}],"collection":[{"href":"http:\/\/gaia-lux.ch\/fr\/wp-json\/wp\/v2\/product"}],"about":[{"href":"http:\/\/gaia-lux.ch\/fr\/wp-json\/wp\/v2\/types\/product"}],"version-history":[{"count":3,"href":"http:\/\/gaia-lux.ch\/fr\/wp-json\/wp\/v2\/product\/12470\/revisions"}],"predecessor-version":[{"id":12482,"href":"http:\/\/gaia-lux.ch\/fr\/wp-json\/wp\/v2\/product\/12470\/revisions\/12482"}],"wp:featuredmedia":[{"embeddable":true,"href":"http:\/\/gaia-lux.ch\/fr\/wp-json\/wp\/v2\/media\/12471"}],"wp:attachment":[{"href":"http:\/\/gaia-lux.ch\/fr\/wp-json\/wp\/v2\/media?parent=12470"}],"wp:term":[{"taxonomy":"product_brand","embeddable":true,"href":"http:\/\/gaia-lux.ch\/fr\/wp-json\/wp\/v2\/product_brand?post=12470"},{"taxonomy":"product_cat","embeddable":true,"href":"http:\/\/gaia-lux.ch\/fr\/wp-json\/wp\/v2\/product_cat?post=12470"},{"taxonomy":"product_tag","embeddable":true,"href":"http:\/\/gaia-lux.ch\/fr\/wp-json\/wp\/v2\/product_tag?post=12470"}],"curies":[{"name":"wp","href":"https:\/\/api.w.org\/{rel}","templated":true}]}}