{"id":10046,"date":"2021-01-17T05:07:15","date_gmt":"2021-01-17T05:07:15","guid":{"rendered":"http:\/\/gaia.local\/?page_id=7"},"modified":"2025-10-09T12:43:47","modified_gmt":"2025-10-09T10:43:47","slug":"panier","status":"publish","type":"page","link":"https:\/\/gaia-lux.ch\/en\/panier\/","title":{"rendered":"Cart"},"content":{"rendered":"","protected":false},"excerpt":{"rendered":"","protected":false},"author":2,"featured_media":0,"parent":0,"menu_order":0,"comment_status":"closed","ping_status":"closed","template":"","meta":{"footnotes":""},"class_list":["post-10046","page","type-page","status-publish","hentry"],"yoast_head":"<!-- This site is optimized with the Yoast SEO plugin v27.3 - https:\/\/yoast.com\/product\/yoast-seo-wordpress\/ -->\n<title>Panier \u2013 Gaia Lux<\/title>\n<meta name=\"description\" content=\"Pr\u00e9parez votre commande en toute s\u00e9r\u00e9nit\u00e9 sur Gaia Lux. Retrouvez les produits de votre panier, vos s\u00e9lections et finalisez votre achat.\" \/>\n<meta name=\"robots\" content=\"index, follow, max-snippet:-1, max-image-preview:large, max-video-preview:-1\" \/>\n<link rel=\"canonical\" href=\"https:\/\/gaia-lux.ch\/en\/panier\/\" \/>\n<meta property=\"og:locale\" content=\"en_GB\" \/>\n<meta property=\"og:type\" content=\"article\" \/>\n<meta property=\"og:title\" content=\"Panier \u2013 Gaia Lux\" \/>\n<meta property=\"og:description\" content=\"Pr\u00e9parez votre commande en toute s\u00e9r\u00e9nit\u00e9 sur Gaia Lux. Retrouvez les produits de votre panier, vos s\u00e9lections et finalisez votre achat.\" \/>\n<meta property=\"og:url\" content=\"https:\/\/gaia-lux.ch\/en\/panier\/\" \/>\n<meta property=\"og:site_name\" content=\"Gaia Lux\" \/>\n<meta property=\"article:modified_time\" content=\"2025-10-09T10:43:47+00:00\" \/>\n<meta property=\"og:image\" content=\"https:\/\/gaia-lux.ch\/wp-content\/uploads\/2024\/05\/LOGO-GAIA-2-Photoroom-copie.png\" \/>\n\t<meta property=\"og:image:width\" content=\"500\" \/>\n\t<meta property=\"og:image:height\" content=\"500\" \/>\n\t<meta property=\"og:image:type\" content=\"image\/png\" \/>\n<meta name=\"twitter:card\" content=\"summary_large_image\" \/>\n<meta name=\"twitter:label1\" content=\"Estimated reading time\" \/>\n\t<meta name=\"twitter:data1\" content=\"1 minute\" \/>\n<script type=\"application\/ld+json\" class=\"yoast-schema-graph\">{\"@context\":\"https:\\\/\\\/schema.org\",\"@graph\":[{\"@type\":\"WebPage\",\"@id\":\"https:\\\/\\\/gaia-lux.ch\\\/panier\\\/\",\"url\":\"https:\\\/\\\/gaia-lux.ch\\\/panier\\\/\",\"name\":\"Panier \u2013 Gaia Lux\",\"isPartOf\":{\"@id\":\"https:\\\/\\\/gaia-lux.ch\\\/#website\"},\"datePublished\":\"2021-01-17T05:07:15+00:00\",\"dateModified\":\"2025-10-09T10:43:47+00:00\",\"description\":\"Pr\u00e9parez votre commande en toute s\u00e9r\u00e9nit\u00e9 sur Gaia Lux. Retrouvez les produits de votre panier, vos s\u00e9lections et finalisez votre achat.\",\"breadcrumb\":{\"@id\":\"https:\\\/\\\/gaia-lux.ch\\\/panier\\\/#breadcrumb\"},\"inLanguage\":\"en-GB\",\"potentialAction\":[{\"@type\":\"ReadAction\",\"target\":[\"https:\\\/\\\/gaia-lux.ch\\\/panier\\\/\"]}]},{\"@type\":\"BreadcrumbList\",\"@id\":\"https:\\\/\\\/gaia-lux.ch\\\/panier\\\/#breadcrumb\",\"itemListElement\":[{\"@type\":\"ListItem\",\"position\":1,\"name\":\"Accueil\",\"item\":\"https:\\\/\\\/gaia-lux.ch\\\/\"},{\"@type\":\"ListItem\",\"position\":2,\"name\":\"Panier\"}]},{\"@type\":\"WebSite\",\"@id\":\"https:\\\/\\\/gaia-lux.ch\\\/#website\",\"url\":\"https:\\\/\\\/gaia-lux.ch\\\/\",\"name\":\"Gaia Lux\",\"description\":\"Des pi\u00e8ces uniques, rares et limit\u00e9s.\",\"publisher\":{\"@id\":\"https:\\\/\\\/gaia-lux.ch\\\/#organization\"},\"alternateName\":\"Gaia Lux : Sp\u00e9cialis\u00e9s dans la recherche de sacs Herm\u00e8s rares et limit\u00e9s.\",\"potentialAction\":[{\"@type\":\"SearchAction\",\"target\":{\"@type\":\"EntryPoint\",\"urlTemplate\":\"https:\\\/\\\/gaia-lux.ch\\\/?s={search_term_string}\"},\"query-input\":{\"@type\":\"PropertyValueSpecification\",\"valueRequired\":true,\"valueName\":\"search_term_string\"}}],\"inLanguage\":\"en-GB\"},{\"@type\":\"Organization\",\"@id\":\"https:\\\/\\\/gaia-lux.ch\\\/#organization\",\"name\":\"Gaia Lux\",\"url\":\"https:\\\/\\\/gaia-lux.ch\\\/\",\"logo\":{\"@type\":\"ImageObject\",\"inLanguage\":\"en-GB\",\"@id\":\"https:\\\/\\\/gaia-lux.ch\\\/#\\\/schema\\\/logo\\\/image\\\/\",\"url\":\"https:\\\/\\\/gaia-lux.ch\\\/wp-content\\\/uploads\\\/2025\\\/06\\\/cropped-LOGO-GAIA-2-Photoroom.png\",\"contentUrl\":\"https:\\\/\\\/gaia-lux.ch\\\/wp-content\\\/uploads\\\/2025\\\/06\\\/cropped-LOGO-GAIA-2-Photoroom.png\",\"width\":512,\"height\":512,\"caption\":\"Gaia Lux\"},\"image\":{\"@id\":\"https:\\\/\\\/gaia-lux.ch\\\/#\\\/schema\\\/logo\\\/image\\\/\"}}]}<\/script>\n<!-- \/ Yoast SEO plugin. -->","yoast_head_json":{"title":"Panier \u2013 Gaia Lux","description":"Pr\u00e9parez votre commande en toute s\u00e9r\u00e9nit\u00e9 sur Gaia Lux. Retrouvez les produits de votre panier, vos s\u00e9lections et finalisez votre achat.","robots":{"index":"index","follow":"follow","max-snippet":"max-snippet:-1","max-image-preview":"max-image-preview:large","max-video-preview":"max-video-preview:-1"},"canonical":"https:\/\/gaia-lux.ch\/en\/panier\/","og_locale":"en_GB","og_type":"article","og_title":"Panier \u2013 Gaia Lux","og_description":"Pr\u00e9parez votre commande en toute s\u00e9r\u00e9nit\u00e9 sur Gaia Lux. Retrouvez les produits de votre panier, vos s\u00e9lections et finalisez votre achat.","og_url":"https:\/\/gaia-lux.ch\/en\/panier\/","og_site_name":"Gaia Lux","article_modified_time":"2025-10-09T10:43:47+00:00","og_image":[{"width":500,"height":500,"url":"https:\/\/gaia-lux.ch\/wp-content\/uploads\/2024\/05\/LOGO-GAIA-2-Photoroom-copie.png","type":"image\/png"}],"twitter_card":"summary_large_image","twitter_misc":{"Estimated reading time":"1 minute"},"schema":{"@context":"https:\/\/schema.org","@graph":[{"@type":"WebPage","@id":"https:\/\/gaia-lux.ch\/panier\/","url":"https:\/\/gaia-lux.ch\/panier\/","name":"Panier \u2013 Gaia Lux","isPartOf":{"@id":"https:\/\/gaia-lux.ch\/#website"},"datePublished":"2021-01-17T05:07:15+00:00","dateModified":"2025-10-09T10:43:47+00:00","description":"Pr\u00e9parez votre commande en toute s\u00e9r\u00e9nit\u00e9 sur Gaia Lux. Retrouvez les produits de votre panier, vos s\u00e9lections et finalisez votre achat.","breadcrumb":{"@id":"https:\/\/gaia-lux.ch\/panier\/#breadcrumb"},"inLanguage":"en-GB","potentialAction":[{"@type":"ReadAction","target":["https:\/\/gaia-lux.ch\/panier\/"]}]},{"@type":"BreadcrumbList","@id":"https:\/\/gaia-lux.ch\/panier\/#breadcrumb","itemListElement":[{"@type":"ListItem","position":1,"name":"Accueil","item":"https:\/\/gaia-lux.ch\/"},{"@type":"ListItem","position":2,"name":"Panier"}]},{"@type":"WebSite","@id":"https:\/\/gaia-lux.ch\/#website","url":"https:\/\/gaia-lux.ch\/","name":"Gaia Lux","description":"Des pi\u00e8ces uniques, rares et limit\u00e9s.","publisher":{"@id":"https:\/\/gaia-lux.ch\/#organization"},"alternateName":"Gaia Lux : Sp\u00e9cialis\u00e9s dans la recherche de sacs Herm\u00e8s rares et limit\u00e9s.","potentialAction":[{"@type":"SearchAction","target":{"@type":"EntryPoint","urlTemplate":"https:\/\/gaia-lux.ch\/?s={search_term_string}"},"query-input":{"@type":"PropertyValueSpecification","valueRequired":true,"valueName":"search_term_string"}}],"inLanguage":"en-GB"},{"@type":"Organization","@id":"https:\/\/gaia-lux.ch\/#organization","name":"Gaia Lux","url":"https:\/\/gaia-lux.ch\/","logo":{"@type":"ImageObject","inLanguage":"en-GB","@id":"https:\/\/gaia-lux.ch\/#\/schema\/logo\/image\/","url":"https:\/\/gaia-lux.ch\/wp-content\/uploads\/2025\/06\/cropped-LOGO-GAIA-2-Photoroom.png","contentUrl":"https:\/\/gaia-lux.ch\/wp-content\/uploads\/2025\/06\/cropped-LOGO-GAIA-2-Photoroom.png","width":512,"height":512,"caption":"Gaia Lux"},"image":{"@id":"https:\/\/gaia-lux.ch\/#\/schema\/logo\/image\/"}}]}},"_links":{"self":[{"href":"https:\/\/gaia-lux.ch\/en\/wp-json\/wp\/v2\/pages\/10046","targetHints":{"allow":["GET"]}}],"collection":[{"href":"https:\/\/gaia-lux.ch\/en\/wp-json\/wp\/v2\/pages"}],"about":[{"href":"https:\/\/gaia-lux.ch\/en\/wp-json\/wp\/v2\/types\/page"}],"author":[{"embeddable":true,"href":"https:\/\/gaia-lux.ch\/en\/wp-json\/wp\/v2\/users\/2"}],"replies":[{"embeddable":true,"href":"https:\/\/gaia-lux.ch\/en\/wp-json\/wp\/v2\/comments?post=10046"}],"version-history":[{"count":1,"href":"https:\/\/gaia-lux.ch\/en\/wp-json\/wp\/v2\/pages\/10046\/revisions"}],"predecessor-version":[{"id":10821,"href":"https:\/\/gaia-lux.ch\/en\/wp-json\/wp\/v2\/pages\/10046\/revisions\/10821"}],"wp:attachment":[{"href":"https:\/\/gaia-lux.ch\/en\/wp-json\/wp\/v2\/media?parent=10046"}],"curies":[{"name":"wp","href":"https:\/\/api.w.org\/{rel}","templated":true}]}}