{"id":12,"date":"2025-06-03T23:16:09","date_gmt":"2025-06-03T21:16:09","guid":{"rendered":"http:\/\/gaia.local\/?page_id=12"},"modified":"2025-07-10T01:33:10","modified_gmt":"2025-07-09T23:33:10","slug":"mentions-legales","status":"publish","type":"page","link":"https:\/\/gaia-lux.ch\/en\/mentions-legales\/","title":{"rendered":"Legal notices"},"content":{"rendered":"<p class=\"translation-block\">Welcome to GAIALUX, a luxury retailer specialising in the sourcing and resale of exceptional Herm\u00e8s bags. Below you will find all the legal information relating to the use of our website and services.<\/p>\n\n\n\n<h3 class=\"wp-block-heading\">1. Company information<\/h3>\n\n\n\n<ul class=\"wp-block-list\">\n<li><strong>Commercial name<\/strong> : GAIALUX<\/li>\n\n\n\n<li><strong>Company name<\/strong> : SOREM GROUP SA<\/li>\n\n\n\n<li class=\"translation-block\"><strong>Status<\/strong>: Registered private label<\/li>\n\n\n\n<li class=\"translation-block\"><strong>Headquarters<\/strong>: Geneva, Switzerland<\/li>\n\n\n\n<li><strong>E-mail<\/strong> : <a href=\"mailto:contact@gaia-lux.ch\" data-type=\"mailto\" data-id=\"mailto:contact@gaia-lux.ch\">contact@gaia-lux.ch<\/a><\/li>\n\n\n\n<li><strong>Phone<\/strong> : <a href=\"tel:+41%2079%20891%2032%2003\">+41 79 891 32 03<\/a><\/li>\n\n\n\n<li><strong>VAT number<\/strong> : <em>CHE-251.512.464<\/em><\/li>\n<\/ul>\n\n\n\n<h3 class=\"wp-block-heading\">2. Intellectual property<\/h3>\n\n\n\n<p>All content on this website (text, images, graphics, logos, domain name, architecture) is the exclusive property of GAIALUX, unless otherwise stated. Any reproduction, distribution or use without prior written authorisation is strictly prohibited and constitutes an infringement of copyright.<\/p>\n\n\n\n<h3 class=\"wp-block-heading\">3. Privacy Policy<\/h3>\n\n\n\n<p>We place great importance on protecting your personal data. For more information on how we collect, use and secure your information, please see our <a>Policy<\/a>.<\/p>\n\n\n\n<h3 class=\"wp-block-heading\">4. Terms of use<\/h3>\n\n\n\n<p>Use of our website implies full and complete acceptance of our terms and conditions. You agree to comply with applicable laws, to use the website fairly and not to disrupt its operation.<\/p>\n\n\n\n<h3 class=\"wp-block-heading\">5. Product authenticity<\/h3>\n\n\n\n<p>All items sold on Gaia Lux undergo rigorous authentication by our specialist experts. No counterfeit products are tolerated or listed. We guarantee the authenticity of every Herm\u00e8s bag sold.<\/p>\n\n\n\n<h3 class=\"wp-block-heading\">6. Limitation of liability<\/h3>\n\n\n\n<p>GAIALUX cannot be held liable for any indirect or immaterial damage (loss of data, loss of opportunity, damage to image, etc.) related to the use of the website or the purchase of a product. The user is solely responsible for the security of their IT environment.<\/p>\n\n\n\n<h3 class=\"wp-block-heading\">7. Applicable law and jurisdiction<\/h3>\n\n\n\n<p>These terms and conditions are governed by Swiss law. In the event of a dispute, the courts of the Canton of Geneva shall have exclusive jurisdiction, unless otherwise provided by law.<\/p>\n\n\n\n<h3 class=\"wp-block-heading\">8. Contact<\/h3>\n\n\n\n<p>For any legal enquiries, questions or further information, please contact our legal department by email: <a href=\"mailto:info.luxury@gaia-lux.com\" data-type=\"mailto\" data-id=\"mailto:info.luxury@gaia-lux.com\"><\/a><a href=\"tel:+41%2079%20891%2032%2003\"><\/a><a href=\"mailto:contact@gaia-lux.ch\">contact@gaia-lux.ch<\/a><\/p>\n\n\n\n<div style=\"height:75px\" aria-hidden=\"true\" class=\"wp-block-spacer\"><\/div>","protected":false},"excerpt":{"rendered":"<p>Bienvenue chez GAIALUX, maison de luxe sp\u00e9cialis\u00e9e dans le sourcing et la revente de sacs Herm\u00e8s d\u2019exception. Vous trouverez ci-dessous toutes les informations l\u00e9gales relatives \u00e0 l\u2019utilisation de notre site web et de nos services. 1. Informations sur l\u2019entreprise 2. Propri\u00e9t\u00e9 intellectuelle L&#8217;ensemble du contenu de ce site (textes, visuels, graphismes, logos, nom de domaine, [&hellip;]<\/p>\n","protected":false},"author":2,"featured_media":0,"parent":0,"menu_order":0,"comment_status":"closed","ping_status":"closed","template":"","meta":{"footnotes":""},"class_list":["post-12","page","type-page","status-publish","hentry"],"yoast_head":"<!-- This site is optimized with the Yoast SEO plugin v27.4 - https:\/\/yoast.com\/product\/yoast-seo-wordpress\/ -->\n<title>Mentions l\u00e9gales - Gaia Lux<\/title>\n<meta name=\"robots\" content=\"index, follow, max-snippet:-1, max-image-preview:large, max-video-preview:-1\" \/>\n<link rel=\"canonical\" href=\"https:\/\/gaia-lux.ch\/en\/mentions-legales\/\" \/>\n<meta property=\"og:locale\" content=\"en_GB\" \/>\n<meta property=\"og:type\" content=\"article\" \/>\n<meta property=\"og:title\" content=\"Mentions l\u00e9gales - Gaia Lux\" \/>\n<meta property=\"og:description\" content=\"Bienvenue chez GAIALUX, maison de luxe sp\u00e9cialis\u00e9e dans le sourcing et la revente de sacs Herm\u00e8s d\u2019exception. Vous trouverez ci-dessous toutes les informations l\u00e9gales relatives \u00e0 l\u2019utilisation de notre site web et de nos services. 1. Informations sur l\u2019entreprise 2. Propri\u00e9t\u00e9 intellectuelle L&#8217;ensemble du contenu de ce site (textes, visuels, graphismes, logos, nom de domaine, [&hellip;]\" \/>\n<meta property=\"og:url\" content=\"https:\/\/gaia-lux.ch\/en\/mentions-legales\/\" \/>\n<meta property=\"og:site_name\" content=\"Gaia Lux\" \/>\n<meta property=\"article:modified_time\" content=\"2025-07-09T23:33:10+00:00\" \/>\n<meta property=\"og:image\" content=\"https:\/\/gaia-lux.ch\/wp-content\/uploads\/2024\/05\/LOGO-GAIA-2-Photoroom-copie.png\" \/>\n\t<meta property=\"og:image:width\" content=\"500\" \/>\n\t<meta property=\"og:image:height\" content=\"500\" \/>\n\t<meta property=\"og:image:type\" content=\"image\/png\" \/>\n<meta name=\"twitter:card\" content=\"summary_large_image\" \/>\n<meta name=\"twitter:label1\" content=\"Estimated reading time\" \/>\n\t<meta name=\"twitter:data1\" content=\"2 minutes\" \/>\n<script type=\"application\/ld+json\" class=\"yoast-schema-graph\">{\"@context\":\"https:\\\/\\\/schema.org\",\"@graph\":[{\"@type\":\"WebPage\",\"@id\":\"https:\\\/\\\/gaia-lux.ch\\\/mentions-legales\\\/\",\"url\":\"https:\\\/\\\/gaia-lux.ch\\\/mentions-legales\\\/\",\"name\":\"Mentions l\u00e9gales - Gaia Lux\",\"isPartOf\":{\"@id\":\"https:\\\/\\\/gaia-lux.ch\\\/#website\"},\"datePublished\":\"2025-06-03T21:16:09+00:00\",\"dateModified\":\"2025-07-09T23:33:10+00:00\",\"breadcrumb\":{\"@id\":\"https:\\\/\\\/gaia-lux.ch\\\/mentions-legales\\\/#breadcrumb\"},\"inLanguage\":\"en-GB\",\"potentialAction\":[{\"@type\":\"ReadAction\",\"target\":[\"https:\\\/\\\/gaia-lux.ch\\\/mentions-legales\\\/\"]}]},{\"@type\":\"BreadcrumbList\",\"@id\":\"https:\\\/\\\/gaia-lux.ch\\\/mentions-legales\\\/#breadcrumb\",\"itemListElement\":[{\"@type\":\"ListItem\",\"position\":1,\"name\":\"Accueil\",\"item\":\"https:\\\/\\\/gaia-lux.ch\\\/\"},{\"@type\":\"ListItem\",\"position\":2,\"name\":\"Mentions l\u00e9gales\"}]},{\"@type\":\"WebSite\",\"@id\":\"https:\\\/\\\/gaia-lux.ch\\\/#website\",\"url\":\"https:\\\/\\\/gaia-lux.ch\\\/\",\"name\":\"Gaia Lux\",\"description\":\"Des pi\u00e8ces uniques, rares et limit\u00e9s.\",\"publisher\":{\"@id\":\"https:\\\/\\\/gaia-lux.ch\\\/#organization\"},\"alternateName\":\"Gaia Lux : Sp\u00e9cialis\u00e9s dans la recherche de sacs Herm\u00e8s rares et limit\u00e9s.\",\"potentialAction\":[{\"@type\":\"SearchAction\",\"target\":{\"@type\":\"EntryPoint\",\"urlTemplate\":\"https:\\\/\\\/gaia-lux.ch\\\/?s={search_term_string}\"},\"query-input\":{\"@type\":\"PropertyValueSpecification\",\"valueRequired\":true,\"valueName\":\"search_term_string\"}}],\"inLanguage\":\"en-GB\"},{\"@type\":\"Organization\",\"@id\":\"https:\\\/\\\/gaia-lux.ch\\\/#organization\",\"name\":\"Gaia Lux\",\"url\":\"https:\\\/\\\/gaia-lux.ch\\\/\",\"logo\":{\"@type\":\"ImageObject\",\"inLanguage\":\"en-GB\",\"@id\":\"https:\\\/\\\/gaia-lux.ch\\\/#\\\/schema\\\/logo\\\/image\\\/\",\"url\":\"https:\\\/\\\/gaia-lux.ch\\\/wp-content\\\/uploads\\\/2025\\\/06\\\/cropped-LOGO-GAIA-2-Photoroom.png\",\"contentUrl\":\"https:\\\/\\\/gaia-lux.ch\\\/wp-content\\\/uploads\\\/2025\\\/06\\\/cropped-LOGO-GAIA-2-Photoroom.png\",\"width\":512,\"height\":512,\"caption\":\"Gaia Lux\"},\"image\":{\"@id\":\"https:\\\/\\\/gaia-lux.ch\\\/#\\\/schema\\\/logo\\\/image\\\/\"}}]}<\/script>\n<!-- \/ Yoast SEO plugin. -->","yoast_head_json":{"title":"Mentions l\u00e9gales - Gaia Lux","robots":{"index":"index","follow":"follow","max-snippet":"max-snippet:-1","max-image-preview":"max-image-preview:large","max-video-preview":"max-video-preview:-1"},"canonical":"https:\/\/gaia-lux.ch\/en\/mentions-legales\/","og_locale":"en_GB","og_type":"article","og_title":"Mentions l\u00e9gales - Gaia Lux","og_description":"Bienvenue chez GAIALUX, maison de luxe sp\u00e9cialis\u00e9e dans le sourcing et la revente de sacs Herm\u00e8s d\u2019exception. Vous trouverez ci-dessous toutes les informations l\u00e9gales relatives \u00e0 l\u2019utilisation de notre site web et de nos services. 1. Informations sur l\u2019entreprise 2. Propri\u00e9t\u00e9 intellectuelle L&#8217;ensemble du contenu de ce site (textes, visuels, graphismes, logos, nom de domaine, [&hellip;]","og_url":"https:\/\/gaia-lux.ch\/en\/mentions-legales\/","og_site_name":"Gaia Lux","article_modified_time":"2025-07-09T23:33:10+00:00","og_image":[{"width":500,"height":500,"url":"https:\/\/gaia-lux.ch\/wp-content\/uploads\/2024\/05\/LOGO-GAIA-2-Photoroom-copie.png","type":"image\/png"}],"twitter_card":"summary_large_image","twitter_misc":{"Estimated reading time":"2 minutes"},"schema":{"@context":"https:\/\/schema.org","@graph":[{"@type":"WebPage","@id":"https:\/\/gaia-lux.ch\/mentions-legales\/","url":"https:\/\/gaia-lux.ch\/mentions-legales\/","name":"Mentions l\u00e9gales - Gaia Lux","isPartOf":{"@id":"https:\/\/gaia-lux.ch\/#website"},"datePublished":"2025-06-03T21:16:09+00:00","dateModified":"2025-07-09T23:33:10+00:00","breadcrumb":{"@id":"https:\/\/gaia-lux.ch\/mentions-legales\/#breadcrumb"},"inLanguage":"en-GB","potentialAction":[{"@type":"ReadAction","target":["https:\/\/gaia-lux.ch\/mentions-legales\/"]}]},{"@type":"BreadcrumbList","@id":"https:\/\/gaia-lux.ch\/mentions-legales\/#breadcrumb","itemListElement":[{"@type":"ListItem","position":1,"name":"Accueil","item":"https:\/\/gaia-lux.ch\/"},{"@type":"ListItem","position":2,"name":"Mentions l\u00e9gales"}]},{"@type":"WebSite","@id":"https:\/\/gaia-lux.ch\/#website","url":"https:\/\/gaia-lux.ch\/","name":"Gaia Lux","description":"Des pi\u00e8ces uniques, rares et limit\u00e9s.","publisher":{"@id":"https:\/\/gaia-lux.ch\/#organization"},"alternateName":"Gaia Lux : Sp\u00e9cialis\u00e9s dans la recherche de sacs Herm\u00e8s rares et limit\u00e9s.","potentialAction":[{"@type":"SearchAction","target":{"@type":"EntryPoint","urlTemplate":"https:\/\/gaia-lux.ch\/?s={search_term_string}"},"query-input":{"@type":"PropertyValueSpecification","valueRequired":true,"valueName":"search_term_string"}}],"inLanguage":"en-GB"},{"@type":"Organization","@id":"https:\/\/gaia-lux.ch\/#organization","name":"Gaia Lux","url":"https:\/\/gaia-lux.ch\/","logo":{"@type":"ImageObject","inLanguage":"en-GB","@id":"https:\/\/gaia-lux.ch\/#\/schema\/logo\/image\/","url":"https:\/\/gaia-lux.ch\/wp-content\/uploads\/2025\/06\/cropped-LOGO-GAIA-2-Photoroom.png","contentUrl":"https:\/\/gaia-lux.ch\/wp-content\/uploads\/2025\/06\/cropped-LOGO-GAIA-2-Photoroom.png","width":512,"height":512,"caption":"Gaia Lux"},"image":{"@id":"https:\/\/gaia-lux.ch\/#\/schema\/logo\/image\/"}}]}},"_links":{"self":[{"href":"https:\/\/gaia-lux.ch\/en\/wp-json\/wp\/v2\/pages\/12","targetHints":{"allow":["GET"]}}],"collection":[{"href":"https:\/\/gaia-lux.ch\/en\/wp-json\/wp\/v2\/pages"}],"about":[{"href":"https:\/\/gaia-lux.ch\/en\/wp-json\/wp\/v2\/types\/page"}],"author":[{"embeddable":true,"href":"https:\/\/gaia-lux.ch\/en\/wp-json\/wp\/v2\/users\/2"}],"replies":[{"embeddable":true,"href":"https:\/\/gaia-lux.ch\/en\/wp-json\/wp\/v2\/comments?post=12"}],"version-history":[{"count":6,"href":"https:\/\/gaia-lux.ch\/en\/wp-json\/wp\/v2\/pages\/12\/revisions"}],"predecessor-version":[{"id":10987,"href":"https:\/\/gaia-lux.ch\/en\/wp-json\/wp\/v2\/pages\/12\/revisions\/10987"}],"wp:attachment":[{"href":"https:\/\/gaia-lux.ch\/en\/wp-json\/wp\/v2\/media?parent=12"}],"curies":[{"name":"wp","href":"https:\/\/api.w.org\/{rel}","templated":true}]}}