{"id":12159,"date":"2025-09-08T15:40:35","date_gmt":"2025-09-08T13:40:35","guid":{"rendered":"https:\/\/gaia-lux.ch\/?post_type=product&#038;p=12159"},"modified":"2025-09-29T11:03:08","modified_gmt":"2025-09-29T09:03:08","slug":"birkin-25-hss-gris-perle-gris-tourterelle-bphw","status":"publish","type":"product","link":"https:\/\/gaia-lux.ch\/en\/product\/birkin-25-hss-gris-perle-gris-tourterelle-bphw\/","title":{"rendered":"Birkin 25 HSS Gris perle &#038; Gris tourterelle BPHW"},"content":{"rendered":"","protected":false},"excerpt":{"rendered":"<p data-start=\"357\" data-end=\"667\" class=\"translation-block\">A unique, custom-made piece: this Birkin 25 is a special Herm\u00e8s order (Horseshoe, HSS), recognizable by its horseshoe stamped next to the logo. It combines two of the House's iconic colors: delicate and luminous Gris Perle and Gris Tourterelle.<\/p>\n<p data-start=\"669\" data-end=\"948\" class=\"translation-block\">Crafted from Togo leather, renowned for its durability and supple grain texture, this model combines refinement and practicality. Its distinctive character is enhanced by rare and exclusive brushed palladium hardware (BPHW), which adds a matte, contemporary finish.<\/p>\n<p data-start=\"950\" data-end=\"1145\" class=\"translation-block\">From the year 2024, this bag is brand new, never worn, and comes with full set including the Herm\u00e8s box, dust bag, padlock, bell, keys, and original receipt.<\/p>","protected":false},"featured_media":12175,"template":"","meta":[],"product_brand":[],"product_cat":[324,216],"product_tag":[],"class_list":{"0":"post-12159","1":"product","2":"type-product","3":"status-publish","4":"has-post-thumbnail","6":"product_cat-birkin","7":"product_cat-les-sacs","8":"ts_product_brand-birkin","10":"first","11":"outofstock","12":"taxable","13":"shipping-taxable","14":"purchasable","15":"product-type-simple","16":"add-to-wishlist-before_add_to_cart"},"yoast_head":"<!-- This site is optimized with the Yoast SEO plugin v27.3 - https:\/\/yoast.com\/product\/yoast-seo-wordpress\/ -->\n<title>Birkin 25 HSS Gris perle &amp; Gris tourterelle BPHW - Gaia Lux<\/title>\n<meta name=\"robots\" content=\"index, follow, max-snippet:-1, max-image-preview:large, max-video-preview:-1\" \/>\n<link rel=\"canonical\" href=\"https:\/\/gaia-lux.ch\/en\/product\/birkin-25-hss-gris-perle-gris-tourterelle-bphw\/\" \/>\n<meta property=\"og:locale\" content=\"en_GB\" \/>\n<meta property=\"og:type\" content=\"article\" \/>\n<meta property=\"og:title\" content=\"Birkin 25 HSS Gris perle &amp; Gris tourterelle BPHW - Gaia Lux\" \/>\n<meta property=\"og:description\" content=\"Une pi\u00e8ce unique, con\u00e7ue sur mesure : ce Birkin 25 est une commande sp\u00e9ciale Herm\u00e8s (Horseshoe, HSS), reconnaissable \u00e0 son fer \u00e0 cheval estampill\u00e9 \u00e0 c\u00f4t\u00e9 du logo. Il associe deux teintes embl\u00e9matiques de la Maison : Gris Perle, d\u00e9licat et lumineux, et Gris Tourterelle, intemporel et \u00e9l\u00e9gant. Confectionn\u00e9 en cuir Togo, r\u00e9put\u00e9 pour sa r\u00e9sistance et sa texture grain\u00e9e souple, ce mod\u00e8le allie raffinement et praticit\u00e9. Sa particularit\u00e9 est renforc\u00e9e par une bijouterie en palladium bross\u00e9 (BPHW), rare et exclusive, qui apporte une finition mate et contemporaine. Dat\u00e9 de 2024, ce sac est neuf, jamais port\u00e9, livr\u00e9 en full set complet comprenant la bo\u00eete Herm\u00e8s, le dustbag, le cadenas, la clochette, les cl\u00e9s ainsi que la facture originale.\" \/>\n<meta property=\"og:url\" content=\"https:\/\/gaia-lux.ch\/en\/product\/birkin-25-hss-gris-perle-gris-tourterelle-bphw\/\" \/>\n<meta property=\"og:site_name\" content=\"Gaia Lux\" \/>\n<meta property=\"article:modified_time\" content=\"2025-09-29T09:03:08+00:00\" \/>\n<meta property=\"og:image\" content=\"https:\/\/gaia-lux.ch\/wp-content\/uploads\/2025\/09\/white-Photoroom-Photoroom-copie-8-2.png\" \/>\n\t<meta property=\"og:image:width\" content=\"1512\" \/>\n\t<meta property=\"og:image:height\" content=\"1512\" \/>\n\t<meta property=\"og:image:type\" content=\"image\/png\" \/>\n<meta name=\"twitter:card\" content=\"summary_large_image\" \/>\n<meta name=\"twitter:label1\" content=\"Estimated reading time\" \/>\n\t<meta name=\"twitter:data1\" content=\"1 minute\" \/>\n<script type=\"application\/ld+json\" class=\"yoast-schema-graph\">{\"@context\":\"https:\\\/\\\/schema.org\",\"@graph\":[{\"@type\":\"WebPage\",\"@id\":\"https:\\\/\\\/gaia-lux.ch\\\/produit\\\/birkin-25-hss-gris-perle-gris-tourterelle-bphw\\\/\",\"url\":\"https:\\\/\\\/gaia-lux.ch\\\/produit\\\/birkin-25-hss-gris-perle-gris-tourterelle-bphw\\\/\",\"name\":\"Birkin 25 HSS Gris perle & Gris tourterelle BPHW - Gaia Lux\",\"isPartOf\":{\"@id\":\"https:\\\/\\\/gaia-lux.ch\\\/#website\"},\"primaryImageOfPage\":{\"@id\":\"https:\\\/\\\/gaia-lux.ch\\\/produit\\\/birkin-25-hss-gris-perle-gris-tourterelle-bphw\\\/#primaryimage\"},\"image\":{\"@id\":\"https:\\\/\\\/gaia-lux.ch\\\/produit\\\/birkin-25-hss-gris-perle-gris-tourterelle-bphw\\\/#primaryimage\"},\"thumbnailUrl\":\"https:\\\/\\\/gaia-lux.ch\\\/wp-content\\\/uploads\\\/2025\\\/09\\\/white-Photoroom-Photoroom-copie-8-2.png\",\"datePublished\":\"2025-09-08T13:40:35+00:00\",\"dateModified\":\"2025-09-29T09:03:08+00:00\",\"breadcrumb\":{\"@id\":\"https:\\\/\\\/gaia-lux.ch\\\/produit\\\/birkin-25-hss-gris-perle-gris-tourterelle-bphw\\\/#breadcrumb\"},\"inLanguage\":\"en-GB\",\"potentialAction\":[{\"@type\":\"ReadAction\",\"target\":[\"https:\\\/\\\/gaia-lux.ch\\\/produit\\\/birkin-25-hss-gris-perle-gris-tourterelle-bphw\\\/\"]}]},{\"@type\":\"ImageObject\",\"inLanguage\":\"en-GB\",\"@id\":\"https:\\\/\\\/gaia-lux.ch\\\/produit\\\/birkin-25-hss-gris-perle-gris-tourterelle-bphw\\\/#primaryimage\",\"url\":\"https:\\\/\\\/gaia-lux.ch\\\/wp-content\\\/uploads\\\/2025\\\/09\\\/white-Photoroom-Photoroom-copie-8-2.png\",\"contentUrl\":\"https:\\\/\\\/gaia-lux.ch\\\/wp-content\\\/uploads\\\/2025\\\/09\\\/white-Photoroom-Photoroom-copie-8-2.png\",\"width\":1512,\"height\":1512},{\"@type\":\"BreadcrumbList\",\"@id\":\"https:\\\/\\\/gaia-lux.ch\\\/produit\\\/birkin-25-hss-gris-perle-gris-tourterelle-bphw\\\/#breadcrumb\",\"itemListElement\":[{\"@type\":\"ListItem\",\"position\":1,\"name\":\"Accueil\",\"item\":\"https:\\\/\\\/gaia-lux.ch\\\/\"},{\"@type\":\"ListItem\",\"position\":2,\"name\":\"Boutique\",\"item\":\"https:\\\/\\\/gaia-lux.ch\\\/boutique\\\/\"},{\"@type\":\"ListItem\",\"position\":3,\"name\":\"Birkin 25 HSS Gris perle &#038; Gris tourterelle BPHW\"}]},{\"@type\":\"WebSite\",\"@id\":\"https:\\\/\\\/gaia-lux.ch\\\/#website\",\"url\":\"https:\\\/\\\/gaia-lux.ch\\\/\",\"name\":\"Gaia Lux\",\"description\":\"Des pi\u00e8ces uniques, rares et limit\u00e9s.\",\"publisher\":{\"@id\":\"https:\\\/\\\/gaia-lux.ch\\\/#organization\"},\"alternateName\":\"Gaia Lux : Sp\u00e9cialis\u00e9s dans la recherche de sacs Herm\u00e8s rares et limit\u00e9s.\",\"potentialAction\":[{\"@type\":\"SearchAction\",\"target\":{\"@type\":\"EntryPoint\",\"urlTemplate\":\"https:\\\/\\\/gaia-lux.ch\\\/?s={search_term_string}\"},\"query-input\":{\"@type\":\"PropertyValueSpecification\",\"valueRequired\":true,\"valueName\":\"search_term_string\"}}],\"inLanguage\":\"en-GB\"},{\"@type\":\"Organization\",\"@id\":\"https:\\\/\\\/gaia-lux.ch\\\/#organization\",\"name\":\"Gaia Lux\",\"url\":\"https:\\\/\\\/gaia-lux.ch\\\/\",\"logo\":{\"@type\":\"ImageObject\",\"inLanguage\":\"en-GB\",\"@id\":\"https:\\\/\\\/gaia-lux.ch\\\/#\\\/schema\\\/logo\\\/image\\\/\",\"url\":\"https:\\\/\\\/gaia-lux.ch\\\/wp-content\\\/uploads\\\/2025\\\/06\\\/cropped-LOGO-GAIA-2-Photoroom.png\",\"contentUrl\":\"https:\\\/\\\/gaia-lux.ch\\\/wp-content\\\/uploads\\\/2025\\\/06\\\/cropped-LOGO-GAIA-2-Photoroom.png\",\"width\":512,\"height\":512,\"caption\":\"Gaia Lux\"},\"image\":{\"@id\":\"https:\\\/\\\/gaia-lux.ch\\\/#\\\/schema\\\/logo\\\/image\\\/\"}}]}<\/script>\n<!-- \/ Yoast SEO plugin. -->","yoast_head_json":{"title":"Birkin 25 HSS Gris perle & Gris tourterelle BPHW - Gaia Lux","robots":{"index":"index","follow":"follow","max-snippet":"max-snippet:-1","max-image-preview":"max-image-preview:large","max-video-preview":"max-video-preview:-1"},"canonical":"https:\/\/gaia-lux.ch\/en\/product\/birkin-25-hss-gris-perle-gris-tourterelle-bphw\/","og_locale":"en_GB","og_type":"article","og_title":"Birkin 25 HSS Gris perle & Gris tourterelle BPHW - Gaia Lux","og_description":"Une pi\u00e8ce unique, con\u00e7ue sur mesure : ce Birkin 25 est une commande sp\u00e9ciale Herm\u00e8s (Horseshoe, HSS), reconnaissable \u00e0 son fer \u00e0 cheval estampill\u00e9 \u00e0 c\u00f4t\u00e9 du logo. Il associe deux teintes embl\u00e9matiques de la Maison : Gris Perle, d\u00e9licat et lumineux, et Gris Tourterelle, intemporel et \u00e9l\u00e9gant. Confectionn\u00e9 en cuir Togo, r\u00e9put\u00e9 pour sa r\u00e9sistance et sa texture grain\u00e9e souple, ce mod\u00e8le allie raffinement et praticit\u00e9. Sa particularit\u00e9 est renforc\u00e9e par une bijouterie en palladium bross\u00e9 (BPHW), rare et exclusive, qui apporte une finition mate et contemporaine. Dat\u00e9 de 2024, ce sac est neuf, jamais port\u00e9, livr\u00e9 en full set complet comprenant la bo\u00eete Herm\u00e8s, le dustbag, le cadenas, la clochette, les cl\u00e9s ainsi que la facture originale.","og_url":"https:\/\/gaia-lux.ch\/en\/product\/birkin-25-hss-gris-perle-gris-tourterelle-bphw\/","og_site_name":"Gaia Lux","article_modified_time":"2025-09-29T09:03:08+00:00","og_image":[{"width":1512,"height":1512,"url":"https:\/\/gaia-lux.ch\/wp-content\/uploads\/2025\/09\/white-Photoroom-Photoroom-copie-8-2.png","type":"image\/png"}],"twitter_card":"summary_large_image","twitter_misc":{"Estimated reading time":"1 minute"},"schema":{"@context":"https:\/\/schema.org","@graph":[{"@type":"WebPage","@id":"https:\/\/gaia-lux.ch\/produit\/birkin-25-hss-gris-perle-gris-tourterelle-bphw\/","url":"https:\/\/gaia-lux.ch\/produit\/birkin-25-hss-gris-perle-gris-tourterelle-bphw\/","name":"Birkin 25 HSS Gris perle & Gris tourterelle BPHW - Gaia Lux","isPartOf":{"@id":"https:\/\/gaia-lux.ch\/#website"},"primaryImageOfPage":{"@id":"https:\/\/gaia-lux.ch\/produit\/birkin-25-hss-gris-perle-gris-tourterelle-bphw\/#primaryimage"},"image":{"@id":"https:\/\/gaia-lux.ch\/produit\/birkin-25-hss-gris-perle-gris-tourterelle-bphw\/#primaryimage"},"thumbnailUrl":"https:\/\/gaia-lux.ch\/wp-content\/uploads\/2025\/09\/white-Photoroom-Photoroom-copie-8-2.png","datePublished":"2025-09-08T13:40:35+00:00","dateModified":"2025-09-29T09:03:08+00:00","breadcrumb":{"@id":"https:\/\/gaia-lux.ch\/produit\/birkin-25-hss-gris-perle-gris-tourterelle-bphw\/#breadcrumb"},"inLanguage":"en-GB","potentialAction":[{"@type":"ReadAction","target":["https:\/\/gaia-lux.ch\/produit\/birkin-25-hss-gris-perle-gris-tourterelle-bphw\/"]}]},{"@type":"ImageObject","inLanguage":"en-GB","@id":"https:\/\/gaia-lux.ch\/produit\/birkin-25-hss-gris-perle-gris-tourterelle-bphw\/#primaryimage","url":"https:\/\/gaia-lux.ch\/wp-content\/uploads\/2025\/09\/white-Photoroom-Photoroom-copie-8-2.png","contentUrl":"https:\/\/gaia-lux.ch\/wp-content\/uploads\/2025\/09\/white-Photoroom-Photoroom-copie-8-2.png","width":1512,"height":1512},{"@type":"BreadcrumbList","@id":"https:\/\/gaia-lux.ch\/produit\/birkin-25-hss-gris-perle-gris-tourterelle-bphw\/#breadcrumb","itemListElement":[{"@type":"ListItem","position":1,"name":"Accueil","item":"https:\/\/gaia-lux.ch\/"},{"@type":"ListItem","position":2,"name":"Boutique","item":"https:\/\/gaia-lux.ch\/boutique\/"},{"@type":"ListItem","position":3,"name":"Birkin 25 HSS Gris perle &#038; Gris tourterelle BPHW"}]},{"@type":"WebSite","@id":"https:\/\/gaia-lux.ch\/#website","url":"https:\/\/gaia-lux.ch\/","name":"Gaia Lux","description":"Des pi\u00e8ces uniques, rares et limit\u00e9s.","publisher":{"@id":"https:\/\/gaia-lux.ch\/#organization"},"alternateName":"Gaia Lux : Sp\u00e9cialis\u00e9s dans la recherche de sacs Herm\u00e8s rares et limit\u00e9s.","potentialAction":[{"@type":"SearchAction","target":{"@type":"EntryPoint","urlTemplate":"https:\/\/gaia-lux.ch\/?s={search_term_string}"},"query-input":{"@type":"PropertyValueSpecification","valueRequired":true,"valueName":"search_term_string"}}],"inLanguage":"en-GB"},{"@type":"Organization","@id":"https:\/\/gaia-lux.ch\/#organization","name":"Gaia Lux","url":"https:\/\/gaia-lux.ch\/","logo":{"@type":"ImageObject","inLanguage":"en-GB","@id":"https:\/\/gaia-lux.ch\/#\/schema\/logo\/image\/","url":"https:\/\/gaia-lux.ch\/wp-content\/uploads\/2025\/06\/cropped-LOGO-GAIA-2-Photoroom.png","contentUrl":"https:\/\/gaia-lux.ch\/wp-content\/uploads\/2025\/06\/cropped-LOGO-GAIA-2-Photoroom.png","width":512,"height":512,"caption":"Gaia Lux"},"image":{"@id":"https:\/\/gaia-lux.ch\/#\/schema\/logo\/image\/"}}]}},"_links":{"self":[{"href":"https:\/\/gaia-lux.ch\/en\/wp-json\/wp\/v2\/product\/12159","targetHints":{"allow":["GET"]}}],"collection":[{"href":"https:\/\/gaia-lux.ch\/en\/wp-json\/wp\/v2\/product"}],"about":[{"href":"https:\/\/gaia-lux.ch\/en\/wp-json\/wp\/v2\/types\/product"}],"version-history":[{"count":1,"href":"https:\/\/gaia-lux.ch\/en\/wp-json\/wp\/v2\/product\/12159\/revisions"}],"predecessor-version":[{"id":12173,"href":"https:\/\/gaia-lux.ch\/en\/wp-json\/wp\/v2\/product\/12159\/revisions\/12173"}],"wp:featuredmedia":[{"embeddable":true,"href":"https:\/\/gaia-lux.ch\/en\/wp-json\/wp\/v2\/media\/12175"}],"wp:attachment":[{"href":"https:\/\/gaia-lux.ch\/en\/wp-json\/wp\/v2\/media?parent=12159"}],"wp:term":[{"taxonomy":"product_brand","embeddable":true,"href":"https:\/\/gaia-lux.ch\/en\/wp-json\/wp\/v2\/product_brand?post=12159"},{"taxonomy":"product_cat","embeddable":true,"href":"https:\/\/gaia-lux.ch\/en\/wp-json\/wp\/v2\/product_cat?post=12159"},{"taxonomy":"product_tag","embeddable":true,"href":"https:\/\/gaia-lux.ch\/en\/wp-json\/wp\/v2\/product_tag?post=12159"}],"curies":[{"name":"wp","href":"https:\/\/api.w.org\/{rel}","templated":true}]}}