{"id":12176,"date":"2025-09-18T16:11:54","date_gmt":"2025-09-18T14:11:54","guid":{"rendered":"https:\/\/gaia-lux.ch\/?post_type=product&#038;p=12176"},"modified":"2025-09-29T11:02:54","modified_gmt":"2025-09-29T09:02:54","slug":"mini-kelly-desordre-epsom-gris-misty-pbhw","status":"publish","type":"product","link":"https:\/\/gaia-lux.ch\/en\/product\/mini-kelly-desordre-epsom-gris-misty-pbhw\/","title":{"rendered":"Mini Kelly D\u00e9sordre Epsom Gris Misty PBHW"},"content":{"rendered":"","protected":false},"excerpt":{"rendered":"<p data-start=\"296\" data-end=\"628\" class=\"translation-block\">An exceptional and already iconic piece: this Mini Kelly 20 \u201cD\u00e9sordre\u201d illustrates the unique craftsmanship and creative audacity of Herm\u00e8s. In this special edition, the classic lines of the Mini Kelly are revisited with an asymmetrical flap, offering a contemporary and graphic interpretation of the cult model.<\/p>\n<p data-start=\"630\" data-end=\"870\" class=\"translation-block\">Made from Epsom leather, it is presented here in a subtle Misty Gray, a new (2025) soft and modern shade that pairs perfectly with rare and sophisticated Permabrass hardware (PBHW).<\/p>\n<p data-start=\"872\" data-end=\"1056\">Ce mod\u00e8le est <strong data-start=\"886\" data-end=\"908\">neuf, jamais port\u00e9<\/strong>, livr\u00e9 en <strong data-start=\"919\" data-end=\"939\">full set complet<\/strong>, incluant la bo\u00eete Herm\u00e8s, le dustbag, la bandouli\u00e8re et la facture originale.<\/p>","protected":false},"featured_media":12177,"template":"","meta":[],"product_brand":[],"product_cat":[323,356,216],"product_tag":[],"class_list":{"0":"post-12176","1":"product","2":"type-product","3":"status-publish","4":"has-post-thumbnail","6":"product_cat-kelly","7":"product_cat-pochette","8":"product_cat-les-sacs","9":"ts_product_brand-kelly","11":"first","12":"outofstock","13":"taxable","14":"shipping-taxable","15":"purchasable","16":"product-type-simple","17":"add-to-wishlist-before_add_to_cart"},"yoast_head":"<!-- This site is optimized with the Yoast SEO plugin v27.3 - https:\/\/yoast.com\/product\/yoast-seo-wordpress\/ -->\n<title>Mini Kelly D\u00e9sordre Epsom Gris Misty PBHW - Gaia Lux<\/title>\n<meta name=\"robots\" content=\"index, follow, max-snippet:-1, max-image-preview:large, max-video-preview:-1\" \/>\n<link rel=\"canonical\" href=\"https:\/\/gaia-lux.ch\/en\/product\/mini-kelly-desordre-epsom-gris-misty-pbhw\/\" \/>\n<meta property=\"og:locale\" content=\"en_GB\" \/>\n<meta property=\"og:type\" content=\"article\" \/>\n<meta property=\"og:title\" content=\"Mini Kelly D\u00e9sordre Epsom Gris Misty PBHW - Gaia Lux\" \/>\n<meta property=\"og:description\" content=\"Une pi\u00e8ce d\u2019exception et d\u00e9j\u00e0 iconique : ce Mini Kelly 20 \u201cD\u00e9sordre\u201d illustre le savoir-faire unique et l\u2019audace cr\u00e9ative de la Maison Herm\u00e8s. Dans cette \u00e9dition sp\u00e9ciale, les lignes classiques du Mini Kelly sont revisit\u00e9es avec un rabatt asym\u00e9trique, offrant une interpr\u00e9tation contemporaine et graphique du mod\u00e8le culte. R\u00e9alis\u00e9 en cuir Epsom, au grain fin et \u00e0 la structure ferme, il se pr\u00e9sente ici dans le subtil Gris Misty, une nouvelle teinte (2025) douce et moderne qui se marie parfaitement \u00e0 la bijouterie Permabrass (PBHW), rare et sophistiqu\u00e9e. Ce mod\u00e8le est neuf, jamais port\u00e9, livr\u00e9 en full set complet, incluant la bo\u00eete Herm\u00e8s, le dustbag, la bandouli\u00e8re et la facture originale.\" \/>\n<meta property=\"og:url\" content=\"https:\/\/gaia-lux.ch\/en\/product\/mini-kelly-desordre-epsom-gris-misty-pbhw\/\" \/>\n<meta property=\"og:site_name\" content=\"Gaia Lux\" \/>\n<meta property=\"article:modified_time\" content=\"2025-09-29T09:02:54+00:00\" \/>\n<meta property=\"og:image\" content=\"https:\/\/gaia-lux.ch\/wp-content\/uploads\/2025\/09\/white-Photoroom-1-copie-13.png\" \/>\n\t<meta property=\"og:image:width\" content=\"1512\" \/>\n\t<meta property=\"og:image:height\" content=\"1512\" \/>\n\t<meta property=\"og:image:type\" content=\"image\/png\" \/>\n<meta name=\"twitter:card\" content=\"summary_large_image\" \/>\n<meta name=\"twitter:label1\" content=\"Estimated reading time\" \/>\n\t<meta name=\"twitter:data1\" content=\"1 minute\" \/>\n<script type=\"application\/ld+json\" class=\"yoast-schema-graph\">{\"@context\":\"https:\\\/\\\/schema.org\",\"@graph\":[{\"@type\":\"WebPage\",\"@id\":\"https:\\\/\\\/gaia-lux.ch\\\/produit\\\/mini-kelly-desordre-epsom-gris-misty-pbhw\\\/\",\"url\":\"https:\\\/\\\/gaia-lux.ch\\\/produit\\\/mini-kelly-desordre-epsom-gris-misty-pbhw\\\/\",\"name\":\"Mini Kelly D\u00e9sordre Epsom Gris Misty PBHW - Gaia Lux\",\"isPartOf\":{\"@id\":\"https:\\\/\\\/gaia-lux.ch\\\/#website\"},\"primaryImageOfPage\":{\"@id\":\"https:\\\/\\\/gaia-lux.ch\\\/produit\\\/mini-kelly-desordre-epsom-gris-misty-pbhw\\\/#primaryimage\"},\"image\":{\"@id\":\"https:\\\/\\\/gaia-lux.ch\\\/produit\\\/mini-kelly-desordre-epsom-gris-misty-pbhw\\\/#primaryimage\"},\"thumbnailUrl\":\"https:\\\/\\\/gaia-lux.ch\\\/wp-content\\\/uploads\\\/2025\\\/09\\\/white-Photoroom-1-copie-13.png\",\"datePublished\":\"2025-09-18T14:11:54+00:00\",\"dateModified\":\"2025-09-29T09:02:54+00:00\",\"breadcrumb\":{\"@id\":\"https:\\\/\\\/gaia-lux.ch\\\/produit\\\/mini-kelly-desordre-epsom-gris-misty-pbhw\\\/#breadcrumb\"},\"inLanguage\":\"en-GB\",\"potentialAction\":[{\"@type\":\"ReadAction\",\"target\":[\"https:\\\/\\\/gaia-lux.ch\\\/produit\\\/mini-kelly-desordre-epsom-gris-misty-pbhw\\\/\"]}]},{\"@type\":\"ImageObject\",\"inLanguage\":\"en-GB\",\"@id\":\"https:\\\/\\\/gaia-lux.ch\\\/produit\\\/mini-kelly-desordre-epsom-gris-misty-pbhw\\\/#primaryimage\",\"url\":\"https:\\\/\\\/gaia-lux.ch\\\/wp-content\\\/uploads\\\/2025\\\/09\\\/white-Photoroom-1-copie-13.png\",\"contentUrl\":\"https:\\\/\\\/gaia-lux.ch\\\/wp-content\\\/uploads\\\/2025\\\/09\\\/white-Photoroom-1-copie-13.png\",\"width\":1512,\"height\":1512},{\"@type\":\"BreadcrumbList\",\"@id\":\"https:\\\/\\\/gaia-lux.ch\\\/produit\\\/mini-kelly-desordre-epsom-gris-misty-pbhw\\\/#breadcrumb\",\"itemListElement\":[{\"@type\":\"ListItem\",\"position\":1,\"name\":\"Accueil\",\"item\":\"https:\\\/\\\/gaia-lux.ch\\\/\"},{\"@type\":\"ListItem\",\"position\":2,\"name\":\"Boutique\",\"item\":\"https:\\\/\\\/gaia-lux.ch\\\/boutique\\\/\"},{\"@type\":\"ListItem\",\"position\":3,\"name\":\"Mini Kelly D\u00e9sordre Epsom Gris Misty PBHW\"}]},{\"@type\":\"WebSite\",\"@id\":\"https:\\\/\\\/gaia-lux.ch\\\/#website\",\"url\":\"https:\\\/\\\/gaia-lux.ch\\\/\",\"name\":\"Gaia Lux\",\"description\":\"Des pi\u00e8ces uniques, rares et limit\u00e9s.\",\"publisher\":{\"@id\":\"https:\\\/\\\/gaia-lux.ch\\\/#organization\"},\"alternateName\":\"Gaia Lux : Sp\u00e9cialis\u00e9s dans la recherche de sacs Herm\u00e8s rares et limit\u00e9s.\",\"potentialAction\":[{\"@type\":\"SearchAction\",\"target\":{\"@type\":\"EntryPoint\",\"urlTemplate\":\"https:\\\/\\\/gaia-lux.ch\\\/?s={search_term_string}\"},\"query-input\":{\"@type\":\"PropertyValueSpecification\",\"valueRequired\":true,\"valueName\":\"search_term_string\"}}],\"inLanguage\":\"en-GB\"},{\"@type\":\"Organization\",\"@id\":\"https:\\\/\\\/gaia-lux.ch\\\/#organization\",\"name\":\"Gaia Lux\",\"url\":\"https:\\\/\\\/gaia-lux.ch\\\/\",\"logo\":{\"@type\":\"ImageObject\",\"inLanguage\":\"en-GB\",\"@id\":\"https:\\\/\\\/gaia-lux.ch\\\/#\\\/schema\\\/logo\\\/image\\\/\",\"url\":\"https:\\\/\\\/gaia-lux.ch\\\/wp-content\\\/uploads\\\/2025\\\/06\\\/cropped-LOGO-GAIA-2-Photoroom.png\",\"contentUrl\":\"https:\\\/\\\/gaia-lux.ch\\\/wp-content\\\/uploads\\\/2025\\\/06\\\/cropped-LOGO-GAIA-2-Photoroom.png\",\"width\":512,\"height\":512,\"caption\":\"Gaia Lux\"},\"image\":{\"@id\":\"https:\\\/\\\/gaia-lux.ch\\\/#\\\/schema\\\/logo\\\/image\\\/\"}}]}<\/script>\n<!-- \/ Yoast SEO plugin. -->","yoast_head_json":{"title":"Mini Kelly D\u00e9sordre Epsom Gris Misty PBHW - Gaia Lux","robots":{"index":"index","follow":"follow","max-snippet":"max-snippet:-1","max-image-preview":"max-image-preview:large","max-video-preview":"max-video-preview:-1"},"canonical":"https:\/\/gaia-lux.ch\/en\/product\/mini-kelly-desordre-epsom-gris-misty-pbhw\/","og_locale":"en_GB","og_type":"article","og_title":"Mini Kelly D\u00e9sordre Epsom Gris Misty PBHW - Gaia Lux","og_description":"Une pi\u00e8ce d\u2019exception et d\u00e9j\u00e0 iconique : ce Mini Kelly 20 \u201cD\u00e9sordre\u201d illustre le savoir-faire unique et l\u2019audace cr\u00e9ative de la Maison Herm\u00e8s. Dans cette \u00e9dition sp\u00e9ciale, les lignes classiques du Mini Kelly sont revisit\u00e9es avec un rabatt asym\u00e9trique, offrant une interpr\u00e9tation contemporaine et graphique du mod\u00e8le culte. R\u00e9alis\u00e9 en cuir Epsom, au grain fin et \u00e0 la structure ferme, il se pr\u00e9sente ici dans le subtil Gris Misty, une nouvelle teinte (2025) douce et moderne qui se marie parfaitement \u00e0 la bijouterie Permabrass (PBHW), rare et sophistiqu\u00e9e. Ce mod\u00e8le est neuf, jamais port\u00e9, livr\u00e9 en full set complet, incluant la bo\u00eete Herm\u00e8s, le dustbag, la bandouli\u00e8re et la facture originale.","og_url":"https:\/\/gaia-lux.ch\/en\/product\/mini-kelly-desordre-epsom-gris-misty-pbhw\/","og_site_name":"Gaia Lux","article_modified_time":"2025-09-29T09:02:54+00:00","og_image":[{"width":1512,"height":1512,"url":"https:\/\/gaia-lux.ch\/wp-content\/uploads\/2025\/09\/white-Photoroom-1-copie-13.png","type":"image\/png"}],"twitter_card":"summary_large_image","twitter_misc":{"Estimated reading time":"1 minute"},"schema":{"@context":"https:\/\/schema.org","@graph":[{"@type":"WebPage","@id":"https:\/\/gaia-lux.ch\/produit\/mini-kelly-desordre-epsom-gris-misty-pbhw\/","url":"https:\/\/gaia-lux.ch\/produit\/mini-kelly-desordre-epsom-gris-misty-pbhw\/","name":"Mini Kelly D\u00e9sordre Epsom Gris Misty PBHW - Gaia Lux","isPartOf":{"@id":"https:\/\/gaia-lux.ch\/#website"},"primaryImageOfPage":{"@id":"https:\/\/gaia-lux.ch\/produit\/mini-kelly-desordre-epsom-gris-misty-pbhw\/#primaryimage"},"image":{"@id":"https:\/\/gaia-lux.ch\/produit\/mini-kelly-desordre-epsom-gris-misty-pbhw\/#primaryimage"},"thumbnailUrl":"https:\/\/gaia-lux.ch\/wp-content\/uploads\/2025\/09\/white-Photoroom-1-copie-13.png","datePublished":"2025-09-18T14:11:54+00:00","dateModified":"2025-09-29T09:02:54+00:00","breadcrumb":{"@id":"https:\/\/gaia-lux.ch\/produit\/mini-kelly-desordre-epsom-gris-misty-pbhw\/#breadcrumb"},"inLanguage":"en-GB","potentialAction":[{"@type":"ReadAction","target":["https:\/\/gaia-lux.ch\/produit\/mini-kelly-desordre-epsom-gris-misty-pbhw\/"]}]},{"@type":"ImageObject","inLanguage":"en-GB","@id":"https:\/\/gaia-lux.ch\/produit\/mini-kelly-desordre-epsom-gris-misty-pbhw\/#primaryimage","url":"https:\/\/gaia-lux.ch\/wp-content\/uploads\/2025\/09\/white-Photoroom-1-copie-13.png","contentUrl":"https:\/\/gaia-lux.ch\/wp-content\/uploads\/2025\/09\/white-Photoroom-1-copie-13.png","width":1512,"height":1512},{"@type":"BreadcrumbList","@id":"https:\/\/gaia-lux.ch\/produit\/mini-kelly-desordre-epsom-gris-misty-pbhw\/#breadcrumb","itemListElement":[{"@type":"ListItem","position":1,"name":"Accueil","item":"https:\/\/gaia-lux.ch\/"},{"@type":"ListItem","position":2,"name":"Boutique","item":"https:\/\/gaia-lux.ch\/boutique\/"},{"@type":"ListItem","position":3,"name":"Mini Kelly D\u00e9sordre Epsom Gris Misty PBHW"}]},{"@type":"WebSite","@id":"https:\/\/gaia-lux.ch\/#website","url":"https:\/\/gaia-lux.ch\/","name":"Gaia Lux","description":"Des pi\u00e8ces uniques, rares et limit\u00e9s.","publisher":{"@id":"https:\/\/gaia-lux.ch\/#organization"},"alternateName":"Gaia Lux : Sp\u00e9cialis\u00e9s dans la recherche de sacs Herm\u00e8s rares et limit\u00e9s.","potentialAction":[{"@type":"SearchAction","target":{"@type":"EntryPoint","urlTemplate":"https:\/\/gaia-lux.ch\/?s={search_term_string}"},"query-input":{"@type":"PropertyValueSpecification","valueRequired":true,"valueName":"search_term_string"}}],"inLanguage":"en-GB"},{"@type":"Organization","@id":"https:\/\/gaia-lux.ch\/#organization","name":"Gaia Lux","url":"https:\/\/gaia-lux.ch\/","logo":{"@type":"ImageObject","inLanguage":"en-GB","@id":"https:\/\/gaia-lux.ch\/#\/schema\/logo\/image\/","url":"https:\/\/gaia-lux.ch\/wp-content\/uploads\/2025\/06\/cropped-LOGO-GAIA-2-Photoroom.png","contentUrl":"https:\/\/gaia-lux.ch\/wp-content\/uploads\/2025\/06\/cropped-LOGO-GAIA-2-Photoroom.png","width":512,"height":512,"caption":"Gaia Lux"},"image":{"@id":"https:\/\/gaia-lux.ch\/#\/schema\/logo\/image\/"}}]}},"_links":{"self":[{"href":"https:\/\/gaia-lux.ch\/en\/wp-json\/wp\/v2\/product\/12176","targetHints":{"allow":["GET"]}}],"collection":[{"href":"https:\/\/gaia-lux.ch\/en\/wp-json\/wp\/v2\/product"}],"about":[{"href":"https:\/\/gaia-lux.ch\/en\/wp-json\/wp\/v2\/types\/product"}],"version-history":[{"count":2,"href":"https:\/\/gaia-lux.ch\/en\/wp-json\/wp\/v2\/product\/12176\/revisions"}],"predecessor-version":[{"id":12229,"href":"https:\/\/gaia-lux.ch\/en\/wp-json\/wp\/v2\/product\/12176\/revisions\/12229"}],"wp:featuredmedia":[{"embeddable":true,"href":"https:\/\/gaia-lux.ch\/en\/wp-json\/wp\/v2\/media\/12177"}],"wp:attachment":[{"href":"https:\/\/gaia-lux.ch\/en\/wp-json\/wp\/v2\/media?parent=12176"}],"wp:term":[{"taxonomy":"product_brand","embeddable":true,"href":"https:\/\/gaia-lux.ch\/en\/wp-json\/wp\/v2\/product_brand?post=12176"},{"taxonomy":"product_cat","embeddable":true,"href":"https:\/\/gaia-lux.ch\/en\/wp-json\/wp\/v2\/product_cat?post=12176"},{"taxonomy":"product_tag","embeddable":true,"href":"https:\/\/gaia-lux.ch\/en\/wp-json\/wp\/v2\/product_tag?post=12176"}],"curies":[{"name":"wp","href":"https:\/\/api.w.org\/{rel}","templated":true}]}}