{"id":12272,"date":"2025-10-09T13:06:27","date_gmt":"2025-10-09T11:06:27","guid":{"rendered":"https:\/\/gaia-lux.ch\/?post_type=product&#038;p=12272"},"modified":"2025-11-25T13:00:00","modified_gmt":"2025-11-25T12:00:00","slug":"kelly-pochette-swift-gris-meyer-phw","status":"publish","type":"product","link":"https:\/\/gaia-lux.ch\/en\/product\/kelly-pochette-swift-gris-meyer-phw\/","title":{"rendered":"Kelly pochette Swift Gris Meyer GHW"},"content":{"rendered":"","protected":false},"excerpt":{"rendered":"<p data-start=\"285\" data-end=\"607\" class=\"translation-block\">Elegance and modernity come together in this superb Kelly Pochette, the embodiment of Herm\u00e8s minimalist chic. Crafted from Swift leather, renowned for its suppleness and silky sheen, it comes here in the subtle shade of Gris Meyer, a deep, contemporary bluish gray, ideal for all seasons.<\/p>\n<p data-start=\"609\" data-end=\"877\" class=\"translation-block\">The gold hardware (GHW) enhances this refined tone with a warm, feminine touch. Compact yet spacious, the Kelly Pochette can be carried by hand or slipped under the arm, adding a sophisticated touch to any outfit, from day to night.<\/p>\n<p data-start=\"879\" data-end=\"1048\" class=\"translation-block\">Dated 2023 (stamp B), this model is new, never worn, and comes as an incomplete full set: Herm\u00e8s box, dust bag, tissue paper, ribbon, but without the original receipt.<\/p>","protected":false},"featured_media":12273,"template":"","meta":[],"product_brand":[],"product_cat":[323,356,216],"product_tag":[],"class_list":{"0":"post-12272","1":"product","2":"type-product","3":"status-publish","4":"has-post-thumbnail","6":"product_cat-kelly","7":"product_cat-pochette","8":"product_cat-les-sacs","9":"ts_product_brand-kelly","11":"first","12":"outofstock","13":"taxable","14":"shipping-taxable","15":"purchasable","16":"product-type-simple","17":"add-to-wishlist-before_add_to_cart"},"yoast_head":"<!-- This site is optimized with the Yoast SEO plugin v27.3 - https:\/\/yoast.com\/product\/yoast-seo-wordpress\/ -->\n<title>Kelly pochette Swift Gris Meyer GHW - Gaia Lux<\/title>\n<meta name=\"robots\" content=\"index, follow, max-snippet:-1, max-image-preview:large, max-video-preview:-1\" \/>\n<link rel=\"canonical\" href=\"https:\/\/gaia-lux.ch\/en\/product\/kelly-pochette-swift-gris-meyer-phw\/\" \/>\n<meta property=\"og:locale\" content=\"en_GB\" \/>\n<meta property=\"og:type\" content=\"article\" \/>\n<meta property=\"og:title\" content=\"Kelly pochette Swift Gris Meyer GHW - Gaia Lux\" \/>\n<meta property=\"og:description\" content=\"\u00c9l\u00e9gance et modernit\u00e9 se rencontrent dans ce superbe Kelly Pochette, incarnation du chic minimaliste sign\u00e9 Herm\u00e8s. R\u00e9alis\u00e9 en cuir Swift, reconnu pour sa souplesse et son \u00e9clat soyeux, il se d\u00e9cline ici dans la nuance subtile Gris Meyer, un gris bleut\u00e9 profond et contemporain, id\u00e9al pour toutes les saisons. La bijouterie dor\u00e9e (GHW) vient sublimer ce ton raffin\u00e9 avec une touche chaleureuse et f\u00e9minine. Compact mais spacieux, le Kelly Pochette peut \u00eatre port\u00e9 \u00e0 la main ou gliss\u00e9 sous le bras, apportant une allure sophistiqu\u00e9e \u00e0 toutes les tenues, du jour au soir. Dat\u00e9 de 2023 (stamp B), ce mod\u00e8le est neuf, jamais port\u00e9, et livr\u00e9 en full set incomplet : bo\u00eete Herm\u00e8s, dustbag, papier de soie, ruban, mais sans la facture originale.\" \/>\n<meta property=\"og:url\" content=\"https:\/\/gaia-lux.ch\/en\/product\/kelly-pochette-swift-gris-meyer-phw\/\" \/>\n<meta property=\"og:site_name\" content=\"Gaia Lux\" \/>\n<meta property=\"article:modified_time\" content=\"2025-11-25T12:00:00+00:00\" \/>\n<meta property=\"og:image\" content=\"https:\/\/gaia-lux.ch\/wp-content\/uploads\/2025\/10\/white-Photoroom-copie-4-1.png\" \/>\n\t<meta property=\"og:image:width\" content=\"1512\" \/>\n\t<meta property=\"og:image:height\" content=\"1512\" \/>\n\t<meta property=\"og:image:type\" content=\"image\/png\" \/>\n<meta name=\"twitter:card\" content=\"summary_large_image\" \/>\n<meta name=\"twitter:label1\" content=\"Estimated reading time\" \/>\n\t<meta name=\"twitter:data1\" content=\"1 minute\" \/>\n<script type=\"application\/ld+json\" class=\"yoast-schema-graph\">{\"@context\":\"https:\\\/\\\/schema.org\",\"@graph\":[{\"@type\":\"WebPage\",\"@id\":\"https:\\\/\\\/gaia-lux.ch\\\/produit\\\/kelly-pochette-swift-gris-meyer-phw\\\/\",\"url\":\"https:\\\/\\\/gaia-lux.ch\\\/produit\\\/kelly-pochette-swift-gris-meyer-phw\\\/\",\"name\":\"Kelly pochette Swift Gris Meyer GHW - Gaia Lux\",\"isPartOf\":{\"@id\":\"https:\\\/\\\/gaia-lux.ch\\\/#website\"},\"primaryImageOfPage\":{\"@id\":\"https:\\\/\\\/gaia-lux.ch\\\/produit\\\/kelly-pochette-swift-gris-meyer-phw\\\/#primaryimage\"},\"image\":{\"@id\":\"https:\\\/\\\/gaia-lux.ch\\\/produit\\\/kelly-pochette-swift-gris-meyer-phw\\\/#primaryimage\"},\"thumbnailUrl\":\"https:\\\/\\\/gaia-lux.ch\\\/wp-content\\\/uploads\\\/2025\\\/10\\\/white-Photoroom-copie-4-1.png\",\"datePublished\":\"2025-10-09T11:06:27+00:00\",\"dateModified\":\"2025-11-25T12:00:00+00:00\",\"breadcrumb\":{\"@id\":\"https:\\\/\\\/gaia-lux.ch\\\/produit\\\/kelly-pochette-swift-gris-meyer-phw\\\/#breadcrumb\"},\"inLanguage\":\"en-GB\",\"potentialAction\":[{\"@type\":\"ReadAction\",\"target\":[\"https:\\\/\\\/gaia-lux.ch\\\/produit\\\/kelly-pochette-swift-gris-meyer-phw\\\/\"]}]},{\"@type\":\"ImageObject\",\"inLanguage\":\"en-GB\",\"@id\":\"https:\\\/\\\/gaia-lux.ch\\\/produit\\\/kelly-pochette-swift-gris-meyer-phw\\\/#primaryimage\",\"url\":\"https:\\\/\\\/gaia-lux.ch\\\/wp-content\\\/uploads\\\/2025\\\/10\\\/white-Photoroom-copie-4-1.png\",\"contentUrl\":\"https:\\\/\\\/gaia-lux.ch\\\/wp-content\\\/uploads\\\/2025\\\/10\\\/white-Photoroom-copie-4-1.png\",\"width\":1512,\"height\":1512},{\"@type\":\"BreadcrumbList\",\"@id\":\"https:\\\/\\\/gaia-lux.ch\\\/produit\\\/kelly-pochette-swift-gris-meyer-phw\\\/#breadcrumb\",\"itemListElement\":[{\"@type\":\"ListItem\",\"position\":1,\"name\":\"Accueil\",\"item\":\"https:\\\/\\\/gaia-lux.ch\\\/\"},{\"@type\":\"ListItem\",\"position\":2,\"name\":\"Boutique\",\"item\":\"https:\\\/\\\/gaia-lux.ch\\\/boutique\\\/\"},{\"@type\":\"ListItem\",\"position\":3,\"name\":\"Kelly pochette Swift Gris Meyer GHW\"}]},{\"@type\":\"WebSite\",\"@id\":\"https:\\\/\\\/gaia-lux.ch\\\/#website\",\"url\":\"https:\\\/\\\/gaia-lux.ch\\\/\",\"name\":\"Gaia Lux\",\"description\":\"Des pi\u00e8ces uniques, rares et limit\u00e9s.\",\"publisher\":{\"@id\":\"https:\\\/\\\/gaia-lux.ch\\\/#organization\"},\"alternateName\":\"Gaia Lux : Sp\u00e9cialis\u00e9s dans la recherche de sacs Herm\u00e8s rares et limit\u00e9s.\",\"potentialAction\":[{\"@type\":\"SearchAction\",\"target\":{\"@type\":\"EntryPoint\",\"urlTemplate\":\"https:\\\/\\\/gaia-lux.ch\\\/?s={search_term_string}\"},\"query-input\":{\"@type\":\"PropertyValueSpecification\",\"valueRequired\":true,\"valueName\":\"search_term_string\"}}],\"inLanguage\":\"en-GB\"},{\"@type\":\"Organization\",\"@id\":\"https:\\\/\\\/gaia-lux.ch\\\/#organization\",\"name\":\"Gaia Lux\",\"url\":\"https:\\\/\\\/gaia-lux.ch\\\/\",\"logo\":{\"@type\":\"ImageObject\",\"inLanguage\":\"en-GB\",\"@id\":\"https:\\\/\\\/gaia-lux.ch\\\/#\\\/schema\\\/logo\\\/image\\\/\",\"url\":\"https:\\\/\\\/gaia-lux.ch\\\/wp-content\\\/uploads\\\/2025\\\/06\\\/cropped-LOGO-GAIA-2-Photoroom.png\",\"contentUrl\":\"https:\\\/\\\/gaia-lux.ch\\\/wp-content\\\/uploads\\\/2025\\\/06\\\/cropped-LOGO-GAIA-2-Photoroom.png\",\"width\":512,\"height\":512,\"caption\":\"Gaia Lux\"},\"image\":{\"@id\":\"https:\\\/\\\/gaia-lux.ch\\\/#\\\/schema\\\/logo\\\/image\\\/\"}}]}<\/script>\n<!-- \/ Yoast SEO plugin. -->","yoast_head_json":{"title":"Kelly pochette Swift Gris Meyer GHW - Gaia Lux","robots":{"index":"index","follow":"follow","max-snippet":"max-snippet:-1","max-image-preview":"max-image-preview:large","max-video-preview":"max-video-preview:-1"},"canonical":"https:\/\/gaia-lux.ch\/en\/product\/kelly-pochette-swift-gris-meyer-phw\/","og_locale":"en_GB","og_type":"article","og_title":"Kelly pochette Swift Gris Meyer GHW - Gaia Lux","og_description":"\u00c9l\u00e9gance et modernit\u00e9 se rencontrent dans ce superbe Kelly Pochette, incarnation du chic minimaliste sign\u00e9 Herm\u00e8s. R\u00e9alis\u00e9 en cuir Swift, reconnu pour sa souplesse et son \u00e9clat soyeux, il se d\u00e9cline ici dans la nuance subtile Gris Meyer, un gris bleut\u00e9 profond et contemporain, id\u00e9al pour toutes les saisons. La bijouterie dor\u00e9e (GHW) vient sublimer ce ton raffin\u00e9 avec une touche chaleureuse et f\u00e9minine. Compact mais spacieux, le Kelly Pochette peut \u00eatre port\u00e9 \u00e0 la main ou gliss\u00e9 sous le bras, apportant une allure sophistiqu\u00e9e \u00e0 toutes les tenues, du jour au soir. Dat\u00e9 de 2023 (stamp B), ce mod\u00e8le est neuf, jamais port\u00e9, et livr\u00e9 en full set incomplet : bo\u00eete Herm\u00e8s, dustbag, papier de soie, ruban, mais sans la facture originale.","og_url":"https:\/\/gaia-lux.ch\/en\/product\/kelly-pochette-swift-gris-meyer-phw\/","og_site_name":"Gaia Lux","article_modified_time":"2025-11-25T12:00:00+00:00","og_image":[{"width":1512,"height":1512,"url":"https:\/\/gaia-lux.ch\/wp-content\/uploads\/2025\/10\/white-Photoroom-copie-4-1.png","type":"image\/png"}],"twitter_card":"summary_large_image","twitter_misc":{"Estimated reading time":"1 minute"},"schema":{"@context":"https:\/\/schema.org","@graph":[{"@type":"WebPage","@id":"https:\/\/gaia-lux.ch\/produit\/kelly-pochette-swift-gris-meyer-phw\/","url":"https:\/\/gaia-lux.ch\/produit\/kelly-pochette-swift-gris-meyer-phw\/","name":"Kelly pochette Swift Gris Meyer GHW - Gaia Lux","isPartOf":{"@id":"https:\/\/gaia-lux.ch\/#website"},"primaryImageOfPage":{"@id":"https:\/\/gaia-lux.ch\/produit\/kelly-pochette-swift-gris-meyer-phw\/#primaryimage"},"image":{"@id":"https:\/\/gaia-lux.ch\/produit\/kelly-pochette-swift-gris-meyer-phw\/#primaryimage"},"thumbnailUrl":"https:\/\/gaia-lux.ch\/wp-content\/uploads\/2025\/10\/white-Photoroom-copie-4-1.png","datePublished":"2025-10-09T11:06:27+00:00","dateModified":"2025-11-25T12:00:00+00:00","breadcrumb":{"@id":"https:\/\/gaia-lux.ch\/produit\/kelly-pochette-swift-gris-meyer-phw\/#breadcrumb"},"inLanguage":"en-GB","potentialAction":[{"@type":"ReadAction","target":["https:\/\/gaia-lux.ch\/produit\/kelly-pochette-swift-gris-meyer-phw\/"]}]},{"@type":"ImageObject","inLanguage":"en-GB","@id":"https:\/\/gaia-lux.ch\/produit\/kelly-pochette-swift-gris-meyer-phw\/#primaryimage","url":"https:\/\/gaia-lux.ch\/wp-content\/uploads\/2025\/10\/white-Photoroom-copie-4-1.png","contentUrl":"https:\/\/gaia-lux.ch\/wp-content\/uploads\/2025\/10\/white-Photoroom-copie-4-1.png","width":1512,"height":1512},{"@type":"BreadcrumbList","@id":"https:\/\/gaia-lux.ch\/produit\/kelly-pochette-swift-gris-meyer-phw\/#breadcrumb","itemListElement":[{"@type":"ListItem","position":1,"name":"Accueil","item":"https:\/\/gaia-lux.ch\/"},{"@type":"ListItem","position":2,"name":"Boutique","item":"https:\/\/gaia-lux.ch\/boutique\/"},{"@type":"ListItem","position":3,"name":"Kelly pochette Swift Gris Meyer GHW"}]},{"@type":"WebSite","@id":"https:\/\/gaia-lux.ch\/#website","url":"https:\/\/gaia-lux.ch\/","name":"Gaia Lux","description":"Des pi\u00e8ces uniques, rares et limit\u00e9s.","publisher":{"@id":"https:\/\/gaia-lux.ch\/#organization"},"alternateName":"Gaia Lux : Sp\u00e9cialis\u00e9s dans la recherche de sacs Herm\u00e8s rares et limit\u00e9s.","potentialAction":[{"@type":"SearchAction","target":{"@type":"EntryPoint","urlTemplate":"https:\/\/gaia-lux.ch\/?s={search_term_string}"},"query-input":{"@type":"PropertyValueSpecification","valueRequired":true,"valueName":"search_term_string"}}],"inLanguage":"en-GB"},{"@type":"Organization","@id":"https:\/\/gaia-lux.ch\/#organization","name":"Gaia Lux","url":"https:\/\/gaia-lux.ch\/","logo":{"@type":"ImageObject","inLanguage":"en-GB","@id":"https:\/\/gaia-lux.ch\/#\/schema\/logo\/image\/","url":"https:\/\/gaia-lux.ch\/wp-content\/uploads\/2025\/06\/cropped-LOGO-GAIA-2-Photoroom.png","contentUrl":"https:\/\/gaia-lux.ch\/wp-content\/uploads\/2025\/06\/cropped-LOGO-GAIA-2-Photoroom.png","width":512,"height":512,"caption":"Gaia Lux"},"image":{"@id":"https:\/\/gaia-lux.ch\/#\/schema\/logo\/image\/"}}]}},"_links":{"self":[{"href":"https:\/\/gaia-lux.ch\/en\/wp-json\/wp\/v2\/product\/12272","targetHints":{"allow":["GET"]}}],"collection":[{"href":"https:\/\/gaia-lux.ch\/en\/wp-json\/wp\/v2\/product"}],"about":[{"href":"https:\/\/gaia-lux.ch\/en\/wp-json\/wp\/v2\/types\/product"}],"version-history":[{"count":3,"href":"https:\/\/gaia-lux.ch\/en\/wp-json\/wp\/v2\/product\/12272\/revisions"}],"predecessor-version":[{"id":12282,"href":"https:\/\/gaia-lux.ch\/en\/wp-json\/wp\/v2\/product\/12272\/revisions\/12282"}],"wp:featuredmedia":[{"embeddable":true,"href":"https:\/\/gaia-lux.ch\/en\/wp-json\/wp\/v2\/media\/12273"}],"wp:attachment":[{"href":"https:\/\/gaia-lux.ch\/en\/wp-json\/wp\/v2\/media?parent=12272"}],"wp:term":[{"taxonomy":"product_brand","embeddable":true,"href":"https:\/\/gaia-lux.ch\/en\/wp-json\/wp\/v2\/product_brand?post=12272"},{"taxonomy":"product_cat","embeddable":true,"href":"https:\/\/gaia-lux.ch\/en\/wp-json\/wp\/v2\/product_cat?post=12272"},{"taxonomy":"product_tag","embeddable":true,"href":"https:\/\/gaia-lux.ch\/en\/wp-json\/wp\/v2\/product_tag?post=12272"}],"curies":[{"name":"wp","href":"https:\/\/api.w.org\/{rel}","templated":true}]}}