{"id":12283,"date":"2025-10-09T14:04:33","date_gmt":"2025-10-09T12:04:33","guid":{"rendered":"https:\/\/gaia-lux.ch\/?post_type=product&#038;p=12283"},"modified":"2025-10-20T14:47:44","modified_gmt":"2025-10-20T12:47:44","slug":"birkin-25-alligator-sellier-bleu-saphir-phw","status":"publish","type":"product","link":"https:\/\/gaia-lux.ch\/en\/product\/birkin-25-alligator-sellier-bleu-saphir-phw\/","title":{"rendered":"Birkin 25 Alligator Sellier Bleu Saphir PHW"},"content":{"rendered":"","protected":false},"excerpt":{"rendered":"<p data-start=\"325\" data-end=\"624\" class=\"translation-block\">Absolute elegance and rarity define this Birkin 25 Sellier by Herm\u00e8s, crafted in sumptuous matte alligator leather. In a deep, luminous Sapphire Blue shade, this exotic leather reveals the richness of its natural texture, enhanced by a matte finish.<\/p>\n<p data-start=\"626\" data-end=\"871\" class=\"translation-block\">The Sellier model, with its clean lines and exterior stitching, gives this model a graphic and sophisticated look. The palladium hardware (PHW) adds a contemporary and balanced touch to this exceptional piece.<\/p>\n<p data-start=\"873\" data-end=\"1144\" class=\"translation-block\">Dated 2025 (stamp K), this bag is new, never worn, and was released in September 2025. It comes as a complete set, including box, dust bag, padlock, bell, keys, original invoice, and CITES certificate.<\/p>","protected":false},"featured_media":12284,"template":"","meta":[],"product_brand":[],"product_cat":[324,216],"product_tag":[],"class_list":{"0":"post-12283","1":"product","2":"type-product","3":"status-publish","4":"has-post-thumbnail","6":"product_cat-birkin","7":"product_cat-les-sacs","8":"ts_product_brand-birkin","10":"first","11":"outofstock","12":"taxable","13":"shipping-taxable","14":"purchasable","15":"product-type-simple","16":"add-to-wishlist-before_add_to_cart"},"yoast_head":"<!-- This site is optimized with the Yoast SEO plugin v27.3 - https:\/\/yoast.com\/product\/yoast-seo-wordpress\/ -->\n<title>Birkin 25 Alligator Sellier Bleu Saphir PHW - Gaia Lux<\/title>\n<meta name=\"robots\" content=\"index, follow, max-snippet:-1, max-image-preview:large, max-video-preview:-1\" \/>\n<link rel=\"canonical\" href=\"https:\/\/gaia-lux.ch\/en\/product\/birkin-25-alligator-sellier-bleu-saphir-phw\/\" \/>\n<meta property=\"og:locale\" content=\"en_GB\" \/>\n<meta property=\"og:type\" content=\"article\" \/>\n<meta property=\"og:title\" content=\"Birkin 25 Alligator Sellier Bleu Saphir PHW - Gaia Lux\" \/>\n<meta property=\"og:description\" content=\"\u00c9l\u00e9gance absolue et raret\u00e9 d\u00e9finissent ce Birkin 25 Sellier sign\u00e9 Herm\u00e8s, r\u00e9alis\u00e9 dans le somptueux alligator mat. Dans la nuance profonde et lumineuse Bleu Saphir, ce cuir exotique r\u00e9v\u00e8le toute la richesse de sa texture naturelle, sublim\u00e9e par un fini mat. La construction Sellier, aux lignes nettes et aux coutures ext\u00e9rieures, conf\u00e8re \u00e0 ce mod\u00e8le une allure graphique et sophistiqu\u00e9e. La bijouterie palladium (PHW) ajoute une touche contemporaine et \u00e9quilibr\u00e9e \u00e0 cette pi\u00e8ce d\u2019exception. Dat\u00e9 de 2025 (stamp K), ce sac est neuf, jamais port\u00e9, sortie de boutique en septembre 2025. Il est livr\u00e9 en full set complet, comprenant bo\u00eete, dustbag, cadenas, clochette, cl\u00e9s et la facture originale ainsi que le CITES.\" \/>\n<meta property=\"og:url\" content=\"https:\/\/gaia-lux.ch\/en\/product\/birkin-25-alligator-sellier-bleu-saphir-phw\/\" \/>\n<meta property=\"og:site_name\" content=\"Gaia Lux\" \/>\n<meta property=\"article:modified_time\" content=\"2025-10-20T12:47:44+00:00\" \/>\n<meta property=\"og:image\" content=\"https:\/\/gaia-lux.ch\/wp-content\/uploads\/2025\/10\/white-Photoroom-1-3.png\" \/>\n\t<meta property=\"og:image:width\" content=\"1512\" \/>\n\t<meta property=\"og:image:height\" content=\"1512\" \/>\n\t<meta property=\"og:image:type\" content=\"image\/png\" \/>\n<meta name=\"twitter:card\" content=\"summary_large_image\" \/>\n<meta name=\"twitter:label1\" content=\"Estimated reading time\" \/>\n\t<meta name=\"twitter:data1\" content=\"1 minute\" \/>\n<script type=\"application\/ld+json\" class=\"yoast-schema-graph\">{\"@context\":\"https:\\\/\\\/schema.org\",\"@graph\":[{\"@type\":\"WebPage\",\"@id\":\"https:\\\/\\\/gaia-lux.ch\\\/produit\\\/birkin-25-alligator-sellier-bleu-saphir-phw\\\/\",\"url\":\"https:\\\/\\\/gaia-lux.ch\\\/produit\\\/birkin-25-alligator-sellier-bleu-saphir-phw\\\/\",\"name\":\"Birkin 25 Alligator Sellier Bleu Saphir PHW - Gaia Lux\",\"isPartOf\":{\"@id\":\"https:\\\/\\\/gaia-lux.ch\\\/#website\"},\"primaryImageOfPage\":{\"@id\":\"https:\\\/\\\/gaia-lux.ch\\\/produit\\\/birkin-25-alligator-sellier-bleu-saphir-phw\\\/#primaryimage\"},\"image\":{\"@id\":\"https:\\\/\\\/gaia-lux.ch\\\/produit\\\/birkin-25-alligator-sellier-bleu-saphir-phw\\\/#primaryimage\"},\"thumbnailUrl\":\"https:\\\/\\\/gaia-lux.ch\\\/wp-content\\\/uploads\\\/2025\\\/10\\\/white-Photoroom-1-3.png\",\"datePublished\":\"2025-10-09T12:04:33+00:00\",\"dateModified\":\"2025-10-20T12:47:44+00:00\",\"breadcrumb\":{\"@id\":\"https:\\\/\\\/gaia-lux.ch\\\/produit\\\/birkin-25-alligator-sellier-bleu-saphir-phw\\\/#breadcrumb\"},\"inLanguage\":\"en-GB\",\"potentialAction\":[{\"@type\":\"ReadAction\",\"target\":[\"https:\\\/\\\/gaia-lux.ch\\\/produit\\\/birkin-25-alligator-sellier-bleu-saphir-phw\\\/\"]}]},{\"@type\":\"ImageObject\",\"inLanguage\":\"en-GB\",\"@id\":\"https:\\\/\\\/gaia-lux.ch\\\/produit\\\/birkin-25-alligator-sellier-bleu-saphir-phw\\\/#primaryimage\",\"url\":\"https:\\\/\\\/gaia-lux.ch\\\/wp-content\\\/uploads\\\/2025\\\/10\\\/white-Photoroom-1-3.png\",\"contentUrl\":\"https:\\\/\\\/gaia-lux.ch\\\/wp-content\\\/uploads\\\/2025\\\/10\\\/white-Photoroom-1-3.png\",\"width\":1512,\"height\":1512},{\"@type\":\"BreadcrumbList\",\"@id\":\"https:\\\/\\\/gaia-lux.ch\\\/produit\\\/birkin-25-alligator-sellier-bleu-saphir-phw\\\/#breadcrumb\",\"itemListElement\":[{\"@type\":\"ListItem\",\"position\":1,\"name\":\"Accueil\",\"item\":\"https:\\\/\\\/gaia-lux.ch\\\/\"},{\"@type\":\"ListItem\",\"position\":2,\"name\":\"Boutique\",\"item\":\"https:\\\/\\\/gaia-lux.ch\\\/boutique\\\/\"},{\"@type\":\"ListItem\",\"position\":3,\"name\":\"Birkin 25 Alligator Sellier Bleu Saphir PHW\"}]},{\"@type\":\"WebSite\",\"@id\":\"https:\\\/\\\/gaia-lux.ch\\\/#website\",\"url\":\"https:\\\/\\\/gaia-lux.ch\\\/\",\"name\":\"Gaia Lux\",\"description\":\"Des pi\u00e8ces uniques, rares et limit\u00e9s.\",\"publisher\":{\"@id\":\"https:\\\/\\\/gaia-lux.ch\\\/#organization\"},\"alternateName\":\"Gaia Lux : Sp\u00e9cialis\u00e9s dans la recherche de sacs Herm\u00e8s rares et limit\u00e9s.\",\"potentialAction\":[{\"@type\":\"SearchAction\",\"target\":{\"@type\":\"EntryPoint\",\"urlTemplate\":\"https:\\\/\\\/gaia-lux.ch\\\/?s={search_term_string}\"},\"query-input\":{\"@type\":\"PropertyValueSpecification\",\"valueRequired\":true,\"valueName\":\"search_term_string\"}}],\"inLanguage\":\"en-GB\"},{\"@type\":\"Organization\",\"@id\":\"https:\\\/\\\/gaia-lux.ch\\\/#organization\",\"name\":\"Gaia Lux\",\"url\":\"https:\\\/\\\/gaia-lux.ch\\\/\",\"logo\":{\"@type\":\"ImageObject\",\"inLanguage\":\"en-GB\",\"@id\":\"https:\\\/\\\/gaia-lux.ch\\\/#\\\/schema\\\/logo\\\/image\\\/\",\"url\":\"https:\\\/\\\/gaia-lux.ch\\\/wp-content\\\/uploads\\\/2025\\\/06\\\/cropped-LOGO-GAIA-2-Photoroom.png\",\"contentUrl\":\"https:\\\/\\\/gaia-lux.ch\\\/wp-content\\\/uploads\\\/2025\\\/06\\\/cropped-LOGO-GAIA-2-Photoroom.png\",\"width\":512,\"height\":512,\"caption\":\"Gaia Lux\"},\"image\":{\"@id\":\"https:\\\/\\\/gaia-lux.ch\\\/#\\\/schema\\\/logo\\\/image\\\/\"}}]}<\/script>\n<!-- \/ Yoast SEO plugin. -->","yoast_head_json":{"title":"Birkin 25 Alligator Sellier Bleu Saphir PHW - Gaia Lux","robots":{"index":"index","follow":"follow","max-snippet":"max-snippet:-1","max-image-preview":"max-image-preview:large","max-video-preview":"max-video-preview:-1"},"canonical":"https:\/\/gaia-lux.ch\/en\/product\/birkin-25-alligator-sellier-bleu-saphir-phw\/","og_locale":"en_GB","og_type":"article","og_title":"Birkin 25 Alligator Sellier Bleu Saphir PHW - Gaia Lux","og_description":"\u00c9l\u00e9gance absolue et raret\u00e9 d\u00e9finissent ce Birkin 25 Sellier sign\u00e9 Herm\u00e8s, r\u00e9alis\u00e9 dans le somptueux alligator mat. Dans la nuance profonde et lumineuse Bleu Saphir, ce cuir exotique r\u00e9v\u00e8le toute la richesse de sa texture naturelle, sublim\u00e9e par un fini mat. La construction Sellier, aux lignes nettes et aux coutures ext\u00e9rieures, conf\u00e8re \u00e0 ce mod\u00e8le une allure graphique et sophistiqu\u00e9e. La bijouterie palladium (PHW) ajoute une touche contemporaine et \u00e9quilibr\u00e9e \u00e0 cette pi\u00e8ce d\u2019exception. Dat\u00e9 de 2025 (stamp K), ce sac est neuf, jamais port\u00e9, sortie de boutique en septembre 2025. Il est livr\u00e9 en full set complet, comprenant bo\u00eete, dustbag, cadenas, clochette, cl\u00e9s et la facture originale ainsi que le CITES.","og_url":"https:\/\/gaia-lux.ch\/en\/product\/birkin-25-alligator-sellier-bleu-saphir-phw\/","og_site_name":"Gaia Lux","article_modified_time":"2025-10-20T12:47:44+00:00","og_image":[{"width":1512,"height":1512,"url":"https:\/\/gaia-lux.ch\/wp-content\/uploads\/2025\/10\/white-Photoroom-1-3.png","type":"image\/png"}],"twitter_card":"summary_large_image","twitter_misc":{"Estimated reading time":"1 minute"},"schema":{"@context":"https:\/\/schema.org","@graph":[{"@type":"WebPage","@id":"https:\/\/gaia-lux.ch\/produit\/birkin-25-alligator-sellier-bleu-saphir-phw\/","url":"https:\/\/gaia-lux.ch\/produit\/birkin-25-alligator-sellier-bleu-saphir-phw\/","name":"Birkin 25 Alligator Sellier Bleu Saphir PHW - Gaia Lux","isPartOf":{"@id":"https:\/\/gaia-lux.ch\/#website"},"primaryImageOfPage":{"@id":"https:\/\/gaia-lux.ch\/produit\/birkin-25-alligator-sellier-bleu-saphir-phw\/#primaryimage"},"image":{"@id":"https:\/\/gaia-lux.ch\/produit\/birkin-25-alligator-sellier-bleu-saphir-phw\/#primaryimage"},"thumbnailUrl":"https:\/\/gaia-lux.ch\/wp-content\/uploads\/2025\/10\/white-Photoroom-1-3.png","datePublished":"2025-10-09T12:04:33+00:00","dateModified":"2025-10-20T12:47:44+00:00","breadcrumb":{"@id":"https:\/\/gaia-lux.ch\/produit\/birkin-25-alligator-sellier-bleu-saphir-phw\/#breadcrumb"},"inLanguage":"en-GB","potentialAction":[{"@type":"ReadAction","target":["https:\/\/gaia-lux.ch\/produit\/birkin-25-alligator-sellier-bleu-saphir-phw\/"]}]},{"@type":"ImageObject","inLanguage":"en-GB","@id":"https:\/\/gaia-lux.ch\/produit\/birkin-25-alligator-sellier-bleu-saphir-phw\/#primaryimage","url":"https:\/\/gaia-lux.ch\/wp-content\/uploads\/2025\/10\/white-Photoroom-1-3.png","contentUrl":"https:\/\/gaia-lux.ch\/wp-content\/uploads\/2025\/10\/white-Photoroom-1-3.png","width":1512,"height":1512},{"@type":"BreadcrumbList","@id":"https:\/\/gaia-lux.ch\/produit\/birkin-25-alligator-sellier-bleu-saphir-phw\/#breadcrumb","itemListElement":[{"@type":"ListItem","position":1,"name":"Accueil","item":"https:\/\/gaia-lux.ch\/"},{"@type":"ListItem","position":2,"name":"Boutique","item":"https:\/\/gaia-lux.ch\/boutique\/"},{"@type":"ListItem","position":3,"name":"Birkin 25 Alligator Sellier Bleu Saphir PHW"}]},{"@type":"WebSite","@id":"https:\/\/gaia-lux.ch\/#website","url":"https:\/\/gaia-lux.ch\/","name":"Gaia Lux","description":"Des pi\u00e8ces uniques, rares et limit\u00e9s.","publisher":{"@id":"https:\/\/gaia-lux.ch\/#organization"},"alternateName":"Gaia Lux : Sp\u00e9cialis\u00e9s dans la recherche de sacs Herm\u00e8s rares et limit\u00e9s.","potentialAction":[{"@type":"SearchAction","target":{"@type":"EntryPoint","urlTemplate":"https:\/\/gaia-lux.ch\/?s={search_term_string}"},"query-input":{"@type":"PropertyValueSpecification","valueRequired":true,"valueName":"search_term_string"}}],"inLanguage":"en-GB"},{"@type":"Organization","@id":"https:\/\/gaia-lux.ch\/#organization","name":"Gaia Lux","url":"https:\/\/gaia-lux.ch\/","logo":{"@type":"ImageObject","inLanguage":"en-GB","@id":"https:\/\/gaia-lux.ch\/#\/schema\/logo\/image\/","url":"https:\/\/gaia-lux.ch\/wp-content\/uploads\/2025\/06\/cropped-LOGO-GAIA-2-Photoroom.png","contentUrl":"https:\/\/gaia-lux.ch\/wp-content\/uploads\/2025\/06\/cropped-LOGO-GAIA-2-Photoroom.png","width":512,"height":512,"caption":"Gaia Lux"},"image":{"@id":"https:\/\/gaia-lux.ch\/#\/schema\/logo\/image\/"}}]}},"_links":{"self":[{"href":"https:\/\/gaia-lux.ch\/en\/wp-json\/wp\/v2\/product\/12283","targetHints":{"allow":["GET"]}}],"collection":[{"href":"https:\/\/gaia-lux.ch\/en\/wp-json\/wp\/v2\/product"}],"about":[{"href":"https:\/\/gaia-lux.ch\/en\/wp-json\/wp\/v2\/types\/product"}],"version-history":[{"count":1,"href":"https:\/\/gaia-lux.ch\/en\/wp-json\/wp\/v2\/product\/12283\/revisions"}],"predecessor-version":[{"id":12296,"href":"https:\/\/gaia-lux.ch\/en\/wp-json\/wp\/v2\/product\/12283\/revisions\/12296"}],"wp:featuredmedia":[{"embeddable":true,"href":"https:\/\/gaia-lux.ch\/en\/wp-json\/wp\/v2\/media\/12284"}],"wp:attachment":[{"href":"https:\/\/gaia-lux.ch\/en\/wp-json\/wp\/v2\/media?parent=12283"}],"wp:term":[{"taxonomy":"product_brand","embeddable":true,"href":"https:\/\/gaia-lux.ch\/en\/wp-json\/wp\/v2\/product_brand?post=12283"},{"taxonomy":"product_cat","embeddable":true,"href":"https:\/\/gaia-lux.ch\/en\/wp-json\/wp\/v2\/product_cat?post=12283"},{"taxonomy":"product_tag","embeddable":true,"href":"https:\/\/gaia-lux.ch\/en\/wp-json\/wp\/v2\/product_tag?post=12283"}],"curies":[{"name":"wp","href":"https:\/\/api.w.org\/{rel}","templated":true}]}}