{"id":12297,"date":"2025-10-14T12:13:14","date_gmt":"2025-10-14T10:13:14","guid":{"rendered":"https:\/\/gaia-lux.ch\/?post_type=product&#038;p=12297"},"modified":"2025-10-20T14:47:37","modified_gmt":"2025-10-20T12:47:37","slug":"birkin-30-desordre-gold-togo-swift-ghw","status":"publish","type":"product","link":"https:\/\/gaia-lux.ch\/en\/product\/birkin-30-desordre-gold-togo-swift-ghw\/","title":{"rendered":"Birkin 30 D\u00e9sordre Gold Togo &#038; Swift GHW"},"content":{"rendered":"","protected":false},"excerpt":{"rendered":"<p data-start=\"297\" data-end=\"603\">Pi\u00e8ce \u00e0 la fois artistique et iconique, ce <strong data-start=\"340\" data-end=\"362\">Birkin 30 D\u00e9sordre<\/strong> illustre la cr\u00e9ativit\u00e9 audacieuse de la Maison Herm\u00e8s. Revisite contemporaine du Birkin classique, la version <em data-start=\"473\" data-end=\"483\">D\u00e9sordre<\/em> se distingue par ses lignes asym\u00e9triques, ses empi\u00e8cements d\u00e9structur\u00e9s et son jeu subtil de textures et de mati\u00e8res.<\/p>\n<p data-start=\"605\" data-end=\"952\">R\u00e9alis\u00e9 en <strong data-start=\"616\" data-end=\"638\">cuir Swift et Togo<\/strong>, ce mod\u00e8le marie la souplesse soyeuse du premier \u00e0 la tenue l\u00e9g\u00e8rement grain\u00e9e du second, pour un contraste visuel et tactile saisissant. La teinte <strong data-start=\"787\" data-end=\"795\">Gold<\/strong>, v\u00e9ritable signature Herm\u00e8s, apporte chaleur et \u00e9l\u00e9gance intemporelle, sublim\u00e9e par la bijouterie<strong data-start=\"883\" data-end=\"912\">\u00a0dor\u00e9e (GHW)<\/strong> qui en renforce le caract\u00e8re luxueux.<\/p>\n<p data-start=\"954\" data-end=\"1142\">Dat\u00e9 de <strong data-start=\"962\" data-end=\"970\">2025<\/strong>, ce sac est <strong data-start=\"983\" data-end=\"1005\">neuf, jamais port\u00e9<\/strong>, et livr\u00e9 en <strong data-start=\"1019\" data-end=\"1039\">full set complet<\/strong>, incluant bo\u00eete Herm\u00e8s, dustbag, clochette, cl\u00e9s, cadenas, feutrine protecteur et facture originale.<\/p>","protected":false},"featured_media":12312,"template":"","meta":[],"product_brand":[],"product_cat":[324,216],"product_tag":[],"class_list":{"0":"post-12297","1":"product","2":"type-product","3":"status-publish","4":"has-post-thumbnail","6":"product_cat-birkin","7":"product_cat-les-sacs","8":"ts_product_brand-birkin","10":"first","11":"outofstock","12":"taxable","13":"shipping-taxable","14":"purchasable","15":"product-type-simple","16":"add-to-wishlist-before_add_to_cart"},"yoast_head":"<!-- This site is optimized with the Yoast SEO plugin v27.3 - https:\/\/yoast.com\/product\/yoast-seo-wordpress\/ -->\n<title>Birkin 30 D\u00e9sordre Gold Togo &amp; Swift GHW - Gaia Lux<\/title>\n<meta name=\"robots\" content=\"index, follow, max-snippet:-1, max-image-preview:large, max-video-preview:-1\" \/>\n<link rel=\"canonical\" href=\"https:\/\/gaia-lux.ch\/en\/product\/birkin-30-desordre-gold-togo-swift-ghw\/\" \/>\n<meta property=\"og:locale\" content=\"en_GB\" \/>\n<meta property=\"og:type\" content=\"article\" \/>\n<meta property=\"og:title\" content=\"Birkin 30 D\u00e9sordre Gold Togo &amp; Swift GHW - Gaia Lux\" \/>\n<meta property=\"og:description\" content=\"Pi\u00e8ce \u00e0 la fois artistique et iconique, ce Birkin 30 D\u00e9sordre illustre la cr\u00e9ativit\u00e9 audacieuse de la Maison Herm\u00e8s. Revisite contemporaine du Birkin classique, la version D\u00e9sordre se distingue par ses lignes asym\u00e9triques, ses empi\u00e8cements d\u00e9structur\u00e9s et son jeu subtil de textures et de mati\u00e8res. R\u00e9alis\u00e9 en cuir Swift et Togo, ce mod\u00e8le marie la souplesse soyeuse du premier \u00e0 la tenue l\u00e9g\u00e8rement grain\u00e9e du second, pour un contraste visuel et tactile saisissant. La teinte Gold, v\u00e9ritable signature Herm\u00e8s, apporte chaleur et \u00e9l\u00e9gance intemporelle, sublim\u00e9e par la bijouterie\u00a0dor\u00e9e (GHW) qui en renforce le caract\u00e8re luxueux. Dat\u00e9 de 2025, ce sac est neuf, jamais port\u00e9, et livr\u00e9 en full set complet, incluant bo\u00eete Herm\u00e8s, dustbag, clochette, cl\u00e9s, cadenas, feutrine protecteur et facture originale.\" \/>\n<meta property=\"og:url\" content=\"https:\/\/gaia-lux.ch\/en\/product\/birkin-30-desordre-gold-togo-swift-ghw\/\" \/>\n<meta property=\"og:site_name\" content=\"Gaia Lux\" \/>\n<meta property=\"article:modified_time\" content=\"2025-10-20T12:47:37+00:00\" \/>\n<meta property=\"og:image\" content=\"https:\/\/gaia-lux.ch\/wp-content\/uploads\/2025\/10\/white-Photoroom-1-5-1024x1024.png\" \/>\n\t<meta property=\"og:image:width\" content=\"1024\" \/>\n\t<meta property=\"og:image:height\" content=\"1024\" \/>\n\t<meta property=\"og:image:type\" content=\"image\/png\" \/>\n<meta name=\"twitter:card\" content=\"summary_large_image\" \/>\n<meta name=\"twitter:label1\" content=\"Estimated reading time\" \/>\n\t<meta name=\"twitter:data1\" content=\"1 minute\" \/>\n<script type=\"application\/ld+json\" class=\"yoast-schema-graph\">{\"@context\":\"https:\\\/\\\/schema.org\",\"@graph\":[{\"@type\":\"WebPage\",\"@id\":\"https:\\\/\\\/gaia-lux.ch\\\/produit\\\/birkin-30-desordre-gold-togo-swift-ghw\\\/\",\"url\":\"https:\\\/\\\/gaia-lux.ch\\\/produit\\\/birkin-30-desordre-gold-togo-swift-ghw\\\/\",\"name\":\"Birkin 30 D\u00e9sordre Gold Togo & Swift GHW - Gaia Lux\",\"isPartOf\":{\"@id\":\"https:\\\/\\\/gaia-lux.ch\\\/#website\"},\"primaryImageOfPage\":{\"@id\":\"https:\\\/\\\/gaia-lux.ch\\\/produit\\\/birkin-30-desordre-gold-togo-swift-ghw\\\/#primaryimage\"},\"image\":{\"@id\":\"https:\\\/\\\/gaia-lux.ch\\\/produit\\\/birkin-30-desordre-gold-togo-swift-ghw\\\/#primaryimage\"},\"thumbnailUrl\":\"https:\\\/\\\/gaia-lux.ch\\\/wp-content\\\/uploads\\\/2025\\\/10\\\/white-Photoroom-1-5.png\",\"datePublished\":\"2025-10-14T10:13:14+00:00\",\"dateModified\":\"2025-10-20T12:47:37+00:00\",\"breadcrumb\":{\"@id\":\"https:\\\/\\\/gaia-lux.ch\\\/produit\\\/birkin-30-desordre-gold-togo-swift-ghw\\\/#breadcrumb\"},\"inLanguage\":\"en-GB\",\"potentialAction\":[{\"@type\":\"ReadAction\",\"target\":[\"https:\\\/\\\/gaia-lux.ch\\\/produit\\\/birkin-30-desordre-gold-togo-swift-ghw\\\/\"]}]},{\"@type\":\"ImageObject\",\"inLanguage\":\"en-GB\",\"@id\":\"https:\\\/\\\/gaia-lux.ch\\\/produit\\\/birkin-30-desordre-gold-togo-swift-ghw\\\/#primaryimage\",\"url\":\"https:\\\/\\\/gaia-lux.ch\\\/wp-content\\\/uploads\\\/2025\\\/10\\\/white-Photoroom-1-5.png\",\"contentUrl\":\"https:\\\/\\\/gaia-lux.ch\\\/wp-content\\\/uploads\\\/2025\\\/10\\\/white-Photoroom-1-5.png\",\"width\":1512,\"height\":1512},{\"@type\":\"BreadcrumbList\",\"@id\":\"https:\\\/\\\/gaia-lux.ch\\\/produit\\\/birkin-30-desordre-gold-togo-swift-ghw\\\/#breadcrumb\",\"itemListElement\":[{\"@type\":\"ListItem\",\"position\":1,\"name\":\"Accueil\",\"item\":\"https:\\\/\\\/gaia-lux.ch\\\/\"},{\"@type\":\"ListItem\",\"position\":2,\"name\":\"Boutique\",\"item\":\"https:\\\/\\\/gaia-lux.ch\\\/boutique\\\/\"},{\"@type\":\"ListItem\",\"position\":3,\"name\":\"Birkin 30 D\u00e9sordre Gold Togo &#038; Swift GHW\"}]},{\"@type\":\"WebSite\",\"@id\":\"https:\\\/\\\/gaia-lux.ch\\\/#website\",\"url\":\"https:\\\/\\\/gaia-lux.ch\\\/\",\"name\":\"Gaia Lux\",\"description\":\"Des pi\u00e8ces uniques, rares et limit\u00e9s.\",\"publisher\":{\"@id\":\"https:\\\/\\\/gaia-lux.ch\\\/#organization\"},\"alternateName\":\"Gaia Lux : Sp\u00e9cialis\u00e9s dans la recherche de sacs Herm\u00e8s rares et limit\u00e9s.\",\"potentialAction\":[{\"@type\":\"SearchAction\",\"target\":{\"@type\":\"EntryPoint\",\"urlTemplate\":\"https:\\\/\\\/gaia-lux.ch\\\/?s={search_term_string}\"},\"query-input\":{\"@type\":\"PropertyValueSpecification\",\"valueRequired\":true,\"valueName\":\"search_term_string\"}}],\"inLanguage\":\"en-GB\"},{\"@type\":\"Organization\",\"@id\":\"https:\\\/\\\/gaia-lux.ch\\\/#organization\",\"name\":\"Gaia Lux\",\"url\":\"https:\\\/\\\/gaia-lux.ch\\\/\",\"logo\":{\"@type\":\"ImageObject\",\"inLanguage\":\"en-GB\",\"@id\":\"https:\\\/\\\/gaia-lux.ch\\\/#\\\/schema\\\/logo\\\/image\\\/\",\"url\":\"https:\\\/\\\/gaia-lux.ch\\\/wp-content\\\/uploads\\\/2025\\\/06\\\/cropped-LOGO-GAIA-2-Photoroom.png\",\"contentUrl\":\"https:\\\/\\\/gaia-lux.ch\\\/wp-content\\\/uploads\\\/2025\\\/06\\\/cropped-LOGO-GAIA-2-Photoroom.png\",\"width\":512,\"height\":512,\"caption\":\"Gaia Lux\"},\"image\":{\"@id\":\"https:\\\/\\\/gaia-lux.ch\\\/#\\\/schema\\\/logo\\\/image\\\/\"}}]}<\/script>\n<!-- \/ Yoast SEO plugin. -->","yoast_head_json":{"title":"Birkin 30 D\u00e9sordre Gold Togo & Swift GHW - Gaia Lux","robots":{"index":"index","follow":"follow","max-snippet":"max-snippet:-1","max-image-preview":"max-image-preview:large","max-video-preview":"max-video-preview:-1"},"canonical":"https:\/\/gaia-lux.ch\/en\/product\/birkin-30-desordre-gold-togo-swift-ghw\/","og_locale":"en_GB","og_type":"article","og_title":"Birkin 30 D\u00e9sordre Gold Togo & Swift GHW - Gaia Lux","og_description":"Pi\u00e8ce \u00e0 la fois artistique et iconique, ce Birkin 30 D\u00e9sordre illustre la cr\u00e9ativit\u00e9 audacieuse de la Maison Herm\u00e8s. Revisite contemporaine du Birkin classique, la version D\u00e9sordre se distingue par ses lignes asym\u00e9triques, ses empi\u00e8cements d\u00e9structur\u00e9s et son jeu subtil de textures et de mati\u00e8res. R\u00e9alis\u00e9 en cuir Swift et Togo, ce mod\u00e8le marie la souplesse soyeuse du premier \u00e0 la tenue l\u00e9g\u00e8rement grain\u00e9e du second, pour un contraste visuel et tactile saisissant. La teinte Gold, v\u00e9ritable signature Herm\u00e8s, apporte chaleur et \u00e9l\u00e9gance intemporelle, sublim\u00e9e par la bijouterie\u00a0dor\u00e9e (GHW) qui en renforce le caract\u00e8re luxueux. Dat\u00e9 de 2025, ce sac est neuf, jamais port\u00e9, et livr\u00e9 en full set complet, incluant bo\u00eete Herm\u00e8s, dustbag, clochette, cl\u00e9s, cadenas, feutrine protecteur et facture originale.","og_url":"https:\/\/gaia-lux.ch\/en\/product\/birkin-30-desordre-gold-togo-swift-ghw\/","og_site_name":"Gaia Lux","article_modified_time":"2025-10-20T12:47:37+00:00","og_image":[{"width":1024,"height":1024,"url":"https:\/\/gaia-lux.ch\/wp-content\/uploads\/2025\/10\/white-Photoroom-1-5-1024x1024.png","type":"image\/png"}],"twitter_card":"summary_large_image","twitter_misc":{"Estimated reading time":"1 minute"},"schema":{"@context":"https:\/\/schema.org","@graph":[{"@type":"WebPage","@id":"https:\/\/gaia-lux.ch\/produit\/birkin-30-desordre-gold-togo-swift-ghw\/","url":"https:\/\/gaia-lux.ch\/produit\/birkin-30-desordre-gold-togo-swift-ghw\/","name":"Birkin 30 D\u00e9sordre Gold Togo & Swift GHW - Gaia Lux","isPartOf":{"@id":"https:\/\/gaia-lux.ch\/#website"},"primaryImageOfPage":{"@id":"https:\/\/gaia-lux.ch\/produit\/birkin-30-desordre-gold-togo-swift-ghw\/#primaryimage"},"image":{"@id":"https:\/\/gaia-lux.ch\/produit\/birkin-30-desordre-gold-togo-swift-ghw\/#primaryimage"},"thumbnailUrl":"https:\/\/gaia-lux.ch\/wp-content\/uploads\/2025\/10\/white-Photoroom-1-5.png","datePublished":"2025-10-14T10:13:14+00:00","dateModified":"2025-10-20T12:47:37+00:00","breadcrumb":{"@id":"https:\/\/gaia-lux.ch\/produit\/birkin-30-desordre-gold-togo-swift-ghw\/#breadcrumb"},"inLanguage":"en-GB","potentialAction":[{"@type":"ReadAction","target":["https:\/\/gaia-lux.ch\/produit\/birkin-30-desordre-gold-togo-swift-ghw\/"]}]},{"@type":"ImageObject","inLanguage":"en-GB","@id":"https:\/\/gaia-lux.ch\/produit\/birkin-30-desordre-gold-togo-swift-ghw\/#primaryimage","url":"https:\/\/gaia-lux.ch\/wp-content\/uploads\/2025\/10\/white-Photoroom-1-5.png","contentUrl":"https:\/\/gaia-lux.ch\/wp-content\/uploads\/2025\/10\/white-Photoroom-1-5.png","width":1512,"height":1512},{"@type":"BreadcrumbList","@id":"https:\/\/gaia-lux.ch\/produit\/birkin-30-desordre-gold-togo-swift-ghw\/#breadcrumb","itemListElement":[{"@type":"ListItem","position":1,"name":"Accueil","item":"https:\/\/gaia-lux.ch\/"},{"@type":"ListItem","position":2,"name":"Boutique","item":"https:\/\/gaia-lux.ch\/boutique\/"},{"@type":"ListItem","position":3,"name":"Birkin 30 D\u00e9sordre Gold Togo &#038; Swift GHW"}]},{"@type":"WebSite","@id":"https:\/\/gaia-lux.ch\/#website","url":"https:\/\/gaia-lux.ch\/","name":"Gaia Lux","description":"Des pi\u00e8ces uniques, rares et limit\u00e9s.","publisher":{"@id":"https:\/\/gaia-lux.ch\/#organization"},"alternateName":"Gaia Lux : Sp\u00e9cialis\u00e9s dans la recherche de sacs Herm\u00e8s rares et limit\u00e9s.","potentialAction":[{"@type":"SearchAction","target":{"@type":"EntryPoint","urlTemplate":"https:\/\/gaia-lux.ch\/?s={search_term_string}"},"query-input":{"@type":"PropertyValueSpecification","valueRequired":true,"valueName":"search_term_string"}}],"inLanguage":"en-GB"},{"@type":"Organization","@id":"https:\/\/gaia-lux.ch\/#organization","name":"Gaia Lux","url":"https:\/\/gaia-lux.ch\/","logo":{"@type":"ImageObject","inLanguage":"en-GB","@id":"https:\/\/gaia-lux.ch\/#\/schema\/logo\/image\/","url":"https:\/\/gaia-lux.ch\/wp-content\/uploads\/2025\/06\/cropped-LOGO-GAIA-2-Photoroom.png","contentUrl":"https:\/\/gaia-lux.ch\/wp-content\/uploads\/2025\/06\/cropped-LOGO-GAIA-2-Photoroom.png","width":512,"height":512,"caption":"Gaia Lux"},"image":{"@id":"https:\/\/gaia-lux.ch\/#\/schema\/logo\/image\/"}}]}},"_links":{"self":[{"href":"https:\/\/gaia-lux.ch\/en\/wp-json\/wp\/v2\/product\/12297","targetHints":{"allow":["GET"]}}],"collection":[{"href":"https:\/\/gaia-lux.ch\/en\/wp-json\/wp\/v2\/product"}],"about":[{"href":"https:\/\/gaia-lux.ch\/en\/wp-json\/wp\/v2\/types\/product"}],"version-history":[{"count":1,"href":"https:\/\/gaia-lux.ch\/en\/wp-json\/wp\/v2\/product\/12297\/revisions"}],"predecessor-version":[{"id":12311,"href":"https:\/\/gaia-lux.ch\/en\/wp-json\/wp\/v2\/product\/12297\/revisions\/12311"}],"wp:featuredmedia":[{"embeddable":true,"href":"https:\/\/gaia-lux.ch\/en\/wp-json\/wp\/v2\/media\/12312"}],"wp:attachment":[{"href":"https:\/\/gaia-lux.ch\/en\/wp-json\/wp\/v2\/media?parent=12297"}],"wp:term":[{"taxonomy":"product_brand","embeddable":true,"href":"https:\/\/gaia-lux.ch\/en\/wp-json\/wp\/v2\/product_brand?post=12297"},{"taxonomy":"product_cat","embeddable":true,"href":"https:\/\/gaia-lux.ch\/en\/wp-json\/wp\/v2\/product_cat?post=12297"},{"taxonomy":"product_tag","embeddable":true,"href":"https:\/\/gaia-lux.ch\/en\/wp-json\/wp\/v2\/product_tag?post=12297"}],"curies":[{"name":"wp","href":"https:\/\/api.w.org\/{rel}","templated":true}]}}