{"id":12314,"date":"2025-10-28T15:13:12","date_gmt":"2025-10-28T14:13:12","guid":{"rendered":"https:\/\/gaia-lux.ch\/?post_type=product&#038;p=12314"},"modified":"2025-11-03T09:39:54","modified_gmt":"2025-11-03T08:39:54","slug":"birkin-25-swift-gris-fonce-ghw","status":"publish","type":"product","link":"https:\/\/gaia-lux.ch\/en\/product\/birkin-25-swift-gris-fonce-ghw\/","title":{"rendered":"Birkin 25 Swift Vert Fonc\u00e9 GHW"},"content":{"rendered":"","protected":false},"excerpt":{"rendered":"<p data-start=\"227\" data-end=\"527\" class=\"translation-block\">Simplicity, elegance, and refinement come together in this Birkin 25 in Swift leather. Its Dark Green hue reveals the depth and subtlety of the leather, offering a look that is both modern and discreetly luxurious.<\/p>\n<p data-start=\"529\" data-end=\"830\" class=\"translation-block\">The gold hardware (GHW) enhances this refined shade with a warm and luminous touch.<\/p>\n<p data-start=\"832\" data-end=\"1096\" class=\"translation-block\">Dated 2025, this bag is brand new, never worn. It comes as a complete set, including the box, dust bag, protective felt pad, padlock, bell, keys, and original receipt.<\/p>","protected":false},"featured_media":12315,"template":"","meta":[],"product_brand":[],"product_cat":[324,216],"product_tag":[],"class_list":{"0":"post-12314","1":"product","2":"type-product","3":"status-publish","4":"has-post-thumbnail","6":"product_cat-birkin","7":"product_cat-les-sacs","8":"ts_product_brand-birkin","10":"first","11":"outofstock","12":"taxable","13":"shipping-taxable","14":"purchasable","15":"product-type-simple","16":"add-to-wishlist-before_add_to_cart"},"yoast_head":"<!-- This site is optimized with the Yoast SEO plugin v27.3 - https:\/\/yoast.com\/product\/yoast-seo-wordpress\/ -->\n<title>Birkin 25 Swift Vert Fonc\u00e9 GHW - Gaia Lux<\/title>\n<meta name=\"robots\" content=\"index, follow, max-snippet:-1, max-image-preview:large, max-video-preview:-1\" \/>\n<link rel=\"canonical\" href=\"https:\/\/gaia-lux.ch\/en\/product\/birkin-25-swift-gris-fonce-ghw\/\" \/>\n<meta property=\"og:locale\" content=\"en_GB\" \/>\n<meta property=\"og:type\" content=\"article\" \/>\n<meta property=\"og:title\" content=\"Birkin 25 Swift Vert Fonc\u00e9 GHW - Gaia Lux\" \/>\n<meta property=\"og:description\" content=\"Simplicit\u00e9, \u00e9l\u00e9gance et raffinement se rencontrent dans ce Birkin 25 en cuir Swift, une version douce et soyeuse du classique intemporel sign\u00e9 Herm\u00e8s. Sa teinte Vert Fonc\u00e9 r\u00e9v\u00e8le toute la profondeur et la subtilit\u00e9 du cuir, offrant une allure \u00e0 la fois moderne et discr\u00e8tement luxueuse. La bijouterie dor\u00e9e (GHW) vient sublimer cette nuance raffin\u00e9e d\u2019une touche chaleureuse et lumineuse. Dat\u00e9 de 2025, ce sac est neuf, jamais port\u00e9. Il est livr\u00e9 en full set complet, comprenant la bo\u00eete, le dustbag, la feutrine protectrice, le cadenas, la clochette, les cl\u00e9s et la facture originale.\" \/>\n<meta property=\"og:url\" content=\"https:\/\/gaia-lux.ch\/en\/product\/birkin-25-swift-gris-fonce-ghw\/\" \/>\n<meta property=\"og:site_name\" content=\"Gaia Lux\" \/>\n<meta property=\"article:modified_time\" content=\"2025-11-03T08:39:54+00:00\" \/>\n<meta property=\"og:image\" content=\"https:\/\/gaia-lux.ch\/wp-content\/uploads\/2025\/10\/b25-Swift-Gris-Fonce-Photoroom.png\" \/>\n\t<meta property=\"og:image:width\" content=\"1512\" \/>\n\t<meta property=\"og:image:height\" content=\"1512\" \/>\n\t<meta property=\"og:image:type\" content=\"image\/png\" \/>\n<meta name=\"twitter:card\" content=\"summary_large_image\" \/>\n<meta name=\"twitter:label1\" content=\"Estimated reading time\" \/>\n\t<meta name=\"twitter:data1\" content=\"1 minute\" \/>\n<script type=\"application\/ld+json\" class=\"yoast-schema-graph\">{\"@context\":\"https:\\\/\\\/schema.org\",\"@graph\":[{\"@type\":\"WebPage\",\"@id\":\"https:\\\/\\\/gaia-lux.ch\\\/produit\\\/birkin-25-swift-gris-fonce-ghw\\\/\",\"url\":\"https:\\\/\\\/gaia-lux.ch\\\/produit\\\/birkin-25-swift-gris-fonce-ghw\\\/\",\"name\":\"Birkin 25 Swift Vert Fonc\u00e9 GHW - Gaia Lux\",\"isPartOf\":{\"@id\":\"https:\\\/\\\/gaia-lux.ch\\\/#website\"},\"primaryImageOfPage\":{\"@id\":\"https:\\\/\\\/gaia-lux.ch\\\/produit\\\/birkin-25-swift-gris-fonce-ghw\\\/#primaryimage\"},\"image\":{\"@id\":\"https:\\\/\\\/gaia-lux.ch\\\/produit\\\/birkin-25-swift-gris-fonce-ghw\\\/#primaryimage\"},\"thumbnailUrl\":\"https:\\\/\\\/gaia-lux.ch\\\/wp-content\\\/uploads\\\/2025\\\/10\\\/b25-Swift-Gris-Fonce-Photoroom.png\",\"datePublished\":\"2025-10-28T14:13:12+00:00\",\"dateModified\":\"2025-11-03T08:39:54+00:00\",\"breadcrumb\":{\"@id\":\"https:\\\/\\\/gaia-lux.ch\\\/produit\\\/birkin-25-swift-gris-fonce-ghw\\\/#breadcrumb\"},\"inLanguage\":\"en-GB\",\"potentialAction\":[{\"@type\":\"ReadAction\",\"target\":[\"https:\\\/\\\/gaia-lux.ch\\\/produit\\\/birkin-25-swift-gris-fonce-ghw\\\/\"]}]},{\"@type\":\"ImageObject\",\"inLanguage\":\"en-GB\",\"@id\":\"https:\\\/\\\/gaia-lux.ch\\\/produit\\\/birkin-25-swift-gris-fonce-ghw\\\/#primaryimage\",\"url\":\"https:\\\/\\\/gaia-lux.ch\\\/wp-content\\\/uploads\\\/2025\\\/10\\\/b25-Swift-Gris-Fonce-Photoroom.png\",\"contentUrl\":\"https:\\\/\\\/gaia-lux.ch\\\/wp-content\\\/uploads\\\/2025\\\/10\\\/b25-Swift-Gris-Fonce-Photoroom.png\",\"width\":1512,\"height\":1512},{\"@type\":\"BreadcrumbList\",\"@id\":\"https:\\\/\\\/gaia-lux.ch\\\/produit\\\/birkin-25-swift-gris-fonce-ghw\\\/#breadcrumb\",\"itemListElement\":[{\"@type\":\"ListItem\",\"position\":1,\"name\":\"Accueil\",\"item\":\"https:\\\/\\\/gaia-lux.ch\\\/\"},{\"@type\":\"ListItem\",\"position\":2,\"name\":\"Boutique\",\"item\":\"https:\\\/\\\/gaia-lux.ch\\\/boutique\\\/\"},{\"@type\":\"ListItem\",\"position\":3,\"name\":\"Birkin 25 Swift Vert Fonc\u00e9 GHW\"}]},{\"@type\":\"WebSite\",\"@id\":\"https:\\\/\\\/gaia-lux.ch\\\/#website\",\"url\":\"https:\\\/\\\/gaia-lux.ch\\\/\",\"name\":\"Gaia Lux\",\"description\":\"Des pi\u00e8ces uniques, rares et limit\u00e9s.\",\"publisher\":{\"@id\":\"https:\\\/\\\/gaia-lux.ch\\\/#organization\"},\"alternateName\":\"Gaia Lux : Sp\u00e9cialis\u00e9s dans la recherche de sacs Herm\u00e8s rares et limit\u00e9s.\",\"potentialAction\":[{\"@type\":\"SearchAction\",\"target\":{\"@type\":\"EntryPoint\",\"urlTemplate\":\"https:\\\/\\\/gaia-lux.ch\\\/?s={search_term_string}\"},\"query-input\":{\"@type\":\"PropertyValueSpecification\",\"valueRequired\":true,\"valueName\":\"search_term_string\"}}],\"inLanguage\":\"en-GB\"},{\"@type\":\"Organization\",\"@id\":\"https:\\\/\\\/gaia-lux.ch\\\/#organization\",\"name\":\"Gaia Lux\",\"url\":\"https:\\\/\\\/gaia-lux.ch\\\/\",\"logo\":{\"@type\":\"ImageObject\",\"inLanguage\":\"en-GB\",\"@id\":\"https:\\\/\\\/gaia-lux.ch\\\/#\\\/schema\\\/logo\\\/image\\\/\",\"url\":\"https:\\\/\\\/gaia-lux.ch\\\/wp-content\\\/uploads\\\/2025\\\/06\\\/cropped-LOGO-GAIA-2-Photoroom.png\",\"contentUrl\":\"https:\\\/\\\/gaia-lux.ch\\\/wp-content\\\/uploads\\\/2025\\\/06\\\/cropped-LOGO-GAIA-2-Photoroom.png\",\"width\":512,\"height\":512,\"caption\":\"Gaia Lux\"},\"image\":{\"@id\":\"https:\\\/\\\/gaia-lux.ch\\\/#\\\/schema\\\/logo\\\/image\\\/\"}}]}<\/script>\n<!-- \/ Yoast SEO plugin. -->","yoast_head_json":{"title":"Birkin 25 Swift Vert Fonc\u00e9 GHW - Gaia Lux","robots":{"index":"index","follow":"follow","max-snippet":"max-snippet:-1","max-image-preview":"max-image-preview:large","max-video-preview":"max-video-preview:-1"},"canonical":"https:\/\/gaia-lux.ch\/en\/product\/birkin-25-swift-gris-fonce-ghw\/","og_locale":"en_GB","og_type":"article","og_title":"Birkin 25 Swift Vert Fonc\u00e9 GHW - Gaia Lux","og_description":"Simplicit\u00e9, \u00e9l\u00e9gance et raffinement se rencontrent dans ce Birkin 25 en cuir Swift, une version douce et soyeuse du classique intemporel sign\u00e9 Herm\u00e8s. Sa teinte Vert Fonc\u00e9 r\u00e9v\u00e8le toute la profondeur et la subtilit\u00e9 du cuir, offrant une allure \u00e0 la fois moderne et discr\u00e8tement luxueuse. La bijouterie dor\u00e9e (GHW) vient sublimer cette nuance raffin\u00e9e d\u2019une touche chaleureuse et lumineuse. Dat\u00e9 de 2025, ce sac est neuf, jamais port\u00e9. Il est livr\u00e9 en full set complet, comprenant la bo\u00eete, le dustbag, la feutrine protectrice, le cadenas, la clochette, les cl\u00e9s et la facture originale.","og_url":"https:\/\/gaia-lux.ch\/en\/product\/birkin-25-swift-gris-fonce-ghw\/","og_site_name":"Gaia Lux","article_modified_time":"2025-11-03T08:39:54+00:00","og_image":[{"width":1512,"height":1512,"url":"https:\/\/gaia-lux.ch\/wp-content\/uploads\/2025\/10\/b25-Swift-Gris-Fonce-Photoroom.png","type":"image\/png"}],"twitter_card":"summary_large_image","twitter_misc":{"Estimated reading time":"1 minute"},"schema":{"@context":"https:\/\/schema.org","@graph":[{"@type":"WebPage","@id":"https:\/\/gaia-lux.ch\/produit\/birkin-25-swift-gris-fonce-ghw\/","url":"https:\/\/gaia-lux.ch\/produit\/birkin-25-swift-gris-fonce-ghw\/","name":"Birkin 25 Swift Vert Fonc\u00e9 GHW - Gaia Lux","isPartOf":{"@id":"https:\/\/gaia-lux.ch\/#website"},"primaryImageOfPage":{"@id":"https:\/\/gaia-lux.ch\/produit\/birkin-25-swift-gris-fonce-ghw\/#primaryimage"},"image":{"@id":"https:\/\/gaia-lux.ch\/produit\/birkin-25-swift-gris-fonce-ghw\/#primaryimage"},"thumbnailUrl":"https:\/\/gaia-lux.ch\/wp-content\/uploads\/2025\/10\/b25-Swift-Gris-Fonce-Photoroom.png","datePublished":"2025-10-28T14:13:12+00:00","dateModified":"2025-11-03T08:39:54+00:00","breadcrumb":{"@id":"https:\/\/gaia-lux.ch\/produit\/birkin-25-swift-gris-fonce-ghw\/#breadcrumb"},"inLanguage":"en-GB","potentialAction":[{"@type":"ReadAction","target":["https:\/\/gaia-lux.ch\/produit\/birkin-25-swift-gris-fonce-ghw\/"]}]},{"@type":"ImageObject","inLanguage":"en-GB","@id":"https:\/\/gaia-lux.ch\/produit\/birkin-25-swift-gris-fonce-ghw\/#primaryimage","url":"https:\/\/gaia-lux.ch\/wp-content\/uploads\/2025\/10\/b25-Swift-Gris-Fonce-Photoroom.png","contentUrl":"https:\/\/gaia-lux.ch\/wp-content\/uploads\/2025\/10\/b25-Swift-Gris-Fonce-Photoroom.png","width":1512,"height":1512},{"@type":"BreadcrumbList","@id":"https:\/\/gaia-lux.ch\/produit\/birkin-25-swift-gris-fonce-ghw\/#breadcrumb","itemListElement":[{"@type":"ListItem","position":1,"name":"Accueil","item":"https:\/\/gaia-lux.ch\/"},{"@type":"ListItem","position":2,"name":"Boutique","item":"https:\/\/gaia-lux.ch\/boutique\/"},{"@type":"ListItem","position":3,"name":"Birkin 25 Swift Vert Fonc\u00e9 GHW"}]},{"@type":"WebSite","@id":"https:\/\/gaia-lux.ch\/#website","url":"https:\/\/gaia-lux.ch\/","name":"Gaia Lux","description":"Des pi\u00e8ces uniques, rares et limit\u00e9s.","publisher":{"@id":"https:\/\/gaia-lux.ch\/#organization"},"alternateName":"Gaia Lux : Sp\u00e9cialis\u00e9s dans la recherche de sacs Herm\u00e8s rares et limit\u00e9s.","potentialAction":[{"@type":"SearchAction","target":{"@type":"EntryPoint","urlTemplate":"https:\/\/gaia-lux.ch\/?s={search_term_string}"},"query-input":{"@type":"PropertyValueSpecification","valueRequired":true,"valueName":"search_term_string"}}],"inLanguage":"en-GB"},{"@type":"Organization","@id":"https:\/\/gaia-lux.ch\/#organization","name":"Gaia Lux","url":"https:\/\/gaia-lux.ch\/","logo":{"@type":"ImageObject","inLanguage":"en-GB","@id":"https:\/\/gaia-lux.ch\/#\/schema\/logo\/image\/","url":"https:\/\/gaia-lux.ch\/wp-content\/uploads\/2025\/06\/cropped-LOGO-GAIA-2-Photoroom.png","contentUrl":"https:\/\/gaia-lux.ch\/wp-content\/uploads\/2025\/06\/cropped-LOGO-GAIA-2-Photoroom.png","width":512,"height":512,"caption":"Gaia Lux"},"image":{"@id":"https:\/\/gaia-lux.ch\/#\/schema\/logo\/image\/"}}]}},"_links":{"self":[{"href":"https:\/\/gaia-lux.ch\/en\/wp-json\/wp\/v2\/product\/12314","targetHints":{"allow":["GET"]}}],"collection":[{"href":"https:\/\/gaia-lux.ch\/en\/wp-json\/wp\/v2\/product"}],"about":[{"href":"https:\/\/gaia-lux.ch\/en\/wp-json\/wp\/v2\/types\/product"}],"version-history":[{"count":4,"href":"https:\/\/gaia-lux.ch\/en\/wp-json\/wp\/v2\/product\/12314\/revisions"}],"predecessor-version":[{"id":12348,"href":"https:\/\/gaia-lux.ch\/en\/wp-json\/wp\/v2\/product\/12314\/revisions\/12348"}],"wp:featuredmedia":[{"embeddable":true,"href":"https:\/\/gaia-lux.ch\/en\/wp-json\/wp\/v2\/media\/12315"}],"wp:attachment":[{"href":"https:\/\/gaia-lux.ch\/en\/wp-json\/wp\/v2\/media?parent=12314"}],"wp:term":[{"taxonomy":"product_brand","embeddable":true,"href":"https:\/\/gaia-lux.ch\/en\/wp-json\/wp\/v2\/product_brand?post=12314"},{"taxonomy":"product_cat","embeddable":true,"href":"https:\/\/gaia-lux.ch\/en\/wp-json\/wp\/v2\/product_cat?post=12314"},{"taxonomy":"product_tag","embeddable":true,"href":"https:\/\/gaia-lux.ch\/en\/wp-json\/wp\/v2\/product_tag?post=12314"}],"curies":[{"name":"wp","href":"https:\/\/api.w.org\/{rel}","templated":true}]}}