{"id":12422,"date":"2026-01-14T12:46:00","date_gmt":"2026-01-14T11:46:00","guid":{"rendered":"https:\/\/gaia-lux.ch\/?post_type=product&#038;p=12422"},"modified":"2026-03-05T10:43:11","modified_gmt":"2026-03-05T09:43:11","slug":"birkin-25-barenia-faubourg-ebene-phw","status":"publish","type":"product","link":"https:\/\/gaia-lux.ch\/en\/product\/birkin-25-barenia-faubourg-ebene-phw\/","title":{"rendered":"Birkin 25 Barenia Faubourg Eb\u00e8ne PHW"},"content":{"rendered":"","protected":false},"excerpt":{"rendered":"<p data-start=\"302\" data-end=\"687\">\u00c9l\u00e9gant et profond\u00e9ment authentique, ce <strong data-start=\"342\" data-end=\"355\">Birkin 25<\/strong> est confectionn\u00e9 dans le tr\u00e8s exclusif <strong data-start=\"395\" data-end=\"420\">cuir Faubourg Bar\u00e9nia<\/strong>, un cuir rare embl\u00e9matique de la Maison Herm\u00e8s. Appr\u00e9ci\u00e9 pour son aspect naturel et sa capacit\u00e9 exceptionnelle \u00e0 d\u00e9velopper une patine unique au fil du temps.<\/p>\n<p data-start=\"689\" data-end=\"975\">Pr\u00e9sent\u00e9 dans la teinte <strong data-start=\"713\" data-end=\"722\">\u00c9b\u00e8ne<\/strong>, un brun fonc\u00e9 intense et raffin\u00e9, ce Birkin r\u00e9v\u00e8le toute la richesse et la profondeur de cette mati\u00e8re noble. La <strong data-start=\"837\" data-end=\"870\">bijouterie palladium (PHW)<\/strong> apporte une touche contemporaine et lumineuse, cr\u00e9ant un \u00e9quilibre parfait entre modernit\u00e9 et tradition.<\/p>\n<p data-start=\"689\" data-end=\"975\">Dat\u00e9 de <strong data-start=\"1089\" data-end=\"1097\">2026<\/strong>, il est <strong data-start=\"1106\" data-end=\"1128\">neuf, jamais port\u00e9<\/strong>, sorti de boutique en janvier et livr\u00e9 en <strong data-start=\"1196\" data-end=\"1216\">full set complet<\/strong> : bo\u00eete, dustbag, feutrine protectrice, cadenas, clochette, cl\u00e9s et facture originale.<\/p>\n<p data-start=\"977\" data-end=\"1303\">","protected":false},"featured_media":12424,"template":"","meta":[],"product_brand":[],"product_cat":[324,216],"product_tag":[],"class_list":{"0":"post-12422","1":"product","2":"type-product","3":"status-publish","4":"has-post-thumbnail","6":"product_cat-birkin","7":"product_cat-les-sacs","8":"ts_product_brand-birkin","10":"first","11":"outofstock","12":"taxable","13":"shipping-taxable","14":"purchasable","15":"product-type-simple","16":"add-to-wishlist-before_add_to_cart"},"yoast_head":"<!-- This site is optimized with the Yoast SEO plugin v27.3 - https:\/\/yoast.com\/product\/yoast-seo-wordpress\/ -->\n<title>Birkin 25 Barenia Faubourg Eb\u00e8ne PHW - Gaia Lux<\/title>\n<meta name=\"robots\" content=\"index, follow, max-snippet:-1, max-image-preview:large, max-video-preview:-1\" \/>\n<link rel=\"canonical\" href=\"https:\/\/gaia-lux.ch\/en\/product\/birkin-25-barenia-faubourg-ebene-phw\/\" \/>\n<meta property=\"og:locale\" content=\"en_GB\" \/>\n<meta property=\"og:type\" content=\"article\" \/>\n<meta property=\"og:title\" content=\"Birkin 25 Barenia Faubourg Eb\u00e8ne PHW - Gaia Lux\" \/>\n<meta property=\"og:description\" content=\"\u00c9l\u00e9gant et profond\u00e9ment authentique, ce Birkin 25 est confectionn\u00e9 dans le tr\u00e8s exclusif cuir Faubourg Bar\u00e9nia, un cuir rare embl\u00e9matique de la Maison Herm\u00e8s. Appr\u00e9ci\u00e9 pour son aspect naturel et sa capacit\u00e9 exceptionnelle \u00e0 d\u00e9velopper une patine unique au fil du temps. Pr\u00e9sent\u00e9 dans la teinte \u00c9b\u00e8ne, un brun fonc\u00e9 intense et raffin\u00e9, ce Birkin r\u00e9v\u00e8le toute la richesse et la profondeur de cette mati\u00e8re noble. La bijouterie palladium (PHW) apporte une touche contemporaine et lumineuse, cr\u00e9ant un \u00e9quilibre parfait entre modernit\u00e9 et tradition. Dat\u00e9 de 2026, il est neuf, jamais port\u00e9, sorti de boutique en janvier et livr\u00e9 en full set complet : bo\u00eete, dustbag, feutrine protectrice, cadenas, clochette, cl\u00e9s et facture originale.\" \/>\n<meta property=\"og:url\" content=\"https:\/\/gaia-lux.ch\/en\/product\/birkin-25-barenia-faubourg-ebene-phw\/\" \/>\n<meta property=\"og:site_name\" content=\"Gaia Lux\" \/>\n<meta property=\"article:modified_time\" content=\"2026-03-05T09:43:11+00:00\" \/>\n<meta property=\"og:image\" content=\"https:\/\/gaia-lux.ch\/wp-content\/uploads\/2026\/01\/white-Photoroom-10-1-1024x1024.png\" \/>\n\t<meta property=\"og:image:width\" content=\"1024\" \/>\n\t<meta property=\"og:image:height\" content=\"1024\" \/>\n\t<meta property=\"og:image:type\" content=\"image\/png\" \/>\n<meta name=\"twitter:card\" content=\"summary_large_image\" \/>\n<meta name=\"twitter:label1\" content=\"Estimated reading time\" \/>\n\t<meta name=\"twitter:data1\" content=\"1 minute\" \/>\n<script type=\"application\/ld+json\" class=\"yoast-schema-graph\">{\"@context\":\"https:\\\/\\\/schema.org\",\"@graph\":[{\"@type\":\"WebPage\",\"@id\":\"https:\\\/\\\/gaia-lux.ch\\\/produit\\\/birkin-25-barenia-faubourg-ebene-phw\\\/\",\"url\":\"https:\\\/\\\/gaia-lux.ch\\\/produit\\\/birkin-25-barenia-faubourg-ebene-phw\\\/\",\"name\":\"Birkin 25 Barenia Faubourg Eb\u00e8ne PHW - Gaia Lux\",\"isPartOf\":{\"@id\":\"https:\\\/\\\/gaia-lux.ch\\\/#website\"},\"primaryImageOfPage\":{\"@id\":\"https:\\\/\\\/gaia-lux.ch\\\/produit\\\/birkin-25-barenia-faubourg-ebene-phw\\\/#primaryimage\"},\"image\":{\"@id\":\"https:\\\/\\\/gaia-lux.ch\\\/produit\\\/birkin-25-barenia-faubourg-ebene-phw\\\/#primaryimage\"},\"thumbnailUrl\":\"https:\\\/\\\/gaia-lux.ch\\\/wp-content\\\/uploads\\\/2026\\\/01\\\/white-Photoroom-10-1.png\",\"datePublished\":\"2026-01-14T11:46:00+00:00\",\"dateModified\":\"2026-03-05T09:43:11+00:00\",\"breadcrumb\":{\"@id\":\"https:\\\/\\\/gaia-lux.ch\\\/produit\\\/birkin-25-barenia-faubourg-ebene-phw\\\/#breadcrumb\"},\"inLanguage\":\"en-GB\",\"potentialAction\":[{\"@type\":\"ReadAction\",\"target\":[\"https:\\\/\\\/gaia-lux.ch\\\/produit\\\/birkin-25-barenia-faubourg-ebene-phw\\\/\"]}]},{\"@type\":\"ImageObject\",\"inLanguage\":\"en-GB\",\"@id\":\"https:\\\/\\\/gaia-lux.ch\\\/produit\\\/birkin-25-barenia-faubourg-ebene-phw\\\/#primaryimage\",\"url\":\"https:\\\/\\\/gaia-lux.ch\\\/wp-content\\\/uploads\\\/2026\\\/01\\\/white-Photoroom-10-1.png\",\"contentUrl\":\"https:\\\/\\\/gaia-lux.ch\\\/wp-content\\\/uploads\\\/2026\\\/01\\\/white-Photoroom-10-1.png\",\"width\":1512,\"height\":1512},{\"@type\":\"BreadcrumbList\",\"@id\":\"https:\\\/\\\/gaia-lux.ch\\\/produit\\\/birkin-25-barenia-faubourg-ebene-phw\\\/#breadcrumb\",\"itemListElement\":[{\"@type\":\"ListItem\",\"position\":1,\"name\":\"Accueil\",\"item\":\"https:\\\/\\\/gaia-lux.ch\\\/\"},{\"@type\":\"ListItem\",\"position\":2,\"name\":\"Boutique\",\"item\":\"https:\\\/\\\/gaia-lux.ch\\\/boutique\\\/\"},{\"@type\":\"ListItem\",\"position\":3,\"name\":\"Birkin 25 Barenia Faubourg Eb\u00e8ne PHW\"}]},{\"@type\":\"WebSite\",\"@id\":\"https:\\\/\\\/gaia-lux.ch\\\/#website\",\"url\":\"https:\\\/\\\/gaia-lux.ch\\\/\",\"name\":\"Gaia Lux\",\"description\":\"Des pi\u00e8ces uniques, rares et limit\u00e9s.\",\"publisher\":{\"@id\":\"https:\\\/\\\/gaia-lux.ch\\\/#organization\"},\"alternateName\":\"Gaia Lux : Sp\u00e9cialis\u00e9s dans la recherche de sacs Herm\u00e8s rares et limit\u00e9s.\",\"potentialAction\":[{\"@type\":\"SearchAction\",\"target\":{\"@type\":\"EntryPoint\",\"urlTemplate\":\"https:\\\/\\\/gaia-lux.ch\\\/?s={search_term_string}\"},\"query-input\":{\"@type\":\"PropertyValueSpecification\",\"valueRequired\":true,\"valueName\":\"search_term_string\"}}],\"inLanguage\":\"en-GB\"},{\"@type\":\"Organization\",\"@id\":\"https:\\\/\\\/gaia-lux.ch\\\/#organization\",\"name\":\"Gaia Lux\",\"url\":\"https:\\\/\\\/gaia-lux.ch\\\/\",\"logo\":{\"@type\":\"ImageObject\",\"inLanguage\":\"en-GB\",\"@id\":\"https:\\\/\\\/gaia-lux.ch\\\/#\\\/schema\\\/logo\\\/image\\\/\",\"url\":\"https:\\\/\\\/gaia-lux.ch\\\/wp-content\\\/uploads\\\/2025\\\/06\\\/cropped-LOGO-GAIA-2-Photoroom.png\",\"contentUrl\":\"https:\\\/\\\/gaia-lux.ch\\\/wp-content\\\/uploads\\\/2025\\\/06\\\/cropped-LOGO-GAIA-2-Photoroom.png\",\"width\":512,\"height\":512,\"caption\":\"Gaia Lux\"},\"image\":{\"@id\":\"https:\\\/\\\/gaia-lux.ch\\\/#\\\/schema\\\/logo\\\/image\\\/\"}}]}<\/script>\n<!-- \/ Yoast SEO plugin. -->","yoast_head_json":{"title":"Birkin 25 Barenia Faubourg Eb\u00e8ne PHW - Gaia Lux","robots":{"index":"index","follow":"follow","max-snippet":"max-snippet:-1","max-image-preview":"max-image-preview:large","max-video-preview":"max-video-preview:-1"},"canonical":"https:\/\/gaia-lux.ch\/en\/product\/birkin-25-barenia-faubourg-ebene-phw\/","og_locale":"en_GB","og_type":"article","og_title":"Birkin 25 Barenia Faubourg Eb\u00e8ne PHW - Gaia Lux","og_description":"\u00c9l\u00e9gant et profond\u00e9ment authentique, ce Birkin 25 est confectionn\u00e9 dans le tr\u00e8s exclusif cuir Faubourg Bar\u00e9nia, un cuir rare embl\u00e9matique de la Maison Herm\u00e8s. Appr\u00e9ci\u00e9 pour son aspect naturel et sa capacit\u00e9 exceptionnelle \u00e0 d\u00e9velopper une patine unique au fil du temps. Pr\u00e9sent\u00e9 dans la teinte \u00c9b\u00e8ne, un brun fonc\u00e9 intense et raffin\u00e9, ce Birkin r\u00e9v\u00e8le toute la richesse et la profondeur de cette mati\u00e8re noble. La bijouterie palladium (PHW) apporte une touche contemporaine et lumineuse, cr\u00e9ant un \u00e9quilibre parfait entre modernit\u00e9 et tradition. Dat\u00e9 de 2026, il est neuf, jamais port\u00e9, sorti de boutique en janvier et livr\u00e9 en full set complet : bo\u00eete, dustbag, feutrine protectrice, cadenas, clochette, cl\u00e9s et facture originale.","og_url":"https:\/\/gaia-lux.ch\/en\/product\/birkin-25-barenia-faubourg-ebene-phw\/","og_site_name":"Gaia Lux","article_modified_time":"2026-03-05T09:43:11+00:00","og_image":[{"width":1024,"height":1024,"url":"https:\/\/gaia-lux.ch\/wp-content\/uploads\/2026\/01\/white-Photoroom-10-1-1024x1024.png","type":"image\/png"}],"twitter_card":"summary_large_image","twitter_misc":{"Estimated reading time":"1 minute"},"schema":{"@context":"https:\/\/schema.org","@graph":[{"@type":"WebPage","@id":"https:\/\/gaia-lux.ch\/produit\/birkin-25-barenia-faubourg-ebene-phw\/","url":"https:\/\/gaia-lux.ch\/produit\/birkin-25-barenia-faubourg-ebene-phw\/","name":"Birkin 25 Barenia Faubourg Eb\u00e8ne PHW - Gaia Lux","isPartOf":{"@id":"https:\/\/gaia-lux.ch\/#website"},"primaryImageOfPage":{"@id":"https:\/\/gaia-lux.ch\/produit\/birkin-25-barenia-faubourg-ebene-phw\/#primaryimage"},"image":{"@id":"https:\/\/gaia-lux.ch\/produit\/birkin-25-barenia-faubourg-ebene-phw\/#primaryimage"},"thumbnailUrl":"https:\/\/gaia-lux.ch\/wp-content\/uploads\/2026\/01\/white-Photoroom-10-1.png","datePublished":"2026-01-14T11:46:00+00:00","dateModified":"2026-03-05T09:43:11+00:00","breadcrumb":{"@id":"https:\/\/gaia-lux.ch\/produit\/birkin-25-barenia-faubourg-ebene-phw\/#breadcrumb"},"inLanguage":"en-GB","potentialAction":[{"@type":"ReadAction","target":["https:\/\/gaia-lux.ch\/produit\/birkin-25-barenia-faubourg-ebene-phw\/"]}]},{"@type":"ImageObject","inLanguage":"en-GB","@id":"https:\/\/gaia-lux.ch\/produit\/birkin-25-barenia-faubourg-ebene-phw\/#primaryimage","url":"https:\/\/gaia-lux.ch\/wp-content\/uploads\/2026\/01\/white-Photoroom-10-1.png","contentUrl":"https:\/\/gaia-lux.ch\/wp-content\/uploads\/2026\/01\/white-Photoroom-10-1.png","width":1512,"height":1512},{"@type":"BreadcrumbList","@id":"https:\/\/gaia-lux.ch\/produit\/birkin-25-barenia-faubourg-ebene-phw\/#breadcrumb","itemListElement":[{"@type":"ListItem","position":1,"name":"Accueil","item":"https:\/\/gaia-lux.ch\/"},{"@type":"ListItem","position":2,"name":"Boutique","item":"https:\/\/gaia-lux.ch\/boutique\/"},{"@type":"ListItem","position":3,"name":"Birkin 25 Barenia Faubourg Eb\u00e8ne PHW"}]},{"@type":"WebSite","@id":"https:\/\/gaia-lux.ch\/#website","url":"https:\/\/gaia-lux.ch\/","name":"Gaia Lux","description":"Des pi\u00e8ces uniques, rares et limit\u00e9s.","publisher":{"@id":"https:\/\/gaia-lux.ch\/#organization"},"alternateName":"Gaia Lux : Sp\u00e9cialis\u00e9s dans la recherche de sacs Herm\u00e8s rares et limit\u00e9s.","potentialAction":[{"@type":"SearchAction","target":{"@type":"EntryPoint","urlTemplate":"https:\/\/gaia-lux.ch\/?s={search_term_string}"},"query-input":{"@type":"PropertyValueSpecification","valueRequired":true,"valueName":"search_term_string"}}],"inLanguage":"en-GB"},{"@type":"Organization","@id":"https:\/\/gaia-lux.ch\/#organization","name":"Gaia Lux","url":"https:\/\/gaia-lux.ch\/","logo":{"@type":"ImageObject","inLanguage":"en-GB","@id":"https:\/\/gaia-lux.ch\/#\/schema\/logo\/image\/","url":"https:\/\/gaia-lux.ch\/wp-content\/uploads\/2025\/06\/cropped-LOGO-GAIA-2-Photoroom.png","contentUrl":"https:\/\/gaia-lux.ch\/wp-content\/uploads\/2025\/06\/cropped-LOGO-GAIA-2-Photoroom.png","width":512,"height":512,"caption":"Gaia Lux"},"image":{"@id":"https:\/\/gaia-lux.ch\/#\/schema\/logo\/image\/"}}]}},"_links":{"self":[{"href":"https:\/\/gaia-lux.ch\/en\/wp-json\/wp\/v2\/product\/12422","targetHints":{"allow":["GET"]}}],"collection":[{"href":"https:\/\/gaia-lux.ch\/en\/wp-json\/wp\/v2\/product"}],"about":[{"href":"https:\/\/gaia-lux.ch\/en\/wp-json\/wp\/v2\/types\/product"}],"version-history":[{"count":2,"href":"https:\/\/gaia-lux.ch\/en\/wp-json\/wp\/v2\/product\/12422\/revisions"}],"predecessor-version":[{"id":12436,"href":"https:\/\/gaia-lux.ch\/en\/wp-json\/wp\/v2\/product\/12422\/revisions\/12436"}],"wp:featuredmedia":[{"embeddable":true,"href":"https:\/\/gaia-lux.ch\/en\/wp-json\/wp\/v2\/media\/12424"}],"wp:attachment":[{"href":"https:\/\/gaia-lux.ch\/en\/wp-json\/wp\/v2\/media?parent=12422"}],"wp:term":[{"taxonomy":"product_brand","embeddable":true,"href":"https:\/\/gaia-lux.ch\/en\/wp-json\/wp\/v2\/product_brand?post=12422"},{"taxonomy":"product_cat","embeddable":true,"href":"https:\/\/gaia-lux.ch\/en\/wp-json\/wp\/v2\/product_cat?post=12422"},{"taxonomy":"product_tag","embeddable":true,"href":"https:\/\/gaia-lux.ch\/en\/wp-json\/wp\/v2\/product_tag?post=12422"}],"curies":[{"name":"wp","href":"https:\/\/api.w.org\/{rel}","templated":true}]}}