{"id":12484,"date":"2026-03-16T15:45:35","date_gmt":"2026-03-16T14:45:35","guid":{"rendered":"https:\/\/gaia-lux.ch\/?post_type=product&#038;p=12484"},"modified":"2026-03-16T15:46:08","modified_gmt":"2026-03-16T14:46:08","slug":"kelly-cut-pochette-swift-noir-ghw","status":"publish","type":"product","link":"https:\/\/gaia-lux.ch\/en\/product\/kelly-cut-pochette-swift-noir-ghw\/","title":{"rendered":"Kelly Cut Pochette Swift Noir GHW"},"content":{"rendered":"","protected":false},"excerpt":{"rendered":"<p class=\"translation-block\">A timeless icon of the Herm\u00e8s house, the Kelly Cut captivates with its minimalist elegance and sophisticated style. This exceptional clutch, crafted from black Swift leather, features a smooth, lustrous texture that enhances the model\u2019s iconic silhouette.<\/p>\n<p>This model is brand-new, straight from the store in 2026 (stamp G), and is offered as a complete set, including its box, dust bag, protective felt insert, and original Herm\u00e8s invoice<\/p>\n<p>Perfect for an elegant evening or to elevate a chic outfit, the Kelly Cut is a coveted piece that combines rarity, prestige, and timelessness.<\/p>","protected":false},"featured_media":12485,"template":"","meta":[],"product_brand":[],"product_cat":[323,356,216],"product_tag":[],"class_list":{"0":"post-12484","1":"product","2":"type-product","3":"status-publish","4":"has-post-thumbnail","6":"product_cat-kelly","7":"product_cat-pochette","8":"product_cat-les-sacs","9":"ts_product_brand-kelly","11":"first","12":"instock","13":"taxable","14":"shipping-taxable","15":"purchasable","16":"product-type-simple","17":"add-to-wishlist-before_add_to_cart"},"yoast_head":"<!-- This site is optimized with the Yoast SEO plugin v27.5 - https:\/\/yoast.com\/product\/yoast-seo-wordpress\/ -->\n<title>Kelly Cut Pochette Swift Noir GHW - Gaia Lux<\/title>\n<meta name=\"robots\" content=\"index, follow, max-snippet:-1, max-image-preview:large, max-video-preview:-1\" \/>\n<link rel=\"canonical\" href=\"https:\/\/gaia-lux.ch\/en\/product\/kelly-cut-pochette-swift-noir-ghw\/\" \/>\n<meta property=\"og:locale\" content=\"en_GB\" \/>\n<meta property=\"og:type\" content=\"article\" \/>\n<meta property=\"og:title\" content=\"Kelly Cut Pochette Swift Noir GHW - Gaia Lux\" \/>\n<meta property=\"og:description\" content=\"Ic\u00f4ne intemporelle de la maison Herm\u00e8s, la Kelly Cut s\u00e9duit par son \u00e9l\u00e9gance minimaliste et son allure sophistiqu\u00e9e. Cette pochette d\u2019exception, r\u00e9alis\u00e9e en cuir Swift noir, offre une texture lisse et lumineuse qui sublime la silhouette embl\u00e9matique du mod\u00e8le.  Ce mod\u00e8le est neuf, sortie de boutique en 2026 (stamp G), et est propos\u00e9 en full set, comprenant sa bo\u00eete, dustbag, feutrine protectrice et facture originale Herm\u00e8s.  Parfaite pour une soir\u00e9e \u00e9l\u00e9gante ou pour sublimer une tenue chic, la Kelly Cut est une pi\u00e8ce recherch\u00e9e qui allie raret\u00e9, prestige et intemporalit\u00e9.\" \/>\n<meta property=\"og:url\" content=\"https:\/\/gaia-lux.ch\/en\/product\/kelly-cut-pochette-swift-noir-ghw\/\" \/>\n<meta property=\"og:site_name\" content=\"Gaia Lux\" \/>\n<meta property=\"article:modified_time\" content=\"2026-03-16T14:46:08+00:00\" \/>\n<meta property=\"og:image\" content=\"https:\/\/gaia-lux.ch\/wp-content\/uploads\/2026\/03\/transparent-Photoroom-6.png\" \/>\n\t<meta property=\"og:image:width\" content=\"1512\" \/>\n\t<meta property=\"og:image:height\" content=\"1512\" \/>\n\t<meta property=\"og:image:type\" content=\"image\/png\" \/>\n<meta name=\"twitter:card\" content=\"summary_large_image\" \/>\n<meta name=\"twitter:label1\" content=\"Estimated reading time\" \/>\n\t<meta name=\"twitter:data1\" content=\"1 minute\" \/>\n<script type=\"application\/ld+json\" class=\"yoast-schema-graph\">{\"@context\":\"https:\\\/\\\/schema.org\",\"@graph\":[{\"@type\":\"WebPage\",\"@id\":\"https:\\\/\\\/gaia-lux.ch\\\/produit\\\/kelly-cut-pochette-swift-noir-ghw\\\/\",\"url\":\"https:\\\/\\\/gaia-lux.ch\\\/produit\\\/kelly-cut-pochette-swift-noir-ghw\\\/\",\"name\":\"Kelly Cut Pochette Swift Noir GHW - Gaia Lux\",\"isPartOf\":{\"@id\":\"https:\\\/\\\/gaia-lux.ch\\\/#website\"},\"primaryImageOfPage\":{\"@id\":\"https:\\\/\\\/gaia-lux.ch\\\/produit\\\/kelly-cut-pochette-swift-noir-ghw\\\/#primaryimage\"},\"image\":{\"@id\":\"https:\\\/\\\/gaia-lux.ch\\\/produit\\\/kelly-cut-pochette-swift-noir-ghw\\\/#primaryimage\"},\"thumbnailUrl\":\"https:\\\/\\\/gaia-lux.ch\\\/wp-content\\\/uploads\\\/2026\\\/03\\\/transparent-Photoroom-6.png\",\"datePublished\":\"2026-03-16T14:45:35+00:00\",\"dateModified\":\"2026-03-16T14:46:08+00:00\",\"breadcrumb\":{\"@id\":\"https:\\\/\\\/gaia-lux.ch\\\/produit\\\/kelly-cut-pochette-swift-noir-ghw\\\/#breadcrumb\"},\"inLanguage\":\"en-GB\",\"potentialAction\":[{\"@type\":\"ReadAction\",\"target\":[\"https:\\\/\\\/gaia-lux.ch\\\/produit\\\/kelly-cut-pochette-swift-noir-ghw\\\/\"]}]},{\"@type\":\"ImageObject\",\"inLanguage\":\"en-GB\",\"@id\":\"https:\\\/\\\/gaia-lux.ch\\\/produit\\\/kelly-cut-pochette-swift-noir-ghw\\\/#primaryimage\",\"url\":\"https:\\\/\\\/gaia-lux.ch\\\/wp-content\\\/uploads\\\/2026\\\/03\\\/transparent-Photoroom-6.png\",\"contentUrl\":\"https:\\\/\\\/gaia-lux.ch\\\/wp-content\\\/uploads\\\/2026\\\/03\\\/transparent-Photoroom-6.png\",\"width\":1512,\"height\":1512},{\"@type\":\"BreadcrumbList\",\"@id\":\"https:\\\/\\\/gaia-lux.ch\\\/produit\\\/kelly-cut-pochette-swift-noir-ghw\\\/#breadcrumb\",\"itemListElement\":[{\"@type\":\"ListItem\",\"position\":1,\"name\":\"Accueil\",\"item\":\"https:\\\/\\\/gaia-lux.ch\\\/\"},{\"@type\":\"ListItem\",\"position\":2,\"name\":\"Boutique\",\"item\":\"https:\\\/\\\/gaia-lux.ch\\\/boutique\\\/\"},{\"@type\":\"ListItem\",\"position\":3,\"name\":\"Kelly Cut Pochette Swift Noir GHW\"}]},{\"@type\":\"WebSite\",\"@id\":\"https:\\\/\\\/gaia-lux.ch\\\/#website\",\"url\":\"https:\\\/\\\/gaia-lux.ch\\\/\",\"name\":\"Gaia Lux\",\"description\":\"Des pi\u00e8ces uniques, rares et limit\u00e9s.\",\"publisher\":{\"@id\":\"https:\\\/\\\/gaia-lux.ch\\\/#organization\"},\"alternateName\":\"Gaia Lux : Sp\u00e9cialis\u00e9s dans la recherche de sacs Herm\u00e8s rares et limit\u00e9s.\",\"potentialAction\":[{\"@type\":\"SearchAction\",\"target\":{\"@type\":\"EntryPoint\",\"urlTemplate\":\"https:\\\/\\\/gaia-lux.ch\\\/?s={search_term_string}\"},\"query-input\":{\"@type\":\"PropertyValueSpecification\",\"valueRequired\":true,\"valueName\":\"search_term_string\"}}],\"inLanguage\":\"en-GB\"},{\"@type\":\"Organization\",\"@id\":\"https:\\\/\\\/gaia-lux.ch\\\/#organization\",\"name\":\"Gaia Lux\",\"url\":\"https:\\\/\\\/gaia-lux.ch\\\/\",\"logo\":{\"@type\":\"ImageObject\",\"inLanguage\":\"en-GB\",\"@id\":\"https:\\\/\\\/gaia-lux.ch\\\/#\\\/schema\\\/logo\\\/image\\\/\",\"url\":\"https:\\\/\\\/gaia-lux.ch\\\/wp-content\\\/uploads\\\/2025\\\/06\\\/cropped-LOGO-GAIA-2-Photoroom.png\",\"contentUrl\":\"https:\\\/\\\/gaia-lux.ch\\\/wp-content\\\/uploads\\\/2025\\\/06\\\/cropped-LOGO-GAIA-2-Photoroom.png\",\"width\":512,\"height\":512,\"caption\":\"Gaia Lux\"},\"image\":{\"@id\":\"https:\\\/\\\/gaia-lux.ch\\\/#\\\/schema\\\/logo\\\/image\\\/\"}}]}<\/script>\n<!-- \/ Yoast SEO plugin. -->","yoast_head_json":{"title":"Kelly Cut Pochette Swift Noir GHW - Gaia Lux","robots":{"index":"index","follow":"follow","max-snippet":"max-snippet:-1","max-image-preview":"max-image-preview:large","max-video-preview":"max-video-preview:-1"},"canonical":"https:\/\/gaia-lux.ch\/en\/product\/kelly-cut-pochette-swift-noir-ghw\/","og_locale":"en_GB","og_type":"article","og_title":"Kelly Cut Pochette Swift Noir GHW - Gaia Lux","og_description":"Ic\u00f4ne intemporelle de la maison Herm\u00e8s, la Kelly Cut s\u00e9duit par son \u00e9l\u00e9gance minimaliste et son allure sophistiqu\u00e9e. Cette pochette d\u2019exception, r\u00e9alis\u00e9e en cuir Swift noir, offre une texture lisse et lumineuse qui sublime la silhouette embl\u00e9matique du mod\u00e8le.  Ce mod\u00e8le est neuf, sortie de boutique en 2026 (stamp G), et est propos\u00e9 en full set, comprenant sa bo\u00eete, dustbag, feutrine protectrice et facture originale Herm\u00e8s.  Parfaite pour une soir\u00e9e \u00e9l\u00e9gante ou pour sublimer une tenue chic, la Kelly Cut est une pi\u00e8ce recherch\u00e9e qui allie raret\u00e9, prestige et intemporalit\u00e9.","og_url":"https:\/\/gaia-lux.ch\/en\/product\/kelly-cut-pochette-swift-noir-ghw\/","og_site_name":"Gaia Lux","article_modified_time":"2026-03-16T14:46:08+00:00","og_image":[{"width":1512,"height":1512,"url":"https:\/\/gaia-lux.ch\/wp-content\/uploads\/2026\/03\/transparent-Photoroom-6.png","type":"image\/png"}],"twitter_card":"summary_large_image","twitter_misc":{"Estimated reading time":"1 minute"},"schema":{"@context":"https:\/\/schema.org","@graph":[{"@type":"WebPage","@id":"https:\/\/gaia-lux.ch\/produit\/kelly-cut-pochette-swift-noir-ghw\/","url":"https:\/\/gaia-lux.ch\/produit\/kelly-cut-pochette-swift-noir-ghw\/","name":"Kelly Cut Pochette Swift Noir GHW - Gaia Lux","isPartOf":{"@id":"https:\/\/gaia-lux.ch\/#website"},"primaryImageOfPage":{"@id":"https:\/\/gaia-lux.ch\/produit\/kelly-cut-pochette-swift-noir-ghw\/#primaryimage"},"image":{"@id":"https:\/\/gaia-lux.ch\/produit\/kelly-cut-pochette-swift-noir-ghw\/#primaryimage"},"thumbnailUrl":"https:\/\/gaia-lux.ch\/wp-content\/uploads\/2026\/03\/transparent-Photoroom-6.png","datePublished":"2026-03-16T14:45:35+00:00","dateModified":"2026-03-16T14:46:08+00:00","breadcrumb":{"@id":"https:\/\/gaia-lux.ch\/produit\/kelly-cut-pochette-swift-noir-ghw\/#breadcrumb"},"inLanguage":"en-GB","potentialAction":[{"@type":"ReadAction","target":["https:\/\/gaia-lux.ch\/produit\/kelly-cut-pochette-swift-noir-ghw\/"]}]},{"@type":"ImageObject","inLanguage":"en-GB","@id":"https:\/\/gaia-lux.ch\/produit\/kelly-cut-pochette-swift-noir-ghw\/#primaryimage","url":"https:\/\/gaia-lux.ch\/wp-content\/uploads\/2026\/03\/transparent-Photoroom-6.png","contentUrl":"https:\/\/gaia-lux.ch\/wp-content\/uploads\/2026\/03\/transparent-Photoroom-6.png","width":1512,"height":1512},{"@type":"BreadcrumbList","@id":"https:\/\/gaia-lux.ch\/produit\/kelly-cut-pochette-swift-noir-ghw\/#breadcrumb","itemListElement":[{"@type":"ListItem","position":1,"name":"Accueil","item":"https:\/\/gaia-lux.ch\/"},{"@type":"ListItem","position":2,"name":"Boutique","item":"https:\/\/gaia-lux.ch\/boutique\/"},{"@type":"ListItem","position":3,"name":"Kelly Cut Pochette Swift Noir GHW"}]},{"@type":"WebSite","@id":"https:\/\/gaia-lux.ch\/#website","url":"https:\/\/gaia-lux.ch\/","name":"Gaia Lux","description":"Des pi\u00e8ces uniques, rares et limit\u00e9s.","publisher":{"@id":"https:\/\/gaia-lux.ch\/#organization"},"alternateName":"Gaia Lux : Sp\u00e9cialis\u00e9s dans la recherche de sacs Herm\u00e8s rares et limit\u00e9s.","potentialAction":[{"@type":"SearchAction","target":{"@type":"EntryPoint","urlTemplate":"https:\/\/gaia-lux.ch\/?s={search_term_string}"},"query-input":{"@type":"PropertyValueSpecification","valueRequired":true,"valueName":"search_term_string"}}],"inLanguage":"en-GB"},{"@type":"Organization","@id":"https:\/\/gaia-lux.ch\/#organization","name":"Gaia Lux","url":"https:\/\/gaia-lux.ch\/","logo":{"@type":"ImageObject","inLanguage":"en-GB","@id":"https:\/\/gaia-lux.ch\/#\/schema\/logo\/image\/","url":"https:\/\/gaia-lux.ch\/wp-content\/uploads\/2025\/06\/cropped-LOGO-GAIA-2-Photoroom.png","contentUrl":"https:\/\/gaia-lux.ch\/wp-content\/uploads\/2025\/06\/cropped-LOGO-GAIA-2-Photoroom.png","width":512,"height":512,"caption":"Gaia Lux"},"image":{"@id":"https:\/\/gaia-lux.ch\/#\/schema\/logo\/image\/"}}]}},"_links":{"self":[{"href":"https:\/\/gaia-lux.ch\/en\/wp-json\/wp\/v2\/product\/12484","targetHints":{"allow":["GET"]}}],"collection":[{"href":"https:\/\/gaia-lux.ch\/en\/wp-json\/wp\/v2\/product"}],"about":[{"href":"https:\/\/gaia-lux.ch\/en\/wp-json\/wp\/v2\/types\/product"}],"version-history":[{"count":2,"href":"https:\/\/gaia-lux.ch\/en\/wp-json\/wp\/v2\/product\/12484\/revisions"}],"predecessor-version":[{"id":12494,"href":"https:\/\/gaia-lux.ch\/en\/wp-json\/wp\/v2\/product\/12484\/revisions\/12494"}],"wp:featuredmedia":[{"embeddable":true,"href":"https:\/\/gaia-lux.ch\/en\/wp-json\/wp\/v2\/media\/12485"}],"wp:attachment":[{"href":"https:\/\/gaia-lux.ch\/en\/wp-json\/wp\/v2\/media?parent=12484"}],"wp:term":[{"taxonomy":"product_brand","embeddable":true,"href":"https:\/\/gaia-lux.ch\/en\/wp-json\/wp\/v2\/product_brand?post=12484"},{"taxonomy":"product_cat","embeddable":true,"href":"https:\/\/gaia-lux.ch\/en\/wp-json\/wp\/v2\/product_cat?post=12484"},{"taxonomy":"product_tag","embeddable":true,"href":"https:\/\/gaia-lux.ch\/en\/wp-json\/wp\/v2\/product_tag?post=12484"}],"curies":[{"name":"wp","href":"https:\/\/api.w.org\/{rel}","templated":true}]}}