{"id":11980,"date":"2025-07-23T18:00:23","date_gmt":"2025-07-23T16:00:23","guid":{"rendered":"https:\/\/gaia-lux.ch\/?post_type=product&#038;p=11980"},"modified":"2025-07-28T18:23:34","modified_gmt":"2025-07-28T16:23:34","slug":"birkin-30-toile-et-cuir-swift-phw","status":"publish","type":"product","link":"https:\/\/gaia-lux.ch\/fr\/produit\/birkin-30-toile-et-cuir-swift-phw\/","title":{"rendered":"Birkin 30 Toile et Cuir Swift PHW"},"content":{"rendered":"","protected":false},"excerpt":{"rendered":"<p data-start=\"245\" data-end=\"566\">\u00c9l\u00e9gance intemporelle et allure contrast\u00e9e : ce <strong data-start=\"293\" data-end=\"306\">Birkin 35<\/strong> sign\u00e9 <strong data-start=\"313\" data-end=\"323\">Herm\u00e8s<\/strong> s\u00e9duit par l\u2019harmonie subtile entre la <strong data-start=\"363\" data-end=\"377\">toile \u00e9cru<\/strong> et le <strong data-start=\"384\" data-end=\"403\">cuir Swift noir<\/strong>. Cette combinaison bicolore embl\u00e9matique conf\u00e8re au sac un style \u00e0 la fois raffin\u00e9 et contemporain, tout en restant fid\u00e8le au savoir-faire artisanal de la Maison.<\/p>\n<p data-start=\"568\" data-end=\"868\">Ce mod\u00e8le est sublim\u00e9 par une <strong data-start=\"598\" data-end=\"634\">bijouterie en palladium (PHW)<\/strong> qui ajoute une touche de modernit\u00e9 \u00e0 son esth\u00e9tique classique. Issu de l\u2019ann\u00e9e <strong data-start=\"714\" data-end=\"732\">2025 (Stamp K)<\/strong>, il est <strong data-start=\"741\" data-end=\"763\">neuf, jamais port\u00e9<\/strong>, et est livr\u00e9 en <strong data-start=\"781\" data-end=\"793\">full set<\/strong>, comprenant : bo\u00eete Herm\u00e8s, dustbag, protection, cadenas, clochette, cl\u00e9s, et facture originelle.<\/p>\n","protected":false},"featured_media":12012,"template":"","meta":[],"product_brand":[],"product_cat":[324,216],"product_tag":[],"class_list":{"0":"post-11980","1":"product","2":"type-product","3":"status-publish","4":"has-post-thumbnail","6":"product_cat-birkin","7":"product_cat-les-sacs","8":"ts_product_brand-birkin","10":"first","11":"outofstock","12":"taxable","13":"shipping-taxable","14":"purchasable","15":"product-type-simple","16":"add-to-wishlist-before_add_to_cart"},"yoast_head":"<!-- This site is optimized with the Yoast SEO plugin v27.3 - https:\/\/yoast.com\/product\/yoast-seo-wordpress\/ -->\n<title>Birkin 30 Toile et Cuir Swift PHW - Gaia Lux<\/title>\n<meta name=\"description\" content=\"\u00c9l\u00e9gance intemporelle et allure contrast\u00e9e : ce Birkin 35 sign\u00e9 Herm\u00e8s s\u00e9duit par l\u2019harmonie subtile entre la toile \u00e9cru et le cuir Swift noir.\" \/>\n<meta name=\"robots\" content=\"index, follow, max-snippet:-1, max-image-preview:large, max-video-preview:-1\" \/>\n<link rel=\"canonical\" href=\"https:\/\/gaia-lux.ch\/fr\/produit\/birkin-30-toile-et-cuir-swift-phw\/\" \/>\n<meta property=\"og:locale\" content=\"fr_FR\" \/>\n<meta property=\"og:type\" content=\"article\" \/>\n<meta property=\"og:title\" content=\"Birkin 30 Toile et Cuir Swift PHW - Gaia Lux\" \/>\n<meta property=\"og:description\" content=\"\u00c9l\u00e9gance intemporelle et allure contrast\u00e9e : ce Birkin 35 sign\u00e9 Herm\u00e8s s\u00e9duit par l\u2019harmonie subtile entre la toile \u00e9cru et le cuir Swift noir.\" \/>\n<meta property=\"og:url\" content=\"https:\/\/gaia-lux.ch\/fr\/produit\/birkin-30-toile-et-cuir-swift-phw\/\" \/>\n<meta property=\"og:site_name\" content=\"Gaia Lux\" \/>\n<meta property=\"article:modified_time\" content=\"2025-07-28T16:23:34+00:00\" \/>\n<meta property=\"og:image\" content=\"https:\/\/gaia-lux.ch\/wp-content\/uploads\/2025\/07\/8J8A1547-Photoroom-2.jpg\" \/>\n\t<meta property=\"og:image:width\" content=\"1080\" \/>\n\t<meta property=\"og:image:height\" content=\"1080\" \/>\n\t<meta property=\"og:image:type\" content=\"image\/jpeg\" \/>\n<meta name=\"twitter:card\" content=\"summary_large_image\" \/>\n<meta name=\"twitter:label1\" content=\"Dur\u00e9e de lecture estim\u00e9e\" \/>\n\t<meta name=\"twitter:data1\" content=\"1 minute\" \/>\n<script type=\"application\/ld+json\" class=\"yoast-schema-graph\">{\"@context\":\"https:\\\/\\\/schema.org\",\"@graph\":[{\"@type\":\"WebPage\",\"@id\":\"https:\\\/\\\/gaia-lux.ch\\\/produit\\\/birkin-30-toile-et-cuir-swift-phw\\\/\",\"url\":\"https:\\\/\\\/gaia-lux.ch\\\/produit\\\/birkin-30-toile-et-cuir-swift-phw\\\/\",\"name\":\"Birkin 30 Toile et Cuir Swift PHW - Gaia Lux\",\"isPartOf\":{\"@id\":\"https:\\\/\\\/gaia-lux.ch\\\/#website\"},\"primaryImageOfPage\":{\"@id\":\"https:\\\/\\\/gaia-lux.ch\\\/produit\\\/birkin-30-toile-et-cuir-swift-phw\\\/#primaryimage\"},\"image\":{\"@id\":\"https:\\\/\\\/gaia-lux.ch\\\/produit\\\/birkin-30-toile-et-cuir-swift-phw\\\/#primaryimage\"},\"thumbnailUrl\":\"https:\\\/\\\/gaia-lux.ch\\\/wp-content\\\/uploads\\\/2025\\\/07\\\/8J8A1547-Photoroom-2.jpg\",\"datePublished\":\"2025-07-23T16:00:23+00:00\",\"dateModified\":\"2025-07-28T16:23:34+00:00\",\"description\":\"\u00c9l\u00e9gance intemporelle et allure contrast\u00e9e : ce Birkin 35 sign\u00e9 Herm\u00e8s s\u00e9duit par l\u2019harmonie subtile entre la toile \u00e9cru et le cuir Swift noir.\",\"breadcrumb\":{\"@id\":\"https:\\\/\\\/gaia-lux.ch\\\/produit\\\/birkin-30-toile-et-cuir-swift-phw\\\/#breadcrumb\"},\"inLanguage\":\"fr-FR\",\"potentialAction\":[{\"@type\":\"ReadAction\",\"target\":[\"https:\\\/\\\/gaia-lux.ch\\\/produit\\\/birkin-30-toile-et-cuir-swift-phw\\\/\"]}]},{\"@type\":\"ImageObject\",\"inLanguage\":\"fr-FR\",\"@id\":\"https:\\\/\\\/gaia-lux.ch\\\/produit\\\/birkin-30-toile-et-cuir-swift-phw\\\/#primaryimage\",\"url\":\"https:\\\/\\\/gaia-lux.ch\\\/wp-content\\\/uploads\\\/2025\\\/07\\\/8J8A1547-Photoroom-2.jpg\",\"contentUrl\":\"https:\\\/\\\/gaia-lux.ch\\\/wp-content\\\/uploads\\\/2025\\\/07\\\/8J8A1547-Photoroom-2.jpg\",\"width\":1080,\"height\":1080},{\"@type\":\"BreadcrumbList\",\"@id\":\"https:\\\/\\\/gaia-lux.ch\\\/produit\\\/birkin-30-toile-et-cuir-swift-phw\\\/#breadcrumb\",\"itemListElement\":[{\"@type\":\"ListItem\",\"position\":1,\"name\":\"Accueil\",\"item\":\"https:\\\/\\\/gaia-lux.ch\\\/\"},{\"@type\":\"ListItem\",\"position\":2,\"name\":\"Boutique\",\"item\":\"https:\\\/\\\/gaia-lux.ch\\\/boutique\\\/\"},{\"@type\":\"ListItem\",\"position\":3,\"name\":\"Birkin 30 Toile et Cuir Swift PHW\"}]},{\"@type\":\"WebSite\",\"@id\":\"https:\\\/\\\/gaia-lux.ch\\\/#website\",\"url\":\"https:\\\/\\\/gaia-lux.ch\\\/\",\"name\":\"Gaia Lux\",\"description\":\"Des pi\u00e8ces uniques, rares et limit\u00e9s.\",\"publisher\":{\"@id\":\"https:\\\/\\\/gaia-lux.ch\\\/#organization\"},\"alternateName\":\"Gaia Lux : Sp\u00e9cialis\u00e9s dans la recherche de sacs Herm\u00e8s rares et limit\u00e9s.\",\"potentialAction\":[{\"@type\":\"SearchAction\",\"target\":{\"@type\":\"EntryPoint\",\"urlTemplate\":\"https:\\\/\\\/gaia-lux.ch\\\/?s={search_term_string}\"},\"query-input\":{\"@type\":\"PropertyValueSpecification\",\"valueRequired\":true,\"valueName\":\"search_term_string\"}}],\"inLanguage\":\"fr-FR\"},{\"@type\":\"Organization\",\"@id\":\"https:\\\/\\\/gaia-lux.ch\\\/#organization\",\"name\":\"Gaia Lux\",\"url\":\"https:\\\/\\\/gaia-lux.ch\\\/\",\"logo\":{\"@type\":\"ImageObject\",\"inLanguage\":\"fr-FR\",\"@id\":\"https:\\\/\\\/gaia-lux.ch\\\/#\\\/schema\\\/logo\\\/image\\\/\",\"url\":\"https:\\\/\\\/gaia-lux.ch\\\/wp-content\\\/uploads\\\/2025\\\/06\\\/cropped-LOGO-GAIA-2-Photoroom.png\",\"contentUrl\":\"https:\\\/\\\/gaia-lux.ch\\\/wp-content\\\/uploads\\\/2025\\\/06\\\/cropped-LOGO-GAIA-2-Photoroom.png\",\"width\":512,\"height\":512,\"caption\":\"Gaia Lux\"},\"image\":{\"@id\":\"https:\\\/\\\/gaia-lux.ch\\\/#\\\/schema\\\/logo\\\/image\\\/\"}}]}<\/script>\n<!-- \/ Yoast SEO plugin. -->","yoast_head_json":{"title":"Birkin 30 Toile et Cuir Swift PHW - Gaia Lux","description":"\u00c9l\u00e9gance intemporelle et allure contrast\u00e9e : ce Birkin 35 sign\u00e9 Herm\u00e8s s\u00e9duit par l\u2019harmonie subtile entre la toile \u00e9cru et le cuir Swift noir.","robots":{"index":"index","follow":"follow","max-snippet":"max-snippet:-1","max-image-preview":"max-image-preview:large","max-video-preview":"max-video-preview:-1"},"canonical":"https:\/\/gaia-lux.ch\/fr\/produit\/birkin-30-toile-et-cuir-swift-phw\/","og_locale":"fr_FR","og_type":"article","og_title":"Birkin 30 Toile et Cuir Swift PHW - Gaia Lux","og_description":"\u00c9l\u00e9gance intemporelle et allure contrast\u00e9e : ce Birkin 35 sign\u00e9 Herm\u00e8s s\u00e9duit par l\u2019harmonie subtile entre la toile \u00e9cru et le cuir Swift noir.","og_url":"https:\/\/gaia-lux.ch\/fr\/produit\/birkin-30-toile-et-cuir-swift-phw\/","og_site_name":"Gaia Lux","article_modified_time":"2025-07-28T16:23:34+00:00","og_image":[{"width":1080,"height":1080,"url":"https:\/\/gaia-lux.ch\/wp-content\/uploads\/2025\/07\/8J8A1547-Photoroom-2.jpg","type":"image\/jpeg"}],"twitter_card":"summary_large_image","twitter_misc":{"Dur\u00e9e de lecture estim\u00e9e":"1 minute"},"schema":{"@context":"https:\/\/schema.org","@graph":[{"@type":"WebPage","@id":"https:\/\/gaia-lux.ch\/produit\/birkin-30-toile-et-cuir-swift-phw\/","url":"https:\/\/gaia-lux.ch\/produit\/birkin-30-toile-et-cuir-swift-phw\/","name":"Birkin 30 Toile et Cuir Swift PHW - Gaia Lux","isPartOf":{"@id":"https:\/\/gaia-lux.ch\/#website"},"primaryImageOfPage":{"@id":"https:\/\/gaia-lux.ch\/produit\/birkin-30-toile-et-cuir-swift-phw\/#primaryimage"},"image":{"@id":"https:\/\/gaia-lux.ch\/produit\/birkin-30-toile-et-cuir-swift-phw\/#primaryimage"},"thumbnailUrl":"https:\/\/gaia-lux.ch\/wp-content\/uploads\/2025\/07\/8J8A1547-Photoroom-2.jpg","datePublished":"2025-07-23T16:00:23+00:00","dateModified":"2025-07-28T16:23:34+00:00","description":"\u00c9l\u00e9gance intemporelle et allure contrast\u00e9e : ce Birkin 35 sign\u00e9 Herm\u00e8s s\u00e9duit par l\u2019harmonie subtile entre la toile \u00e9cru et le cuir Swift noir.","breadcrumb":{"@id":"https:\/\/gaia-lux.ch\/produit\/birkin-30-toile-et-cuir-swift-phw\/#breadcrumb"},"inLanguage":"fr-FR","potentialAction":[{"@type":"ReadAction","target":["https:\/\/gaia-lux.ch\/produit\/birkin-30-toile-et-cuir-swift-phw\/"]}]},{"@type":"ImageObject","inLanguage":"fr-FR","@id":"https:\/\/gaia-lux.ch\/produit\/birkin-30-toile-et-cuir-swift-phw\/#primaryimage","url":"https:\/\/gaia-lux.ch\/wp-content\/uploads\/2025\/07\/8J8A1547-Photoroom-2.jpg","contentUrl":"https:\/\/gaia-lux.ch\/wp-content\/uploads\/2025\/07\/8J8A1547-Photoroom-2.jpg","width":1080,"height":1080},{"@type":"BreadcrumbList","@id":"https:\/\/gaia-lux.ch\/produit\/birkin-30-toile-et-cuir-swift-phw\/#breadcrumb","itemListElement":[{"@type":"ListItem","position":1,"name":"Accueil","item":"https:\/\/gaia-lux.ch\/"},{"@type":"ListItem","position":2,"name":"Boutique","item":"https:\/\/gaia-lux.ch\/boutique\/"},{"@type":"ListItem","position":3,"name":"Birkin 30 Toile et Cuir Swift PHW"}]},{"@type":"WebSite","@id":"https:\/\/gaia-lux.ch\/#website","url":"https:\/\/gaia-lux.ch\/","name":"Gaia Lux","description":"Des pi\u00e8ces uniques, rares et limit\u00e9s.","publisher":{"@id":"https:\/\/gaia-lux.ch\/#organization"},"alternateName":"Gaia Lux : Sp\u00e9cialis\u00e9s dans la recherche de sacs Herm\u00e8s rares et limit\u00e9s.","potentialAction":[{"@type":"SearchAction","target":{"@type":"EntryPoint","urlTemplate":"https:\/\/gaia-lux.ch\/?s={search_term_string}"},"query-input":{"@type":"PropertyValueSpecification","valueRequired":true,"valueName":"search_term_string"}}],"inLanguage":"fr-FR"},{"@type":"Organization","@id":"https:\/\/gaia-lux.ch\/#organization","name":"Gaia Lux","url":"https:\/\/gaia-lux.ch\/","logo":{"@type":"ImageObject","inLanguage":"fr-FR","@id":"https:\/\/gaia-lux.ch\/#\/schema\/logo\/image\/","url":"https:\/\/gaia-lux.ch\/wp-content\/uploads\/2025\/06\/cropped-LOGO-GAIA-2-Photoroom.png","contentUrl":"https:\/\/gaia-lux.ch\/wp-content\/uploads\/2025\/06\/cropped-LOGO-GAIA-2-Photoroom.png","width":512,"height":512,"caption":"Gaia Lux"},"image":{"@id":"https:\/\/gaia-lux.ch\/#\/schema\/logo\/image\/"}}]}},"_links":{"self":[{"href":"https:\/\/gaia-lux.ch\/fr\/wp-json\/wp\/v2\/product\/11980","targetHints":{"allow":["GET"]}}],"collection":[{"href":"https:\/\/gaia-lux.ch\/fr\/wp-json\/wp\/v2\/product"}],"about":[{"href":"https:\/\/gaia-lux.ch\/fr\/wp-json\/wp\/v2\/types\/product"}],"version-history":[{"count":6,"href":"https:\/\/gaia-lux.ch\/fr\/wp-json\/wp\/v2\/product\/11980\/revisions"}],"predecessor-version":[{"id":12007,"href":"https:\/\/gaia-lux.ch\/fr\/wp-json\/wp\/v2\/product\/11980\/revisions\/12007"}],"wp:featuredmedia":[{"embeddable":true,"href":"https:\/\/gaia-lux.ch\/fr\/wp-json\/wp\/v2\/media\/12012"}],"wp:attachment":[{"href":"https:\/\/gaia-lux.ch\/fr\/wp-json\/wp\/v2\/media?parent=11980"}],"wp:term":[{"taxonomy":"product_brand","embeddable":true,"href":"https:\/\/gaia-lux.ch\/fr\/wp-json\/wp\/v2\/product_brand?post=11980"},{"taxonomy":"product_cat","embeddable":true,"href":"https:\/\/gaia-lux.ch\/fr\/wp-json\/wp\/v2\/product_cat?post=11980"},{"taxonomy":"product_tag","embeddable":true,"href":"https:\/\/gaia-lux.ch\/fr\/wp-json\/wp\/v2\/product_tag?post=11980"}],"curies":[{"name":"wp","href":"https:\/\/api.w.org\/{rel}","templated":true}]}}