{"id":12032,"date":"2025-07-31T14:09:51","date_gmt":"2025-07-31T12:09:51","guid":{"rendered":"https:\/\/gaia-lux.ch\/?post_type=product&#038;p=12032"},"modified":"2025-07-31T15:38:17","modified_gmt":"2025-07-31T13:38:17","slug":"12032","status":"publish","type":"product","link":"https:\/\/gaia-lux.ch\/fr\/produit\/12032\/","title":{"rendered":"Birkin 25 Tricolore Epsom PHW"},"content":{"rendered":"","protected":false},"excerpt":{"rendered":"<p data-start=\"327\" data-end=\"725\">Un bijou d\u2019\u00e9l\u00e9gance dans un format iconique : ce <strong data-start=\"376\" data-end=\"389\">Birkin 25<\/strong> Herm\u00e8s s\u00e9duit par son subtil jeu de contrastes, m\u00ealant trois nuances intemporelles \u2014 <strong data-start=\"475\" data-end=\"485\">Trench<\/strong>, <strong data-start=\"487\" data-end=\"496\">Craie<\/strong> et <strong data-start=\"500\" data-end=\"510\">Etoupe<\/strong> \u2014 dans une composition douce et harmonieuse. Son cuir <strong data-start=\"565\" data-end=\"583\">Epsom retourn\u00e9<\/strong> lui conf\u00e8re une allure plus souple, tout en conservant la structure et la r\u00e9sistance typiques de ce cuir.<\/p>\n<p data-start=\"727\" data-end=\"1020\">Ce mod\u00e8le est sublim\u00e9 par une <strong data-start=\"757\" data-end=\"793\">bijouterie en palladium (PHW)<\/strong>. Livr\u00e9e en <strong data-start=\"899\" data-end=\"912\">\u00e9tat neuf<\/strong>, jamais port\u00e9e, avec son <strong data-start=\"938\" data-end=\"958\">full set complet<\/strong> : bo\u00eete Herm\u00e8s, dustbag, cadenas, clochette, cl\u00e9s et facture original.<\/p>\n","protected":false},"featured_media":12050,"template":"","meta":[],"product_brand":[],"product_cat":[324,216],"product_tag":[],"class_list":{"0":"post-12032","1":"product","2":"type-product","3":"status-publish","4":"has-post-thumbnail","6":"product_cat-birkin","7":"product_cat-les-sacs","9":"first","10":"outofstock","11":"taxable","12":"shipping-taxable","13":"purchasable","14":"product-type-simple","15":"add-to-wishlist-before_add_to_cart"},"yoast_head":"<!-- This site is optimized with the Yoast SEO plugin v27.3 - https:\/\/yoast.com\/product\/yoast-seo-wordpress\/ -->\n<title>Birkin 25 Tricolore Epsom PHW - Gaia Lux<\/title>\n<meta name=\"robots\" content=\"index, follow, max-snippet:-1, max-image-preview:large, max-video-preview:-1\" \/>\n<link rel=\"canonical\" href=\"https:\/\/gaia-lux.ch\/fr\/produit\/12032\/\" \/>\n<meta property=\"og:locale\" content=\"fr_FR\" \/>\n<meta property=\"og:type\" content=\"article\" \/>\n<meta property=\"og:title\" content=\"Birkin 25 Tricolore Epsom PHW - Gaia Lux\" \/>\n<meta property=\"og:description\" content=\"Un bijou d\u2019\u00e9l\u00e9gance dans un format iconique : ce Birkin 25 Herm\u00e8s s\u00e9duit par son subtil jeu de contrastes, m\u00ealant trois nuances intemporelles \u2014 Trench, Craie et Etoupe \u2014 dans une composition douce et harmonieuse. Son cuir Epsom retourn\u00e9 lui conf\u00e8re une allure plus souple, tout en conservant la structure et la r\u00e9sistance typiques de ce cuir. Ce mod\u00e8le est sublim\u00e9 par une bijouterie en palladium (PHW). Livr\u00e9e en \u00e9tat neuf, jamais port\u00e9e, avec son full set complet : bo\u00eete Herm\u00e8s, dustbag, cadenas, clochette, cl\u00e9s et facture original.\" \/>\n<meta property=\"og:url\" content=\"https:\/\/gaia-lux.ch\/fr\/produit\/12032\/\" \/>\n<meta property=\"og:site_name\" content=\"Gaia Lux\" \/>\n<meta property=\"article:modified_time\" content=\"2025-07-31T13:38:17+00:00\" \/>\n<meta property=\"og:image\" content=\"https:\/\/gaia-lux.ch\/wp-content\/uploads\/2025\/07\/white-Photoroom-copie.png\" \/>\n\t<meta property=\"og:image:width\" content=\"1512\" \/>\n\t<meta property=\"og:image:height\" content=\"1512\" \/>\n\t<meta property=\"og:image:type\" content=\"image\/png\" \/>\n<meta name=\"twitter:card\" content=\"summary_large_image\" \/>\n<meta name=\"twitter:label1\" content=\"Dur\u00e9e de lecture estim\u00e9e\" \/>\n\t<meta name=\"twitter:data1\" content=\"1 minute\" \/>\n<script type=\"application\/ld+json\" class=\"yoast-schema-graph\">{\"@context\":\"https:\\\/\\\/schema.org\",\"@graph\":[{\"@type\":\"WebPage\",\"@id\":\"https:\\\/\\\/gaia-lux.ch\\\/produit\\\/12032\\\/\",\"url\":\"https:\\\/\\\/gaia-lux.ch\\\/produit\\\/12032\\\/\",\"name\":\"Birkin 25 Tricolore Epsom PHW - Gaia Lux\",\"isPartOf\":{\"@id\":\"https:\\\/\\\/gaia-lux.ch\\\/#website\"},\"primaryImageOfPage\":{\"@id\":\"https:\\\/\\\/gaia-lux.ch\\\/produit\\\/12032\\\/#primaryimage\"},\"image\":{\"@id\":\"https:\\\/\\\/gaia-lux.ch\\\/produit\\\/12032\\\/#primaryimage\"},\"thumbnailUrl\":\"https:\\\/\\\/gaia-lux.ch\\\/wp-content\\\/uploads\\\/2025\\\/07\\\/white-Photoroom-copie.png\",\"datePublished\":\"2025-07-31T12:09:51+00:00\",\"dateModified\":\"2025-07-31T13:38:17+00:00\",\"breadcrumb\":{\"@id\":\"https:\\\/\\\/gaia-lux.ch\\\/produit\\\/12032\\\/#breadcrumb\"},\"inLanguage\":\"fr-FR\",\"potentialAction\":[{\"@type\":\"ReadAction\",\"target\":[\"https:\\\/\\\/gaia-lux.ch\\\/produit\\\/12032\\\/\"]}]},{\"@type\":\"ImageObject\",\"inLanguage\":\"fr-FR\",\"@id\":\"https:\\\/\\\/gaia-lux.ch\\\/produit\\\/12032\\\/#primaryimage\",\"url\":\"https:\\\/\\\/gaia-lux.ch\\\/wp-content\\\/uploads\\\/2025\\\/07\\\/white-Photoroom-copie.png\",\"contentUrl\":\"https:\\\/\\\/gaia-lux.ch\\\/wp-content\\\/uploads\\\/2025\\\/07\\\/white-Photoroom-copie.png\",\"width\":1512,\"height\":1512},{\"@type\":\"BreadcrumbList\",\"@id\":\"https:\\\/\\\/gaia-lux.ch\\\/produit\\\/12032\\\/#breadcrumb\",\"itemListElement\":[{\"@type\":\"ListItem\",\"position\":1,\"name\":\"Accueil\",\"item\":\"https:\\\/\\\/gaia-lux.ch\\\/\"},{\"@type\":\"ListItem\",\"position\":2,\"name\":\"Boutique\",\"item\":\"https:\\\/\\\/gaia-lux.ch\\\/boutique\\\/\"},{\"@type\":\"ListItem\",\"position\":3,\"name\":\"Birkin 25 Tricolore Epsom PHW\"}]},{\"@type\":\"WebSite\",\"@id\":\"https:\\\/\\\/gaia-lux.ch\\\/#website\",\"url\":\"https:\\\/\\\/gaia-lux.ch\\\/\",\"name\":\"Gaia Lux\",\"description\":\"Des pi\u00e8ces uniques, rares et limit\u00e9s.\",\"publisher\":{\"@id\":\"https:\\\/\\\/gaia-lux.ch\\\/#organization\"},\"alternateName\":\"Gaia Lux : Sp\u00e9cialis\u00e9s dans la recherche de sacs Herm\u00e8s rares et limit\u00e9s.\",\"potentialAction\":[{\"@type\":\"SearchAction\",\"target\":{\"@type\":\"EntryPoint\",\"urlTemplate\":\"https:\\\/\\\/gaia-lux.ch\\\/?s={search_term_string}\"},\"query-input\":{\"@type\":\"PropertyValueSpecification\",\"valueRequired\":true,\"valueName\":\"search_term_string\"}}],\"inLanguage\":\"fr-FR\"},{\"@type\":\"Organization\",\"@id\":\"https:\\\/\\\/gaia-lux.ch\\\/#organization\",\"name\":\"Gaia Lux\",\"url\":\"https:\\\/\\\/gaia-lux.ch\\\/\",\"logo\":{\"@type\":\"ImageObject\",\"inLanguage\":\"fr-FR\",\"@id\":\"https:\\\/\\\/gaia-lux.ch\\\/#\\\/schema\\\/logo\\\/image\\\/\",\"url\":\"https:\\\/\\\/gaia-lux.ch\\\/wp-content\\\/uploads\\\/2025\\\/06\\\/cropped-LOGO-GAIA-2-Photoroom.png\",\"contentUrl\":\"https:\\\/\\\/gaia-lux.ch\\\/wp-content\\\/uploads\\\/2025\\\/06\\\/cropped-LOGO-GAIA-2-Photoroom.png\",\"width\":512,\"height\":512,\"caption\":\"Gaia Lux\"},\"image\":{\"@id\":\"https:\\\/\\\/gaia-lux.ch\\\/#\\\/schema\\\/logo\\\/image\\\/\"}}]}<\/script>\n<!-- \/ Yoast SEO plugin. -->","yoast_head_json":{"title":"Birkin 25 Tricolore Epsom PHW - Gaia Lux","robots":{"index":"index","follow":"follow","max-snippet":"max-snippet:-1","max-image-preview":"max-image-preview:large","max-video-preview":"max-video-preview:-1"},"canonical":"https:\/\/gaia-lux.ch\/fr\/produit\/12032\/","og_locale":"fr_FR","og_type":"article","og_title":"Birkin 25 Tricolore Epsom PHW - Gaia Lux","og_description":"Un bijou d\u2019\u00e9l\u00e9gance dans un format iconique : ce Birkin 25 Herm\u00e8s s\u00e9duit par son subtil jeu de contrastes, m\u00ealant trois nuances intemporelles \u2014 Trench, Craie et Etoupe \u2014 dans une composition douce et harmonieuse. Son cuir Epsom retourn\u00e9 lui conf\u00e8re une allure plus souple, tout en conservant la structure et la r\u00e9sistance typiques de ce cuir. Ce mod\u00e8le est sublim\u00e9 par une bijouterie en palladium (PHW). Livr\u00e9e en \u00e9tat neuf, jamais port\u00e9e, avec son full set complet : bo\u00eete Herm\u00e8s, dustbag, cadenas, clochette, cl\u00e9s et facture original.","og_url":"https:\/\/gaia-lux.ch\/fr\/produit\/12032\/","og_site_name":"Gaia Lux","article_modified_time":"2025-07-31T13:38:17+00:00","og_image":[{"width":1512,"height":1512,"url":"https:\/\/gaia-lux.ch\/wp-content\/uploads\/2025\/07\/white-Photoroom-copie.png","type":"image\/png"}],"twitter_card":"summary_large_image","twitter_misc":{"Dur\u00e9e de lecture estim\u00e9e":"1 minute"},"schema":{"@context":"https:\/\/schema.org","@graph":[{"@type":"WebPage","@id":"https:\/\/gaia-lux.ch\/produit\/12032\/","url":"https:\/\/gaia-lux.ch\/produit\/12032\/","name":"Birkin 25 Tricolore Epsom PHW - Gaia Lux","isPartOf":{"@id":"https:\/\/gaia-lux.ch\/#website"},"primaryImageOfPage":{"@id":"https:\/\/gaia-lux.ch\/produit\/12032\/#primaryimage"},"image":{"@id":"https:\/\/gaia-lux.ch\/produit\/12032\/#primaryimage"},"thumbnailUrl":"https:\/\/gaia-lux.ch\/wp-content\/uploads\/2025\/07\/white-Photoroom-copie.png","datePublished":"2025-07-31T12:09:51+00:00","dateModified":"2025-07-31T13:38:17+00:00","breadcrumb":{"@id":"https:\/\/gaia-lux.ch\/produit\/12032\/#breadcrumb"},"inLanguage":"fr-FR","potentialAction":[{"@type":"ReadAction","target":["https:\/\/gaia-lux.ch\/produit\/12032\/"]}]},{"@type":"ImageObject","inLanguage":"fr-FR","@id":"https:\/\/gaia-lux.ch\/produit\/12032\/#primaryimage","url":"https:\/\/gaia-lux.ch\/wp-content\/uploads\/2025\/07\/white-Photoroom-copie.png","contentUrl":"https:\/\/gaia-lux.ch\/wp-content\/uploads\/2025\/07\/white-Photoroom-copie.png","width":1512,"height":1512},{"@type":"BreadcrumbList","@id":"https:\/\/gaia-lux.ch\/produit\/12032\/#breadcrumb","itemListElement":[{"@type":"ListItem","position":1,"name":"Accueil","item":"https:\/\/gaia-lux.ch\/"},{"@type":"ListItem","position":2,"name":"Boutique","item":"https:\/\/gaia-lux.ch\/boutique\/"},{"@type":"ListItem","position":3,"name":"Birkin 25 Tricolore Epsom PHW"}]},{"@type":"WebSite","@id":"https:\/\/gaia-lux.ch\/#website","url":"https:\/\/gaia-lux.ch\/","name":"Gaia Lux","description":"Des pi\u00e8ces uniques, rares et limit\u00e9s.","publisher":{"@id":"https:\/\/gaia-lux.ch\/#organization"},"alternateName":"Gaia Lux : Sp\u00e9cialis\u00e9s dans la recherche de sacs Herm\u00e8s rares et limit\u00e9s.","potentialAction":[{"@type":"SearchAction","target":{"@type":"EntryPoint","urlTemplate":"https:\/\/gaia-lux.ch\/?s={search_term_string}"},"query-input":{"@type":"PropertyValueSpecification","valueRequired":true,"valueName":"search_term_string"}}],"inLanguage":"fr-FR"},{"@type":"Organization","@id":"https:\/\/gaia-lux.ch\/#organization","name":"Gaia Lux","url":"https:\/\/gaia-lux.ch\/","logo":{"@type":"ImageObject","inLanguage":"fr-FR","@id":"https:\/\/gaia-lux.ch\/#\/schema\/logo\/image\/","url":"https:\/\/gaia-lux.ch\/wp-content\/uploads\/2025\/06\/cropped-LOGO-GAIA-2-Photoroom.png","contentUrl":"https:\/\/gaia-lux.ch\/wp-content\/uploads\/2025\/06\/cropped-LOGO-GAIA-2-Photoroom.png","width":512,"height":512,"caption":"Gaia Lux"},"image":{"@id":"https:\/\/gaia-lux.ch\/#\/schema\/logo\/image\/"}}]}},"_links":{"self":[{"href":"https:\/\/gaia-lux.ch\/fr\/wp-json\/wp\/v2\/product\/12032","targetHints":{"allow":["GET"]}}],"collection":[{"href":"https:\/\/gaia-lux.ch\/fr\/wp-json\/wp\/v2\/product"}],"about":[{"href":"https:\/\/gaia-lux.ch\/fr\/wp-json\/wp\/v2\/types\/product"}],"version-history":[{"count":3,"href":"https:\/\/gaia-lux.ch\/fr\/wp-json\/wp\/v2\/product\/12032\/revisions"}],"predecessor-version":[{"id":12061,"href":"https:\/\/gaia-lux.ch\/fr\/wp-json\/wp\/v2\/product\/12032\/revisions\/12061"}],"wp:featuredmedia":[{"embeddable":true,"href":"https:\/\/gaia-lux.ch\/fr\/wp-json\/wp\/v2\/media\/12050"}],"wp:attachment":[{"href":"https:\/\/gaia-lux.ch\/fr\/wp-json\/wp\/v2\/media?parent=12032"}],"wp:term":[{"taxonomy":"product_brand","embeddable":true,"href":"https:\/\/gaia-lux.ch\/fr\/wp-json\/wp\/v2\/product_brand?post=12032"},{"taxonomy":"product_cat","embeddable":true,"href":"https:\/\/gaia-lux.ch\/fr\/wp-json\/wp\/v2\/product_cat?post=12032"},{"taxonomy":"product_tag","embeddable":true,"href":"https:\/\/gaia-lux.ch\/fr\/wp-json\/wp\/v2\/product_tag?post=12032"}],"curies":[{"name":"wp","href":"https:\/\/api.w.org\/{rel}","templated":true}]}}