{"id":12065,"date":"2025-09-04T14:35:16","date_gmt":"2025-09-04T12:35:16","guid":{"rendered":"https:\/\/gaia-lux.ch\/?post_type=product&#038;p=12065"},"modified":"2025-09-04T15:18:11","modified_gmt":"2025-09-04T13:18:11","slug":"birkin-30-bleu-mykonos-crocodile-porosus-phw","status":"publish","type":"product","link":"https:\/\/gaia-lux.ch\/fr\/produit\/birkin-30-bleu-mykonos-crocodile-porosus-phw\/","title":{"rendered":"Birkin 30 Bleu Mykonos Crocodile Porosus PHW"},"content":{"rendered":"","protected":false},"excerpt":{"rendered":"<p data-start=\"278\" data-end=\"552\">Ce <strong data-start=\"305\" data-end=\"318\">Birkin 30<\/strong> sign\u00e9 Herm\u00e8s est r\u00e9alis\u00e9 en <strong data-start=\"347\" data-end=\"368\">crocodile Porosus<\/strong>, la mati\u00e8re exotique la plus rare et recherch\u00e9e de la Maison. Son <strong data-start=\"435\" data-end=\"452\">fini brillant<\/strong> sublime la teinte <strong data-start=\"471\" data-end=\"487\">Bleu Mykonos<\/strong>, un bleu \u00e9clatant \u00e9voquant les eaux cristallines des Cyclades.<\/p>\n<p data-start=\"554\" data-end=\"780\">La bijouterie<strong data-start=\"557\" data-end=\"590\">\u00a0palladium (PHW)<\/strong> apporte un \u00e9clat froid et contemporain, contrastant \u00e9l\u00e9gamment avec la chaleur de la couleur. Dat\u00e9 <strong data-start=\"690\" data-end=\"708\">de 2017<\/strong>, ce sac est pr\u00e9sent\u00e9 en <strong data-start=\"733\" data-end=\"745\">bon \u00e9tat<\/strong>, t\u00e9moignant d\u2019un usage soigneux.<\/p>\n<p data-start=\"782\" data-end=\"971\">Il est livr\u00e9 en <strong data-start=\"798\" data-end=\"810\">full set<\/strong>, comprenant la bo\u00eete Herm\u00e8s, le dustbag, le cadenas, la clochette, les cl\u00e9s, ainsi que <strong data-start=\"898\" data-end=\"934\">la copie de la facture originale<\/strong> et <strong data-start=\"938\" data-end=\"970\">la copie du certificat CITES<\/strong>.<\/p>\n","protected":false},"featured_media":12066,"template":"","meta":[],"product_brand":[],"product_cat":[324,216],"product_tag":[],"class_list":{"0":"post-12065","1":"product","2":"type-product","3":"status-publish","4":"has-post-thumbnail","6":"product_cat-birkin","7":"product_cat-les-sacs","8":"ts_product_brand-birkin","10":"first","11":"outofstock","12":"taxable","13":"shipping-taxable","14":"purchasable","15":"product-type-simple","16":"add-to-wishlist-before_add_to_cart"},"yoast_head":"<!-- This site is optimized with the Yoast SEO plugin v27.3 - https:\/\/yoast.com\/product\/yoast-seo-wordpress\/ -->\n<title>Birkin 30 Bleu Mykonos Crocodile Porosus PHW - Gaia Lux<\/title>\n<meta name=\"robots\" content=\"index, follow, max-snippet:-1, max-image-preview:large, max-video-preview:-1\" \/>\n<link rel=\"canonical\" href=\"https:\/\/gaia-lux.ch\/fr\/produit\/birkin-30-bleu-mykonos-crocodile-porosus-phw\/\" \/>\n<meta property=\"og:locale\" content=\"fr_FR\" \/>\n<meta property=\"og:type\" content=\"article\" \/>\n<meta property=\"og:title\" content=\"Birkin 30 Bleu Mykonos Crocodile Porosus PHW - Gaia Lux\" \/>\n<meta property=\"og:description\" content=\"Ce Birkin 30 sign\u00e9 Herm\u00e8s est r\u00e9alis\u00e9 en crocodile Porosus, la mati\u00e8re exotique la plus rare et recherch\u00e9e de la Maison. Son fini brillant sublime la teinte Bleu Mykonos, un bleu \u00e9clatant \u00e9voquant les eaux cristallines des Cyclades. La bijouterie\u00a0palladium (PHW) apporte un \u00e9clat froid et contemporain, contrastant \u00e9l\u00e9gamment avec la chaleur de la couleur. Dat\u00e9 de 2017, ce sac est pr\u00e9sent\u00e9 en bon \u00e9tat, t\u00e9moignant d\u2019un usage soigneux. Il est livr\u00e9 en full set, comprenant la bo\u00eete Herm\u00e8s, le dustbag, le cadenas, la clochette, les cl\u00e9s, ainsi que la copie de la facture originale et la copie du certificat CITES.\" \/>\n<meta property=\"og:url\" content=\"https:\/\/gaia-lux.ch\/fr\/produit\/birkin-30-bleu-mykonos-crocodile-porosus-phw\/\" \/>\n<meta property=\"og:site_name\" content=\"Gaia Lux\" \/>\n<meta property=\"article:modified_time\" content=\"2025-09-04T13:18:11+00:00\" \/>\n<meta property=\"og:image\" content=\"https:\/\/gaia-lux.ch\/wp-content\/uploads\/2025\/09\/white-Photoroom-1-1024x1024.png\" \/>\n\t<meta property=\"og:image:width\" content=\"1024\" \/>\n\t<meta property=\"og:image:height\" content=\"1024\" \/>\n\t<meta property=\"og:image:type\" content=\"image\/png\" \/>\n<meta name=\"twitter:card\" content=\"summary_large_image\" \/>\n<meta name=\"twitter:label1\" content=\"Dur\u00e9e de lecture estim\u00e9e\" \/>\n\t<meta name=\"twitter:data1\" content=\"1 minute\" \/>\n<script type=\"application\/ld+json\" class=\"yoast-schema-graph\">{\"@context\":\"https:\\\/\\\/schema.org\",\"@graph\":[{\"@type\":\"WebPage\",\"@id\":\"https:\\\/\\\/gaia-lux.ch\\\/produit\\\/birkin-30-bleu-mykonos-crocodile-porosus-phw\\\/\",\"url\":\"https:\\\/\\\/gaia-lux.ch\\\/produit\\\/birkin-30-bleu-mykonos-crocodile-porosus-phw\\\/\",\"name\":\"Birkin 30 Bleu Mykonos Crocodile Porosus PHW - Gaia Lux\",\"isPartOf\":{\"@id\":\"https:\\\/\\\/gaia-lux.ch\\\/#website\"},\"primaryImageOfPage\":{\"@id\":\"https:\\\/\\\/gaia-lux.ch\\\/produit\\\/birkin-30-bleu-mykonos-crocodile-porosus-phw\\\/#primaryimage\"},\"image\":{\"@id\":\"https:\\\/\\\/gaia-lux.ch\\\/produit\\\/birkin-30-bleu-mykonos-crocodile-porosus-phw\\\/#primaryimage\"},\"thumbnailUrl\":\"https:\\\/\\\/gaia-lux.ch\\\/wp-content\\\/uploads\\\/2025\\\/09\\\/white-Photoroom-1.png\",\"datePublished\":\"2025-09-04T12:35:16+00:00\",\"dateModified\":\"2025-09-04T13:18:11+00:00\",\"breadcrumb\":{\"@id\":\"https:\\\/\\\/gaia-lux.ch\\\/produit\\\/birkin-30-bleu-mykonos-crocodile-porosus-phw\\\/#breadcrumb\"},\"inLanguage\":\"fr-FR\",\"potentialAction\":[{\"@type\":\"ReadAction\",\"target\":[\"https:\\\/\\\/gaia-lux.ch\\\/produit\\\/birkin-30-bleu-mykonos-crocodile-porosus-phw\\\/\"]}]},{\"@type\":\"ImageObject\",\"inLanguage\":\"fr-FR\",\"@id\":\"https:\\\/\\\/gaia-lux.ch\\\/produit\\\/birkin-30-bleu-mykonos-crocodile-porosus-phw\\\/#primaryimage\",\"url\":\"https:\\\/\\\/gaia-lux.ch\\\/wp-content\\\/uploads\\\/2025\\\/09\\\/white-Photoroom-1.png\",\"contentUrl\":\"https:\\\/\\\/gaia-lux.ch\\\/wp-content\\\/uploads\\\/2025\\\/09\\\/white-Photoroom-1.png\",\"width\":1512,\"height\":1512},{\"@type\":\"BreadcrumbList\",\"@id\":\"https:\\\/\\\/gaia-lux.ch\\\/produit\\\/birkin-30-bleu-mykonos-crocodile-porosus-phw\\\/#breadcrumb\",\"itemListElement\":[{\"@type\":\"ListItem\",\"position\":1,\"name\":\"Accueil\",\"item\":\"https:\\\/\\\/gaia-lux.ch\\\/\"},{\"@type\":\"ListItem\",\"position\":2,\"name\":\"Boutique\",\"item\":\"https:\\\/\\\/gaia-lux.ch\\\/boutique\\\/\"},{\"@type\":\"ListItem\",\"position\":3,\"name\":\"Birkin 30 Bleu Mykonos Crocodile Porosus PHW\"}]},{\"@type\":\"WebSite\",\"@id\":\"https:\\\/\\\/gaia-lux.ch\\\/#website\",\"url\":\"https:\\\/\\\/gaia-lux.ch\\\/\",\"name\":\"Gaia Lux\",\"description\":\"Des pi\u00e8ces uniques, rares et limit\u00e9s.\",\"publisher\":{\"@id\":\"https:\\\/\\\/gaia-lux.ch\\\/#organization\"},\"alternateName\":\"Gaia Lux : Sp\u00e9cialis\u00e9s dans la recherche de sacs Herm\u00e8s rares et limit\u00e9s.\",\"potentialAction\":[{\"@type\":\"SearchAction\",\"target\":{\"@type\":\"EntryPoint\",\"urlTemplate\":\"https:\\\/\\\/gaia-lux.ch\\\/?s={search_term_string}\"},\"query-input\":{\"@type\":\"PropertyValueSpecification\",\"valueRequired\":true,\"valueName\":\"search_term_string\"}}],\"inLanguage\":\"fr-FR\"},{\"@type\":\"Organization\",\"@id\":\"https:\\\/\\\/gaia-lux.ch\\\/#organization\",\"name\":\"Gaia Lux\",\"url\":\"https:\\\/\\\/gaia-lux.ch\\\/\",\"logo\":{\"@type\":\"ImageObject\",\"inLanguage\":\"fr-FR\",\"@id\":\"https:\\\/\\\/gaia-lux.ch\\\/#\\\/schema\\\/logo\\\/image\\\/\",\"url\":\"https:\\\/\\\/gaia-lux.ch\\\/wp-content\\\/uploads\\\/2025\\\/06\\\/cropped-LOGO-GAIA-2-Photoroom.png\",\"contentUrl\":\"https:\\\/\\\/gaia-lux.ch\\\/wp-content\\\/uploads\\\/2025\\\/06\\\/cropped-LOGO-GAIA-2-Photoroom.png\",\"width\":512,\"height\":512,\"caption\":\"Gaia Lux\"},\"image\":{\"@id\":\"https:\\\/\\\/gaia-lux.ch\\\/#\\\/schema\\\/logo\\\/image\\\/\"}}]}<\/script>\n<!-- \/ Yoast SEO plugin. -->","yoast_head_json":{"title":"Birkin 30 Bleu Mykonos Crocodile Porosus PHW - Gaia Lux","robots":{"index":"index","follow":"follow","max-snippet":"max-snippet:-1","max-image-preview":"max-image-preview:large","max-video-preview":"max-video-preview:-1"},"canonical":"https:\/\/gaia-lux.ch\/fr\/produit\/birkin-30-bleu-mykonos-crocodile-porosus-phw\/","og_locale":"fr_FR","og_type":"article","og_title":"Birkin 30 Bleu Mykonos Crocodile Porosus PHW - Gaia Lux","og_description":"Ce Birkin 30 sign\u00e9 Herm\u00e8s est r\u00e9alis\u00e9 en crocodile Porosus, la mati\u00e8re exotique la plus rare et recherch\u00e9e de la Maison. Son fini brillant sublime la teinte Bleu Mykonos, un bleu \u00e9clatant \u00e9voquant les eaux cristallines des Cyclades. La bijouterie\u00a0palladium (PHW) apporte un \u00e9clat froid et contemporain, contrastant \u00e9l\u00e9gamment avec la chaleur de la couleur. Dat\u00e9 de 2017, ce sac est pr\u00e9sent\u00e9 en bon \u00e9tat, t\u00e9moignant d\u2019un usage soigneux. Il est livr\u00e9 en full set, comprenant la bo\u00eete Herm\u00e8s, le dustbag, le cadenas, la clochette, les cl\u00e9s, ainsi que la copie de la facture originale et la copie du certificat CITES.","og_url":"https:\/\/gaia-lux.ch\/fr\/produit\/birkin-30-bleu-mykonos-crocodile-porosus-phw\/","og_site_name":"Gaia Lux","article_modified_time":"2025-09-04T13:18:11+00:00","og_image":[{"width":1024,"height":1024,"url":"https:\/\/gaia-lux.ch\/wp-content\/uploads\/2025\/09\/white-Photoroom-1-1024x1024.png","type":"image\/png"}],"twitter_card":"summary_large_image","twitter_misc":{"Dur\u00e9e de lecture estim\u00e9e":"1 minute"},"schema":{"@context":"https:\/\/schema.org","@graph":[{"@type":"WebPage","@id":"https:\/\/gaia-lux.ch\/produit\/birkin-30-bleu-mykonos-crocodile-porosus-phw\/","url":"https:\/\/gaia-lux.ch\/produit\/birkin-30-bleu-mykonos-crocodile-porosus-phw\/","name":"Birkin 30 Bleu Mykonos Crocodile Porosus PHW - Gaia Lux","isPartOf":{"@id":"https:\/\/gaia-lux.ch\/#website"},"primaryImageOfPage":{"@id":"https:\/\/gaia-lux.ch\/produit\/birkin-30-bleu-mykonos-crocodile-porosus-phw\/#primaryimage"},"image":{"@id":"https:\/\/gaia-lux.ch\/produit\/birkin-30-bleu-mykonos-crocodile-porosus-phw\/#primaryimage"},"thumbnailUrl":"https:\/\/gaia-lux.ch\/wp-content\/uploads\/2025\/09\/white-Photoroom-1.png","datePublished":"2025-09-04T12:35:16+00:00","dateModified":"2025-09-04T13:18:11+00:00","breadcrumb":{"@id":"https:\/\/gaia-lux.ch\/produit\/birkin-30-bleu-mykonos-crocodile-porosus-phw\/#breadcrumb"},"inLanguage":"fr-FR","potentialAction":[{"@type":"ReadAction","target":["https:\/\/gaia-lux.ch\/produit\/birkin-30-bleu-mykonos-crocodile-porosus-phw\/"]}]},{"@type":"ImageObject","inLanguage":"fr-FR","@id":"https:\/\/gaia-lux.ch\/produit\/birkin-30-bleu-mykonos-crocodile-porosus-phw\/#primaryimage","url":"https:\/\/gaia-lux.ch\/wp-content\/uploads\/2025\/09\/white-Photoroom-1.png","contentUrl":"https:\/\/gaia-lux.ch\/wp-content\/uploads\/2025\/09\/white-Photoroom-1.png","width":1512,"height":1512},{"@type":"BreadcrumbList","@id":"https:\/\/gaia-lux.ch\/produit\/birkin-30-bleu-mykonos-crocodile-porosus-phw\/#breadcrumb","itemListElement":[{"@type":"ListItem","position":1,"name":"Accueil","item":"https:\/\/gaia-lux.ch\/"},{"@type":"ListItem","position":2,"name":"Boutique","item":"https:\/\/gaia-lux.ch\/boutique\/"},{"@type":"ListItem","position":3,"name":"Birkin 30 Bleu Mykonos Crocodile Porosus PHW"}]},{"@type":"WebSite","@id":"https:\/\/gaia-lux.ch\/#website","url":"https:\/\/gaia-lux.ch\/","name":"Gaia Lux","description":"Des pi\u00e8ces uniques, rares et limit\u00e9s.","publisher":{"@id":"https:\/\/gaia-lux.ch\/#organization"},"alternateName":"Gaia Lux : Sp\u00e9cialis\u00e9s dans la recherche de sacs Herm\u00e8s rares et limit\u00e9s.","potentialAction":[{"@type":"SearchAction","target":{"@type":"EntryPoint","urlTemplate":"https:\/\/gaia-lux.ch\/?s={search_term_string}"},"query-input":{"@type":"PropertyValueSpecification","valueRequired":true,"valueName":"search_term_string"}}],"inLanguage":"fr-FR"},{"@type":"Organization","@id":"https:\/\/gaia-lux.ch\/#organization","name":"Gaia Lux","url":"https:\/\/gaia-lux.ch\/","logo":{"@type":"ImageObject","inLanguage":"fr-FR","@id":"https:\/\/gaia-lux.ch\/#\/schema\/logo\/image\/","url":"https:\/\/gaia-lux.ch\/wp-content\/uploads\/2025\/06\/cropped-LOGO-GAIA-2-Photoroom.png","contentUrl":"https:\/\/gaia-lux.ch\/wp-content\/uploads\/2025\/06\/cropped-LOGO-GAIA-2-Photoroom.png","width":512,"height":512,"caption":"Gaia Lux"},"image":{"@id":"https:\/\/gaia-lux.ch\/#\/schema\/logo\/image\/"}}]}},"_links":{"self":[{"href":"https:\/\/gaia-lux.ch\/fr\/wp-json\/wp\/v2\/product\/12065","targetHints":{"allow":["GET"]}}],"collection":[{"href":"https:\/\/gaia-lux.ch\/fr\/wp-json\/wp\/v2\/product"}],"about":[{"href":"https:\/\/gaia-lux.ch\/fr\/wp-json\/wp\/v2\/types\/product"}],"version-history":[{"count":2,"href":"https:\/\/gaia-lux.ch\/fr\/wp-json\/wp\/v2\/product\/12065\/revisions"}],"predecessor-version":[{"id":12083,"href":"https:\/\/gaia-lux.ch\/fr\/wp-json\/wp\/v2\/product\/12065\/revisions\/12083"}],"wp:featuredmedia":[{"embeddable":true,"href":"https:\/\/gaia-lux.ch\/fr\/wp-json\/wp\/v2\/media\/12066"}],"wp:attachment":[{"href":"https:\/\/gaia-lux.ch\/fr\/wp-json\/wp\/v2\/media?parent=12065"}],"wp:term":[{"taxonomy":"product_brand","embeddable":true,"href":"https:\/\/gaia-lux.ch\/fr\/wp-json\/wp\/v2\/product_brand?post=12065"},{"taxonomy":"product_cat","embeddable":true,"href":"https:\/\/gaia-lux.ch\/fr\/wp-json\/wp\/v2\/product_cat?post=12065"},{"taxonomy":"product_tag","embeddable":true,"href":"https:\/\/gaia-lux.ch\/fr\/wp-json\/wp\/v2\/product_tag?post=12065"}],"curies":[{"name":"wp","href":"https:\/\/api.w.org\/{rel}","templated":true}]}}