{"id":12098,"date":"2025-09-04T15:05:29","date_gmt":"2025-09-04T13:05:29","guid":{"rendered":"https:\/\/gaia-lux.ch\/?post_type=product&#038;p=12098"},"modified":"2025-09-08T12:34:09","modified_gmt":"2025-09-08T10:34:09","slug":"kelly-28-etoupe-togo-phw","status":"publish","type":"product","link":"https:\/\/gaia-lux.ch\/fr\/produit\/kelly-28-etoupe-togo-phw\/","title":{"rendered":"Kelly 28 Etoupe Togo PHW"},"content":{"rendered":"","protected":false},"excerpt":{"rendered":"<p data-start=\"228\" data-end=\"578\">Un classique absolu de la Maison Herm\u00e8s : ce <strong data-start=\"273\" data-end=\"285\">Kelly 28<\/strong> incarne l\u2019\u00e9l\u00e9gance intemporelle avec sa teinte embl\u00e9matique <strong data-start=\"346\" data-end=\"356\">Etoupe<\/strong>, un taupe lumineux rehauss\u00e9 de surpiq\u00fbres blanches contrastantes. R\u00e9alis\u00e9 en <strong data-start=\"434\" data-end=\"447\">cuir Togo<\/strong>, souple et grain\u00e9, il allie robustesse et raffinement, id\u00e9al pour un port\u00e9 quotidien tout en conservant une allure sophistiqu\u00e9e.<\/p>\n<p data-start=\"580\" data-end=\"744\">La bijouterie<strong data-start=\"583\" data-end=\"616\">\u00a0palladium (PHW)<\/strong> vient compl\u00e9ter ce mod\u00e8le avec une touche de modernit\u00e9 discr\u00e8te. Issu de l\u2019ann\u00e9e <strong data-start=\"698\" data-end=\"706\">2020<\/strong>, ce sac est <strong data-start=\"719\" data-end=\"741\">neuf, jamais port\u00e9<\/strong>.<\/p>\n<p data-start=\"746\" data-end=\"907\">Il est livr\u00e9 avec son <strong data-start=\"768\" data-end=\"790\">full set incomplet<\/strong> : dustbag Herm\u00e8s, bandouli\u00e8re, cadenas, clochette et cl\u00e9s \u2014 mais <strong data-start=\"856\" data-end=\"904\">sans la facture originale ni la bo\u00eete Herm\u00e8s<\/strong>.<\/p>\n","protected":false},"featured_media":12157,"template":"","meta":[],"product_brand":[],"product_cat":[323,216],"product_tag":[],"class_list":{"0":"post-12098","1":"product","2":"type-product","3":"status-publish","4":"has-post-thumbnail","6":"product_cat-kelly","7":"product_cat-les-sacs","8":"ts_product_brand-kelly","10":"first","11":"outofstock","12":"taxable","13":"shipping-taxable","14":"purchasable","15":"product-type-simple","16":"add-to-wishlist-before_add_to_cart"},"yoast_head":"<!-- This site is optimized with the Yoast SEO plugin v27.3 - https:\/\/yoast.com\/product\/yoast-seo-wordpress\/ -->\n<title>Kelly 28 Etoupe Togo PHW - Gaia Lux<\/title>\n<meta name=\"robots\" content=\"index, follow, max-snippet:-1, max-image-preview:large, max-video-preview:-1\" \/>\n<link rel=\"canonical\" href=\"https:\/\/gaia-lux.ch\/fr\/produit\/kelly-28-etoupe-togo-phw\/\" \/>\n<meta property=\"og:locale\" content=\"fr_FR\" \/>\n<meta property=\"og:type\" content=\"article\" \/>\n<meta property=\"og:title\" content=\"Kelly 28 Etoupe Togo PHW - Gaia Lux\" \/>\n<meta property=\"og:description\" content=\"Un classique absolu de la Maison Herm\u00e8s : ce Kelly 28 incarne l\u2019\u00e9l\u00e9gance intemporelle avec sa teinte embl\u00e9matique Etoupe, un taupe lumineux rehauss\u00e9 de surpiq\u00fbres blanches contrastantes. R\u00e9alis\u00e9 en cuir Togo, souple et grain\u00e9, il allie robustesse et raffinement, id\u00e9al pour un port\u00e9 quotidien tout en conservant une allure sophistiqu\u00e9e. La bijouterie\u00a0palladium (PHW) vient compl\u00e9ter ce mod\u00e8le avec une touche de modernit\u00e9 discr\u00e8te. Issu de l\u2019ann\u00e9e 2020, ce sac est neuf, jamais port\u00e9. Il est livr\u00e9 avec son full set incomplet : dustbag Herm\u00e8s, bandouli\u00e8re, cadenas, clochette et cl\u00e9s \u2014 mais sans la facture originale ni la bo\u00eete Herm\u00e8s.\" \/>\n<meta property=\"og:url\" content=\"https:\/\/gaia-lux.ch\/fr\/produit\/kelly-28-etoupe-togo-phw\/\" \/>\n<meta property=\"og:site_name\" content=\"Gaia Lux\" \/>\n<meta property=\"article:modified_time\" content=\"2025-09-08T10:34:09+00:00\" \/>\n<meta property=\"og:image\" content=\"https:\/\/gaia-lux.ch\/wp-content\/uploads\/2025\/09\/white-Photoroom-Photoroom-7.png\" \/>\n\t<meta property=\"og:image:width\" content=\"1512\" \/>\n\t<meta property=\"og:image:height\" content=\"1512\" \/>\n\t<meta property=\"og:image:type\" content=\"image\/png\" \/>\n<meta name=\"twitter:card\" content=\"summary_large_image\" \/>\n<meta name=\"twitter:label1\" content=\"Dur\u00e9e de lecture estim\u00e9e\" \/>\n\t<meta name=\"twitter:data1\" content=\"1 minute\" \/>\n<script type=\"application\/ld+json\" class=\"yoast-schema-graph\">{\"@context\":\"https:\\\/\\\/schema.org\",\"@graph\":[{\"@type\":\"WebPage\",\"@id\":\"https:\\\/\\\/gaia-lux.ch\\\/produit\\\/kelly-28-etoupe-togo-phw\\\/\",\"url\":\"https:\\\/\\\/gaia-lux.ch\\\/produit\\\/kelly-28-etoupe-togo-phw\\\/\",\"name\":\"Kelly 28 Etoupe Togo PHW - Gaia Lux\",\"isPartOf\":{\"@id\":\"https:\\\/\\\/gaia-lux.ch\\\/#website\"},\"primaryImageOfPage\":{\"@id\":\"https:\\\/\\\/gaia-lux.ch\\\/produit\\\/kelly-28-etoupe-togo-phw\\\/#primaryimage\"},\"image\":{\"@id\":\"https:\\\/\\\/gaia-lux.ch\\\/produit\\\/kelly-28-etoupe-togo-phw\\\/#primaryimage\"},\"thumbnailUrl\":\"https:\\\/\\\/gaia-lux.ch\\\/wp-content\\\/uploads\\\/2025\\\/09\\\/white-Photoroom-Photoroom-7.png\",\"datePublished\":\"2025-09-04T13:05:29+00:00\",\"dateModified\":\"2025-09-08T10:34:09+00:00\",\"breadcrumb\":{\"@id\":\"https:\\\/\\\/gaia-lux.ch\\\/produit\\\/kelly-28-etoupe-togo-phw\\\/#breadcrumb\"},\"inLanguage\":\"fr-FR\",\"potentialAction\":[{\"@type\":\"ReadAction\",\"target\":[\"https:\\\/\\\/gaia-lux.ch\\\/produit\\\/kelly-28-etoupe-togo-phw\\\/\"]}]},{\"@type\":\"ImageObject\",\"inLanguage\":\"fr-FR\",\"@id\":\"https:\\\/\\\/gaia-lux.ch\\\/produit\\\/kelly-28-etoupe-togo-phw\\\/#primaryimage\",\"url\":\"https:\\\/\\\/gaia-lux.ch\\\/wp-content\\\/uploads\\\/2025\\\/09\\\/white-Photoroom-Photoroom-7.png\",\"contentUrl\":\"https:\\\/\\\/gaia-lux.ch\\\/wp-content\\\/uploads\\\/2025\\\/09\\\/white-Photoroom-Photoroom-7.png\",\"width\":1512,\"height\":1512},{\"@type\":\"BreadcrumbList\",\"@id\":\"https:\\\/\\\/gaia-lux.ch\\\/produit\\\/kelly-28-etoupe-togo-phw\\\/#breadcrumb\",\"itemListElement\":[{\"@type\":\"ListItem\",\"position\":1,\"name\":\"Accueil\",\"item\":\"https:\\\/\\\/gaia-lux.ch\\\/\"},{\"@type\":\"ListItem\",\"position\":2,\"name\":\"Boutique\",\"item\":\"https:\\\/\\\/gaia-lux.ch\\\/boutique\\\/\"},{\"@type\":\"ListItem\",\"position\":3,\"name\":\"Kelly 28 Etoupe Togo PHW\"}]},{\"@type\":\"WebSite\",\"@id\":\"https:\\\/\\\/gaia-lux.ch\\\/#website\",\"url\":\"https:\\\/\\\/gaia-lux.ch\\\/\",\"name\":\"Gaia Lux\",\"description\":\"Des pi\u00e8ces uniques, rares et limit\u00e9s.\",\"publisher\":{\"@id\":\"https:\\\/\\\/gaia-lux.ch\\\/#organization\"},\"alternateName\":\"Gaia Lux : Sp\u00e9cialis\u00e9s dans la recherche de sacs Herm\u00e8s rares et limit\u00e9s.\",\"potentialAction\":[{\"@type\":\"SearchAction\",\"target\":{\"@type\":\"EntryPoint\",\"urlTemplate\":\"https:\\\/\\\/gaia-lux.ch\\\/?s={search_term_string}\"},\"query-input\":{\"@type\":\"PropertyValueSpecification\",\"valueRequired\":true,\"valueName\":\"search_term_string\"}}],\"inLanguage\":\"fr-FR\"},{\"@type\":\"Organization\",\"@id\":\"https:\\\/\\\/gaia-lux.ch\\\/#organization\",\"name\":\"Gaia Lux\",\"url\":\"https:\\\/\\\/gaia-lux.ch\\\/\",\"logo\":{\"@type\":\"ImageObject\",\"inLanguage\":\"fr-FR\",\"@id\":\"https:\\\/\\\/gaia-lux.ch\\\/#\\\/schema\\\/logo\\\/image\\\/\",\"url\":\"https:\\\/\\\/gaia-lux.ch\\\/wp-content\\\/uploads\\\/2025\\\/06\\\/cropped-LOGO-GAIA-2-Photoroom.png\",\"contentUrl\":\"https:\\\/\\\/gaia-lux.ch\\\/wp-content\\\/uploads\\\/2025\\\/06\\\/cropped-LOGO-GAIA-2-Photoroom.png\",\"width\":512,\"height\":512,\"caption\":\"Gaia Lux\"},\"image\":{\"@id\":\"https:\\\/\\\/gaia-lux.ch\\\/#\\\/schema\\\/logo\\\/image\\\/\"}}]}<\/script>\n<!-- \/ Yoast SEO plugin. -->","yoast_head_json":{"title":"Kelly 28 Etoupe Togo PHW - Gaia Lux","robots":{"index":"index","follow":"follow","max-snippet":"max-snippet:-1","max-image-preview":"max-image-preview:large","max-video-preview":"max-video-preview:-1"},"canonical":"https:\/\/gaia-lux.ch\/fr\/produit\/kelly-28-etoupe-togo-phw\/","og_locale":"fr_FR","og_type":"article","og_title":"Kelly 28 Etoupe Togo PHW - Gaia Lux","og_description":"Un classique absolu de la Maison Herm\u00e8s : ce Kelly 28 incarne l\u2019\u00e9l\u00e9gance intemporelle avec sa teinte embl\u00e9matique Etoupe, un taupe lumineux rehauss\u00e9 de surpiq\u00fbres blanches contrastantes. R\u00e9alis\u00e9 en cuir Togo, souple et grain\u00e9, il allie robustesse et raffinement, id\u00e9al pour un port\u00e9 quotidien tout en conservant une allure sophistiqu\u00e9e. La bijouterie\u00a0palladium (PHW) vient compl\u00e9ter ce mod\u00e8le avec une touche de modernit\u00e9 discr\u00e8te. Issu de l\u2019ann\u00e9e 2020, ce sac est neuf, jamais port\u00e9. Il est livr\u00e9 avec son full set incomplet : dustbag Herm\u00e8s, bandouli\u00e8re, cadenas, clochette et cl\u00e9s \u2014 mais sans la facture originale ni la bo\u00eete Herm\u00e8s.","og_url":"https:\/\/gaia-lux.ch\/fr\/produit\/kelly-28-etoupe-togo-phw\/","og_site_name":"Gaia Lux","article_modified_time":"2025-09-08T10:34:09+00:00","og_image":[{"width":1512,"height":1512,"url":"https:\/\/gaia-lux.ch\/wp-content\/uploads\/2025\/09\/white-Photoroom-Photoroom-7.png","type":"image\/png"}],"twitter_card":"summary_large_image","twitter_misc":{"Dur\u00e9e de lecture estim\u00e9e":"1 minute"},"schema":{"@context":"https:\/\/schema.org","@graph":[{"@type":"WebPage","@id":"https:\/\/gaia-lux.ch\/produit\/kelly-28-etoupe-togo-phw\/","url":"https:\/\/gaia-lux.ch\/produit\/kelly-28-etoupe-togo-phw\/","name":"Kelly 28 Etoupe Togo PHW - Gaia Lux","isPartOf":{"@id":"https:\/\/gaia-lux.ch\/#website"},"primaryImageOfPage":{"@id":"https:\/\/gaia-lux.ch\/produit\/kelly-28-etoupe-togo-phw\/#primaryimage"},"image":{"@id":"https:\/\/gaia-lux.ch\/produit\/kelly-28-etoupe-togo-phw\/#primaryimage"},"thumbnailUrl":"https:\/\/gaia-lux.ch\/wp-content\/uploads\/2025\/09\/white-Photoroom-Photoroom-7.png","datePublished":"2025-09-04T13:05:29+00:00","dateModified":"2025-09-08T10:34:09+00:00","breadcrumb":{"@id":"https:\/\/gaia-lux.ch\/produit\/kelly-28-etoupe-togo-phw\/#breadcrumb"},"inLanguage":"fr-FR","potentialAction":[{"@type":"ReadAction","target":["https:\/\/gaia-lux.ch\/produit\/kelly-28-etoupe-togo-phw\/"]}]},{"@type":"ImageObject","inLanguage":"fr-FR","@id":"https:\/\/gaia-lux.ch\/produit\/kelly-28-etoupe-togo-phw\/#primaryimage","url":"https:\/\/gaia-lux.ch\/wp-content\/uploads\/2025\/09\/white-Photoroom-Photoroom-7.png","contentUrl":"https:\/\/gaia-lux.ch\/wp-content\/uploads\/2025\/09\/white-Photoroom-Photoroom-7.png","width":1512,"height":1512},{"@type":"BreadcrumbList","@id":"https:\/\/gaia-lux.ch\/produit\/kelly-28-etoupe-togo-phw\/#breadcrumb","itemListElement":[{"@type":"ListItem","position":1,"name":"Accueil","item":"https:\/\/gaia-lux.ch\/"},{"@type":"ListItem","position":2,"name":"Boutique","item":"https:\/\/gaia-lux.ch\/boutique\/"},{"@type":"ListItem","position":3,"name":"Kelly 28 Etoupe Togo PHW"}]},{"@type":"WebSite","@id":"https:\/\/gaia-lux.ch\/#website","url":"https:\/\/gaia-lux.ch\/","name":"Gaia Lux","description":"Des pi\u00e8ces uniques, rares et limit\u00e9s.","publisher":{"@id":"https:\/\/gaia-lux.ch\/#organization"},"alternateName":"Gaia Lux : Sp\u00e9cialis\u00e9s dans la recherche de sacs Herm\u00e8s rares et limit\u00e9s.","potentialAction":[{"@type":"SearchAction","target":{"@type":"EntryPoint","urlTemplate":"https:\/\/gaia-lux.ch\/?s={search_term_string}"},"query-input":{"@type":"PropertyValueSpecification","valueRequired":true,"valueName":"search_term_string"}}],"inLanguage":"fr-FR"},{"@type":"Organization","@id":"https:\/\/gaia-lux.ch\/#organization","name":"Gaia Lux","url":"https:\/\/gaia-lux.ch\/","logo":{"@type":"ImageObject","inLanguage":"fr-FR","@id":"https:\/\/gaia-lux.ch\/#\/schema\/logo\/image\/","url":"https:\/\/gaia-lux.ch\/wp-content\/uploads\/2025\/06\/cropped-LOGO-GAIA-2-Photoroom.png","contentUrl":"https:\/\/gaia-lux.ch\/wp-content\/uploads\/2025\/06\/cropped-LOGO-GAIA-2-Photoroom.png","width":512,"height":512,"caption":"Gaia Lux"},"image":{"@id":"https:\/\/gaia-lux.ch\/#\/schema\/logo\/image\/"}}]}},"_links":{"self":[{"href":"https:\/\/gaia-lux.ch\/fr\/wp-json\/wp\/v2\/product\/12098","targetHints":{"allow":["GET"]}}],"collection":[{"href":"https:\/\/gaia-lux.ch\/fr\/wp-json\/wp\/v2\/product"}],"about":[{"href":"https:\/\/gaia-lux.ch\/fr\/wp-json\/wp\/v2\/types\/product"}],"version-history":[{"count":1,"href":"https:\/\/gaia-lux.ch\/fr\/wp-json\/wp\/v2\/product\/12098\/revisions"}],"predecessor-version":[{"id":12112,"href":"https:\/\/gaia-lux.ch\/fr\/wp-json\/wp\/v2\/product\/12098\/revisions\/12112"}],"wp:featuredmedia":[{"embeddable":true,"href":"https:\/\/gaia-lux.ch\/fr\/wp-json\/wp\/v2\/media\/12157"}],"wp:attachment":[{"href":"https:\/\/gaia-lux.ch\/fr\/wp-json\/wp\/v2\/media?parent=12098"}],"wp:term":[{"taxonomy":"product_brand","embeddable":true,"href":"https:\/\/gaia-lux.ch\/fr\/wp-json\/wp\/v2\/product_brand?post=12098"},{"taxonomy":"product_cat","embeddable":true,"href":"https:\/\/gaia-lux.ch\/fr\/wp-json\/wp\/v2\/product_cat?post=12098"},{"taxonomy":"product_tag","embeddable":true,"href":"https:\/\/gaia-lux.ch\/fr\/wp-json\/wp\/v2\/product_tag?post=12098"}],"curies":[{"name":"wp","href":"https:\/\/api.w.org\/{rel}","templated":true}]}}