{"id":12129,"date":"2025-09-08T10:36:49","date_gmt":"2025-09-08T08:36:49","guid":{"rendered":"https:\/\/gaia-lux.ch\/?post_type=product&#038;p=12129"},"modified":"2025-09-09T13:45:55","modified_gmt":"2025-09-09T11:45:55","slug":"birkin-25-toile-et-cuir-swift-sesame-phw","status":"publish","type":"product","link":"https:\/\/gaia-lux.ch\/fr\/produit\/birkin-25-toile-et-cuir-swift-sesame-phw\/","title":{"rendered":"Birkin 25 Toile et Cuir Swift Biscuit PHW"},"content":{"rendered":"","protected":false},"excerpt":{"rendered":"<p data-start=\"231\" data-end=\"558\">Un v\u00e9ritable bijou d\u2019\u00e9l\u00e9gance sign\u00e9 Herm\u00e8s : ce <strong data-start=\"279\" data-end=\"292\">Birkin 25<\/strong> associe la l\u00e9g\u00e8ret\u00e9 de la <strong data-start=\"319\" data-end=\"336\">toile H \u00e9crue<\/strong> \u00e0 la richesse du <strong data-start=\"354\" data-end=\"375\">cuir Swift S\u00e9same<\/strong>, une teinte douce et lumineuse inspir\u00e9e des nuances naturelles du sable dor\u00e9. Ce contraste subtil conf\u00e8re au sac une allure raffin\u00e9e et moderne, parfaite pour toutes les occasions.<\/p>\n<p data-start=\"560\" data-end=\"853\">La <strong data-start=\"563\" data-end=\"599\">bijouterie en palladium (PHW)<\/strong> apporte une note contemporaine et \u00e9pur\u00e9e, soulignant l\u2019\u00e9l\u00e9gance de cette combinaison intemporelle. Dat\u00e9 de <strong data-start=\"707\" data-end=\"715\">2024<\/strong>, ce mod\u00e8le est <strong data-start=\"731\" data-end=\"753\">neuf, jamais port\u00e9<\/strong>, et propos\u00e9 en <strong data-start=\"769\" data-end=\"789\">full set complet<\/strong> : bo\u00eete Herm\u00e8s, dustbag, cadenas, clochette, cl\u00e9s et facture.<\/p>\n","protected":false},"featured_media":12145,"template":"","meta":[],"product_brand":[],"product_cat":[324,216],"product_tag":[],"class_list":{"0":"post-12129","1":"product","2":"type-product","3":"status-publish","4":"has-post-thumbnail","6":"product_cat-birkin","7":"product_cat-les-sacs","8":"ts_product_brand-birkin","10":"first","11":"outofstock","12":"taxable","13":"shipping-taxable","14":"purchasable","15":"product-type-simple","16":"add-to-wishlist-before_add_to_cart"},"yoast_head":"<!-- This site is optimized with the Yoast SEO plugin v27.3 - https:\/\/yoast.com\/product\/yoast-seo-wordpress\/ -->\n<title>Birkin 25 Toile et Cuir Swift Biscuit PHW - Gaia Lux<\/title>\n<meta name=\"robots\" content=\"index, follow, max-snippet:-1, max-image-preview:large, max-video-preview:-1\" \/>\n<link rel=\"canonical\" href=\"https:\/\/gaia-lux.ch\/fr\/produit\/birkin-25-toile-et-cuir-swift-sesame-phw\/\" \/>\n<meta property=\"og:locale\" content=\"fr_FR\" \/>\n<meta property=\"og:type\" content=\"article\" \/>\n<meta property=\"og:title\" content=\"Birkin 25 Toile et Cuir Swift Biscuit PHW - Gaia Lux\" \/>\n<meta property=\"og:description\" content=\"Un v\u00e9ritable bijou d\u2019\u00e9l\u00e9gance sign\u00e9 Herm\u00e8s : ce Birkin 25 associe la l\u00e9g\u00e8ret\u00e9 de la toile H \u00e9crue \u00e0 la richesse du cuir Swift S\u00e9same, une teinte douce et lumineuse inspir\u00e9e des nuances naturelles du sable dor\u00e9. Ce contraste subtil conf\u00e8re au sac une allure raffin\u00e9e et moderne, parfaite pour toutes les occasions. La bijouterie en palladium (PHW) apporte une note contemporaine et \u00e9pur\u00e9e, soulignant l\u2019\u00e9l\u00e9gance de cette combinaison intemporelle. Dat\u00e9 de 2024, ce mod\u00e8le est neuf, jamais port\u00e9, et propos\u00e9 en full set complet : bo\u00eete Herm\u00e8s, dustbag, cadenas, clochette, cl\u00e9s et facture.\" \/>\n<meta property=\"og:url\" content=\"https:\/\/gaia-lux.ch\/fr\/produit\/birkin-25-toile-et-cuir-swift-sesame-phw\/\" \/>\n<meta property=\"og:site_name\" content=\"Gaia Lux\" \/>\n<meta property=\"article:modified_time\" content=\"2025-09-09T11:45:55+00:00\" \/>\n<meta property=\"og:image\" content=\"https:\/\/gaia-lux.ch\/wp-content\/uploads\/2025\/09\/white-Photoroom-Photoroom-copie-11-1-1024x1024.png\" \/>\n\t<meta property=\"og:image:width\" content=\"1024\" \/>\n\t<meta property=\"og:image:height\" content=\"1024\" \/>\n\t<meta property=\"og:image:type\" content=\"image\/png\" \/>\n<meta name=\"twitter:card\" content=\"summary_large_image\" \/>\n<meta name=\"twitter:label1\" content=\"Dur\u00e9e de lecture estim\u00e9e\" \/>\n\t<meta name=\"twitter:data1\" content=\"1 minute\" \/>\n<script type=\"application\/ld+json\" class=\"yoast-schema-graph\">{\"@context\":\"https:\\\/\\\/schema.org\",\"@graph\":[{\"@type\":\"WebPage\",\"@id\":\"https:\\\/\\\/gaia-lux.ch\\\/produit\\\/birkin-25-toile-et-cuir-swift-sesame-phw\\\/\",\"url\":\"https:\\\/\\\/gaia-lux.ch\\\/produit\\\/birkin-25-toile-et-cuir-swift-sesame-phw\\\/\",\"name\":\"Birkin 25 Toile et Cuir Swift Biscuit PHW - Gaia Lux\",\"isPartOf\":{\"@id\":\"https:\\\/\\\/gaia-lux.ch\\\/#website\"},\"primaryImageOfPage\":{\"@id\":\"https:\\\/\\\/gaia-lux.ch\\\/produit\\\/birkin-25-toile-et-cuir-swift-sesame-phw\\\/#primaryimage\"},\"image\":{\"@id\":\"https:\\\/\\\/gaia-lux.ch\\\/produit\\\/birkin-25-toile-et-cuir-swift-sesame-phw\\\/#primaryimage\"},\"thumbnailUrl\":\"https:\\\/\\\/gaia-lux.ch\\\/wp-content\\\/uploads\\\/2025\\\/09\\\/white-Photoroom-Photoroom-copie-11-1.png\",\"datePublished\":\"2025-09-08T08:36:49+00:00\",\"dateModified\":\"2025-09-09T11:45:55+00:00\",\"breadcrumb\":{\"@id\":\"https:\\\/\\\/gaia-lux.ch\\\/produit\\\/birkin-25-toile-et-cuir-swift-sesame-phw\\\/#breadcrumb\"},\"inLanguage\":\"fr-FR\",\"potentialAction\":[{\"@type\":\"ReadAction\",\"target\":[\"https:\\\/\\\/gaia-lux.ch\\\/produit\\\/birkin-25-toile-et-cuir-swift-sesame-phw\\\/\"]}]},{\"@type\":\"ImageObject\",\"inLanguage\":\"fr-FR\",\"@id\":\"https:\\\/\\\/gaia-lux.ch\\\/produit\\\/birkin-25-toile-et-cuir-swift-sesame-phw\\\/#primaryimage\",\"url\":\"https:\\\/\\\/gaia-lux.ch\\\/wp-content\\\/uploads\\\/2025\\\/09\\\/white-Photoroom-Photoroom-copie-11-1.png\",\"contentUrl\":\"https:\\\/\\\/gaia-lux.ch\\\/wp-content\\\/uploads\\\/2025\\\/09\\\/white-Photoroom-Photoroom-copie-11-1.png\",\"width\":1512,\"height\":1512},{\"@type\":\"BreadcrumbList\",\"@id\":\"https:\\\/\\\/gaia-lux.ch\\\/produit\\\/birkin-25-toile-et-cuir-swift-sesame-phw\\\/#breadcrumb\",\"itemListElement\":[{\"@type\":\"ListItem\",\"position\":1,\"name\":\"Accueil\",\"item\":\"https:\\\/\\\/gaia-lux.ch\\\/\"},{\"@type\":\"ListItem\",\"position\":2,\"name\":\"Boutique\",\"item\":\"https:\\\/\\\/gaia-lux.ch\\\/boutique\\\/\"},{\"@type\":\"ListItem\",\"position\":3,\"name\":\"Birkin 25 Toile et Cuir Swift Biscuit PHW\"}]},{\"@type\":\"WebSite\",\"@id\":\"https:\\\/\\\/gaia-lux.ch\\\/#website\",\"url\":\"https:\\\/\\\/gaia-lux.ch\\\/\",\"name\":\"Gaia Lux\",\"description\":\"Des pi\u00e8ces uniques, rares et limit\u00e9s.\",\"publisher\":{\"@id\":\"https:\\\/\\\/gaia-lux.ch\\\/#organization\"},\"alternateName\":\"Gaia Lux : Sp\u00e9cialis\u00e9s dans la recherche de sacs Herm\u00e8s rares et limit\u00e9s.\",\"potentialAction\":[{\"@type\":\"SearchAction\",\"target\":{\"@type\":\"EntryPoint\",\"urlTemplate\":\"https:\\\/\\\/gaia-lux.ch\\\/?s={search_term_string}\"},\"query-input\":{\"@type\":\"PropertyValueSpecification\",\"valueRequired\":true,\"valueName\":\"search_term_string\"}}],\"inLanguage\":\"fr-FR\"},{\"@type\":\"Organization\",\"@id\":\"https:\\\/\\\/gaia-lux.ch\\\/#organization\",\"name\":\"Gaia Lux\",\"url\":\"https:\\\/\\\/gaia-lux.ch\\\/\",\"logo\":{\"@type\":\"ImageObject\",\"inLanguage\":\"fr-FR\",\"@id\":\"https:\\\/\\\/gaia-lux.ch\\\/#\\\/schema\\\/logo\\\/image\\\/\",\"url\":\"https:\\\/\\\/gaia-lux.ch\\\/wp-content\\\/uploads\\\/2025\\\/06\\\/cropped-LOGO-GAIA-2-Photoroom.png\",\"contentUrl\":\"https:\\\/\\\/gaia-lux.ch\\\/wp-content\\\/uploads\\\/2025\\\/06\\\/cropped-LOGO-GAIA-2-Photoroom.png\",\"width\":512,\"height\":512,\"caption\":\"Gaia Lux\"},\"image\":{\"@id\":\"https:\\\/\\\/gaia-lux.ch\\\/#\\\/schema\\\/logo\\\/image\\\/\"}}]}<\/script>\n<!-- \/ Yoast SEO plugin. -->","yoast_head_json":{"title":"Birkin 25 Toile et Cuir Swift Biscuit PHW - Gaia Lux","robots":{"index":"index","follow":"follow","max-snippet":"max-snippet:-1","max-image-preview":"max-image-preview:large","max-video-preview":"max-video-preview:-1"},"canonical":"https:\/\/gaia-lux.ch\/fr\/produit\/birkin-25-toile-et-cuir-swift-sesame-phw\/","og_locale":"fr_FR","og_type":"article","og_title":"Birkin 25 Toile et Cuir Swift Biscuit PHW - Gaia Lux","og_description":"Un v\u00e9ritable bijou d\u2019\u00e9l\u00e9gance sign\u00e9 Herm\u00e8s : ce Birkin 25 associe la l\u00e9g\u00e8ret\u00e9 de la toile H \u00e9crue \u00e0 la richesse du cuir Swift S\u00e9same, une teinte douce et lumineuse inspir\u00e9e des nuances naturelles du sable dor\u00e9. Ce contraste subtil conf\u00e8re au sac une allure raffin\u00e9e et moderne, parfaite pour toutes les occasions. La bijouterie en palladium (PHW) apporte une note contemporaine et \u00e9pur\u00e9e, soulignant l\u2019\u00e9l\u00e9gance de cette combinaison intemporelle. Dat\u00e9 de 2024, ce mod\u00e8le est neuf, jamais port\u00e9, et propos\u00e9 en full set complet : bo\u00eete Herm\u00e8s, dustbag, cadenas, clochette, cl\u00e9s et facture.","og_url":"https:\/\/gaia-lux.ch\/fr\/produit\/birkin-25-toile-et-cuir-swift-sesame-phw\/","og_site_name":"Gaia Lux","article_modified_time":"2025-09-09T11:45:55+00:00","og_image":[{"width":1024,"height":1024,"url":"https:\/\/gaia-lux.ch\/wp-content\/uploads\/2025\/09\/white-Photoroom-Photoroom-copie-11-1-1024x1024.png","type":"image\/png"}],"twitter_card":"summary_large_image","twitter_misc":{"Dur\u00e9e de lecture estim\u00e9e":"1 minute"},"schema":{"@context":"https:\/\/schema.org","@graph":[{"@type":"WebPage","@id":"https:\/\/gaia-lux.ch\/produit\/birkin-25-toile-et-cuir-swift-sesame-phw\/","url":"https:\/\/gaia-lux.ch\/produit\/birkin-25-toile-et-cuir-swift-sesame-phw\/","name":"Birkin 25 Toile et Cuir Swift Biscuit PHW - Gaia Lux","isPartOf":{"@id":"https:\/\/gaia-lux.ch\/#website"},"primaryImageOfPage":{"@id":"https:\/\/gaia-lux.ch\/produit\/birkin-25-toile-et-cuir-swift-sesame-phw\/#primaryimage"},"image":{"@id":"https:\/\/gaia-lux.ch\/produit\/birkin-25-toile-et-cuir-swift-sesame-phw\/#primaryimage"},"thumbnailUrl":"https:\/\/gaia-lux.ch\/wp-content\/uploads\/2025\/09\/white-Photoroom-Photoroom-copie-11-1.png","datePublished":"2025-09-08T08:36:49+00:00","dateModified":"2025-09-09T11:45:55+00:00","breadcrumb":{"@id":"https:\/\/gaia-lux.ch\/produit\/birkin-25-toile-et-cuir-swift-sesame-phw\/#breadcrumb"},"inLanguage":"fr-FR","potentialAction":[{"@type":"ReadAction","target":["https:\/\/gaia-lux.ch\/produit\/birkin-25-toile-et-cuir-swift-sesame-phw\/"]}]},{"@type":"ImageObject","inLanguage":"fr-FR","@id":"https:\/\/gaia-lux.ch\/produit\/birkin-25-toile-et-cuir-swift-sesame-phw\/#primaryimage","url":"https:\/\/gaia-lux.ch\/wp-content\/uploads\/2025\/09\/white-Photoroom-Photoroom-copie-11-1.png","contentUrl":"https:\/\/gaia-lux.ch\/wp-content\/uploads\/2025\/09\/white-Photoroom-Photoroom-copie-11-1.png","width":1512,"height":1512},{"@type":"BreadcrumbList","@id":"https:\/\/gaia-lux.ch\/produit\/birkin-25-toile-et-cuir-swift-sesame-phw\/#breadcrumb","itemListElement":[{"@type":"ListItem","position":1,"name":"Accueil","item":"https:\/\/gaia-lux.ch\/"},{"@type":"ListItem","position":2,"name":"Boutique","item":"https:\/\/gaia-lux.ch\/boutique\/"},{"@type":"ListItem","position":3,"name":"Birkin 25 Toile et Cuir Swift Biscuit PHW"}]},{"@type":"WebSite","@id":"https:\/\/gaia-lux.ch\/#website","url":"https:\/\/gaia-lux.ch\/","name":"Gaia Lux","description":"Des pi\u00e8ces uniques, rares et limit\u00e9s.","publisher":{"@id":"https:\/\/gaia-lux.ch\/#organization"},"alternateName":"Gaia Lux : Sp\u00e9cialis\u00e9s dans la recherche de sacs Herm\u00e8s rares et limit\u00e9s.","potentialAction":[{"@type":"SearchAction","target":{"@type":"EntryPoint","urlTemplate":"https:\/\/gaia-lux.ch\/?s={search_term_string}"},"query-input":{"@type":"PropertyValueSpecification","valueRequired":true,"valueName":"search_term_string"}}],"inLanguage":"fr-FR"},{"@type":"Organization","@id":"https:\/\/gaia-lux.ch\/#organization","name":"Gaia Lux","url":"https:\/\/gaia-lux.ch\/","logo":{"@type":"ImageObject","inLanguage":"fr-FR","@id":"https:\/\/gaia-lux.ch\/#\/schema\/logo\/image\/","url":"https:\/\/gaia-lux.ch\/wp-content\/uploads\/2025\/06\/cropped-LOGO-GAIA-2-Photoroom.png","contentUrl":"https:\/\/gaia-lux.ch\/wp-content\/uploads\/2025\/06\/cropped-LOGO-GAIA-2-Photoroom.png","width":512,"height":512,"caption":"Gaia Lux"},"image":{"@id":"https:\/\/gaia-lux.ch\/#\/schema\/logo\/image\/"}}]}},"_links":{"self":[{"href":"https:\/\/gaia-lux.ch\/fr\/wp-json\/wp\/v2\/product\/12129","targetHints":{"allow":["GET"]}}],"collection":[{"href":"https:\/\/gaia-lux.ch\/fr\/wp-json\/wp\/v2\/product"}],"about":[{"href":"https:\/\/gaia-lux.ch\/fr\/wp-json\/wp\/v2\/types\/product"}],"version-history":[{"count":2,"href":"https:\/\/gaia-lux.ch\/fr\/wp-json\/wp\/v2\/product\/12129\/revisions"}],"predecessor-version":[{"id":12174,"href":"https:\/\/gaia-lux.ch\/fr\/wp-json\/wp\/v2\/product\/12129\/revisions\/12174"}],"wp:featuredmedia":[{"embeddable":true,"href":"https:\/\/gaia-lux.ch\/fr\/wp-json\/wp\/v2\/media\/12145"}],"wp:attachment":[{"href":"https:\/\/gaia-lux.ch\/fr\/wp-json\/wp\/v2\/media?parent=12129"}],"wp:term":[{"taxonomy":"product_brand","embeddable":true,"href":"https:\/\/gaia-lux.ch\/fr\/wp-json\/wp\/v2\/product_brand?post=12129"},{"taxonomy":"product_cat","embeddable":true,"href":"https:\/\/gaia-lux.ch\/fr\/wp-json\/wp\/v2\/product_cat?post=12129"},{"taxonomy":"product_tag","embeddable":true,"href":"https:\/\/gaia-lux.ch\/fr\/wp-json\/wp\/v2\/product_tag?post=12129"}],"curies":[{"name":"wp","href":"https:\/\/api.w.org\/{rel}","templated":true}]}}