{"id":12132,"date":"2025-09-08T11:57:48","date_gmt":"2025-09-08T09:57:48","guid":{"rendered":"https:\/\/gaia-lux.ch\/?post_type=product&#038;p=12132"},"modified":"2025-09-08T12:38:34","modified_gmt":"2025-09-08T10:38:34","slug":"birkin-35-crocodile-porosus-noir-phw","status":"publish","type":"product","link":"https:\/\/gaia-lux.ch\/fr\/produit\/birkin-35-crocodile-porosus-noir-phw\/","title":{"rendered":"Birkin 35 Crocodile Porosus Noir PHW"},"content":{"rendered":"","protected":false},"excerpt":{"rendered":"<p data-start=\"246\" data-end=\"555\">Ic\u00f4ne absolue de la maroquinerie d\u2019exception, ce <strong data-start=\"295\" data-end=\"308\">Birkin 35<\/strong> est r\u00e9alis\u00e9 en <strong data-start=\"324\" data-end=\"345\">crocodile Porosus<\/strong>, la mati\u00e8re la plus rare et prestigieuse de la Maison Herm\u00e8s. Son <strong data-start=\"412\" data-end=\"429\">fini brillant<\/strong> magnifie la profondeur du <strong data-start=\"456\" data-end=\"464\">noir<\/strong>, offrant un \u00e9clat sophistiqu\u00e9 et intemporel, id\u00e9al pour un look de jour comme de soir\u00e9e.<\/p>\n<p data-start=\"246\" data-end=\"555\">La <strong data-start=\"560\" data-end=\"593\">bijouterie palladium (PHW)<\/strong> vient parfaire ce mod\u00e8le en apportant une touche moderne et \u00e9l\u00e9gante. Ce sac sorti en 2013 est pr\u00e9sent\u00e9 en <strong data-start=\"687\" data-end=\"699\">bon \u00e9tat<\/strong>, avec de l\u00e9g\u00e8res marques d\u2019usage coh\u00e9rentes avec sa nature en cuir exotique.<\/p>\n<p data-start=\"780\" data-end=\"937\">Il est livr\u00e9 <strong data-start=\"793\" data-end=\"818\">sans bo\u00eete ni facture<\/strong>, mais accompagn\u00e9 de sa <strong data-start=\"842\" data-end=\"884\">clochette, cl\u00e9, dustbag et protection<\/strong>.<\/p>\n","protected":false},"featured_media":12143,"template":"","meta":[],"product_brand":[],"product_cat":[324,216],"product_tag":[],"class_list":{"0":"post-12132","1":"product","2":"type-product","3":"status-publish","4":"has-post-thumbnail","6":"product_cat-birkin","7":"product_cat-les-sacs","8":"ts_product_brand-birkin","10":"first","11":"outofstock","12":"taxable","13":"shipping-taxable","14":"purchasable","15":"product-type-simple","16":"add-to-wishlist-before_add_to_cart"},"yoast_head":"<!-- This site is optimized with the Yoast SEO plugin v27.3 - https:\/\/yoast.com\/product\/yoast-seo-wordpress\/ -->\n<title>Birkin 35 Crocodile Porosus Noir PHW - Gaia Lux<\/title>\n<meta name=\"robots\" content=\"index, follow, max-snippet:-1, max-image-preview:large, max-video-preview:-1\" \/>\n<link rel=\"canonical\" href=\"https:\/\/gaia-lux.ch\/fr\/produit\/birkin-35-crocodile-porosus-noir-phw\/\" \/>\n<meta property=\"og:locale\" content=\"fr_FR\" \/>\n<meta property=\"og:type\" content=\"article\" \/>\n<meta property=\"og:title\" content=\"Birkin 35 Crocodile Porosus Noir PHW - Gaia Lux\" \/>\n<meta property=\"og:description\" content=\"Ic\u00f4ne absolue de la maroquinerie d\u2019exception, ce Birkin 35 est r\u00e9alis\u00e9 en crocodile Porosus, la mati\u00e8re la plus rare et prestigieuse de la Maison Herm\u00e8s. Son fini brillant magnifie la profondeur du noir, offrant un \u00e9clat sophistiqu\u00e9 et intemporel, id\u00e9al pour un look de jour comme de soir\u00e9e. La bijouterie palladium (PHW) vient parfaire ce mod\u00e8le en apportant une touche moderne et \u00e9l\u00e9gante. Ce sac sorti en 2013 est pr\u00e9sent\u00e9 en bon \u00e9tat, avec de l\u00e9g\u00e8res marques d\u2019usage coh\u00e9rentes avec sa nature en cuir exotique. Il est livr\u00e9 sans bo\u00eete ni facture, mais accompagn\u00e9 de sa clochette, cl\u00e9, dustbag et protection.\" \/>\n<meta property=\"og:url\" content=\"https:\/\/gaia-lux.ch\/fr\/produit\/birkin-35-crocodile-porosus-noir-phw\/\" \/>\n<meta property=\"og:site_name\" content=\"Gaia Lux\" \/>\n<meta property=\"article:modified_time\" content=\"2025-09-08T10:38:34+00:00\" \/>\n<meta property=\"og:image\" content=\"https:\/\/gaia-lux.ch\/wp-content\/uploads\/2025\/09\/white-Photoroom-Photoroom-copie-10-2.png\" \/>\n\t<meta property=\"og:image:width\" content=\"1512\" \/>\n\t<meta property=\"og:image:height\" content=\"1512\" \/>\n\t<meta property=\"og:image:type\" content=\"image\/png\" \/>\n<meta name=\"twitter:card\" content=\"summary_large_image\" \/>\n<meta name=\"twitter:label1\" content=\"Dur\u00e9e de lecture estim\u00e9e\" \/>\n\t<meta name=\"twitter:data1\" content=\"1 minute\" \/>\n<script type=\"application\/ld+json\" class=\"yoast-schema-graph\">{\"@context\":\"https:\\\/\\\/schema.org\",\"@graph\":[{\"@type\":\"WebPage\",\"@id\":\"https:\\\/\\\/gaia-lux.ch\\\/produit\\\/birkin-35-crocodile-porosus-noir-phw\\\/\",\"url\":\"https:\\\/\\\/gaia-lux.ch\\\/produit\\\/birkin-35-crocodile-porosus-noir-phw\\\/\",\"name\":\"Birkin 35 Crocodile Porosus Noir PHW - Gaia Lux\",\"isPartOf\":{\"@id\":\"https:\\\/\\\/gaia-lux.ch\\\/#website\"},\"primaryImageOfPage\":{\"@id\":\"https:\\\/\\\/gaia-lux.ch\\\/produit\\\/birkin-35-crocodile-porosus-noir-phw\\\/#primaryimage\"},\"image\":{\"@id\":\"https:\\\/\\\/gaia-lux.ch\\\/produit\\\/birkin-35-crocodile-porosus-noir-phw\\\/#primaryimage\"},\"thumbnailUrl\":\"https:\\\/\\\/gaia-lux.ch\\\/wp-content\\\/uploads\\\/2025\\\/09\\\/white-Photoroom-Photoroom-copie-10-2.png\",\"datePublished\":\"2025-09-08T09:57:48+00:00\",\"dateModified\":\"2025-09-08T10:38:34+00:00\",\"breadcrumb\":{\"@id\":\"https:\\\/\\\/gaia-lux.ch\\\/produit\\\/birkin-35-crocodile-porosus-noir-phw\\\/#breadcrumb\"},\"inLanguage\":\"fr-FR\",\"potentialAction\":[{\"@type\":\"ReadAction\",\"target\":[\"https:\\\/\\\/gaia-lux.ch\\\/produit\\\/birkin-35-crocodile-porosus-noir-phw\\\/\"]}]},{\"@type\":\"ImageObject\",\"inLanguage\":\"fr-FR\",\"@id\":\"https:\\\/\\\/gaia-lux.ch\\\/produit\\\/birkin-35-crocodile-porosus-noir-phw\\\/#primaryimage\",\"url\":\"https:\\\/\\\/gaia-lux.ch\\\/wp-content\\\/uploads\\\/2025\\\/09\\\/white-Photoroom-Photoroom-copie-10-2.png\",\"contentUrl\":\"https:\\\/\\\/gaia-lux.ch\\\/wp-content\\\/uploads\\\/2025\\\/09\\\/white-Photoroom-Photoroom-copie-10-2.png\",\"width\":1512,\"height\":1512},{\"@type\":\"BreadcrumbList\",\"@id\":\"https:\\\/\\\/gaia-lux.ch\\\/produit\\\/birkin-35-crocodile-porosus-noir-phw\\\/#breadcrumb\",\"itemListElement\":[{\"@type\":\"ListItem\",\"position\":1,\"name\":\"Accueil\",\"item\":\"https:\\\/\\\/gaia-lux.ch\\\/\"},{\"@type\":\"ListItem\",\"position\":2,\"name\":\"Boutique\",\"item\":\"https:\\\/\\\/gaia-lux.ch\\\/boutique\\\/\"},{\"@type\":\"ListItem\",\"position\":3,\"name\":\"Birkin 35 Crocodile Porosus Noir PHW\"}]},{\"@type\":\"WebSite\",\"@id\":\"https:\\\/\\\/gaia-lux.ch\\\/#website\",\"url\":\"https:\\\/\\\/gaia-lux.ch\\\/\",\"name\":\"Gaia Lux\",\"description\":\"Des pi\u00e8ces uniques, rares et limit\u00e9s.\",\"publisher\":{\"@id\":\"https:\\\/\\\/gaia-lux.ch\\\/#organization\"},\"alternateName\":\"Gaia Lux : Sp\u00e9cialis\u00e9s dans la recherche de sacs Herm\u00e8s rares et limit\u00e9s.\",\"potentialAction\":[{\"@type\":\"SearchAction\",\"target\":{\"@type\":\"EntryPoint\",\"urlTemplate\":\"https:\\\/\\\/gaia-lux.ch\\\/?s={search_term_string}\"},\"query-input\":{\"@type\":\"PropertyValueSpecification\",\"valueRequired\":true,\"valueName\":\"search_term_string\"}}],\"inLanguage\":\"fr-FR\"},{\"@type\":\"Organization\",\"@id\":\"https:\\\/\\\/gaia-lux.ch\\\/#organization\",\"name\":\"Gaia Lux\",\"url\":\"https:\\\/\\\/gaia-lux.ch\\\/\",\"logo\":{\"@type\":\"ImageObject\",\"inLanguage\":\"fr-FR\",\"@id\":\"https:\\\/\\\/gaia-lux.ch\\\/#\\\/schema\\\/logo\\\/image\\\/\",\"url\":\"https:\\\/\\\/gaia-lux.ch\\\/wp-content\\\/uploads\\\/2025\\\/06\\\/cropped-LOGO-GAIA-2-Photoroom.png\",\"contentUrl\":\"https:\\\/\\\/gaia-lux.ch\\\/wp-content\\\/uploads\\\/2025\\\/06\\\/cropped-LOGO-GAIA-2-Photoroom.png\",\"width\":512,\"height\":512,\"caption\":\"Gaia Lux\"},\"image\":{\"@id\":\"https:\\\/\\\/gaia-lux.ch\\\/#\\\/schema\\\/logo\\\/image\\\/\"}}]}<\/script>\n<!-- \/ Yoast SEO plugin. -->","yoast_head_json":{"title":"Birkin 35 Crocodile Porosus Noir PHW - Gaia Lux","robots":{"index":"index","follow":"follow","max-snippet":"max-snippet:-1","max-image-preview":"max-image-preview:large","max-video-preview":"max-video-preview:-1"},"canonical":"https:\/\/gaia-lux.ch\/fr\/produit\/birkin-35-crocodile-porosus-noir-phw\/","og_locale":"fr_FR","og_type":"article","og_title":"Birkin 35 Crocodile Porosus Noir PHW - Gaia Lux","og_description":"Ic\u00f4ne absolue de la maroquinerie d\u2019exception, ce Birkin 35 est r\u00e9alis\u00e9 en crocodile Porosus, la mati\u00e8re la plus rare et prestigieuse de la Maison Herm\u00e8s. Son fini brillant magnifie la profondeur du noir, offrant un \u00e9clat sophistiqu\u00e9 et intemporel, id\u00e9al pour un look de jour comme de soir\u00e9e. La bijouterie palladium (PHW) vient parfaire ce mod\u00e8le en apportant une touche moderne et \u00e9l\u00e9gante. Ce sac sorti en 2013 est pr\u00e9sent\u00e9 en bon \u00e9tat, avec de l\u00e9g\u00e8res marques d\u2019usage coh\u00e9rentes avec sa nature en cuir exotique. Il est livr\u00e9 sans bo\u00eete ni facture, mais accompagn\u00e9 de sa clochette, cl\u00e9, dustbag et protection.","og_url":"https:\/\/gaia-lux.ch\/fr\/produit\/birkin-35-crocodile-porosus-noir-phw\/","og_site_name":"Gaia Lux","article_modified_time":"2025-09-08T10:38:34+00:00","og_image":[{"width":1512,"height":1512,"url":"https:\/\/gaia-lux.ch\/wp-content\/uploads\/2025\/09\/white-Photoroom-Photoroom-copie-10-2.png","type":"image\/png"}],"twitter_card":"summary_large_image","twitter_misc":{"Dur\u00e9e de lecture estim\u00e9e":"1 minute"},"schema":{"@context":"https:\/\/schema.org","@graph":[{"@type":"WebPage","@id":"https:\/\/gaia-lux.ch\/produit\/birkin-35-crocodile-porosus-noir-phw\/","url":"https:\/\/gaia-lux.ch\/produit\/birkin-35-crocodile-porosus-noir-phw\/","name":"Birkin 35 Crocodile Porosus Noir PHW - Gaia Lux","isPartOf":{"@id":"https:\/\/gaia-lux.ch\/#website"},"primaryImageOfPage":{"@id":"https:\/\/gaia-lux.ch\/produit\/birkin-35-crocodile-porosus-noir-phw\/#primaryimage"},"image":{"@id":"https:\/\/gaia-lux.ch\/produit\/birkin-35-crocodile-porosus-noir-phw\/#primaryimage"},"thumbnailUrl":"https:\/\/gaia-lux.ch\/wp-content\/uploads\/2025\/09\/white-Photoroom-Photoroom-copie-10-2.png","datePublished":"2025-09-08T09:57:48+00:00","dateModified":"2025-09-08T10:38:34+00:00","breadcrumb":{"@id":"https:\/\/gaia-lux.ch\/produit\/birkin-35-crocodile-porosus-noir-phw\/#breadcrumb"},"inLanguage":"fr-FR","potentialAction":[{"@type":"ReadAction","target":["https:\/\/gaia-lux.ch\/produit\/birkin-35-crocodile-porosus-noir-phw\/"]}]},{"@type":"ImageObject","inLanguage":"fr-FR","@id":"https:\/\/gaia-lux.ch\/produit\/birkin-35-crocodile-porosus-noir-phw\/#primaryimage","url":"https:\/\/gaia-lux.ch\/wp-content\/uploads\/2025\/09\/white-Photoroom-Photoroom-copie-10-2.png","contentUrl":"https:\/\/gaia-lux.ch\/wp-content\/uploads\/2025\/09\/white-Photoroom-Photoroom-copie-10-2.png","width":1512,"height":1512},{"@type":"BreadcrumbList","@id":"https:\/\/gaia-lux.ch\/produit\/birkin-35-crocodile-porosus-noir-phw\/#breadcrumb","itemListElement":[{"@type":"ListItem","position":1,"name":"Accueil","item":"https:\/\/gaia-lux.ch\/"},{"@type":"ListItem","position":2,"name":"Boutique","item":"https:\/\/gaia-lux.ch\/boutique\/"},{"@type":"ListItem","position":3,"name":"Birkin 35 Crocodile Porosus Noir PHW"}]},{"@type":"WebSite","@id":"https:\/\/gaia-lux.ch\/#website","url":"https:\/\/gaia-lux.ch\/","name":"Gaia Lux","description":"Des pi\u00e8ces uniques, rares et limit\u00e9s.","publisher":{"@id":"https:\/\/gaia-lux.ch\/#organization"},"alternateName":"Gaia Lux : Sp\u00e9cialis\u00e9s dans la recherche de sacs Herm\u00e8s rares et limit\u00e9s.","potentialAction":[{"@type":"SearchAction","target":{"@type":"EntryPoint","urlTemplate":"https:\/\/gaia-lux.ch\/?s={search_term_string}"},"query-input":{"@type":"PropertyValueSpecification","valueRequired":true,"valueName":"search_term_string"}}],"inLanguage":"fr-FR"},{"@type":"Organization","@id":"https:\/\/gaia-lux.ch\/#organization","name":"Gaia Lux","url":"https:\/\/gaia-lux.ch\/","logo":{"@type":"ImageObject","inLanguage":"fr-FR","@id":"https:\/\/gaia-lux.ch\/#\/schema\/logo\/image\/","url":"https:\/\/gaia-lux.ch\/wp-content\/uploads\/2025\/06\/cropped-LOGO-GAIA-2-Photoroom.png","contentUrl":"https:\/\/gaia-lux.ch\/wp-content\/uploads\/2025\/06\/cropped-LOGO-GAIA-2-Photoroom.png","width":512,"height":512,"caption":"Gaia Lux"},"image":{"@id":"https:\/\/gaia-lux.ch\/#\/schema\/logo\/image\/"}}]}},"_links":{"self":[{"href":"https:\/\/gaia-lux.ch\/fr\/wp-json\/wp\/v2\/product\/12132","targetHints":{"allow":["GET"]}}],"collection":[{"href":"https:\/\/gaia-lux.ch\/fr\/wp-json\/wp\/v2\/product"}],"about":[{"href":"https:\/\/gaia-lux.ch\/fr\/wp-json\/wp\/v2\/types\/product"}],"version-history":[{"count":2,"href":"https:\/\/gaia-lux.ch\/fr\/wp-json\/wp\/v2\/product\/12132\/revisions"}],"predecessor-version":[{"id":12158,"href":"https:\/\/gaia-lux.ch\/fr\/wp-json\/wp\/v2\/product\/12132\/revisions\/12158"}],"wp:featuredmedia":[{"embeddable":true,"href":"https:\/\/gaia-lux.ch\/fr\/wp-json\/wp\/v2\/media\/12143"}],"wp:attachment":[{"href":"https:\/\/gaia-lux.ch\/fr\/wp-json\/wp\/v2\/media?parent=12132"}],"wp:term":[{"taxonomy":"product_brand","embeddable":true,"href":"https:\/\/gaia-lux.ch\/fr\/wp-json\/wp\/v2\/product_brand?post=12132"},{"taxonomy":"product_cat","embeddable":true,"href":"https:\/\/gaia-lux.ch\/fr\/wp-json\/wp\/v2\/product_cat?post=12132"},{"taxonomy":"product_tag","embeddable":true,"href":"https:\/\/gaia-lux.ch\/fr\/wp-json\/wp\/v2\/product_tag?post=12132"}],"curies":[{"name":"wp","href":"https:\/\/api.w.org\/{rel}","templated":true}]}}