{"id":12206,"date":"2025-09-24T11:14:04","date_gmt":"2025-09-24T09:14:04","guid":{"rendered":"https:\/\/gaia-lux.ch\/?post_type=product&#038;p=12206"},"modified":"2025-09-29T11:02:36","modified_gmt":"2025-09-29T09:02:36","slug":"birkin-30-hss-epsom-retourne-craie-etain-gbhw","status":"publish","type":"product","link":"https:\/\/gaia-lux.ch\/fr\/produit\/birkin-30-hss-epsom-retourne-craie-etain-gbhw\/","title":{"rendered":"Birkin 30 HSS Epsom retourn\u00e9 Craie &#038; Etain GBHW"},"content":{"rendered":"","protected":false},"excerpt":{"rendered":"<p data-start=\"290\" data-end=\"634\">Une cr\u00e9ation sur-mesure rare et sophistiqu\u00e9e : ce <strong data-start=\"340\" data-end=\"353\">Birkin 30<\/strong> est une <strong data-start=\"362\" data-end=\"407\">commande sp\u00e9ciale Herm\u00e8s (Horseshoe, HSS)<\/strong>, reconnaissable \u00e0 son fer \u00e0 cheval grav\u00e9 \u00e0 c\u00f4t\u00e9 du logo. Il marie harmonieusement le d\u00e9licat <strong data-start=\"501\" data-end=\"510\">Craie<\/strong>, un blanc cass\u00e9 lumineux, au raffin\u00e9 <strong data-start=\"548\" data-end=\"557\">\u00c9tain<\/strong>.<\/p>\n<p data-start=\"636\" data-end=\"882\">Confectionn\u00e9 en <strong data-start=\"652\" data-end=\"675\">cuir Epsom retourn\u00e9<\/strong>, ce mod\u00e8le se distingue par sa <strong data-start=\"772\" data-end=\"808\">bijouterie en or Bross\u00e9 (GBHW)<\/strong>, une finition mate et pr\u00e9cieuse qui sublime l\u2019ensemble.<\/p>\n<p data-start=\"884\" data-end=\"1062\">Dat\u00e9 de <strong data-start=\"892\" data-end=\"900\">2022<\/strong>, ce sac est <strong data-start=\"913\" data-end=\"957\">neuf et conserv\u00e9 non port\u00e9 (kept unworn)<\/strong>, livr\u00e9 en <strong data-start=\"968\" data-end=\"988\">full set complet<\/strong> : bo\u00eete Herm\u00e8s, dustbag, cadenas, clochette, cl\u00e9s, certificat d&#8217;authenticit\u00e9 Bababebi ,mais sans facture originale.<\/p>\n","protected":false},"featured_media":12198,"template":"","meta":[],"product_brand":[],"product_cat":[324,216],"product_tag":[],"class_list":{"0":"post-12206","1":"product","2":"type-product","3":"status-publish","4":"has-post-thumbnail","6":"product_cat-birkin","7":"product_cat-les-sacs","8":"ts_product_brand-birkin","10":"first","11":"outofstock","12":"taxable","13":"shipping-taxable","14":"purchasable","15":"product-type-simple","16":"add-to-wishlist-before_add_to_cart"},"yoast_head":"<!-- This site is optimized with the Yoast SEO plugin v27.3 - https:\/\/yoast.com\/product\/yoast-seo-wordpress\/ -->\n<title>Birkin 30 HSS Epsom retourn\u00e9 Craie &amp; Etain GBHW - Gaia Lux<\/title>\n<meta name=\"robots\" content=\"index, follow, max-snippet:-1, max-image-preview:large, max-video-preview:-1\" \/>\n<link rel=\"canonical\" href=\"https:\/\/gaia-lux.ch\/fr\/produit\/birkin-30-hss-epsom-retourne-craie-etain-gbhw\/\" \/>\n<meta property=\"og:locale\" content=\"fr_FR\" \/>\n<meta property=\"og:type\" content=\"article\" \/>\n<meta property=\"og:title\" content=\"Birkin 30 HSS Epsom retourn\u00e9 Craie &amp; Etain GBHW - Gaia Lux\" \/>\n<meta property=\"og:description\" content=\"Une cr\u00e9ation sur-mesure rare et sophistiqu\u00e9e : ce Birkin 30 est une commande sp\u00e9ciale Herm\u00e8s (Horseshoe, HSS), reconnaissable \u00e0 son fer \u00e0 cheval grav\u00e9 \u00e0 c\u00f4t\u00e9 du logo. Il marie harmonieusement le d\u00e9licat Craie, un blanc cass\u00e9 lumineux, au raffin\u00e9 \u00c9tain. Confectionn\u00e9 en cuir Epsom retourn\u00e9, ce mod\u00e8le se distingue par sa bijouterie en or Bross\u00e9 (GBHW), une finition mate et pr\u00e9cieuse qui sublime l\u2019ensemble. Dat\u00e9 de 2022, ce sac est neuf et conserv\u00e9 non port\u00e9 (kept unworn), livr\u00e9 en full set complet : bo\u00eete Herm\u00e8s, dustbag, cadenas, clochette, cl\u00e9s, certificat d&#039;authenticit\u00e9 Bababebi ,mais sans facture originale.\" \/>\n<meta property=\"og:url\" content=\"https:\/\/gaia-lux.ch\/fr\/produit\/birkin-30-hss-epsom-retourne-craie-etain-gbhw\/\" \/>\n<meta property=\"og:site_name\" content=\"Gaia Lux\" \/>\n<meta property=\"article:modified_time\" content=\"2025-09-29T09:02:36+00:00\" \/>\n<meta property=\"og:image\" content=\"https:\/\/gaia-lux.ch\/wp-content\/uploads\/2025\/09\/white-Photoroom-1-4.png\" \/>\n\t<meta property=\"og:image:width\" content=\"1512\" \/>\n\t<meta property=\"og:image:height\" content=\"1512\" \/>\n\t<meta property=\"og:image:type\" content=\"image\/png\" \/>\n<meta name=\"twitter:card\" content=\"summary_large_image\" \/>\n<meta name=\"twitter:label1\" content=\"Dur\u00e9e de lecture estim\u00e9e\" \/>\n\t<meta name=\"twitter:data1\" content=\"1 minute\" \/>\n<script type=\"application\/ld+json\" class=\"yoast-schema-graph\">{\"@context\":\"https:\\\/\\\/schema.org\",\"@graph\":[{\"@type\":\"WebPage\",\"@id\":\"https:\\\/\\\/gaia-lux.ch\\\/produit\\\/birkin-30-hss-epsom-retourne-craie-etain-gbhw\\\/\",\"url\":\"https:\\\/\\\/gaia-lux.ch\\\/produit\\\/birkin-30-hss-epsom-retourne-craie-etain-gbhw\\\/\",\"name\":\"Birkin 30 HSS Epsom retourn\u00e9 Craie & Etain GBHW - Gaia Lux\",\"isPartOf\":{\"@id\":\"https:\\\/\\\/gaia-lux.ch\\\/#website\"},\"primaryImageOfPage\":{\"@id\":\"https:\\\/\\\/gaia-lux.ch\\\/produit\\\/birkin-30-hss-epsom-retourne-craie-etain-gbhw\\\/#primaryimage\"},\"image\":{\"@id\":\"https:\\\/\\\/gaia-lux.ch\\\/produit\\\/birkin-30-hss-epsom-retourne-craie-etain-gbhw\\\/#primaryimage\"},\"thumbnailUrl\":\"https:\\\/\\\/gaia-lux.ch\\\/wp-content\\\/uploads\\\/2025\\\/09\\\/white-Photoroom-1-4.png\",\"datePublished\":\"2025-09-24T09:14:04+00:00\",\"dateModified\":\"2025-09-29T09:02:36+00:00\",\"breadcrumb\":{\"@id\":\"https:\\\/\\\/gaia-lux.ch\\\/produit\\\/birkin-30-hss-epsom-retourne-craie-etain-gbhw\\\/#breadcrumb\"},\"inLanguage\":\"fr-FR\",\"potentialAction\":[{\"@type\":\"ReadAction\",\"target\":[\"https:\\\/\\\/gaia-lux.ch\\\/produit\\\/birkin-30-hss-epsom-retourne-craie-etain-gbhw\\\/\"]}]},{\"@type\":\"ImageObject\",\"inLanguage\":\"fr-FR\",\"@id\":\"https:\\\/\\\/gaia-lux.ch\\\/produit\\\/birkin-30-hss-epsom-retourne-craie-etain-gbhw\\\/#primaryimage\",\"url\":\"https:\\\/\\\/gaia-lux.ch\\\/wp-content\\\/uploads\\\/2025\\\/09\\\/white-Photoroom-1-4.png\",\"contentUrl\":\"https:\\\/\\\/gaia-lux.ch\\\/wp-content\\\/uploads\\\/2025\\\/09\\\/white-Photoroom-1-4.png\",\"width\":1512,\"height\":1512},{\"@type\":\"BreadcrumbList\",\"@id\":\"https:\\\/\\\/gaia-lux.ch\\\/produit\\\/birkin-30-hss-epsom-retourne-craie-etain-gbhw\\\/#breadcrumb\",\"itemListElement\":[{\"@type\":\"ListItem\",\"position\":1,\"name\":\"Accueil\",\"item\":\"https:\\\/\\\/gaia-lux.ch\\\/\"},{\"@type\":\"ListItem\",\"position\":2,\"name\":\"Boutique\",\"item\":\"https:\\\/\\\/gaia-lux.ch\\\/boutique\\\/\"},{\"@type\":\"ListItem\",\"position\":3,\"name\":\"Birkin 30 HSS Epsom retourn\u00e9 Craie &#038; Etain GBHW\"}]},{\"@type\":\"WebSite\",\"@id\":\"https:\\\/\\\/gaia-lux.ch\\\/#website\",\"url\":\"https:\\\/\\\/gaia-lux.ch\\\/\",\"name\":\"Gaia Lux\",\"description\":\"Des pi\u00e8ces uniques, rares et limit\u00e9s.\",\"publisher\":{\"@id\":\"https:\\\/\\\/gaia-lux.ch\\\/#organization\"},\"alternateName\":\"Gaia Lux : Sp\u00e9cialis\u00e9s dans la recherche de sacs Herm\u00e8s rares et limit\u00e9s.\",\"potentialAction\":[{\"@type\":\"SearchAction\",\"target\":{\"@type\":\"EntryPoint\",\"urlTemplate\":\"https:\\\/\\\/gaia-lux.ch\\\/?s={search_term_string}\"},\"query-input\":{\"@type\":\"PropertyValueSpecification\",\"valueRequired\":true,\"valueName\":\"search_term_string\"}}],\"inLanguage\":\"fr-FR\"},{\"@type\":\"Organization\",\"@id\":\"https:\\\/\\\/gaia-lux.ch\\\/#organization\",\"name\":\"Gaia Lux\",\"url\":\"https:\\\/\\\/gaia-lux.ch\\\/\",\"logo\":{\"@type\":\"ImageObject\",\"inLanguage\":\"fr-FR\",\"@id\":\"https:\\\/\\\/gaia-lux.ch\\\/#\\\/schema\\\/logo\\\/image\\\/\",\"url\":\"https:\\\/\\\/gaia-lux.ch\\\/wp-content\\\/uploads\\\/2025\\\/06\\\/cropped-LOGO-GAIA-2-Photoroom.png\",\"contentUrl\":\"https:\\\/\\\/gaia-lux.ch\\\/wp-content\\\/uploads\\\/2025\\\/06\\\/cropped-LOGO-GAIA-2-Photoroom.png\",\"width\":512,\"height\":512,\"caption\":\"Gaia Lux\"},\"image\":{\"@id\":\"https:\\\/\\\/gaia-lux.ch\\\/#\\\/schema\\\/logo\\\/image\\\/\"}}]}<\/script>\n<!-- \/ Yoast SEO plugin. -->","yoast_head_json":{"title":"Birkin 30 HSS Epsom retourn\u00e9 Craie & Etain GBHW - Gaia Lux","robots":{"index":"index","follow":"follow","max-snippet":"max-snippet:-1","max-image-preview":"max-image-preview:large","max-video-preview":"max-video-preview:-1"},"canonical":"https:\/\/gaia-lux.ch\/fr\/produit\/birkin-30-hss-epsom-retourne-craie-etain-gbhw\/","og_locale":"fr_FR","og_type":"article","og_title":"Birkin 30 HSS Epsom retourn\u00e9 Craie & Etain GBHW - Gaia Lux","og_description":"Une cr\u00e9ation sur-mesure rare et sophistiqu\u00e9e : ce Birkin 30 est une commande sp\u00e9ciale Herm\u00e8s (Horseshoe, HSS), reconnaissable \u00e0 son fer \u00e0 cheval grav\u00e9 \u00e0 c\u00f4t\u00e9 du logo. Il marie harmonieusement le d\u00e9licat Craie, un blanc cass\u00e9 lumineux, au raffin\u00e9 \u00c9tain. Confectionn\u00e9 en cuir Epsom retourn\u00e9, ce mod\u00e8le se distingue par sa bijouterie en or Bross\u00e9 (GBHW), une finition mate et pr\u00e9cieuse qui sublime l\u2019ensemble. Dat\u00e9 de 2022, ce sac est neuf et conserv\u00e9 non port\u00e9 (kept unworn), livr\u00e9 en full set complet : bo\u00eete Herm\u00e8s, dustbag, cadenas, clochette, cl\u00e9s, certificat d'authenticit\u00e9 Bababebi ,mais sans facture originale.","og_url":"https:\/\/gaia-lux.ch\/fr\/produit\/birkin-30-hss-epsom-retourne-craie-etain-gbhw\/","og_site_name":"Gaia Lux","article_modified_time":"2025-09-29T09:02:36+00:00","og_image":[{"width":1512,"height":1512,"url":"https:\/\/gaia-lux.ch\/wp-content\/uploads\/2025\/09\/white-Photoroom-1-4.png","type":"image\/png"}],"twitter_card":"summary_large_image","twitter_misc":{"Dur\u00e9e de lecture estim\u00e9e":"1 minute"},"schema":{"@context":"https:\/\/schema.org","@graph":[{"@type":"WebPage","@id":"https:\/\/gaia-lux.ch\/produit\/birkin-30-hss-epsom-retourne-craie-etain-gbhw\/","url":"https:\/\/gaia-lux.ch\/produit\/birkin-30-hss-epsom-retourne-craie-etain-gbhw\/","name":"Birkin 30 HSS Epsom retourn\u00e9 Craie & Etain GBHW - Gaia Lux","isPartOf":{"@id":"https:\/\/gaia-lux.ch\/#website"},"primaryImageOfPage":{"@id":"https:\/\/gaia-lux.ch\/produit\/birkin-30-hss-epsom-retourne-craie-etain-gbhw\/#primaryimage"},"image":{"@id":"https:\/\/gaia-lux.ch\/produit\/birkin-30-hss-epsom-retourne-craie-etain-gbhw\/#primaryimage"},"thumbnailUrl":"https:\/\/gaia-lux.ch\/wp-content\/uploads\/2025\/09\/white-Photoroom-1-4.png","datePublished":"2025-09-24T09:14:04+00:00","dateModified":"2025-09-29T09:02:36+00:00","breadcrumb":{"@id":"https:\/\/gaia-lux.ch\/produit\/birkin-30-hss-epsom-retourne-craie-etain-gbhw\/#breadcrumb"},"inLanguage":"fr-FR","potentialAction":[{"@type":"ReadAction","target":["https:\/\/gaia-lux.ch\/produit\/birkin-30-hss-epsom-retourne-craie-etain-gbhw\/"]}]},{"@type":"ImageObject","inLanguage":"fr-FR","@id":"https:\/\/gaia-lux.ch\/produit\/birkin-30-hss-epsom-retourne-craie-etain-gbhw\/#primaryimage","url":"https:\/\/gaia-lux.ch\/wp-content\/uploads\/2025\/09\/white-Photoroom-1-4.png","contentUrl":"https:\/\/gaia-lux.ch\/wp-content\/uploads\/2025\/09\/white-Photoroom-1-4.png","width":1512,"height":1512},{"@type":"BreadcrumbList","@id":"https:\/\/gaia-lux.ch\/produit\/birkin-30-hss-epsom-retourne-craie-etain-gbhw\/#breadcrumb","itemListElement":[{"@type":"ListItem","position":1,"name":"Accueil","item":"https:\/\/gaia-lux.ch\/"},{"@type":"ListItem","position":2,"name":"Boutique","item":"https:\/\/gaia-lux.ch\/boutique\/"},{"@type":"ListItem","position":3,"name":"Birkin 30 HSS Epsom retourn\u00e9 Craie &#038; Etain GBHW"}]},{"@type":"WebSite","@id":"https:\/\/gaia-lux.ch\/#website","url":"https:\/\/gaia-lux.ch\/","name":"Gaia Lux","description":"Des pi\u00e8ces uniques, rares et limit\u00e9s.","publisher":{"@id":"https:\/\/gaia-lux.ch\/#organization"},"alternateName":"Gaia Lux : Sp\u00e9cialis\u00e9s dans la recherche de sacs Herm\u00e8s rares et limit\u00e9s.","potentialAction":[{"@type":"SearchAction","target":{"@type":"EntryPoint","urlTemplate":"https:\/\/gaia-lux.ch\/?s={search_term_string}"},"query-input":{"@type":"PropertyValueSpecification","valueRequired":true,"valueName":"search_term_string"}}],"inLanguage":"fr-FR"},{"@type":"Organization","@id":"https:\/\/gaia-lux.ch\/#organization","name":"Gaia Lux","url":"https:\/\/gaia-lux.ch\/","logo":{"@type":"ImageObject","inLanguage":"fr-FR","@id":"https:\/\/gaia-lux.ch\/#\/schema\/logo\/image\/","url":"https:\/\/gaia-lux.ch\/wp-content\/uploads\/2025\/06\/cropped-LOGO-GAIA-2-Photoroom.png","contentUrl":"https:\/\/gaia-lux.ch\/wp-content\/uploads\/2025\/06\/cropped-LOGO-GAIA-2-Photoroom.png","width":512,"height":512,"caption":"Gaia Lux"},"image":{"@id":"https:\/\/gaia-lux.ch\/#\/schema\/logo\/image\/"}}]}},"_links":{"self":[{"href":"https:\/\/gaia-lux.ch\/fr\/wp-json\/wp\/v2\/product\/12206","targetHints":{"allow":["GET"]}}],"collection":[{"href":"https:\/\/gaia-lux.ch\/fr\/wp-json\/wp\/v2\/product"}],"about":[{"href":"https:\/\/gaia-lux.ch\/fr\/wp-json\/wp\/v2\/types\/product"}],"version-history":[{"count":2,"href":"https:\/\/gaia-lux.ch\/fr\/wp-json\/wp\/v2\/product\/12206\/revisions"}],"predecessor-version":[{"id":12213,"href":"https:\/\/gaia-lux.ch\/fr\/wp-json\/wp\/v2\/product\/12206\/revisions\/12213"}],"wp:featuredmedia":[{"embeddable":true,"href":"https:\/\/gaia-lux.ch\/fr\/wp-json\/wp\/v2\/media\/12198"}],"wp:attachment":[{"href":"https:\/\/gaia-lux.ch\/fr\/wp-json\/wp\/v2\/media?parent=12206"}],"wp:term":[{"taxonomy":"product_brand","embeddable":true,"href":"https:\/\/gaia-lux.ch\/fr\/wp-json\/wp\/v2\/product_brand?post=12206"},{"taxonomy":"product_cat","embeddable":true,"href":"https:\/\/gaia-lux.ch\/fr\/wp-json\/wp\/v2\/product_cat?post=12206"},{"taxonomy":"product_tag","embeddable":true,"href":"https:\/\/gaia-lux.ch\/fr\/wp-json\/wp\/v2\/product_tag?post=12206"}],"curies":[{"name":"wp","href":"https:\/\/api.w.org\/{rel}","templated":true}]}}