{"id":12249,"date":"2025-10-07T10:51:13","date_gmt":"2025-10-07T08:51:13","guid":{"rendered":"https:\/\/gaia-lux.ch\/?post_type=product&#038;p=12249"},"modified":"2025-10-08T10:14:05","modified_gmt":"2025-10-08T08:14:05","slug":"birkin-25-hss-epsom-sellier-noir-orange-poppy-bghw","status":"publish","type":"product","link":"https:\/\/gaia-lux.ch\/fr\/produit\/birkin-25-hss-epsom-sellier-noir-orange-poppy-bghw\/","title":{"rendered":"Birkin 25 HSS Epsom Sellier Noir &#038; Orange Poppy BGHW"},"content":{"rendered":"","protected":false},"excerpt":{"rendered":"<p data-start=\"341\" data-end=\"742\">Un bijou de raffinement et d\u2019audace : ce <strong data-start=\"382\" data-end=\"395\">Birkin 25<\/strong> est une <strong data-start=\"404\" data-end=\"449\">commande sp\u00e9ciale Herm\u00e8s (Horseshoe, HSS)<\/strong>, reconnaissable \u00e0 son fer \u00e0 cheval grav\u00e9 \u00e0 c\u00f4t\u00e9 du logo. R\u00e9alis\u00e9 dans la version <strong data-start=\"531\" data-end=\"542\">Sellier<\/strong>, au piqu\u00e9 rigide et \u00e0 la silhouette structur\u00e9e, il d\u00e9voile un contraste saisissant entre l\u2019ext\u00e9rieur en <strong data-start=\"647\" data-end=\"663\">Noir profond<\/strong> et l\u2019int\u00e9rieur \u00e9clatant en <strong data-start=\"691\" data-end=\"707\">Orange Poppy<\/strong>, couleur signature de la Maison.<\/p>\n<p data-start=\"744\" data-end=\"1088\">Confectionn\u00e9 en <strong data-start=\"760\" data-end=\"774\">cuir Epsom<\/strong>, connu pour sa l\u00e9g\u00e8ret\u00e9 et sa r\u00e9sistance, il se distingue par ses <strong data-start=\"841\" data-end=\"872\">coutures ton sur ton orange<\/strong> qui subliment la finesse du travail artisanal Herm\u00e8s. Sa <strong data-start=\"930\" data-end=\"984\">bijouterie en or bross\u00e9 (BGHW)<\/strong> ajoute une touche de chaleur sophistiqu\u00e9e et rare, parfaitement \u00e9quilibr\u00e9e entre \u00e9clat et discr\u00e9tion.<\/p>\n<p data-start=\"1090\" data-end=\"1249\">Dat\u00e9 de <strong data-start=\"1098\" data-end=\"1106\">2025<\/strong>, ce mod\u00e8le est <strong data-start=\"1122\" data-end=\"1144\">neuf, jamais port\u00e9<\/strong>, livr\u00e9 en <strong data-start=\"1155\" data-end=\"1175\">full set complet<\/strong> : bo\u00eete Herm\u00e8s, dustbag, cadenas, clochette, cl\u00e9s et facture originale.<\/p>\n","protected":false},"featured_media":12238,"template":"","meta":[],"product_brand":[],"product_cat":[324,216],"product_tag":[],"class_list":{"0":"post-12249","1":"product","2":"type-product","3":"status-publish","4":"has-post-thumbnail","6":"product_cat-birkin","7":"product_cat-les-sacs","8":"ts_product_brand-birkin","10":"first","11":"outofstock","12":"taxable","13":"shipping-taxable","14":"purchasable","15":"product-type-simple","16":"add-to-wishlist-before_add_to_cart"},"yoast_head":"<!-- This site is optimized with the Yoast SEO plugin v27.3 - https:\/\/yoast.com\/product\/yoast-seo-wordpress\/ -->\n<title>Birkin 25 HSS Epsom Sellier Noir &amp; Orange Poppy BGHW - Gaia Lux<\/title>\n<meta name=\"robots\" content=\"index, follow, max-snippet:-1, max-image-preview:large, max-video-preview:-1\" \/>\n<link rel=\"canonical\" href=\"https:\/\/gaia-lux.ch\/fr\/produit\/birkin-25-hss-epsom-sellier-noir-orange-poppy-bghw\/\" \/>\n<meta property=\"og:locale\" content=\"fr_FR\" \/>\n<meta property=\"og:type\" content=\"article\" \/>\n<meta property=\"og:title\" content=\"Birkin 25 HSS Epsom Sellier Noir &amp; Orange Poppy BGHW - Gaia Lux\" \/>\n<meta property=\"og:description\" content=\"Un bijou de raffinement et d\u2019audace : ce Birkin 25 est une commande sp\u00e9ciale Herm\u00e8s (Horseshoe, HSS), reconnaissable \u00e0 son fer \u00e0 cheval grav\u00e9 \u00e0 c\u00f4t\u00e9 du logo. R\u00e9alis\u00e9 dans la version Sellier, au piqu\u00e9 rigide et \u00e0 la silhouette structur\u00e9e, il d\u00e9voile un contraste saisissant entre l\u2019ext\u00e9rieur en Noir profond et l\u2019int\u00e9rieur \u00e9clatant en Orange Poppy, couleur signature de la Maison. Confectionn\u00e9 en cuir Epsom, connu pour sa l\u00e9g\u00e8ret\u00e9 et sa r\u00e9sistance, il se distingue par ses coutures ton sur ton orange qui subliment la finesse du travail artisanal Herm\u00e8s. Sa bijouterie en or bross\u00e9 (BGHW) ajoute une touche de chaleur sophistiqu\u00e9e et rare, parfaitement \u00e9quilibr\u00e9e entre \u00e9clat et discr\u00e9tion. Dat\u00e9 de 2025, ce mod\u00e8le est neuf, jamais port\u00e9, livr\u00e9 en full set complet : bo\u00eete Herm\u00e8s, dustbag, cadenas, clochette, cl\u00e9s et facture originale.\" \/>\n<meta property=\"og:url\" content=\"https:\/\/gaia-lux.ch\/fr\/produit\/birkin-25-hss-epsom-sellier-noir-orange-poppy-bghw\/\" \/>\n<meta property=\"og:site_name\" content=\"Gaia Lux\" \/>\n<meta property=\"article:modified_time\" content=\"2025-10-08T08:14:05+00:00\" \/>\n<meta property=\"og:image\" content=\"https:\/\/gaia-lux.ch\/wp-content\/uploads\/2025\/10\/white-Photoroom.png\" \/>\n\t<meta property=\"og:image:width\" content=\"1512\" \/>\n\t<meta property=\"og:image:height\" content=\"1512\" \/>\n\t<meta property=\"og:image:type\" content=\"image\/png\" \/>\n<meta name=\"twitter:card\" content=\"summary_large_image\" \/>\n<meta name=\"twitter:label1\" content=\"Dur\u00e9e de lecture estim\u00e9e\" \/>\n\t<meta name=\"twitter:data1\" content=\"1 minute\" \/>\n<script type=\"application\/ld+json\" class=\"yoast-schema-graph\">{\"@context\":\"https:\\\/\\\/schema.org\",\"@graph\":[{\"@type\":\"WebPage\",\"@id\":\"https:\\\/\\\/gaia-lux.ch\\\/produit\\\/birkin-25-hss-epsom-sellier-noir-orange-poppy-bghw\\\/\",\"url\":\"https:\\\/\\\/gaia-lux.ch\\\/produit\\\/birkin-25-hss-epsom-sellier-noir-orange-poppy-bghw\\\/\",\"name\":\"Birkin 25 HSS Epsom Sellier Noir & Orange Poppy BGHW - Gaia Lux\",\"isPartOf\":{\"@id\":\"https:\\\/\\\/gaia-lux.ch\\\/#website\"},\"primaryImageOfPage\":{\"@id\":\"https:\\\/\\\/gaia-lux.ch\\\/produit\\\/birkin-25-hss-epsom-sellier-noir-orange-poppy-bghw\\\/#primaryimage\"},\"image\":{\"@id\":\"https:\\\/\\\/gaia-lux.ch\\\/produit\\\/birkin-25-hss-epsom-sellier-noir-orange-poppy-bghw\\\/#primaryimage\"},\"thumbnailUrl\":\"https:\\\/\\\/gaia-lux.ch\\\/wp-content\\\/uploads\\\/2025\\\/10\\\/white-Photoroom.png\",\"datePublished\":\"2025-10-07T08:51:13+00:00\",\"dateModified\":\"2025-10-08T08:14:05+00:00\",\"breadcrumb\":{\"@id\":\"https:\\\/\\\/gaia-lux.ch\\\/produit\\\/birkin-25-hss-epsom-sellier-noir-orange-poppy-bghw\\\/#breadcrumb\"},\"inLanguage\":\"fr-FR\",\"potentialAction\":[{\"@type\":\"ReadAction\",\"target\":[\"https:\\\/\\\/gaia-lux.ch\\\/produit\\\/birkin-25-hss-epsom-sellier-noir-orange-poppy-bghw\\\/\"]}]},{\"@type\":\"ImageObject\",\"inLanguage\":\"fr-FR\",\"@id\":\"https:\\\/\\\/gaia-lux.ch\\\/produit\\\/birkin-25-hss-epsom-sellier-noir-orange-poppy-bghw\\\/#primaryimage\",\"url\":\"https:\\\/\\\/gaia-lux.ch\\\/wp-content\\\/uploads\\\/2025\\\/10\\\/white-Photoroom.png\",\"contentUrl\":\"https:\\\/\\\/gaia-lux.ch\\\/wp-content\\\/uploads\\\/2025\\\/10\\\/white-Photoroom.png\",\"width\":1512,\"height\":1512},{\"@type\":\"BreadcrumbList\",\"@id\":\"https:\\\/\\\/gaia-lux.ch\\\/produit\\\/birkin-25-hss-epsom-sellier-noir-orange-poppy-bghw\\\/#breadcrumb\",\"itemListElement\":[{\"@type\":\"ListItem\",\"position\":1,\"name\":\"Accueil\",\"item\":\"https:\\\/\\\/gaia-lux.ch\\\/\"},{\"@type\":\"ListItem\",\"position\":2,\"name\":\"Boutique\",\"item\":\"https:\\\/\\\/gaia-lux.ch\\\/boutique\\\/\"},{\"@type\":\"ListItem\",\"position\":3,\"name\":\"Birkin 25 HSS Epsom Sellier Noir &#038; Orange Poppy BGHW\"}]},{\"@type\":\"WebSite\",\"@id\":\"https:\\\/\\\/gaia-lux.ch\\\/#website\",\"url\":\"https:\\\/\\\/gaia-lux.ch\\\/\",\"name\":\"Gaia Lux\",\"description\":\"Des pi\u00e8ces uniques, rares et limit\u00e9s.\",\"publisher\":{\"@id\":\"https:\\\/\\\/gaia-lux.ch\\\/#organization\"},\"alternateName\":\"Gaia Lux : Sp\u00e9cialis\u00e9s dans la recherche de sacs Herm\u00e8s rares et limit\u00e9s.\",\"potentialAction\":[{\"@type\":\"SearchAction\",\"target\":{\"@type\":\"EntryPoint\",\"urlTemplate\":\"https:\\\/\\\/gaia-lux.ch\\\/?s={search_term_string}\"},\"query-input\":{\"@type\":\"PropertyValueSpecification\",\"valueRequired\":true,\"valueName\":\"search_term_string\"}}],\"inLanguage\":\"fr-FR\"},{\"@type\":\"Organization\",\"@id\":\"https:\\\/\\\/gaia-lux.ch\\\/#organization\",\"name\":\"Gaia Lux\",\"url\":\"https:\\\/\\\/gaia-lux.ch\\\/\",\"logo\":{\"@type\":\"ImageObject\",\"inLanguage\":\"fr-FR\",\"@id\":\"https:\\\/\\\/gaia-lux.ch\\\/#\\\/schema\\\/logo\\\/image\\\/\",\"url\":\"https:\\\/\\\/gaia-lux.ch\\\/wp-content\\\/uploads\\\/2025\\\/06\\\/cropped-LOGO-GAIA-2-Photoroom.png\",\"contentUrl\":\"https:\\\/\\\/gaia-lux.ch\\\/wp-content\\\/uploads\\\/2025\\\/06\\\/cropped-LOGO-GAIA-2-Photoroom.png\",\"width\":512,\"height\":512,\"caption\":\"Gaia Lux\"},\"image\":{\"@id\":\"https:\\\/\\\/gaia-lux.ch\\\/#\\\/schema\\\/logo\\\/image\\\/\"}}]}<\/script>\n<!-- \/ Yoast SEO plugin. -->","yoast_head_json":{"title":"Birkin 25 HSS Epsom Sellier Noir & Orange Poppy BGHW - Gaia Lux","robots":{"index":"index","follow":"follow","max-snippet":"max-snippet:-1","max-image-preview":"max-image-preview:large","max-video-preview":"max-video-preview:-1"},"canonical":"https:\/\/gaia-lux.ch\/fr\/produit\/birkin-25-hss-epsom-sellier-noir-orange-poppy-bghw\/","og_locale":"fr_FR","og_type":"article","og_title":"Birkin 25 HSS Epsom Sellier Noir & Orange Poppy BGHW - Gaia Lux","og_description":"Un bijou de raffinement et d\u2019audace : ce Birkin 25 est une commande sp\u00e9ciale Herm\u00e8s (Horseshoe, HSS), reconnaissable \u00e0 son fer \u00e0 cheval grav\u00e9 \u00e0 c\u00f4t\u00e9 du logo. R\u00e9alis\u00e9 dans la version Sellier, au piqu\u00e9 rigide et \u00e0 la silhouette structur\u00e9e, il d\u00e9voile un contraste saisissant entre l\u2019ext\u00e9rieur en Noir profond et l\u2019int\u00e9rieur \u00e9clatant en Orange Poppy, couleur signature de la Maison. Confectionn\u00e9 en cuir Epsom, connu pour sa l\u00e9g\u00e8ret\u00e9 et sa r\u00e9sistance, il se distingue par ses coutures ton sur ton orange qui subliment la finesse du travail artisanal Herm\u00e8s. Sa bijouterie en or bross\u00e9 (BGHW) ajoute une touche de chaleur sophistiqu\u00e9e et rare, parfaitement \u00e9quilibr\u00e9e entre \u00e9clat et discr\u00e9tion. Dat\u00e9 de 2025, ce mod\u00e8le est neuf, jamais port\u00e9, livr\u00e9 en full set complet : bo\u00eete Herm\u00e8s, dustbag, cadenas, clochette, cl\u00e9s et facture originale.","og_url":"https:\/\/gaia-lux.ch\/fr\/produit\/birkin-25-hss-epsom-sellier-noir-orange-poppy-bghw\/","og_site_name":"Gaia Lux","article_modified_time":"2025-10-08T08:14:05+00:00","og_image":[{"width":1512,"height":1512,"url":"https:\/\/gaia-lux.ch\/wp-content\/uploads\/2025\/10\/white-Photoroom.png","type":"image\/png"}],"twitter_card":"summary_large_image","twitter_misc":{"Dur\u00e9e de lecture estim\u00e9e":"1 minute"},"schema":{"@context":"https:\/\/schema.org","@graph":[{"@type":"WebPage","@id":"https:\/\/gaia-lux.ch\/produit\/birkin-25-hss-epsom-sellier-noir-orange-poppy-bghw\/","url":"https:\/\/gaia-lux.ch\/produit\/birkin-25-hss-epsom-sellier-noir-orange-poppy-bghw\/","name":"Birkin 25 HSS Epsom Sellier Noir & Orange Poppy BGHW - Gaia Lux","isPartOf":{"@id":"https:\/\/gaia-lux.ch\/#website"},"primaryImageOfPage":{"@id":"https:\/\/gaia-lux.ch\/produit\/birkin-25-hss-epsom-sellier-noir-orange-poppy-bghw\/#primaryimage"},"image":{"@id":"https:\/\/gaia-lux.ch\/produit\/birkin-25-hss-epsom-sellier-noir-orange-poppy-bghw\/#primaryimage"},"thumbnailUrl":"https:\/\/gaia-lux.ch\/wp-content\/uploads\/2025\/10\/white-Photoroom.png","datePublished":"2025-10-07T08:51:13+00:00","dateModified":"2025-10-08T08:14:05+00:00","breadcrumb":{"@id":"https:\/\/gaia-lux.ch\/produit\/birkin-25-hss-epsom-sellier-noir-orange-poppy-bghw\/#breadcrumb"},"inLanguage":"fr-FR","potentialAction":[{"@type":"ReadAction","target":["https:\/\/gaia-lux.ch\/produit\/birkin-25-hss-epsom-sellier-noir-orange-poppy-bghw\/"]}]},{"@type":"ImageObject","inLanguage":"fr-FR","@id":"https:\/\/gaia-lux.ch\/produit\/birkin-25-hss-epsom-sellier-noir-orange-poppy-bghw\/#primaryimage","url":"https:\/\/gaia-lux.ch\/wp-content\/uploads\/2025\/10\/white-Photoroom.png","contentUrl":"https:\/\/gaia-lux.ch\/wp-content\/uploads\/2025\/10\/white-Photoroom.png","width":1512,"height":1512},{"@type":"BreadcrumbList","@id":"https:\/\/gaia-lux.ch\/produit\/birkin-25-hss-epsom-sellier-noir-orange-poppy-bghw\/#breadcrumb","itemListElement":[{"@type":"ListItem","position":1,"name":"Accueil","item":"https:\/\/gaia-lux.ch\/"},{"@type":"ListItem","position":2,"name":"Boutique","item":"https:\/\/gaia-lux.ch\/boutique\/"},{"@type":"ListItem","position":3,"name":"Birkin 25 HSS Epsom Sellier Noir &#038; Orange Poppy BGHW"}]},{"@type":"WebSite","@id":"https:\/\/gaia-lux.ch\/#website","url":"https:\/\/gaia-lux.ch\/","name":"Gaia Lux","description":"Des pi\u00e8ces uniques, rares et limit\u00e9s.","publisher":{"@id":"https:\/\/gaia-lux.ch\/#organization"},"alternateName":"Gaia Lux : Sp\u00e9cialis\u00e9s dans la recherche de sacs Herm\u00e8s rares et limit\u00e9s.","potentialAction":[{"@type":"SearchAction","target":{"@type":"EntryPoint","urlTemplate":"https:\/\/gaia-lux.ch\/?s={search_term_string}"},"query-input":{"@type":"PropertyValueSpecification","valueRequired":true,"valueName":"search_term_string"}}],"inLanguage":"fr-FR"},{"@type":"Organization","@id":"https:\/\/gaia-lux.ch\/#organization","name":"Gaia Lux","url":"https:\/\/gaia-lux.ch\/","logo":{"@type":"ImageObject","inLanguage":"fr-FR","@id":"https:\/\/gaia-lux.ch\/#\/schema\/logo\/image\/","url":"https:\/\/gaia-lux.ch\/wp-content\/uploads\/2025\/06\/cropped-LOGO-GAIA-2-Photoroom.png","contentUrl":"https:\/\/gaia-lux.ch\/wp-content\/uploads\/2025\/06\/cropped-LOGO-GAIA-2-Photoroom.png","width":512,"height":512,"caption":"Gaia Lux"},"image":{"@id":"https:\/\/gaia-lux.ch\/#\/schema\/logo\/image\/"}}]}},"_links":{"self":[{"href":"https:\/\/gaia-lux.ch\/fr\/wp-json\/wp\/v2\/product\/12249","targetHints":{"allow":["GET"]}}],"collection":[{"href":"https:\/\/gaia-lux.ch\/fr\/wp-json\/wp\/v2\/product"}],"about":[{"href":"https:\/\/gaia-lux.ch\/fr\/wp-json\/wp\/v2\/types\/product"}],"version-history":[{"count":1,"href":"https:\/\/gaia-lux.ch\/fr\/wp-json\/wp\/v2\/product\/12249\/revisions"}],"predecessor-version":[{"id":12250,"href":"https:\/\/gaia-lux.ch\/fr\/wp-json\/wp\/v2\/product\/12249\/revisions\/12250"}],"wp:featuredmedia":[{"embeddable":true,"href":"https:\/\/gaia-lux.ch\/fr\/wp-json\/wp\/v2\/media\/12238"}],"wp:attachment":[{"href":"https:\/\/gaia-lux.ch\/fr\/wp-json\/wp\/v2\/media?parent=12249"}],"wp:term":[{"taxonomy":"product_brand","embeddable":true,"href":"https:\/\/gaia-lux.ch\/fr\/wp-json\/wp\/v2\/product_brand?post=12249"},{"taxonomy":"product_cat","embeddable":true,"href":"https:\/\/gaia-lux.ch\/fr\/wp-json\/wp\/v2\/product_cat?post=12249"},{"taxonomy":"product_tag","embeddable":true,"href":"https:\/\/gaia-lux.ch\/fr\/wp-json\/wp\/v2\/product_tag?post=12249"}],"curies":[{"name":"wp","href":"https:\/\/api.w.org\/{rel}","templated":true}]}}