{"id":12349,"date":"2025-11-11T15:17:08","date_gmt":"2025-11-11T14:17:08","guid":{"rendered":"https:\/\/gaia-lux.ch\/?post_type=product&#038;p=12349"},"modified":"2025-11-17T14:36:26","modified_gmt":"2025-11-17T13:36:26","slug":"kelly-25-togo-etoupe-phw-2","status":"publish","type":"product","link":"https:\/\/gaia-lux.ch\/fr\/produit\/kelly-25-togo-etoupe-phw-2\/","title":{"rendered":"Kelly 25 Togo Etoupe PHW"},"content":{"rendered":"","protected":false},"excerpt":{"rendered":"<p data-start=\"242\" data-end=\"564\">\u00c9l\u00e9gance intemporelle et savoir-faire d\u2019exception d\u00e9finissent ce <strong data-start=\"307\" data-end=\"319\">Kelly 25<\/strong> sign\u00e9 Herm\u00e8s. Confectionn\u00e9 en <strong data-start=\"350\" data-end=\"363\">cuir Togo<\/strong>, pris\u00e9 pour son grain naturel et sa remarquable r\u00e9sistance, ce mod\u00e8le se pare de la teinte iconique <strong data-start=\"464\" data-end=\"474\">Etoupe,<\/strong>\u00a0un taupe doux et sophistiqu\u00e9, relev\u00e9 par un d\u00e9licat contraste de surpiq\u00fbres blanches.<\/p>\n<p data-start=\"566\" data-end=\"857\">La <strong data-start=\"569\" data-end=\"602\">quincaillerie palladium (PHW)<\/strong> vient compl\u00e9ter ce ton neutre et raffin\u00e9 d\u2019une touche contemporaine et lumineuse. Dat\u00e9 de 2025<strong data-start=\"867\" data-end=\"885\"> (stamp K)<\/strong>, ce Kelly est <strong data-start=\"900\" data-end=\"922\">neuf, jamais port\u00e9<\/strong>, et livr\u00e9 en <strong data-start=\"936\" data-end=\"956\">full set complet<\/strong>, comprenant sa bo\u00eete Herm\u00e8s, dustbag, bandouli\u00e8re, cadenas, clochette, cl\u00e9s, feutrine protectrice et facture originale.<\/p>\n","protected":false},"featured_media":12350,"template":"","meta":[],"product_brand":[],"product_cat":[323,216],"product_tag":[],"class_list":{"0":"post-12349","1":"product","2":"type-product","3":"status-publish","4":"has-post-thumbnail","6":"product_cat-kelly","7":"product_cat-les-sacs","8":"ts_product_brand-kelly","10":"first","11":"outofstock","12":"taxable","13":"shipping-taxable","14":"purchasable","15":"product-type-simple","16":"add-to-wishlist-before_add_to_cart"},"yoast_head":"<!-- This site is optimized with the Yoast SEO plugin v27.3 - https:\/\/yoast.com\/product\/yoast-seo-wordpress\/ -->\n<title>Kelly 25 Togo Etoupe PHW - Gaia Lux<\/title>\n<meta name=\"robots\" content=\"index, follow, max-snippet:-1, max-image-preview:large, max-video-preview:-1\" \/>\n<link rel=\"canonical\" href=\"https:\/\/gaia-lux.ch\/fr\/produit\/kelly-25-togo-etoupe-phw-2\/\" \/>\n<meta property=\"og:locale\" content=\"fr_FR\" \/>\n<meta property=\"og:type\" content=\"article\" \/>\n<meta property=\"og:title\" content=\"Kelly 25 Togo Etoupe PHW - Gaia Lux\" \/>\n<meta property=\"og:description\" content=\"\u00c9l\u00e9gance intemporelle et savoir-faire d\u2019exception d\u00e9finissent ce Kelly 25 sign\u00e9 Herm\u00e8s. Confectionn\u00e9 en cuir Togo, pris\u00e9 pour son grain naturel et sa remarquable r\u00e9sistance, ce mod\u00e8le se pare de la teinte iconique Etoupe,\u00a0un taupe doux et sophistiqu\u00e9, relev\u00e9 par un d\u00e9licat contraste de surpiq\u00fbres blanches. La quincaillerie palladium (PHW) vient compl\u00e9ter ce ton neutre et raffin\u00e9 d\u2019une touche contemporaine et lumineuse. Dat\u00e9 de 2025 (stamp K), ce Kelly est neuf, jamais port\u00e9, et livr\u00e9 en full set complet, comprenant sa bo\u00eete Herm\u00e8s, dustbag, bandouli\u00e8re, cadenas, clochette, cl\u00e9s, feutrine protectrice et facture originale.\" \/>\n<meta property=\"og:url\" content=\"https:\/\/gaia-lux.ch\/fr\/produit\/kelly-25-togo-etoupe-phw-2\/\" \/>\n<meta property=\"og:site_name\" content=\"Gaia Lux\" \/>\n<meta property=\"article:modified_time\" content=\"2025-11-17T13:36:26+00:00\" \/>\n<meta property=\"og:image\" content=\"https:\/\/gaia-lux.ch\/wp-content\/uploads\/2025\/11\/transparent-Photoroom.png\" \/>\n\t<meta property=\"og:image:width\" content=\"1512\" \/>\n\t<meta property=\"og:image:height\" content=\"1512\" \/>\n\t<meta property=\"og:image:type\" content=\"image\/png\" \/>\n<meta name=\"twitter:card\" content=\"summary_large_image\" \/>\n<meta name=\"twitter:label1\" content=\"Dur\u00e9e de lecture estim\u00e9e\" \/>\n\t<meta name=\"twitter:data1\" content=\"1 minute\" \/>\n<script type=\"application\/ld+json\" class=\"yoast-schema-graph\">{\"@context\":\"https:\\\/\\\/schema.org\",\"@graph\":[{\"@type\":\"WebPage\",\"@id\":\"https:\\\/\\\/gaia-lux.ch\\\/produit\\\/kelly-25-togo-etoupe-phw-2\\\/\",\"url\":\"https:\\\/\\\/gaia-lux.ch\\\/produit\\\/kelly-25-togo-etoupe-phw-2\\\/\",\"name\":\"Kelly 25 Togo Etoupe PHW - Gaia Lux\",\"isPartOf\":{\"@id\":\"https:\\\/\\\/gaia-lux.ch\\\/#website\"},\"primaryImageOfPage\":{\"@id\":\"https:\\\/\\\/gaia-lux.ch\\\/produit\\\/kelly-25-togo-etoupe-phw-2\\\/#primaryimage\"},\"image\":{\"@id\":\"https:\\\/\\\/gaia-lux.ch\\\/produit\\\/kelly-25-togo-etoupe-phw-2\\\/#primaryimage\"},\"thumbnailUrl\":\"https:\\\/\\\/gaia-lux.ch\\\/wp-content\\\/uploads\\\/2025\\\/11\\\/transparent-Photoroom.png\",\"datePublished\":\"2025-11-11T14:17:08+00:00\",\"dateModified\":\"2025-11-17T13:36:26+00:00\",\"breadcrumb\":{\"@id\":\"https:\\\/\\\/gaia-lux.ch\\\/produit\\\/kelly-25-togo-etoupe-phw-2\\\/#breadcrumb\"},\"inLanguage\":\"fr-FR\",\"potentialAction\":[{\"@type\":\"ReadAction\",\"target\":[\"https:\\\/\\\/gaia-lux.ch\\\/produit\\\/kelly-25-togo-etoupe-phw-2\\\/\"]}]},{\"@type\":\"ImageObject\",\"inLanguage\":\"fr-FR\",\"@id\":\"https:\\\/\\\/gaia-lux.ch\\\/produit\\\/kelly-25-togo-etoupe-phw-2\\\/#primaryimage\",\"url\":\"https:\\\/\\\/gaia-lux.ch\\\/wp-content\\\/uploads\\\/2025\\\/11\\\/transparent-Photoroom.png\",\"contentUrl\":\"https:\\\/\\\/gaia-lux.ch\\\/wp-content\\\/uploads\\\/2025\\\/11\\\/transparent-Photoroom.png\",\"width\":1512,\"height\":1512},{\"@type\":\"BreadcrumbList\",\"@id\":\"https:\\\/\\\/gaia-lux.ch\\\/produit\\\/kelly-25-togo-etoupe-phw-2\\\/#breadcrumb\",\"itemListElement\":[{\"@type\":\"ListItem\",\"position\":1,\"name\":\"Accueil\",\"item\":\"https:\\\/\\\/gaia-lux.ch\\\/\"},{\"@type\":\"ListItem\",\"position\":2,\"name\":\"Boutique\",\"item\":\"https:\\\/\\\/gaia-lux.ch\\\/boutique\\\/\"},{\"@type\":\"ListItem\",\"position\":3,\"name\":\"Kelly 25 Togo Etoupe PHW\"}]},{\"@type\":\"WebSite\",\"@id\":\"https:\\\/\\\/gaia-lux.ch\\\/#website\",\"url\":\"https:\\\/\\\/gaia-lux.ch\\\/\",\"name\":\"Gaia Lux\",\"description\":\"Des pi\u00e8ces uniques, rares et limit\u00e9s.\",\"publisher\":{\"@id\":\"https:\\\/\\\/gaia-lux.ch\\\/#organization\"},\"alternateName\":\"Gaia Lux : Sp\u00e9cialis\u00e9s dans la recherche de sacs Herm\u00e8s rares et limit\u00e9s.\",\"potentialAction\":[{\"@type\":\"SearchAction\",\"target\":{\"@type\":\"EntryPoint\",\"urlTemplate\":\"https:\\\/\\\/gaia-lux.ch\\\/?s={search_term_string}\"},\"query-input\":{\"@type\":\"PropertyValueSpecification\",\"valueRequired\":true,\"valueName\":\"search_term_string\"}}],\"inLanguage\":\"fr-FR\"},{\"@type\":\"Organization\",\"@id\":\"https:\\\/\\\/gaia-lux.ch\\\/#organization\",\"name\":\"Gaia Lux\",\"url\":\"https:\\\/\\\/gaia-lux.ch\\\/\",\"logo\":{\"@type\":\"ImageObject\",\"inLanguage\":\"fr-FR\",\"@id\":\"https:\\\/\\\/gaia-lux.ch\\\/#\\\/schema\\\/logo\\\/image\\\/\",\"url\":\"https:\\\/\\\/gaia-lux.ch\\\/wp-content\\\/uploads\\\/2025\\\/06\\\/cropped-LOGO-GAIA-2-Photoroom.png\",\"contentUrl\":\"https:\\\/\\\/gaia-lux.ch\\\/wp-content\\\/uploads\\\/2025\\\/06\\\/cropped-LOGO-GAIA-2-Photoroom.png\",\"width\":512,\"height\":512,\"caption\":\"Gaia Lux\"},\"image\":{\"@id\":\"https:\\\/\\\/gaia-lux.ch\\\/#\\\/schema\\\/logo\\\/image\\\/\"}}]}<\/script>\n<!-- \/ Yoast SEO plugin. -->","yoast_head_json":{"title":"Kelly 25 Togo Etoupe PHW - Gaia Lux","robots":{"index":"index","follow":"follow","max-snippet":"max-snippet:-1","max-image-preview":"max-image-preview:large","max-video-preview":"max-video-preview:-1"},"canonical":"https:\/\/gaia-lux.ch\/fr\/produit\/kelly-25-togo-etoupe-phw-2\/","og_locale":"fr_FR","og_type":"article","og_title":"Kelly 25 Togo Etoupe PHW - Gaia Lux","og_description":"\u00c9l\u00e9gance intemporelle et savoir-faire d\u2019exception d\u00e9finissent ce Kelly 25 sign\u00e9 Herm\u00e8s. Confectionn\u00e9 en cuir Togo, pris\u00e9 pour son grain naturel et sa remarquable r\u00e9sistance, ce mod\u00e8le se pare de la teinte iconique Etoupe,\u00a0un taupe doux et sophistiqu\u00e9, relev\u00e9 par un d\u00e9licat contraste de surpiq\u00fbres blanches. La quincaillerie palladium (PHW) vient compl\u00e9ter ce ton neutre et raffin\u00e9 d\u2019une touche contemporaine et lumineuse. Dat\u00e9 de 2025 (stamp K), ce Kelly est neuf, jamais port\u00e9, et livr\u00e9 en full set complet, comprenant sa bo\u00eete Herm\u00e8s, dustbag, bandouli\u00e8re, cadenas, clochette, cl\u00e9s, feutrine protectrice et facture originale.","og_url":"https:\/\/gaia-lux.ch\/fr\/produit\/kelly-25-togo-etoupe-phw-2\/","og_site_name":"Gaia Lux","article_modified_time":"2025-11-17T13:36:26+00:00","og_image":[{"width":1512,"height":1512,"url":"https:\/\/gaia-lux.ch\/wp-content\/uploads\/2025\/11\/transparent-Photoroom.png","type":"image\/png"}],"twitter_card":"summary_large_image","twitter_misc":{"Dur\u00e9e de lecture estim\u00e9e":"1 minute"},"schema":{"@context":"https:\/\/schema.org","@graph":[{"@type":"WebPage","@id":"https:\/\/gaia-lux.ch\/produit\/kelly-25-togo-etoupe-phw-2\/","url":"https:\/\/gaia-lux.ch\/produit\/kelly-25-togo-etoupe-phw-2\/","name":"Kelly 25 Togo Etoupe PHW - Gaia Lux","isPartOf":{"@id":"https:\/\/gaia-lux.ch\/#website"},"primaryImageOfPage":{"@id":"https:\/\/gaia-lux.ch\/produit\/kelly-25-togo-etoupe-phw-2\/#primaryimage"},"image":{"@id":"https:\/\/gaia-lux.ch\/produit\/kelly-25-togo-etoupe-phw-2\/#primaryimage"},"thumbnailUrl":"https:\/\/gaia-lux.ch\/wp-content\/uploads\/2025\/11\/transparent-Photoroom.png","datePublished":"2025-11-11T14:17:08+00:00","dateModified":"2025-11-17T13:36:26+00:00","breadcrumb":{"@id":"https:\/\/gaia-lux.ch\/produit\/kelly-25-togo-etoupe-phw-2\/#breadcrumb"},"inLanguage":"fr-FR","potentialAction":[{"@type":"ReadAction","target":["https:\/\/gaia-lux.ch\/produit\/kelly-25-togo-etoupe-phw-2\/"]}]},{"@type":"ImageObject","inLanguage":"fr-FR","@id":"https:\/\/gaia-lux.ch\/produit\/kelly-25-togo-etoupe-phw-2\/#primaryimage","url":"https:\/\/gaia-lux.ch\/wp-content\/uploads\/2025\/11\/transparent-Photoroom.png","contentUrl":"https:\/\/gaia-lux.ch\/wp-content\/uploads\/2025\/11\/transparent-Photoroom.png","width":1512,"height":1512},{"@type":"BreadcrumbList","@id":"https:\/\/gaia-lux.ch\/produit\/kelly-25-togo-etoupe-phw-2\/#breadcrumb","itemListElement":[{"@type":"ListItem","position":1,"name":"Accueil","item":"https:\/\/gaia-lux.ch\/"},{"@type":"ListItem","position":2,"name":"Boutique","item":"https:\/\/gaia-lux.ch\/boutique\/"},{"@type":"ListItem","position":3,"name":"Kelly 25 Togo Etoupe PHW"}]},{"@type":"WebSite","@id":"https:\/\/gaia-lux.ch\/#website","url":"https:\/\/gaia-lux.ch\/","name":"Gaia Lux","description":"Des pi\u00e8ces uniques, rares et limit\u00e9s.","publisher":{"@id":"https:\/\/gaia-lux.ch\/#organization"},"alternateName":"Gaia Lux : Sp\u00e9cialis\u00e9s dans la recherche de sacs Herm\u00e8s rares et limit\u00e9s.","potentialAction":[{"@type":"SearchAction","target":{"@type":"EntryPoint","urlTemplate":"https:\/\/gaia-lux.ch\/?s={search_term_string}"},"query-input":{"@type":"PropertyValueSpecification","valueRequired":true,"valueName":"search_term_string"}}],"inLanguage":"fr-FR"},{"@type":"Organization","@id":"https:\/\/gaia-lux.ch\/#organization","name":"Gaia Lux","url":"https:\/\/gaia-lux.ch\/","logo":{"@type":"ImageObject","inLanguage":"fr-FR","@id":"https:\/\/gaia-lux.ch\/#\/schema\/logo\/image\/","url":"https:\/\/gaia-lux.ch\/wp-content\/uploads\/2025\/06\/cropped-LOGO-GAIA-2-Photoroom.png","contentUrl":"https:\/\/gaia-lux.ch\/wp-content\/uploads\/2025\/06\/cropped-LOGO-GAIA-2-Photoroom.png","width":512,"height":512,"caption":"Gaia Lux"},"image":{"@id":"https:\/\/gaia-lux.ch\/#\/schema\/logo\/image\/"}}]}},"_links":{"self":[{"href":"https:\/\/gaia-lux.ch\/fr\/wp-json\/wp\/v2\/product\/12349","targetHints":{"allow":["GET"]}}],"collection":[{"href":"https:\/\/gaia-lux.ch\/fr\/wp-json\/wp\/v2\/product"}],"about":[{"href":"https:\/\/gaia-lux.ch\/fr\/wp-json\/wp\/v2\/types\/product"}],"version-history":[{"count":1,"href":"https:\/\/gaia-lux.ch\/fr\/wp-json\/wp\/v2\/product\/12349\/revisions"}],"predecessor-version":[{"id":12364,"href":"https:\/\/gaia-lux.ch\/fr\/wp-json\/wp\/v2\/product\/12349\/revisions\/12364"}],"wp:featuredmedia":[{"embeddable":true,"href":"https:\/\/gaia-lux.ch\/fr\/wp-json\/wp\/v2\/media\/12350"}],"wp:attachment":[{"href":"https:\/\/gaia-lux.ch\/fr\/wp-json\/wp\/v2\/media?parent=12349"}],"wp:term":[{"taxonomy":"product_brand","embeddable":true,"href":"https:\/\/gaia-lux.ch\/fr\/wp-json\/wp\/v2\/product_brand?post=12349"},{"taxonomy":"product_cat","embeddable":true,"href":"https:\/\/gaia-lux.ch\/fr\/wp-json\/wp\/v2\/product_cat?post=12349"},{"taxonomy":"product_tag","embeddable":true,"href":"https:\/\/gaia-lux.ch\/fr\/wp-json\/wp\/v2\/product_tag?post=12349"}],"curies":[{"name":"wp","href":"https:\/\/api.w.org\/{rel}","templated":true}]}}