{"id":12365,"date":"2025-11-25T13:25:25","date_gmt":"2025-11-25T12:25:25","guid":{"rendered":"https:\/\/gaia-lux.ch\/?post_type=product&#038;p=12365"},"modified":"2025-12-10T15:20:23","modified_gmt":"2025-12-10T14:20:23","slug":"birkin-25-togo-gold-phw","status":"publish","type":"product","link":"https:\/\/gaia-lux.ch\/fr\/produit\/birkin-25-togo-gold-phw\/","title":{"rendered":"Birkin 25 Togo Gold PHW"},"content":{"rendered":"","protected":false},"excerpt":{"rendered":"<p data-start=\"196\" data-end=\"530\">Ic\u00f4ne absolue du luxe discret, ce <strong data-start=\"230\" data-end=\"243\">Birkin 25<\/strong> se pr\u00e9sente dans l\u2019une des teintes les plus embl\u00e9matiques de la Maison Herm\u00e8s : <strong data-start=\"324\" data-end=\"332\">Gold<\/strong>. En <strong data-start=\"337\" data-end=\"350\">cuir Togo<\/strong>, appr\u00e9ci\u00e9 pour son grain naturel, sa structure souple et sa remarquable r\u00e9sistance, ce mod\u00e8le incarne l\u2019alliance parfaite entre \u00e9l\u00e9gance classique et fonctionnalit\u00e9 contemporaine.<\/p>\n<p data-start=\"532\" data-end=\"845\">La <strong data-start=\"535\" data-end=\"568\">quincaillerie palladium (PHW)<\/strong> apporte une touche moderne et lumineuse, soulignant subtilement la chaleur du cuir Gold. Dat\u00e9 de <strong data-start=\"855\" data-end=\"873\">2025 (stamp K)<\/strong>, ce Birkin est <strong data-start=\"889\" data-end=\"911\">neuf, jamais port\u00e9<\/strong>. Il est livr\u00e9 en <strong data-start=\"967\" data-end=\"987\">full set complet<\/strong>, comprenant la bo\u00eete Herm\u00e8s, le dustbag, la feutrine protectrice, le cadenas, la clochette, les cl\u00e9s et la facture originale.<\/p>\n","protected":false},"featured_media":12366,"template":"","meta":[],"product_brand":[],"product_cat":[324,216],"product_tag":[],"class_list":{"0":"post-12365","1":"product","2":"type-product","3":"status-publish","4":"has-post-thumbnail","6":"product_cat-birkin","7":"product_cat-les-sacs","8":"ts_product_brand-birkin","10":"first","11":"outofstock","12":"taxable","13":"shipping-taxable","14":"purchasable","15":"product-type-simple","16":"add-to-wishlist-before_add_to_cart"},"yoast_head":"<!-- This site is optimized with the Yoast SEO plugin v27.3 - https:\/\/yoast.com\/product\/yoast-seo-wordpress\/ -->\n<title>Birkin 25 Togo Gold PHW - Gaia Lux<\/title>\n<meta name=\"robots\" content=\"index, follow, max-snippet:-1, max-image-preview:large, max-video-preview:-1\" \/>\n<link rel=\"canonical\" href=\"https:\/\/gaia-lux.ch\/fr\/produit\/birkin-25-togo-gold-phw\/\" \/>\n<meta property=\"og:locale\" content=\"fr_FR\" \/>\n<meta property=\"og:type\" content=\"article\" \/>\n<meta property=\"og:title\" content=\"Birkin 25 Togo Gold PHW - Gaia Lux\" \/>\n<meta property=\"og:description\" content=\"Ic\u00f4ne absolue du luxe discret, ce Birkin 25 se pr\u00e9sente dans l\u2019une des teintes les plus embl\u00e9matiques de la Maison Herm\u00e8s : Gold. En cuir Togo, appr\u00e9ci\u00e9 pour son grain naturel, sa structure souple et sa remarquable r\u00e9sistance, ce mod\u00e8le incarne l\u2019alliance parfaite entre \u00e9l\u00e9gance classique et fonctionnalit\u00e9 contemporaine. La quincaillerie palladium (PHW) apporte une touche moderne et lumineuse, soulignant subtilement la chaleur du cuir Gold. Dat\u00e9 de 2025 (stamp K), ce Birkin est neuf, jamais port\u00e9. Il est livr\u00e9 en full set complet, comprenant la bo\u00eete Herm\u00e8s, le dustbag, la feutrine protectrice, le cadenas, la clochette, les cl\u00e9s et la facture originale.\" \/>\n<meta property=\"og:url\" content=\"https:\/\/gaia-lux.ch\/fr\/produit\/birkin-25-togo-gold-phw\/\" \/>\n<meta property=\"og:site_name\" content=\"Gaia Lux\" \/>\n<meta property=\"article:modified_time\" content=\"2025-12-10T14:20:23+00:00\" \/>\n<meta property=\"og:image\" content=\"https:\/\/gaia-lux.ch\/wp-content\/uploads\/2025\/11\/transparent-Photoroom-2-1.png\" \/>\n\t<meta property=\"og:image:width\" content=\"1512\" \/>\n\t<meta property=\"og:image:height\" content=\"1512\" \/>\n\t<meta property=\"og:image:type\" content=\"image\/png\" \/>\n<meta name=\"twitter:card\" content=\"summary_large_image\" \/>\n<meta name=\"twitter:label1\" content=\"Dur\u00e9e de lecture estim\u00e9e\" \/>\n\t<meta name=\"twitter:data1\" content=\"1 minute\" \/>\n<script type=\"application\/ld+json\" class=\"yoast-schema-graph\">{\"@context\":\"https:\\\/\\\/schema.org\",\"@graph\":[{\"@type\":\"WebPage\",\"@id\":\"https:\\\/\\\/gaia-lux.ch\\\/produit\\\/birkin-25-togo-gold-phw\\\/\",\"url\":\"https:\\\/\\\/gaia-lux.ch\\\/produit\\\/birkin-25-togo-gold-phw\\\/\",\"name\":\"Birkin 25 Togo Gold PHW - Gaia Lux\",\"isPartOf\":{\"@id\":\"https:\\\/\\\/gaia-lux.ch\\\/#website\"},\"primaryImageOfPage\":{\"@id\":\"https:\\\/\\\/gaia-lux.ch\\\/produit\\\/birkin-25-togo-gold-phw\\\/#primaryimage\"},\"image\":{\"@id\":\"https:\\\/\\\/gaia-lux.ch\\\/produit\\\/birkin-25-togo-gold-phw\\\/#primaryimage\"},\"thumbnailUrl\":\"https:\\\/\\\/gaia-lux.ch\\\/wp-content\\\/uploads\\\/2025\\\/11\\\/transparent-Photoroom-2-1.png\",\"datePublished\":\"2025-11-25T12:25:25+00:00\",\"dateModified\":\"2025-12-10T14:20:23+00:00\",\"breadcrumb\":{\"@id\":\"https:\\\/\\\/gaia-lux.ch\\\/produit\\\/birkin-25-togo-gold-phw\\\/#breadcrumb\"},\"inLanguage\":\"fr-FR\",\"potentialAction\":[{\"@type\":\"ReadAction\",\"target\":[\"https:\\\/\\\/gaia-lux.ch\\\/produit\\\/birkin-25-togo-gold-phw\\\/\"]}]},{\"@type\":\"ImageObject\",\"inLanguage\":\"fr-FR\",\"@id\":\"https:\\\/\\\/gaia-lux.ch\\\/produit\\\/birkin-25-togo-gold-phw\\\/#primaryimage\",\"url\":\"https:\\\/\\\/gaia-lux.ch\\\/wp-content\\\/uploads\\\/2025\\\/11\\\/transparent-Photoroom-2-1.png\",\"contentUrl\":\"https:\\\/\\\/gaia-lux.ch\\\/wp-content\\\/uploads\\\/2025\\\/11\\\/transparent-Photoroom-2-1.png\",\"width\":1512,\"height\":1512},{\"@type\":\"BreadcrumbList\",\"@id\":\"https:\\\/\\\/gaia-lux.ch\\\/produit\\\/birkin-25-togo-gold-phw\\\/#breadcrumb\",\"itemListElement\":[{\"@type\":\"ListItem\",\"position\":1,\"name\":\"Accueil\",\"item\":\"https:\\\/\\\/gaia-lux.ch\\\/\"},{\"@type\":\"ListItem\",\"position\":2,\"name\":\"Boutique\",\"item\":\"https:\\\/\\\/gaia-lux.ch\\\/boutique\\\/\"},{\"@type\":\"ListItem\",\"position\":3,\"name\":\"Birkin 25 Togo Gold PHW\"}]},{\"@type\":\"WebSite\",\"@id\":\"https:\\\/\\\/gaia-lux.ch\\\/#website\",\"url\":\"https:\\\/\\\/gaia-lux.ch\\\/\",\"name\":\"Gaia Lux\",\"description\":\"Des pi\u00e8ces uniques, rares et limit\u00e9s.\",\"publisher\":{\"@id\":\"https:\\\/\\\/gaia-lux.ch\\\/#organization\"},\"alternateName\":\"Gaia Lux : Sp\u00e9cialis\u00e9s dans la recherche de sacs Herm\u00e8s rares et limit\u00e9s.\",\"potentialAction\":[{\"@type\":\"SearchAction\",\"target\":{\"@type\":\"EntryPoint\",\"urlTemplate\":\"https:\\\/\\\/gaia-lux.ch\\\/?s={search_term_string}\"},\"query-input\":{\"@type\":\"PropertyValueSpecification\",\"valueRequired\":true,\"valueName\":\"search_term_string\"}}],\"inLanguage\":\"fr-FR\"},{\"@type\":\"Organization\",\"@id\":\"https:\\\/\\\/gaia-lux.ch\\\/#organization\",\"name\":\"Gaia Lux\",\"url\":\"https:\\\/\\\/gaia-lux.ch\\\/\",\"logo\":{\"@type\":\"ImageObject\",\"inLanguage\":\"fr-FR\",\"@id\":\"https:\\\/\\\/gaia-lux.ch\\\/#\\\/schema\\\/logo\\\/image\\\/\",\"url\":\"https:\\\/\\\/gaia-lux.ch\\\/wp-content\\\/uploads\\\/2025\\\/06\\\/cropped-LOGO-GAIA-2-Photoroom.png\",\"contentUrl\":\"https:\\\/\\\/gaia-lux.ch\\\/wp-content\\\/uploads\\\/2025\\\/06\\\/cropped-LOGO-GAIA-2-Photoroom.png\",\"width\":512,\"height\":512,\"caption\":\"Gaia Lux\"},\"image\":{\"@id\":\"https:\\\/\\\/gaia-lux.ch\\\/#\\\/schema\\\/logo\\\/image\\\/\"}}]}<\/script>\n<!-- \/ Yoast SEO plugin. -->","yoast_head_json":{"title":"Birkin 25 Togo Gold PHW - Gaia Lux","robots":{"index":"index","follow":"follow","max-snippet":"max-snippet:-1","max-image-preview":"max-image-preview:large","max-video-preview":"max-video-preview:-1"},"canonical":"https:\/\/gaia-lux.ch\/fr\/produit\/birkin-25-togo-gold-phw\/","og_locale":"fr_FR","og_type":"article","og_title":"Birkin 25 Togo Gold PHW - Gaia Lux","og_description":"Ic\u00f4ne absolue du luxe discret, ce Birkin 25 se pr\u00e9sente dans l\u2019une des teintes les plus embl\u00e9matiques de la Maison Herm\u00e8s : Gold. En cuir Togo, appr\u00e9ci\u00e9 pour son grain naturel, sa structure souple et sa remarquable r\u00e9sistance, ce mod\u00e8le incarne l\u2019alliance parfaite entre \u00e9l\u00e9gance classique et fonctionnalit\u00e9 contemporaine. La quincaillerie palladium (PHW) apporte une touche moderne et lumineuse, soulignant subtilement la chaleur du cuir Gold. Dat\u00e9 de 2025 (stamp K), ce Birkin est neuf, jamais port\u00e9. Il est livr\u00e9 en full set complet, comprenant la bo\u00eete Herm\u00e8s, le dustbag, la feutrine protectrice, le cadenas, la clochette, les cl\u00e9s et la facture originale.","og_url":"https:\/\/gaia-lux.ch\/fr\/produit\/birkin-25-togo-gold-phw\/","og_site_name":"Gaia Lux","article_modified_time":"2025-12-10T14:20:23+00:00","og_image":[{"width":1512,"height":1512,"url":"https:\/\/gaia-lux.ch\/wp-content\/uploads\/2025\/11\/transparent-Photoroom-2-1.png","type":"image\/png"}],"twitter_card":"summary_large_image","twitter_misc":{"Dur\u00e9e de lecture estim\u00e9e":"1 minute"},"schema":{"@context":"https:\/\/schema.org","@graph":[{"@type":"WebPage","@id":"https:\/\/gaia-lux.ch\/produit\/birkin-25-togo-gold-phw\/","url":"https:\/\/gaia-lux.ch\/produit\/birkin-25-togo-gold-phw\/","name":"Birkin 25 Togo Gold PHW - Gaia Lux","isPartOf":{"@id":"https:\/\/gaia-lux.ch\/#website"},"primaryImageOfPage":{"@id":"https:\/\/gaia-lux.ch\/produit\/birkin-25-togo-gold-phw\/#primaryimage"},"image":{"@id":"https:\/\/gaia-lux.ch\/produit\/birkin-25-togo-gold-phw\/#primaryimage"},"thumbnailUrl":"https:\/\/gaia-lux.ch\/wp-content\/uploads\/2025\/11\/transparent-Photoroom-2-1.png","datePublished":"2025-11-25T12:25:25+00:00","dateModified":"2025-12-10T14:20:23+00:00","breadcrumb":{"@id":"https:\/\/gaia-lux.ch\/produit\/birkin-25-togo-gold-phw\/#breadcrumb"},"inLanguage":"fr-FR","potentialAction":[{"@type":"ReadAction","target":["https:\/\/gaia-lux.ch\/produit\/birkin-25-togo-gold-phw\/"]}]},{"@type":"ImageObject","inLanguage":"fr-FR","@id":"https:\/\/gaia-lux.ch\/produit\/birkin-25-togo-gold-phw\/#primaryimage","url":"https:\/\/gaia-lux.ch\/wp-content\/uploads\/2025\/11\/transparent-Photoroom-2-1.png","contentUrl":"https:\/\/gaia-lux.ch\/wp-content\/uploads\/2025\/11\/transparent-Photoroom-2-1.png","width":1512,"height":1512},{"@type":"BreadcrumbList","@id":"https:\/\/gaia-lux.ch\/produit\/birkin-25-togo-gold-phw\/#breadcrumb","itemListElement":[{"@type":"ListItem","position":1,"name":"Accueil","item":"https:\/\/gaia-lux.ch\/"},{"@type":"ListItem","position":2,"name":"Boutique","item":"https:\/\/gaia-lux.ch\/boutique\/"},{"@type":"ListItem","position":3,"name":"Birkin 25 Togo Gold PHW"}]},{"@type":"WebSite","@id":"https:\/\/gaia-lux.ch\/#website","url":"https:\/\/gaia-lux.ch\/","name":"Gaia Lux","description":"Des pi\u00e8ces uniques, rares et limit\u00e9s.","publisher":{"@id":"https:\/\/gaia-lux.ch\/#organization"},"alternateName":"Gaia Lux : Sp\u00e9cialis\u00e9s dans la recherche de sacs Herm\u00e8s rares et limit\u00e9s.","potentialAction":[{"@type":"SearchAction","target":{"@type":"EntryPoint","urlTemplate":"https:\/\/gaia-lux.ch\/?s={search_term_string}"},"query-input":{"@type":"PropertyValueSpecification","valueRequired":true,"valueName":"search_term_string"}}],"inLanguage":"fr-FR"},{"@type":"Organization","@id":"https:\/\/gaia-lux.ch\/#organization","name":"Gaia Lux","url":"https:\/\/gaia-lux.ch\/","logo":{"@type":"ImageObject","inLanguage":"fr-FR","@id":"https:\/\/gaia-lux.ch\/#\/schema\/logo\/image\/","url":"https:\/\/gaia-lux.ch\/wp-content\/uploads\/2025\/06\/cropped-LOGO-GAIA-2-Photoroom.png","contentUrl":"https:\/\/gaia-lux.ch\/wp-content\/uploads\/2025\/06\/cropped-LOGO-GAIA-2-Photoroom.png","width":512,"height":512,"caption":"Gaia Lux"},"image":{"@id":"https:\/\/gaia-lux.ch\/#\/schema\/logo\/image\/"}}]}},"_links":{"self":[{"href":"https:\/\/gaia-lux.ch\/fr\/wp-json\/wp\/v2\/product\/12365","targetHints":{"allow":["GET"]}}],"collection":[{"href":"https:\/\/gaia-lux.ch\/fr\/wp-json\/wp\/v2\/product"}],"about":[{"href":"https:\/\/gaia-lux.ch\/fr\/wp-json\/wp\/v2\/types\/product"}],"version-history":[{"count":1,"href":"https:\/\/gaia-lux.ch\/fr\/wp-json\/wp\/v2\/product\/12365\/revisions"}],"predecessor-version":[{"id":12380,"href":"https:\/\/gaia-lux.ch\/fr\/wp-json\/wp\/v2\/product\/12365\/revisions\/12380"}],"wp:featuredmedia":[{"embeddable":true,"href":"https:\/\/gaia-lux.ch\/fr\/wp-json\/wp\/v2\/media\/12366"}],"wp:attachment":[{"href":"https:\/\/gaia-lux.ch\/fr\/wp-json\/wp\/v2\/media?parent=12365"}],"wp:term":[{"taxonomy":"product_brand","embeddable":true,"href":"https:\/\/gaia-lux.ch\/fr\/wp-json\/wp\/v2\/product_brand?post=12365"},{"taxonomy":"product_cat","embeddable":true,"href":"https:\/\/gaia-lux.ch\/fr\/wp-json\/wp\/v2\/product_cat?post=12365"},{"taxonomy":"product_tag","embeddable":true,"href":"https:\/\/gaia-lux.ch\/fr\/wp-json\/wp\/v2\/product_tag?post=12365"}],"curies":[{"name":"wp","href":"https:\/\/api.w.org\/{rel}","templated":true}]}}