{"id":12382,"date":"2025-11-26T11:14:42","date_gmt":"2025-11-26T10:14:42","guid":{"rendered":"https:\/\/gaia-lux.ch\/?post_type=product&#038;p=12382"},"modified":"2025-12-10T15:20:07","modified_gmt":"2025-12-10T14:20:07","slug":"kelly-25-verso-swift-beige-marfa-gris-pale-phw","status":"publish","type":"product","link":"https:\/\/gaia-lux.ch\/fr\/produit\/kelly-25-verso-swift-beige-marfa-gris-pale-phw\/","title":{"rendered":"Kelly 25 Verso Swift Beige Marfa &#038; Gris Pale PHW"},"content":{"rendered":"","protected":false},"excerpt":{"rendered":"<p>\u00c9l\u00e9gant et r\u00e9solument contemporain, ce <strong data-start=\"232\" data-end=\"250\">Kelly 25 Verso<\/strong> incarne le raffinement absolu de la Maison Herm\u00e8s \u00e0 travers un subtil jeu de contrastes. R\u00e9alis\u00e9 en <strong data-start=\"351\" data-end=\"365\">cuir Swift<\/strong>, reconnaissable \u00e0 son toucher soyeux et \u00e0 son \u00e9clat d\u00e9licat, il associe la douceur lumineuse du <strong data-start=\"462\" data-end=\"477\">Beige Marfa<\/strong> \u00e0 la fra\u00eecheur raffin\u00e9e du <strong data-start=\"505\" data-end=\"518\">Gris P\u00e2le.\u00a0<\/strong><\/p>\n<p>La <strong data-start=\"610\" data-end=\"643\">quincaillerie palladium (PHW)<\/strong> vient souligner l\u2019ensemble avec une touche de lumi\u00e8re froide et \u00e9l\u00e9gante, parfaitement en harmonie avec ces tonalit\u00e9s claires et intemporelles.<\/p>\n<p>Dat\u00e9 de <strong data-start=\"914\" data-end=\"922\">2025 (stamp K)<\/strong>, ce Kelly est <strong data-start=\"937\" data-end=\"959\">neuf, jamais port\u00e9<\/strong>, et livr\u00e9 en <strong data-start=\"973\" data-end=\"993\">full set complet<\/strong>, comprenant la bo\u00eete Herm\u00e8s, le dustbag, la bandouli\u00e8re, la feutrine protectrice, le cadenas, la clochette, les cl\u00e9s et la facture originale.<\/p>\n","protected":false},"featured_media":12383,"template":"","meta":[],"product_brand":[],"product_cat":[323,216],"product_tag":[],"class_list":{"0":"post-12382","1":"product","2":"type-product","3":"status-publish","4":"has-post-thumbnail","6":"product_cat-kelly","7":"product_cat-les-sacs","8":"ts_product_brand-kelly","10":"first","11":"outofstock","12":"taxable","13":"shipping-taxable","14":"purchasable","15":"product-type-simple","16":"add-to-wishlist-before_add_to_cart"},"yoast_head":"<!-- This site is optimized with the Yoast SEO plugin v27.3 - https:\/\/yoast.com\/product\/yoast-seo-wordpress\/ -->\n<title>Kelly 25 Verso Swift Beige Marfa &amp; Gris Pale PHW - Gaia Lux<\/title>\n<meta name=\"robots\" content=\"index, follow, max-snippet:-1, max-image-preview:large, max-video-preview:-1\" \/>\n<link rel=\"canonical\" href=\"https:\/\/gaia-lux.ch\/fr\/produit\/kelly-25-verso-swift-beige-marfa-gris-pale-phw\/\" \/>\n<meta property=\"og:locale\" content=\"fr_FR\" \/>\n<meta property=\"og:type\" content=\"article\" \/>\n<meta property=\"og:title\" content=\"Kelly 25 Verso Swift Beige Marfa &amp; Gris Pale PHW - Gaia Lux\" \/>\n<meta property=\"og:description\" content=\"\u00c9l\u00e9gant et r\u00e9solument contemporain, ce Kelly 25 Verso incarne le raffinement absolu de la Maison Herm\u00e8s \u00e0 travers un subtil jeu de contrastes. R\u00e9alis\u00e9 en cuir Swift, reconnaissable \u00e0 son toucher soyeux et \u00e0 son \u00e9clat d\u00e9licat, il associe la douceur lumineuse du Beige Marfa \u00e0 la fra\u00eecheur raffin\u00e9e du Gris P\u00e2le.\u00a0  La quincaillerie palladium (PHW) vient souligner l\u2019ensemble avec une touche de lumi\u00e8re froide et \u00e9l\u00e9gante, parfaitement en harmonie avec ces tonalit\u00e9s claires et intemporelles.  Dat\u00e9 de 2025 (stamp K), ce Kelly est neuf, jamais port\u00e9, et livr\u00e9 en full set complet, comprenant la bo\u00eete Herm\u00e8s, le dustbag, la bandouli\u00e8re, la feutrine protectrice, le cadenas, la clochette, les cl\u00e9s et la facture originale.\" \/>\n<meta property=\"og:url\" content=\"https:\/\/gaia-lux.ch\/fr\/produit\/kelly-25-verso-swift-beige-marfa-gris-pale-phw\/\" \/>\n<meta property=\"og:site_name\" content=\"Gaia Lux\" \/>\n<meta property=\"article:modified_time\" content=\"2025-12-10T14:20:07+00:00\" \/>\n<meta property=\"og:image\" content=\"https:\/\/gaia-lux.ch\/wp-content\/uploads\/2025\/11\/white-Photoroom-1-1.png\" \/>\n\t<meta property=\"og:image:width\" content=\"1512\" \/>\n\t<meta property=\"og:image:height\" content=\"1512\" \/>\n\t<meta property=\"og:image:type\" content=\"image\/png\" \/>\n<meta name=\"twitter:card\" content=\"summary_large_image\" \/>\n<meta name=\"twitter:label1\" content=\"Dur\u00e9e de lecture estim\u00e9e\" \/>\n\t<meta name=\"twitter:data1\" content=\"1 minute\" \/>\n<script type=\"application\/ld+json\" class=\"yoast-schema-graph\">{\"@context\":\"https:\\\/\\\/schema.org\",\"@graph\":[{\"@type\":\"WebPage\",\"@id\":\"https:\\\/\\\/gaia-lux.ch\\\/produit\\\/kelly-25-verso-swift-beige-marfa-gris-pale-phw\\\/\",\"url\":\"https:\\\/\\\/gaia-lux.ch\\\/produit\\\/kelly-25-verso-swift-beige-marfa-gris-pale-phw\\\/\",\"name\":\"Kelly 25 Verso Swift Beige Marfa & Gris Pale PHW - Gaia Lux\",\"isPartOf\":{\"@id\":\"https:\\\/\\\/gaia-lux.ch\\\/#website\"},\"primaryImageOfPage\":{\"@id\":\"https:\\\/\\\/gaia-lux.ch\\\/produit\\\/kelly-25-verso-swift-beige-marfa-gris-pale-phw\\\/#primaryimage\"},\"image\":{\"@id\":\"https:\\\/\\\/gaia-lux.ch\\\/produit\\\/kelly-25-verso-swift-beige-marfa-gris-pale-phw\\\/#primaryimage\"},\"thumbnailUrl\":\"https:\\\/\\\/gaia-lux.ch\\\/wp-content\\\/uploads\\\/2025\\\/11\\\/white-Photoroom-1-1.png\",\"datePublished\":\"2025-11-26T10:14:42+00:00\",\"dateModified\":\"2025-12-10T14:20:07+00:00\",\"breadcrumb\":{\"@id\":\"https:\\\/\\\/gaia-lux.ch\\\/produit\\\/kelly-25-verso-swift-beige-marfa-gris-pale-phw\\\/#breadcrumb\"},\"inLanguage\":\"fr-FR\",\"potentialAction\":[{\"@type\":\"ReadAction\",\"target\":[\"https:\\\/\\\/gaia-lux.ch\\\/produit\\\/kelly-25-verso-swift-beige-marfa-gris-pale-phw\\\/\"]}]},{\"@type\":\"ImageObject\",\"inLanguage\":\"fr-FR\",\"@id\":\"https:\\\/\\\/gaia-lux.ch\\\/produit\\\/kelly-25-verso-swift-beige-marfa-gris-pale-phw\\\/#primaryimage\",\"url\":\"https:\\\/\\\/gaia-lux.ch\\\/wp-content\\\/uploads\\\/2025\\\/11\\\/white-Photoroom-1-1.png\",\"contentUrl\":\"https:\\\/\\\/gaia-lux.ch\\\/wp-content\\\/uploads\\\/2025\\\/11\\\/white-Photoroom-1-1.png\",\"width\":1512,\"height\":1512},{\"@type\":\"BreadcrumbList\",\"@id\":\"https:\\\/\\\/gaia-lux.ch\\\/produit\\\/kelly-25-verso-swift-beige-marfa-gris-pale-phw\\\/#breadcrumb\",\"itemListElement\":[{\"@type\":\"ListItem\",\"position\":1,\"name\":\"Accueil\",\"item\":\"https:\\\/\\\/gaia-lux.ch\\\/\"},{\"@type\":\"ListItem\",\"position\":2,\"name\":\"Boutique\",\"item\":\"https:\\\/\\\/gaia-lux.ch\\\/boutique\\\/\"},{\"@type\":\"ListItem\",\"position\":3,\"name\":\"Kelly 25 Verso Swift Beige Marfa &#038; Gris Pale PHW\"}]},{\"@type\":\"WebSite\",\"@id\":\"https:\\\/\\\/gaia-lux.ch\\\/#website\",\"url\":\"https:\\\/\\\/gaia-lux.ch\\\/\",\"name\":\"Gaia Lux\",\"description\":\"Des pi\u00e8ces uniques, rares et limit\u00e9s.\",\"publisher\":{\"@id\":\"https:\\\/\\\/gaia-lux.ch\\\/#organization\"},\"alternateName\":\"Gaia Lux : Sp\u00e9cialis\u00e9s dans la recherche de sacs Herm\u00e8s rares et limit\u00e9s.\",\"potentialAction\":[{\"@type\":\"SearchAction\",\"target\":{\"@type\":\"EntryPoint\",\"urlTemplate\":\"https:\\\/\\\/gaia-lux.ch\\\/?s={search_term_string}\"},\"query-input\":{\"@type\":\"PropertyValueSpecification\",\"valueRequired\":true,\"valueName\":\"search_term_string\"}}],\"inLanguage\":\"fr-FR\"},{\"@type\":\"Organization\",\"@id\":\"https:\\\/\\\/gaia-lux.ch\\\/#organization\",\"name\":\"Gaia Lux\",\"url\":\"https:\\\/\\\/gaia-lux.ch\\\/\",\"logo\":{\"@type\":\"ImageObject\",\"inLanguage\":\"fr-FR\",\"@id\":\"https:\\\/\\\/gaia-lux.ch\\\/#\\\/schema\\\/logo\\\/image\\\/\",\"url\":\"https:\\\/\\\/gaia-lux.ch\\\/wp-content\\\/uploads\\\/2025\\\/06\\\/cropped-LOGO-GAIA-2-Photoroom.png\",\"contentUrl\":\"https:\\\/\\\/gaia-lux.ch\\\/wp-content\\\/uploads\\\/2025\\\/06\\\/cropped-LOGO-GAIA-2-Photoroom.png\",\"width\":512,\"height\":512,\"caption\":\"Gaia Lux\"},\"image\":{\"@id\":\"https:\\\/\\\/gaia-lux.ch\\\/#\\\/schema\\\/logo\\\/image\\\/\"}}]}<\/script>\n<!-- \/ Yoast SEO plugin. -->","yoast_head_json":{"title":"Kelly 25 Verso Swift Beige Marfa & Gris Pale PHW - Gaia Lux","robots":{"index":"index","follow":"follow","max-snippet":"max-snippet:-1","max-image-preview":"max-image-preview:large","max-video-preview":"max-video-preview:-1"},"canonical":"https:\/\/gaia-lux.ch\/fr\/produit\/kelly-25-verso-swift-beige-marfa-gris-pale-phw\/","og_locale":"fr_FR","og_type":"article","og_title":"Kelly 25 Verso Swift Beige Marfa & Gris Pale PHW - Gaia Lux","og_description":"\u00c9l\u00e9gant et r\u00e9solument contemporain, ce Kelly 25 Verso incarne le raffinement absolu de la Maison Herm\u00e8s \u00e0 travers un subtil jeu de contrastes. R\u00e9alis\u00e9 en cuir Swift, reconnaissable \u00e0 son toucher soyeux et \u00e0 son \u00e9clat d\u00e9licat, il associe la douceur lumineuse du Beige Marfa \u00e0 la fra\u00eecheur raffin\u00e9e du Gris P\u00e2le.\u00a0  La quincaillerie palladium (PHW) vient souligner l\u2019ensemble avec une touche de lumi\u00e8re froide et \u00e9l\u00e9gante, parfaitement en harmonie avec ces tonalit\u00e9s claires et intemporelles.  Dat\u00e9 de 2025 (stamp K), ce Kelly est neuf, jamais port\u00e9, et livr\u00e9 en full set complet, comprenant la bo\u00eete Herm\u00e8s, le dustbag, la bandouli\u00e8re, la feutrine protectrice, le cadenas, la clochette, les cl\u00e9s et la facture originale.","og_url":"https:\/\/gaia-lux.ch\/fr\/produit\/kelly-25-verso-swift-beige-marfa-gris-pale-phw\/","og_site_name":"Gaia Lux","article_modified_time":"2025-12-10T14:20:07+00:00","og_image":[{"width":1512,"height":1512,"url":"https:\/\/gaia-lux.ch\/wp-content\/uploads\/2025\/11\/white-Photoroom-1-1.png","type":"image\/png"}],"twitter_card":"summary_large_image","twitter_misc":{"Dur\u00e9e de lecture estim\u00e9e":"1 minute"},"schema":{"@context":"https:\/\/schema.org","@graph":[{"@type":"WebPage","@id":"https:\/\/gaia-lux.ch\/produit\/kelly-25-verso-swift-beige-marfa-gris-pale-phw\/","url":"https:\/\/gaia-lux.ch\/produit\/kelly-25-verso-swift-beige-marfa-gris-pale-phw\/","name":"Kelly 25 Verso Swift Beige Marfa & Gris Pale PHW - Gaia Lux","isPartOf":{"@id":"https:\/\/gaia-lux.ch\/#website"},"primaryImageOfPage":{"@id":"https:\/\/gaia-lux.ch\/produit\/kelly-25-verso-swift-beige-marfa-gris-pale-phw\/#primaryimage"},"image":{"@id":"https:\/\/gaia-lux.ch\/produit\/kelly-25-verso-swift-beige-marfa-gris-pale-phw\/#primaryimage"},"thumbnailUrl":"https:\/\/gaia-lux.ch\/wp-content\/uploads\/2025\/11\/white-Photoroom-1-1.png","datePublished":"2025-11-26T10:14:42+00:00","dateModified":"2025-12-10T14:20:07+00:00","breadcrumb":{"@id":"https:\/\/gaia-lux.ch\/produit\/kelly-25-verso-swift-beige-marfa-gris-pale-phw\/#breadcrumb"},"inLanguage":"fr-FR","potentialAction":[{"@type":"ReadAction","target":["https:\/\/gaia-lux.ch\/produit\/kelly-25-verso-swift-beige-marfa-gris-pale-phw\/"]}]},{"@type":"ImageObject","inLanguage":"fr-FR","@id":"https:\/\/gaia-lux.ch\/produit\/kelly-25-verso-swift-beige-marfa-gris-pale-phw\/#primaryimage","url":"https:\/\/gaia-lux.ch\/wp-content\/uploads\/2025\/11\/white-Photoroom-1-1.png","contentUrl":"https:\/\/gaia-lux.ch\/wp-content\/uploads\/2025\/11\/white-Photoroom-1-1.png","width":1512,"height":1512},{"@type":"BreadcrumbList","@id":"https:\/\/gaia-lux.ch\/produit\/kelly-25-verso-swift-beige-marfa-gris-pale-phw\/#breadcrumb","itemListElement":[{"@type":"ListItem","position":1,"name":"Accueil","item":"https:\/\/gaia-lux.ch\/"},{"@type":"ListItem","position":2,"name":"Boutique","item":"https:\/\/gaia-lux.ch\/boutique\/"},{"@type":"ListItem","position":3,"name":"Kelly 25 Verso Swift Beige Marfa &#038; Gris Pale PHW"}]},{"@type":"WebSite","@id":"https:\/\/gaia-lux.ch\/#website","url":"https:\/\/gaia-lux.ch\/","name":"Gaia Lux","description":"Des pi\u00e8ces uniques, rares et limit\u00e9s.","publisher":{"@id":"https:\/\/gaia-lux.ch\/#organization"},"alternateName":"Gaia Lux : Sp\u00e9cialis\u00e9s dans la recherche de sacs Herm\u00e8s rares et limit\u00e9s.","potentialAction":[{"@type":"SearchAction","target":{"@type":"EntryPoint","urlTemplate":"https:\/\/gaia-lux.ch\/?s={search_term_string}"},"query-input":{"@type":"PropertyValueSpecification","valueRequired":true,"valueName":"search_term_string"}}],"inLanguage":"fr-FR"},{"@type":"Organization","@id":"https:\/\/gaia-lux.ch\/#organization","name":"Gaia Lux","url":"https:\/\/gaia-lux.ch\/","logo":{"@type":"ImageObject","inLanguage":"fr-FR","@id":"https:\/\/gaia-lux.ch\/#\/schema\/logo\/image\/","url":"https:\/\/gaia-lux.ch\/wp-content\/uploads\/2025\/06\/cropped-LOGO-GAIA-2-Photoroom.png","contentUrl":"https:\/\/gaia-lux.ch\/wp-content\/uploads\/2025\/06\/cropped-LOGO-GAIA-2-Photoroom.png","width":512,"height":512,"caption":"Gaia Lux"},"image":{"@id":"https:\/\/gaia-lux.ch\/#\/schema\/logo\/image\/"}}]}},"_links":{"self":[{"href":"https:\/\/gaia-lux.ch\/fr\/wp-json\/wp\/v2\/product\/12382","targetHints":{"allow":["GET"]}}],"collection":[{"href":"https:\/\/gaia-lux.ch\/fr\/wp-json\/wp\/v2\/product"}],"about":[{"href":"https:\/\/gaia-lux.ch\/fr\/wp-json\/wp\/v2\/types\/product"}],"version-history":[{"count":1,"href":"https:\/\/gaia-lux.ch\/fr\/wp-json\/wp\/v2\/product\/12382\/revisions"}],"predecessor-version":[{"id":12395,"href":"https:\/\/gaia-lux.ch\/fr\/wp-json\/wp\/v2\/product\/12382\/revisions\/12395"}],"wp:featuredmedia":[{"embeddable":true,"href":"https:\/\/gaia-lux.ch\/fr\/wp-json\/wp\/v2\/media\/12383"}],"wp:attachment":[{"href":"https:\/\/gaia-lux.ch\/fr\/wp-json\/wp\/v2\/media?parent=12382"}],"wp:term":[{"taxonomy":"product_brand","embeddable":true,"href":"https:\/\/gaia-lux.ch\/fr\/wp-json\/wp\/v2\/product_brand?post=12382"},{"taxonomy":"product_cat","embeddable":true,"href":"https:\/\/gaia-lux.ch\/fr\/wp-json\/wp\/v2\/product_cat?post=12382"},{"taxonomy":"product_tag","embeddable":true,"href":"https:\/\/gaia-lux.ch\/fr\/wp-json\/wp\/v2\/product_tag?post=12382"}],"curies":[{"name":"wp","href":"https:\/\/api.w.org\/{rel}","templated":true}]}}