{"id":12396,"date":"2025-12-08T12:21:54","date_gmt":"2025-12-08T11:21:54","guid":{"rendered":"https:\/\/gaia-lux.ch\/?post_type=product&#038;p=12396"},"modified":"2026-01-05T13:40:13","modified_gmt":"2026-01-05T12:40:13","slug":"kelly-25-himalaya-crocodile-niloticus-phw","status":"publish","type":"product","link":"https:\/\/gaia-lux.ch\/fr\/produit\/kelly-25-himalaya-crocodile-niloticus-phw\/","title":{"rendered":"Kelly 25 Himalaya Crocodile Niloticus PHW"},"content":{"rendered":"","protected":false},"excerpt":{"rendered":"<p data-start=\"256\" data-end=\"598\">V\u00e9ritable graal de la collection Herm\u00e8s, le <strong data-start=\"300\" data-end=\"321\">Kelly 25 Himalaya<\/strong> incarne l\u2019apog\u00e9e du savoir-faire artisanal et du luxe absolu. R\u00e9alis\u00e9 en <strong data-start=\"395\" data-end=\"418\">crocodile Niloticus<\/strong>, ce cuir exotique d\u2019exception se distingue par son d\u00e9grad\u00e9 naturel mythique, allant du beige ivoire lumineux au gris perl\u00e9 d\u00e9licat, \u00e9voquant les neiges \u00e9ternelles de l\u2019Himalaya.<\/p>\n<p data-start=\"600\" data-end=\"921\">La <strong data-start=\"603\" data-end=\"636\">quincaillerie palladium (PHW)<\/strong> sublime parfaitement cette palette subtile en apportant une touche de lumi\u00e8re froide et \u00e9l\u00e9gante, renfor\u00e7ant le caract\u00e8re pr\u00e9cieux et contemporain de cette pi\u00e8ce l\u00e9gendaire. Le format <strong data-start=\"821\" data-end=\"830\">25 cm<\/strong>, \u00e0 la fois compact et sophistiqu\u00e9, en fait l\u2019un des mod\u00e8les les plus convoit\u00e9s au monde.<\/p>\n<p data-start=\"923\" data-end=\"1249\">Dat\u00e9 du <strong data-start=\"931\" data-end=\"949\">stamp B (2023)<\/strong>, ce Kelly a \u00e9t\u00e9 <strong data-start=\"964\" data-end=\"995\">conserv\u00e9 neuf<\/strong>, soigneusement pr\u00e9serv\u00e9 dans ses conditions d\u2019origine. Il est livr\u00e9 en <strong data-start=\"1067\" data-end=\"1087\">full set complet<\/strong>, avec sa bo\u00eete Herm\u00e8s, son dustbag, sa bandouli\u00e8re, sa feutrine protectrice, son cadenas, sa clochette, ses cl\u00e9s, son certificat CITES et sa facture originale.<\/p>\n","protected":false},"featured_media":12410,"template":"","meta":[],"product_brand":[],"product_cat":[323,216],"product_tag":[],"class_list":{"0":"post-12396","1":"product","2":"type-product","3":"status-publish","4":"has-post-thumbnail","6":"product_cat-kelly","7":"product_cat-les-sacs","8":"ts_product_brand-kelly","10":"first","11":"outofstock","12":"taxable","13":"shipping-taxable","14":"purchasable","15":"product-type-simple","16":"add-to-wishlist-before_add_to_cart"},"yoast_head":"<!-- This site is optimized with the Yoast SEO plugin v27.3 - https:\/\/yoast.com\/product\/yoast-seo-wordpress\/ -->\n<title>Kelly 25 Himalaya Crocodile Niloticus PHW - Gaia Lux<\/title>\n<meta name=\"robots\" content=\"index, follow, max-snippet:-1, max-image-preview:large, max-video-preview:-1\" \/>\n<link rel=\"canonical\" href=\"https:\/\/gaia-lux.ch\/fr\/produit\/kelly-25-himalaya-crocodile-niloticus-phw\/\" \/>\n<meta property=\"og:locale\" content=\"fr_FR\" \/>\n<meta property=\"og:type\" content=\"article\" \/>\n<meta property=\"og:title\" content=\"Kelly 25 Himalaya Crocodile Niloticus PHW - Gaia Lux\" \/>\n<meta property=\"og:description\" content=\"V\u00e9ritable graal de la collection Herm\u00e8s, le Kelly 25 Himalaya incarne l\u2019apog\u00e9e du savoir-faire artisanal et du luxe absolu. R\u00e9alis\u00e9 en crocodile Niloticus, ce cuir exotique d\u2019exception se distingue par son d\u00e9grad\u00e9 naturel mythique, allant du beige ivoire lumineux au gris perl\u00e9 d\u00e9licat, \u00e9voquant les neiges \u00e9ternelles de l\u2019Himalaya. La quincaillerie palladium (PHW) sublime parfaitement cette palette subtile en apportant une touche de lumi\u00e8re froide et \u00e9l\u00e9gante, renfor\u00e7ant le caract\u00e8re pr\u00e9cieux et contemporain de cette pi\u00e8ce l\u00e9gendaire. Le format 25 cm, \u00e0 la fois compact et sophistiqu\u00e9, en fait l\u2019un des mod\u00e8les les plus convoit\u00e9s au monde. Dat\u00e9 du stamp B (2023), ce Kelly a \u00e9t\u00e9 conserv\u00e9 neuf, soigneusement pr\u00e9serv\u00e9 dans ses conditions d\u2019origine. Il est livr\u00e9 en full set complet, avec sa bo\u00eete Herm\u00e8s, son dustbag, sa bandouli\u00e8re, sa feutrine protectrice, son cadenas, sa clochette, ses cl\u00e9s, son certificat CITES et sa facture originale.\" \/>\n<meta property=\"og:url\" content=\"https:\/\/gaia-lux.ch\/fr\/produit\/kelly-25-himalaya-crocodile-niloticus-phw\/\" \/>\n<meta property=\"og:site_name\" content=\"Gaia Lux\" \/>\n<meta property=\"article:modified_time\" content=\"2026-01-05T12:40:13+00:00\" \/>\n<meta property=\"og:image\" content=\"https:\/\/gaia-lux.ch\/wp-content\/uploads\/2025\/12\/transparent-Photoroom-4.png\" \/>\n\t<meta property=\"og:image:width\" content=\"1512\" \/>\n\t<meta property=\"og:image:height\" content=\"1512\" \/>\n\t<meta property=\"og:image:type\" content=\"image\/png\" \/>\n<meta name=\"twitter:card\" content=\"summary_large_image\" \/>\n<meta name=\"twitter:label1\" content=\"Dur\u00e9e de lecture estim\u00e9e\" \/>\n\t<meta name=\"twitter:data1\" content=\"1 minute\" \/>\n<script type=\"application\/ld+json\" class=\"yoast-schema-graph\">{\"@context\":\"https:\\\/\\\/schema.org\",\"@graph\":[{\"@type\":\"WebPage\",\"@id\":\"https:\\\/\\\/gaia-lux.ch\\\/produit\\\/kelly-25-himalaya-crocodile-niloticus-phw\\\/\",\"url\":\"https:\\\/\\\/gaia-lux.ch\\\/produit\\\/kelly-25-himalaya-crocodile-niloticus-phw\\\/\",\"name\":\"Kelly 25 Himalaya Crocodile Niloticus PHW - Gaia Lux\",\"isPartOf\":{\"@id\":\"https:\\\/\\\/gaia-lux.ch\\\/#website\"},\"primaryImageOfPage\":{\"@id\":\"https:\\\/\\\/gaia-lux.ch\\\/produit\\\/kelly-25-himalaya-crocodile-niloticus-phw\\\/#primaryimage\"},\"image\":{\"@id\":\"https:\\\/\\\/gaia-lux.ch\\\/produit\\\/kelly-25-himalaya-crocodile-niloticus-phw\\\/#primaryimage\"},\"thumbnailUrl\":\"https:\\\/\\\/gaia-lux.ch\\\/wp-content\\\/uploads\\\/2025\\\/12\\\/transparent-Photoroom-4.png\",\"datePublished\":\"2025-12-08T11:21:54+00:00\",\"dateModified\":\"2026-01-05T12:40:13+00:00\",\"breadcrumb\":{\"@id\":\"https:\\\/\\\/gaia-lux.ch\\\/produit\\\/kelly-25-himalaya-crocodile-niloticus-phw\\\/#breadcrumb\"},\"inLanguage\":\"fr-FR\",\"potentialAction\":[{\"@type\":\"ReadAction\",\"target\":[\"https:\\\/\\\/gaia-lux.ch\\\/produit\\\/kelly-25-himalaya-crocodile-niloticus-phw\\\/\"]}]},{\"@type\":\"ImageObject\",\"inLanguage\":\"fr-FR\",\"@id\":\"https:\\\/\\\/gaia-lux.ch\\\/produit\\\/kelly-25-himalaya-crocodile-niloticus-phw\\\/#primaryimage\",\"url\":\"https:\\\/\\\/gaia-lux.ch\\\/wp-content\\\/uploads\\\/2025\\\/12\\\/transparent-Photoroom-4.png\",\"contentUrl\":\"https:\\\/\\\/gaia-lux.ch\\\/wp-content\\\/uploads\\\/2025\\\/12\\\/transparent-Photoroom-4.png\",\"width\":1512,\"height\":1512},{\"@type\":\"BreadcrumbList\",\"@id\":\"https:\\\/\\\/gaia-lux.ch\\\/produit\\\/kelly-25-himalaya-crocodile-niloticus-phw\\\/#breadcrumb\",\"itemListElement\":[{\"@type\":\"ListItem\",\"position\":1,\"name\":\"Accueil\",\"item\":\"https:\\\/\\\/gaia-lux.ch\\\/\"},{\"@type\":\"ListItem\",\"position\":2,\"name\":\"Boutique\",\"item\":\"https:\\\/\\\/gaia-lux.ch\\\/boutique\\\/\"},{\"@type\":\"ListItem\",\"position\":3,\"name\":\"Kelly 25 Himalaya Crocodile Niloticus PHW\"}]},{\"@type\":\"WebSite\",\"@id\":\"https:\\\/\\\/gaia-lux.ch\\\/#website\",\"url\":\"https:\\\/\\\/gaia-lux.ch\\\/\",\"name\":\"Gaia Lux\",\"description\":\"Des pi\u00e8ces uniques, rares et limit\u00e9s.\",\"publisher\":{\"@id\":\"https:\\\/\\\/gaia-lux.ch\\\/#organization\"},\"alternateName\":\"Gaia Lux : Sp\u00e9cialis\u00e9s dans la recherche de sacs Herm\u00e8s rares et limit\u00e9s.\",\"potentialAction\":[{\"@type\":\"SearchAction\",\"target\":{\"@type\":\"EntryPoint\",\"urlTemplate\":\"https:\\\/\\\/gaia-lux.ch\\\/?s={search_term_string}\"},\"query-input\":{\"@type\":\"PropertyValueSpecification\",\"valueRequired\":true,\"valueName\":\"search_term_string\"}}],\"inLanguage\":\"fr-FR\"},{\"@type\":\"Organization\",\"@id\":\"https:\\\/\\\/gaia-lux.ch\\\/#organization\",\"name\":\"Gaia Lux\",\"url\":\"https:\\\/\\\/gaia-lux.ch\\\/\",\"logo\":{\"@type\":\"ImageObject\",\"inLanguage\":\"fr-FR\",\"@id\":\"https:\\\/\\\/gaia-lux.ch\\\/#\\\/schema\\\/logo\\\/image\\\/\",\"url\":\"https:\\\/\\\/gaia-lux.ch\\\/wp-content\\\/uploads\\\/2025\\\/06\\\/cropped-LOGO-GAIA-2-Photoroom.png\",\"contentUrl\":\"https:\\\/\\\/gaia-lux.ch\\\/wp-content\\\/uploads\\\/2025\\\/06\\\/cropped-LOGO-GAIA-2-Photoroom.png\",\"width\":512,\"height\":512,\"caption\":\"Gaia Lux\"},\"image\":{\"@id\":\"https:\\\/\\\/gaia-lux.ch\\\/#\\\/schema\\\/logo\\\/image\\\/\"}}]}<\/script>\n<!-- \/ Yoast SEO plugin. -->","yoast_head_json":{"title":"Kelly 25 Himalaya Crocodile Niloticus PHW - Gaia Lux","robots":{"index":"index","follow":"follow","max-snippet":"max-snippet:-1","max-image-preview":"max-image-preview:large","max-video-preview":"max-video-preview:-1"},"canonical":"https:\/\/gaia-lux.ch\/fr\/produit\/kelly-25-himalaya-crocodile-niloticus-phw\/","og_locale":"fr_FR","og_type":"article","og_title":"Kelly 25 Himalaya Crocodile Niloticus PHW - Gaia Lux","og_description":"V\u00e9ritable graal de la collection Herm\u00e8s, le Kelly 25 Himalaya incarne l\u2019apog\u00e9e du savoir-faire artisanal et du luxe absolu. R\u00e9alis\u00e9 en crocodile Niloticus, ce cuir exotique d\u2019exception se distingue par son d\u00e9grad\u00e9 naturel mythique, allant du beige ivoire lumineux au gris perl\u00e9 d\u00e9licat, \u00e9voquant les neiges \u00e9ternelles de l\u2019Himalaya. La quincaillerie palladium (PHW) sublime parfaitement cette palette subtile en apportant une touche de lumi\u00e8re froide et \u00e9l\u00e9gante, renfor\u00e7ant le caract\u00e8re pr\u00e9cieux et contemporain de cette pi\u00e8ce l\u00e9gendaire. Le format 25 cm, \u00e0 la fois compact et sophistiqu\u00e9, en fait l\u2019un des mod\u00e8les les plus convoit\u00e9s au monde. Dat\u00e9 du stamp B (2023), ce Kelly a \u00e9t\u00e9 conserv\u00e9 neuf, soigneusement pr\u00e9serv\u00e9 dans ses conditions d\u2019origine. Il est livr\u00e9 en full set complet, avec sa bo\u00eete Herm\u00e8s, son dustbag, sa bandouli\u00e8re, sa feutrine protectrice, son cadenas, sa clochette, ses cl\u00e9s, son certificat CITES et sa facture originale.","og_url":"https:\/\/gaia-lux.ch\/fr\/produit\/kelly-25-himalaya-crocodile-niloticus-phw\/","og_site_name":"Gaia Lux","article_modified_time":"2026-01-05T12:40:13+00:00","og_image":[{"width":1512,"height":1512,"url":"https:\/\/gaia-lux.ch\/wp-content\/uploads\/2025\/12\/transparent-Photoroom-4.png","type":"image\/png"}],"twitter_card":"summary_large_image","twitter_misc":{"Dur\u00e9e de lecture estim\u00e9e":"1 minute"},"schema":{"@context":"https:\/\/schema.org","@graph":[{"@type":"WebPage","@id":"https:\/\/gaia-lux.ch\/produit\/kelly-25-himalaya-crocodile-niloticus-phw\/","url":"https:\/\/gaia-lux.ch\/produit\/kelly-25-himalaya-crocodile-niloticus-phw\/","name":"Kelly 25 Himalaya Crocodile Niloticus PHW - Gaia Lux","isPartOf":{"@id":"https:\/\/gaia-lux.ch\/#website"},"primaryImageOfPage":{"@id":"https:\/\/gaia-lux.ch\/produit\/kelly-25-himalaya-crocodile-niloticus-phw\/#primaryimage"},"image":{"@id":"https:\/\/gaia-lux.ch\/produit\/kelly-25-himalaya-crocodile-niloticus-phw\/#primaryimage"},"thumbnailUrl":"https:\/\/gaia-lux.ch\/wp-content\/uploads\/2025\/12\/transparent-Photoroom-4.png","datePublished":"2025-12-08T11:21:54+00:00","dateModified":"2026-01-05T12:40:13+00:00","breadcrumb":{"@id":"https:\/\/gaia-lux.ch\/produit\/kelly-25-himalaya-crocodile-niloticus-phw\/#breadcrumb"},"inLanguage":"fr-FR","potentialAction":[{"@type":"ReadAction","target":["https:\/\/gaia-lux.ch\/produit\/kelly-25-himalaya-crocodile-niloticus-phw\/"]}]},{"@type":"ImageObject","inLanguage":"fr-FR","@id":"https:\/\/gaia-lux.ch\/produit\/kelly-25-himalaya-crocodile-niloticus-phw\/#primaryimage","url":"https:\/\/gaia-lux.ch\/wp-content\/uploads\/2025\/12\/transparent-Photoroom-4.png","contentUrl":"https:\/\/gaia-lux.ch\/wp-content\/uploads\/2025\/12\/transparent-Photoroom-4.png","width":1512,"height":1512},{"@type":"BreadcrumbList","@id":"https:\/\/gaia-lux.ch\/produit\/kelly-25-himalaya-crocodile-niloticus-phw\/#breadcrumb","itemListElement":[{"@type":"ListItem","position":1,"name":"Accueil","item":"https:\/\/gaia-lux.ch\/"},{"@type":"ListItem","position":2,"name":"Boutique","item":"https:\/\/gaia-lux.ch\/boutique\/"},{"@type":"ListItem","position":3,"name":"Kelly 25 Himalaya Crocodile Niloticus PHW"}]},{"@type":"WebSite","@id":"https:\/\/gaia-lux.ch\/#website","url":"https:\/\/gaia-lux.ch\/","name":"Gaia Lux","description":"Des pi\u00e8ces uniques, rares et limit\u00e9s.","publisher":{"@id":"https:\/\/gaia-lux.ch\/#organization"},"alternateName":"Gaia Lux : Sp\u00e9cialis\u00e9s dans la recherche de sacs Herm\u00e8s rares et limit\u00e9s.","potentialAction":[{"@type":"SearchAction","target":{"@type":"EntryPoint","urlTemplate":"https:\/\/gaia-lux.ch\/?s={search_term_string}"},"query-input":{"@type":"PropertyValueSpecification","valueRequired":true,"valueName":"search_term_string"}}],"inLanguage":"fr-FR"},{"@type":"Organization","@id":"https:\/\/gaia-lux.ch\/#organization","name":"Gaia Lux","url":"https:\/\/gaia-lux.ch\/","logo":{"@type":"ImageObject","inLanguage":"fr-FR","@id":"https:\/\/gaia-lux.ch\/#\/schema\/logo\/image\/","url":"https:\/\/gaia-lux.ch\/wp-content\/uploads\/2025\/06\/cropped-LOGO-GAIA-2-Photoroom.png","contentUrl":"https:\/\/gaia-lux.ch\/wp-content\/uploads\/2025\/06\/cropped-LOGO-GAIA-2-Photoroom.png","width":512,"height":512,"caption":"Gaia Lux"},"image":{"@id":"https:\/\/gaia-lux.ch\/#\/schema\/logo\/image\/"}}]}},"_links":{"self":[{"href":"https:\/\/gaia-lux.ch\/fr\/wp-json\/wp\/v2\/product\/12396","targetHints":{"allow":["GET"]}}],"collection":[{"href":"https:\/\/gaia-lux.ch\/fr\/wp-json\/wp\/v2\/product"}],"about":[{"href":"https:\/\/gaia-lux.ch\/fr\/wp-json\/wp\/v2\/types\/product"}],"version-history":[{"count":1,"href":"https:\/\/gaia-lux.ch\/fr\/wp-json\/wp\/v2\/product\/12396\/revisions"}],"predecessor-version":[{"id":12409,"href":"https:\/\/gaia-lux.ch\/fr\/wp-json\/wp\/v2\/product\/12396\/revisions\/12409"}],"wp:featuredmedia":[{"embeddable":true,"href":"https:\/\/gaia-lux.ch\/fr\/wp-json\/wp\/v2\/media\/12410"}],"wp:attachment":[{"href":"https:\/\/gaia-lux.ch\/fr\/wp-json\/wp\/v2\/media?parent=12396"}],"wp:term":[{"taxonomy":"product_brand","embeddable":true,"href":"https:\/\/gaia-lux.ch\/fr\/wp-json\/wp\/v2\/product_brand?post=12396"},{"taxonomy":"product_cat","embeddable":true,"href":"https:\/\/gaia-lux.ch\/fr\/wp-json\/wp\/v2\/product_cat?post=12396"},{"taxonomy":"product_tag","embeddable":true,"href":"https:\/\/gaia-lux.ch\/fr\/wp-json\/wp\/v2\/product_tag?post=12396"}],"curies":[{"name":"wp","href":"https:\/\/api.w.org\/{rel}","templated":true}]}}