{"id":12411,"date":"2026-01-05T14:15:44","date_gmt":"2026-01-05T13:15:44","guid":{"rendered":"https:\/\/gaia-lux.ch\/?post_type=product&#038;p=12411"},"modified":"2026-01-14T12:24:48","modified_gmt":"2026-01-14T11:24:48","slug":"mini-kelly-picnic-osier-swift-noir-phw","status":"publish","type":"product","link":"https:\/\/gaia-lux.ch\/fr\/produit\/mini-kelly-picnic-osier-swift-noir-phw\/","title":{"rendered":"Mini Kelly Picnic Osier &#038; Swift Noir PHW"},"content":{"rendered":"","protected":false},"excerpt":{"rendered":"<p data-start=\"208\" data-end=\"551\">Pi\u00e8ce iconique et extr\u00eamement recherch\u00e9e, le <strong data-start=\"253\" data-end=\"274\">Mini Kelly Picnic<\/strong> incarne l\u2019excellence artisanale et la cr\u00e9ativit\u00e9 embl\u00e9matique de la Maison Herm\u00e8s. Cette version d\u2019exception associe l\u2019<strong data-start=\"394\" data-end=\"420\">osier tress\u00e9 \u00e0 la main<\/strong>, signature du mod\u00e8le Picnic, au <strong data-start=\"453\" data-end=\"472\">cuir Swift noir<\/strong>, cr\u00e9ant un contraste saisissant entre mati\u00e8re naturelle et \u00e9l\u00e9gance urbaine.<\/p>\n<p data-start=\"553\" data-end=\"873\">La <strong data-start=\"556\" data-end=\"589\">bijouterie palladium (PHW)<\/strong> apporte une touche contemporaine et lumineuse, sublimant l\u2019\u00e9quilibre parfait entre la chaleur de l\u2019osier et la profondeur du cuir noir.<\/p>\n<p data-start=\"875\" data-end=\"1078\">Dat\u00e9 du <strong data-start=\"883\" data-end=\"901\">stamp K (2025)<\/strong>, ce sac est <strong data-start=\"914\" data-end=\"936\">neuf, jamais port\u00e9<\/strong>, et livr\u00e9 en <strong data-start=\"950\" data-end=\"970\">full set complet<\/strong>, comprenant la bo\u00eete Herm\u00e8s, le dustbag, la bandouli\u00e8re, la feutrine protectrice et la facture originale.<\/p>\n","protected":false},"featured_media":12412,"template":"","meta":[],"product_brand":[],"product_cat":[323,216],"product_tag":[],"class_list":{"0":"post-12411","1":"product","2":"type-product","3":"status-publish","4":"has-post-thumbnail","6":"product_cat-kelly","7":"product_cat-les-sacs","8":"ts_product_brand-kelly","10":"first","11":"outofstock","12":"taxable","13":"shipping-taxable","14":"purchasable","15":"product-type-simple","16":"add-to-wishlist-before_add_to_cart"},"yoast_head":"<!-- This site is optimized with the Yoast SEO plugin v27.3 - https:\/\/yoast.com\/product\/yoast-seo-wordpress\/ -->\n<title>Mini Kelly Picnic Osier &amp; Swift Noir PHW - Gaia Lux<\/title>\n<meta name=\"robots\" content=\"index, follow, max-snippet:-1, max-image-preview:large, max-video-preview:-1\" \/>\n<link rel=\"canonical\" href=\"https:\/\/gaia-lux.ch\/fr\/produit\/mini-kelly-picnic-osier-swift-noir-phw\/\" \/>\n<meta property=\"og:locale\" content=\"fr_FR\" \/>\n<meta property=\"og:type\" content=\"article\" \/>\n<meta property=\"og:title\" content=\"Mini Kelly Picnic Osier &amp; Swift Noir PHW - Gaia Lux\" \/>\n<meta property=\"og:description\" content=\"Pi\u00e8ce iconique et extr\u00eamement recherch\u00e9e, le Mini Kelly Picnic incarne l\u2019excellence artisanale et la cr\u00e9ativit\u00e9 embl\u00e9matique de la Maison Herm\u00e8s. Cette version d\u2019exception associe l\u2019osier tress\u00e9 \u00e0 la main, signature du mod\u00e8le Picnic, au cuir Swift noir, cr\u00e9ant un contraste saisissant entre mati\u00e8re naturelle et \u00e9l\u00e9gance urbaine. La bijouterie palladium (PHW) apporte une touche contemporaine et lumineuse, sublimant l\u2019\u00e9quilibre parfait entre la chaleur de l\u2019osier et la profondeur du cuir noir. Dat\u00e9 du stamp K (2025), ce sac est neuf, jamais port\u00e9, et livr\u00e9 en full set complet, comprenant la bo\u00eete Herm\u00e8s, le dustbag, la bandouli\u00e8re, la feutrine protectrice et la facture originale.\" \/>\n<meta property=\"og:url\" content=\"https:\/\/gaia-lux.ch\/fr\/produit\/mini-kelly-picnic-osier-swift-noir-phw\/\" \/>\n<meta property=\"og:site_name\" content=\"Gaia Lux\" \/>\n<meta property=\"article:modified_time\" content=\"2026-01-14T11:24:48+00:00\" \/>\n<meta property=\"og:image\" content=\"https:\/\/gaia-lux.ch\/wp-content\/uploads\/2026\/01\/transparent-Photoroom-4-copie.png\" \/>\n\t<meta property=\"og:image:width\" content=\"1512\" \/>\n\t<meta property=\"og:image:height\" content=\"1512\" \/>\n\t<meta property=\"og:image:type\" content=\"image\/png\" \/>\n<meta name=\"twitter:card\" content=\"summary_large_image\" \/>\n<meta name=\"twitter:label1\" content=\"Dur\u00e9e de lecture estim\u00e9e\" \/>\n\t<meta name=\"twitter:data1\" content=\"1 minute\" \/>\n<script type=\"application\/ld+json\" class=\"yoast-schema-graph\">{\"@context\":\"https:\\\/\\\/schema.org\",\"@graph\":[{\"@type\":\"WebPage\",\"@id\":\"https:\\\/\\\/gaia-lux.ch\\\/produit\\\/mini-kelly-picnic-osier-swift-noir-phw\\\/\",\"url\":\"https:\\\/\\\/gaia-lux.ch\\\/produit\\\/mini-kelly-picnic-osier-swift-noir-phw\\\/\",\"name\":\"Mini Kelly Picnic Osier & Swift Noir PHW - Gaia Lux\",\"isPartOf\":{\"@id\":\"https:\\\/\\\/gaia-lux.ch\\\/#website\"},\"primaryImageOfPage\":{\"@id\":\"https:\\\/\\\/gaia-lux.ch\\\/produit\\\/mini-kelly-picnic-osier-swift-noir-phw\\\/#primaryimage\"},\"image\":{\"@id\":\"https:\\\/\\\/gaia-lux.ch\\\/produit\\\/mini-kelly-picnic-osier-swift-noir-phw\\\/#primaryimage\"},\"thumbnailUrl\":\"https:\\\/\\\/gaia-lux.ch\\\/wp-content\\\/uploads\\\/2026\\\/01\\\/transparent-Photoroom-4-copie.png\",\"datePublished\":\"2026-01-05T13:15:44+00:00\",\"dateModified\":\"2026-01-14T11:24:48+00:00\",\"breadcrumb\":{\"@id\":\"https:\\\/\\\/gaia-lux.ch\\\/produit\\\/mini-kelly-picnic-osier-swift-noir-phw\\\/#breadcrumb\"},\"inLanguage\":\"fr-FR\",\"potentialAction\":[{\"@type\":\"ReadAction\",\"target\":[\"https:\\\/\\\/gaia-lux.ch\\\/produit\\\/mini-kelly-picnic-osier-swift-noir-phw\\\/\"]}]},{\"@type\":\"ImageObject\",\"inLanguage\":\"fr-FR\",\"@id\":\"https:\\\/\\\/gaia-lux.ch\\\/produit\\\/mini-kelly-picnic-osier-swift-noir-phw\\\/#primaryimage\",\"url\":\"https:\\\/\\\/gaia-lux.ch\\\/wp-content\\\/uploads\\\/2026\\\/01\\\/transparent-Photoroom-4-copie.png\",\"contentUrl\":\"https:\\\/\\\/gaia-lux.ch\\\/wp-content\\\/uploads\\\/2026\\\/01\\\/transparent-Photoroom-4-copie.png\",\"width\":1512,\"height\":1512},{\"@type\":\"BreadcrumbList\",\"@id\":\"https:\\\/\\\/gaia-lux.ch\\\/produit\\\/mini-kelly-picnic-osier-swift-noir-phw\\\/#breadcrumb\",\"itemListElement\":[{\"@type\":\"ListItem\",\"position\":1,\"name\":\"Accueil\",\"item\":\"https:\\\/\\\/gaia-lux.ch\\\/\"},{\"@type\":\"ListItem\",\"position\":2,\"name\":\"Boutique\",\"item\":\"https:\\\/\\\/gaia-lux.ch\\\/boutique\\\/\"},{\"@type\":\"ListItem\",\"position\":3,\"name\":\"Mini Kelly Picnic Osier &#038; Swift Noir PHW\"}]},{\"@type\":\"WebSite\",\"@id\":\"https:\\\/\\\/gaia-lux.ch\\\/#website\",\"url\":\"https:\\\/\\\/gaia-lux.ch\\\/\",\"name\":\"Gaia Lux\",\"description\":\"Des pi\u00e8ces uniques, rares et limit\u00e9s.\",\"publisher\":{\"@id\":\"https:\\\/\\\/gaia-lux.ch\\\/#organization\"},\"alternateName\":\"Gaia Lux : Sp\u00e9cialis\u00e9s dans la recherche de sacs Herm\u00e8s rares et limit\u00e9s.\",\"potentialAction\":[{\"@type\":\"SearchAction\",\"target\":{\"@type\":\"EntryPoint\",\"urlTemplate\":\"https:\\\/\\\/gaia-lux.ch\\\/?s={search_term_string}\"},\"query-input\":{\"@type\":\"PropertyValueSpecification\",\"valueRequired\":true,\"valueName\":\"search_term_string\"}}],\"inLanguage\":\"fr-FR\"},{\"@type\":\"Organization\",\"@id\":\"https:\\\/\\\/gaia-lux.ch\\\/#organization\",\"name\":\"Gaia Lux\",\"url\":\"https:\\\/\\\/gaia-lux.ch\\\/\",\"logo\":{\"@type\":\"ImageObject\",\"inLanguage\":\"fr-FR\",\"@id\":\"https:\\\/\\\/gaia-lux.ch\\\/#\\\/schema\\\/logo\\\/image\\\/\",\"url\":\"https:\\\/\\\/gaia-lux.ch\\\/wp-content\\\/uploads\\\/2025\\\/06\\\/cropped-LOGO-GAIA-2-Photoroom.png\",\"contentUrl\":\"https:\\\/\\\/gaia-lux.ch\\\/wp-content\\\/uploads\\\/2025\\\/06\\\/cropped-LOGO-GAIA-2-Photoroom.png\",\"width\":512,\"height\":512,\"caption\":\"Gaia Lux\"},\"image\":{\"@id\":\"https:\\\/\\\/gaia-lux.ch\\\/#\\\/schema\\\/logo\\\/image\\\/\"}}]}<\/script>\n<!-- \/ Yoast SEO plugin. -->","yoast_head_json":{"title":"Mini Kelly Picnic Osier & Swift Noir PHW - Gaia Lux","robots":{"index":"index","follow":"follow","max-snippet":"max-snippet:-1","max-image-preview":"max-image-preview:large","max-video-preview":"max-video-preview:-1"},"canonical":"https:\/\/gaia-lux.ch\/fr\/produit\/mini-kelly-picnic-osier-swift-noir-phw\/","og_locale":"fr_FR","og_type":"article","og_title":"Mini Kelly Picnic Osier & Swift Noir PHW - Gaia Lux","og_description":"Pi\u00e8ce iconique et extr\u00eamement recherch\u00e9e, le Mini Kelly Picnic incarne l\u2019excellence artisanale et la cr\u00e9ativit\u00e9 embl\u00e9matique de la Maison Herm\u00e8s. Cette version d\u2019exception associe l\u2019osier tress\u00e9 \u00e0 la main, signature du mod\u00e8le Picnic, au cuir Swift noir, cr\u00e9ant un contraste saisissant entre mati\u00e8re naturelle et \u00e9l\u00e9gance urbaine. La bijouterie palladium (PHW) apporte une touche contemporaine et lumineuse, sublimant l\u2019\u00e9quilibre parfait entre la chaleur de l\u2019osier et la profondeur du cuir noir. Dat\u00e9 du stamp K (2025), ce sac est neuf, jamais port\u00e9, et livr\u00e9 en full set complet, comprenant la bo\u00eete Herm\u00e8s, le dustbag, la bandouli\u00e8re, la feutrine protectrice et la facture originale.","og_url":"https:\/\/gaia-lux.ch\/fr\/produit\/mini-kelly-picnic-osier-swift-noir-phw\/","og_site_name":"Gaia Lux","article_modified_time":"2026-01-14T11:24:48+00:00","og_image":[{"width":1512,"height":1512,"url":"https:\/\/gaia-lux.ch\/wp-content\/uploads\/2026\/01\/transparent-Photoroom-4-copie.png","type":"image\/png"}],"twitter_card":"summary_large_image","twitter_misc":{"Dur\u00e9e de lecture estim\u00e9e":"1 minute"},"schema":{"@context":"https:\/\/schema.org","@graph":[{"@type":"WebPage","@id":"https:\/\/gaia-lux.ch\/produit\/mini-kelly-picnic-osier-swift-noir-phw\/","url":"https:\/\/gaia-lux.ch\/produit\/mini-kelly-picnic-osier-swift-noir-phw\/","name":"Mini Kelly Picnic Osier & Swift Noir PHW - Gaia Lux","isPartOf":{"@id":"https:\/\/gaia-lux.ch\/#website"},"primaryImageOfPage":{"@id":"https:\/\/gaia-lux.ch\/produit\/mini-kelly-picnic-osier-swift-noir-phw\/#primaryimage"},"image":{"@id":"https:\/\/gaia-lux.ch\/produit\/mini-kelly-picnic-osier-swift-noir-phw\/#primaryimage"},"thumbnailUrl":"https:\/\/gaia-lux.ch\/wp-content\/uploads\/2026\/01\/transparent-Photoroom-4-copie.png","datePublished":"2026-01-05T13:15:44+00:00","dateModified":"2026-01-14T11:24:48+00:00","breadcrumb":{"@id":"https:\/\/gaia-lux.ch\/produit\/mini-kelly-picnic-osier-swift-noir-phw\/#breadcrumb"},"inLanguage":"fr-FR","potentialAction":[{"@type":"ReadAction","target":["https:\/\/gaia-lux.ch\/produit\/mini-kelly-picnic-osier-swift-noir-phw\/"]}]},{"@type":"ImageObject","inLanguage":"fr-FR","@id":"https:\/\/gaia-lux.ch\/produit\/mini-kelly-picnic-osier-swift-noir-phw\/#primaryimage","url":"https:\/\/gaia-lux.ch\/wp-content\/uploads\/2026\/01\/transparent-Photoroom-4-copie.png","contentUrl":"https:\/\/gaia-lux.ch\/wp-content\/uploads\/2026\/01\/transparent-Photoroom-4-copie.png","width":1512,"height":1512},{"@type":"BreadcrumbList","@id":"https:\/\/gaia-lux.ch\/produit\/mini-kelly-picnic-osier-swift-noir-phw\/#breadcrumb","itemListElement":[{"@type":"ListItem","position":1,"name":"Accueil","item":"https:\/\/gaia-lux.ch\/"},{"@type":"ListItem","position":2,"name":"Boutique","item":"https:\/\/gaia-lux.ch\/boutique\/"},{"@type":"ListItem","position":3,"name":"Mini Kelly Picnic Osier &#038; Swift Noir PHW"}]},{"@type":"WebSite","@id":"https:\/\/gaia-lux.ch\/#website","url":"https:\/\/gaia-lux.ch\/","name":"Gaia Lux","description":"Des pi\u00e8ces uniques, rares et limit\u00e9s.","publisher":{"@id":"https:\/\/gaia-lux.ch\/#organization"},"alternateName":"Gaia Lux : Sp\u00e9cialis\u00e9s dans la recherche de sacs Herm\u00e8s rares et limit\u00e9s.","potentialAction":[{"@type":"SearchAction","target":{"@type":"EntryPoint","urlTemplate":"https:\/\/gaia-lux.ch\/?s={search_term_string}"},"query-input":{"@type":"PropertyValueSpecification","valueRequired":true,"valueName":"search_term_string"}}],"inLanguage":"fr-FR"},{"@type":"Organization","@id":"https:\/\/gaia-lux.ch\/#organization","name":"Gaia Lux","url":"https:\/\/gaia-lux.ch\/","logo":{"@type":"ImageObject","inLanguage":"fr-FR","@id":"https:\/\/gaia-lux.ch\/#\/schema\/logo\/image\/","url":"https:\/\/gaia-lux.ch\/wp-content\/uploads\/2025\/06\/cropped-LOGO-GAIA-2-Photoroom.png","contentUrl":"https:\/\/gaia-lux.ch\/wp-content\/uploads\/2025\/06\/cropped-LOGO-GAIA-2-Photoroom.png","width":512,"height":512,"caption":"Gaia Lux"},"image":{"@id":"https:\/\/gaia-lux.ch\/#\/schema\/logo\/image\/"}}]}},"_links":{"self":[{"href":"https:\/\/gaia-lux.ch\/fr\/wp-json\/wp\/v2\/product\/12411","targetHints":{"allow":["GET"]}}],"collection":[{"href":"https:\/\/gaia-lux.ch\/fr\/wp-json\/wp\/v2\/product"}],"about":[{"href":"https:\/\/gaia-lux.ch\/fr\/wp-json\/wp\/v2\/types\/product"}],"version-history":[{"count":1,"href":"https:\/\/gaia-lux.ch\/fr\/wp-json\/wp\/v2\/product\/12411\/revisions"}],"predecessor-version":[{"id":12421,"href":"https:\/\/gaia-lux.ch\/fr\/wp-json\/wp\/v2\/product\/12411\/revisions\/12421"}],"wp:featuredmedia":[{"embeddable":true,"href":"https:\/\/gaia-lux.ch\/fr\/wp-json\/wp\/v2\/media\/12412"}],"wp:attachment":[{"href":"https:\/\/gaia-lux.ch\/fr\/wp-json\/wp\/v2\/media?parent=12411"}],"wp:term":[{"taxonomy":"product_brand","embeddable":true,"href":"https:\/\/gaia-lux.ch\/fr\/wp-json\/wp\/v2\/product_brand?post=12411"},{"taxonomy":"product_cat","embeddable":true,"href":"https:\/\/gaia-lux.ch\/fr\/wp-json\/wp\/v2\/product_cat?post=12411"},{"taxonomy":"product_tag","embeddable":true,"href":"https:\/\/gaia-lux.ch\/fr\/wp-json\/wp\/v2\/product_tag?post=12411"}],"curies":[{"name":"wp","href":"https:\/\/api.w.org\/{rel}","templated":true}]}}