{"id":12440,"date":"2026-01-26T13:52:21","date_gmt":"2026-01-26T12:52:21","guid":{"rendered":"https:\/\/gaia-lux.ch\/?post_type=product&#038;p=12440"},"modified":"2026-01-29T13:35:37","modified_gmt":"2026-01-29T12:35:37","slug":"birkin-25-toile-et-cuir-swift-ecru-prunoir-phw","status":"publish","type":"product","link":"https:\/\/gaia-lux.ch\/fr\/produit\/birkin-25-toile-et-cuir-swift-ecru-prunoir-phw\/","title":{"rendered":"Birkin 25 Toile et Cuir Swift Ecru &#038; Prunoir PHW"},"content":{"rendered":"","protected":false},"excerpt":{"rendered":"<p data-start=\"268\" data-end=\"564\">Alliance parfaite entre sophistication et modernit\u00e9, ce <strong data-start=\"324\" data-end=\"337\">Birkin 25<\/strong> se distingue par son \u00e9l\u00e9gant jeu de mati\u00e8res et de contrastes. Confectionn\u00e9 en <strong data-start=\"417\" data-end=\"431\">toile \u00c9cru<\/strong> associ\u00e9e \u00e0 du <strong data-start=\"446\" data-end=\"468\">cuir Swift Prunoir<\/strong>, il offre une esth\u00e9tique \u00e0 la fois lumineuse et graphique, embl\u00e9matique du savoir-faire Herm\u00e8s.<\/p>\n<p data-start=\"566\" data-end=\"835\">La toile apporte l\u00e9g\u00e8ret\u00e9 et fra\u00eecheur, tandis que le cuir Swift, reconnu pour son toucher soyeux et sa finition lisse, structure l\u2019ensemble avec raffinement. La <strong data-start=\"728\" data-end=\"761\">bijouterie palladium (PHW)<\/strong> vient parfaire cette harmonie avec une touche contemporaine et lumineuse.<\/p>\n<p data-start=\"837\" data-end=\"1127\">Dat\u00e9 <strong data-start=\"845\" data-end=\"856\">de 2024 (stamp W)<\/strong>, ce Birkin est pr\u00e9sent\u00e9 en <strong data-start=\"884\" data-end=\"901\">tr\u00e8s bon \u00e9tat<\/strong>, ayant \u00e9t\u00e9 soigneusement entretenu et conserv\u00e9 avec attention avec tous les plastiques d&#8217;origine. Il est livr\u00e9 en <strong data-start=\"981\" data-end=\"1001\">full set complet<\/strong>, comprenant la bo\u00eete Herm\u00e8s, le dustbag, la feutrine protectrice, le cadenas, la clochette, les cl\u00e9s et la facture originale.<\/p>\n","protected":false},"featured_media":12441,"template":"","meta":[],"product_brand":[],"product_cat":[324,216],"product_tag":[],"class_list":{"0":"post-12440","1":"product","2":"type-product","3":"status-publish","4":"has-post-thumbnail","6":"product_cat-birkin","7":"product_cat-les-sacs","8":"ts_product_brand-birkin","10":"first","11":"outofstock","12":"taxable","13":"shipping-taxable","14":"purchasable","15":"product-type-simple","16":"add-to-wishlist-before_add_to_cart"},"yoast_head":"<!-- This site is optimized with the Yoast SEO plugin v27.3 - https:\/\/yoast.com\/product\/yoast-seo-wordpress\/ -->\n<title>Birkin 25 Toile et Cuir Swift Ecru &amp; Prunoir PHW - Gaia Lux<\/title>\n<meta name=\"robots\" content=\"index, follow, max-snippet:-1, max-image-preview:large, max-video-preview:-1\" \/>\n<link rel=\"canonical\" href=\"https:\/\/gaia-lux.ch\/fr\/produit\/birkin-25-toile-et-cuir-swift-ecru-prunoir-phw\/\" \/>\n<meta property=\"og:locale\" content=\"fr_FR\" \/>\n<meta property=\"og:type\" content=\"article\" \/>\n<meta property=\"og:title\" content=\"Birkin 25 Toile et Cuir Swift Ecru &amp; Prunoir PHW - Gaia Lux\" \/>\n<meta property=\"og:description\" content=\"Alliance parfaite entre sophistication et modernit\u00e9, ce Birkin 25 se distingue par son \u00e9l\u00e9gant jeu de mati\u00e8res et de contrastes. Confectionn\u00e9 en toile \u00c9cru associ\u00e9e \u00e0 du cuir Swift Prunoir, il offre une esth\u00e9tique \u00e0 la fois lumineuse et graphique, embl\u00e9matique du savoir-faire Herm\u00e8s. La toile apporte l\u00e9g\u00e8ret\u00e9 et fra\u00eecheur, tandis que le cuir Swift, reconnu pour son toucher soyeux et sa finition lisse, structure l\u2019ensemble avec raffinement. La bijouterie palladium (PHW) vient parfaire cette harmonie avec une touche contemporaine et lumineuse. Dat\u00e9 de 2024 (stamp W), ce Birkin est pr\u00e9sent\u00e9 en tr\u00e8s bon \u00e9tat, ayant \u00e9t\u00e9 soigneusement entretenu et conserv\u00e9 avec attention avec tous les plastiques d&#039;origine. Il est livr\u00e9 en full set complet, comprenant la bo\u00eete Herm\u00e8s, le dustbag, la feutrine protectrice, le cadenas, la clochette, les cl\u00e9s et la facture originale.\" \/>\n<meta property=\"og:url\" content=\"https:\/\/gaia-lux.ch\/fr\/produit\/birkin-25-toile-et-cuir-swift-ecru-prunoir-phw\/\" \/>\n<meta property=\"og:site_name\" content=\"Gaia Lux\" \/>\n<meta property=\"article:modified_time\" content=\"2026-01-29T12:35:37+00:00\" \/>\n<meta property=\"og:image\" content=\"https:\/\/gaia-lux.ch\/wp-content\/uploads\/2026\/01\/transparent-Photoroom-1024x1024.png\" \/>\n\t<meta property=\"og:image:width\" content=\"1024\" \/>\n\t<meta property=\"og:image:height\" content=\"1024\" \/>\n\t<meta property=\"og:image:type\" content=\"image\/png\" \/>\n<meta name=\"twitter:card\" content=\"summary_large_image\" \/>\n<meta name=\"twitter:label1\" content=\"Dur\u00e9e de lecture estim\u00e9e\" \/>\n\t<meta name=\"twitter:data1\" content=\"1 minute\" \/>\n<script type=\"application\/ld+json\" class=\"yoast-schema-graph\">{\"@context\":\"https:\\\/\\\/schema.org\",\"@graph\":[{\"@type\":\"WebPage\",\"@id\":\"https:\\\/\\\/gaia-lux.ch\\\/produit\\\/birkin-25-toile-et-cuir-swift-ecru-prunoir-phw\\\/\",\"url\":\"https:\\\/\\\/gaia-lux.ch\\\/produit\\\/birkin-25-toile-et-cuir-swift-ecru-prunoir-phw\\\/\",\"name\":\"Birkin 25 Toile et Cuir Swift Ecru & Prunoir PHW - Gaia Lux\",\"isPartOf\":{\"@id\":\"https:\\\/\\\/gaia-lux.ch\\\/#website\"},\"primaryImageOfPage\":{\"@id\":\"https:\\\/\\\/gaia-lux.ch\\\/produit\\\/birkin-25-toile-et-cuir-swift-ecru-prunoir-phw\\\/#primaryimage\"},\"image\":{\"@id\":\"https:\\\/\\\/gaia-lux.ch\\\/produit\\\/birkin-25-toile-et-cuir-swift-ecru-prunoir-phw\\\/#primaryimage\"},\"thumbnailUrl\":\"https:\\\/\\\/gaia-lux.ch\\\/wp-content\\\/uploads\\\/2026\\\/01\\\/transparent-Photoroom.png\",\"datePublished\":\"2026-01-26T12:52:21+00:00\",\"dateModified\":\"2026-01-29T12:35:37+00:00\",\"breadcrumb\":{\"@id\":\"https:\\\/\\\/gaia-lux.ch\\\/produit\\\/birkin-25-toile-et-cuir-swift-ecru-prunoir-phw\\\/#breadcrumb\"},\"inLanguage\":\"fr-FR\",\"potentialAction\":[{\"@type\":\"ReadAction\",\"target\":[\"https:\\\/\\\/gaia-lux.ch\\\/produit\\\/birkin-25-toile-et-cuir-swift-ecru-prunoir-phw\\\/\"]}]},{\"@type\":\"ImageObject\",\"inLanguage\":\"fr-FR\",\"@id\":\"https:\\\/\\\/gaia-lux.ch\\\/produit\\\/birkin-25-toile-et-cuir-swift-ecru-prunoir-phw\\\/#primaryimage\",\"url\":\"https:\\\/\\\/gaia-lux.ch\\\/wp-content\\\/uploads\\\/2026\\\/01\\\/transparent-Photoroom.png\",\"contentUrl\":\"https:\\\/\\\/gaia-lux.ch\\\/wp-content\\\/uploads\\\/2026\\\/01\\\/transparent-Photoroom.png\",\"width\":1512,\"height\":1512},{\"@type\":\"BreadcrumbList\",\"@id\":\"https:\\\/\\\/gaia-lux.ch\\\/produit\\\/birkin-25-toile-et-cuir-swift-ecru-prunoir-phw\\\/#breadcrumb\",\"itemListElement\":[{\"@type\":\"ListItem\",\"position\":1,\"name\":\"Accueil\",\"item\":\"https:\\\/\\\/gaia-lux.ch\\\/\"},{\"@type\":\"ListItem\",\"position\":2,\"name\":\"Boutique\",\"item\":\"https:\\\/\\\/gaia-lux.ch\\\/boutique\\\/\"},{\"@type\":\"ListItem\",\"position\":3,\"name\":\"Birkin 25 Toile et Cuir Swift Ecru &#038; Prunoir PHW\"}]},{\"@type\":\"WebSite\",\"@id\":\"https:\\\/\\\/gaia-lux.ch\\\/#website\",\"url\":\"https:\\\/\\\/gaia-lux.ch\\\/\",\"name\":\"Gaia Lux\",\"description\":\"Des pi\u00e8ces uniques, rares et limit\u00e9s.\",\"publisher\":{\"@id\":\"https:\\\/\\\/gaia-lux.ch\\\/#organization\"},\"alternateName\":\"Gaia Lux : Sp\u00e9cialis\u00e9s dans la recherche de sacs Herm\u00e8s rares et limit\u00e9s.\",\"potentialAction\":[{\"@type\":\"SearchAction\",\"target\":{\"@type\":\"EntryPoint\",\"urlTemplate\":\"https:\\\/\\\/gaia-lux.ch\\\/?s={search_term_string}\"},\"query-input\":{\"@type\":\"PropertyValueSpecification\",\"valueRequired\":true,\"valueName\":\"search_term_string\"}}],\"inLanguage\":\"fr-FR\"},{\"@type\":\"Organization\",\"@id\":\"https:\\\/\\\/gaia-lux.ch\\\/#organization\",\"name\":\"Gaia Lux\",\"url\":\"https:\\\/\\\/gaia-lux.ch\\\/\",\"logo\":{\"@type\":\"ImageObject\",\"inLanguage\":\"fr-FR\",\"@id\":\"https:\\\/\\\/gaia-lux.ch\\\/#\\\/schema\\\/logo\\\/image\\\/\",\"url\":\"https:\\\/\\\/gaia-lux.ch\\\/wp-content\\\/uploads\\\/2025\\\/06\\\/cropped-LOGO-GAIA-2-Photoroom.png\",\"contentUrl\":\"https:\\\/\\\/gaia-lux.ch\\\/wp-content\\\/uploads\\\/2025\\\/06\\\/cropped-LOGO-GAIA-2-Photoroom.png\",\"width\":512,\"height\":512,\"caption\":\"Gaia Lux\"},\"image\":{\"@id\":\"https:\\\/\\\/gaia-lux.ch\\\/#\\\/schema\\\/logo\\\/image\\\/\"}}]}<\/script>\n<!-- \/ Yoast SEO plugin. -->","yoast_head_json":{"title":"Birkin 25 Toile et Cuir Swift Ecru & Prunoir PHW - Gaia Lux","robots":{"index":"index","follow":"follow","max-snippet":"max-snippet:-1","max-image-preview":"max-image-preview:large","max-video-preview":"max-video-preview:-1"},"canonical":"https:\/\/gaia-lux.ch\/fr\/produit\/birkin-25-toile-et-cuir-swift-ecru-prunoir-phw\/","og_locale":"fr_FR","og_type":"article","og_title":"Birkin 25 Toile et Cuir Swift Ecru & Prunoir PHW - Gaia Lux","og_description":"Alliance parfaite entre sophistication et modernit\u00e9, ce Birkin 25 se distingue par son \u00e9l\u00e9gant jeu de mati\u00e8res et de contrastes. Confectionn\u00e9 en toile \u00c9cru associ\u00e9e \u00e0 du cuir Swift Prunoir, il offre une esth\u00e9tique \u00e0 la fois lumineuse et graphique, embl\u00e9matique du savoir-faire Herm\u00e8s. La toile apporte l\u00e9g\u00e8ret\u00e9 et fra\u00eecheur, tandis que le cuir Swift, reconnu pour son toucher soyeux et sa finition lisse, structure l\u2019ensemble avec raffinement. La bijouterie palladium (PHW) vient parfaire cette harmonie avec une touche contemporaine et lumineuse. Dat\u00e9 de 2024 (stamp W), ce Birkin est pr\u00e9sent\u00e9 en tr\u00e8s bon \u00e9tat, ayant \u00e9t\u00e9 soigneusement entretenu et conserv\u00e9 avec attention avec tous les plastiques d'origine. Il est livr\u00e9 en full set complet, comprenant la bo\u00eete Herm\u00e8s, le dustbag, la feutrine protectrice, le cadenas, la clochette, les cl\u00e9s et la facture originale.","og_url":"https:\/\/gaia-lux.ch\/fr\/produit\/birkin-25-toile-et-cuir-swift-ecru-prunoir-phw\/","og_site_name":"Gaia Lux","article_modified_time":"2026-01-29T12:35:37+00:00","og_image":[{"width":1024,"height":1024,"url":"https:\/\/gaia-lux.ch\/wp-content\/uploads\/2026\/01\/transparent-Photoroom-1024x1024.png","type":"image\/png"}],"twitter_card":"summary_large_image","twitter_misc":{"Dur\u00e9e de lecture estim\u00e9e":"1 minute"},"schema":{"@context":"https:\/\/schema.org","@graph":[{"@type":"WebPage","@id":"https:\/\/gaia-lux.ch\/produit\/birkin-25-toile-et-cuir-swift-ecru-prunoir-phw\/","url":"https:\/\/gaia-lux.ch\/produit\/birkin-25-toile-et-cuir-swift-ecru-prunoir-phw\/","name":"Birkin 25 Toile et Cuir Swift Ecru & Prunoir PHW - Gaia Lux","isPartOf":{"@id":"https:\/\/gaia-lux.ch\/#website"},"primaryImageOfPage":{"@id":"https:\/\/gaia-lux.ch\/produit\/birkin-25-toile-et-cuir-swift-ecru-prunoir-phw\/#primaryimage"},"image":{"@id":"https:\/\/gaia-lux.ch\/produit\/birkin-25-toile-et-cuir-swift-ecru-prunoir-phw\/#primaryimage"},"thumbnailUrl":"https:\/\/gaia-lux.ch\/wp-content\/uploads\/2026\/01\/transparent-Photoroom.png","datePublished":"2026-01-26T12:52:21+00:00","dateModified":"2026-01-29T12:35:37+00:00","breadcrumb":{"@id":"https:\/\/gaia-lux.ch\/produit\/birkin-25-toile-et-cuir-swift-ecru-prunoir-phw\/#breadcrumb"},"inLanguage":"fr-FR","potentialAction":[{"@type":"ReadAction","target":["https:\/\/gaia-lux.ch\/produit\/birkin-25-toile-et-cuir-swift-ecru-prunoir-phw\/"]}]},{"@type":"ImageObject","inLanguage":"fr-FR","@id":"https:\/\/gaia-lux.ch\/produit\/birkin-25-toile-et-cuir-swift-ecru-prunoir-phw\/#primaryimage","url":"https:\/\/gaia-lux.ch\/wp-content\/uploads\/2026\/01\/transparent-Photoroom.png","contentUrl":"https:\/\/gaia-lux.ch\/wp-content\/uploads\/2026\/01\/transparent-Photoroom.png","width":1512,"height":1512},{"@type":"BreadcrumbList","@id":"https:\/\/gaia-lux.ch\/produit\/birkin-25-toile-et-cuir-swift-ecru-prunoir-phw\/#breadcrumb","itemListElement":[{"@type":"ListItem","position":1,"name":"Accueil","item":"https:\/\/gaia-lux.ch\/"},{"@type":"ListItem","position":2,"name":"Boutique","item":"https:\/\/gaia-lux.ch\/boutique\/"},{"@type":"ListItem","position":3,"name":"Birkin 25 Toile et Cuir Swift Ecru &#038; Prunoir PHW"}]},{"@type":"WebSite","@id":"https:\/\/gaia-lux.ch\/#website","url":"https:\/\/gaia-lux.ch\/","name":"Gaia Lux","description":"Des pi\u00e8ces uniques, rares et limit\u00e9s.","publisher":{"@id":"https:\/\/gaia-lux.ch\/#organization"},"alternateName":"Gaia Lux : Sp\u00e9cialis\u00e9s dans la recherche de sacs Herm\u00e8s rares et limit\u00e9s.","potentialAction":[{"@type":"SearchAction","target":{"@type":"EntryPoint","urlTemplate":"https:\/\/gaia-lux.ch\/?s={search_term_string}"},"query-input":{"@type":"PropertyValueSpecification","valueRequired":true,"valueName":"search_term_string"}}],"inLanguage":"fr-FR"},{"@type":"Organization","@id":"https:\/\/gaia-lux.ch\/#organization","name":"Gaia Lux","url":"https:\/\/gaia-lux.ch\/","logo":{"@type":"ImageObject","inLanguage":"fr-FR","@id":"https:\/\/gaia-lux.ch\/#\/schema\/logo\/image\/","url":"https:\/\/gaia-lux.ch\/wp-content\/uploads\/2025\/06\/cropped-LOGO-GAIA-2-Photoroom.png","contentUrl":"https:\/\/gaia-lux.ch\/wp-content\/uploads\/2025\/06\/cropped-LOGO-GAIA-2-Photoroom.png","width":512,"height":512,"caption":"Gaia Lux"},"image":{"@id":"https:\/\/gaia-lux.ch\/#\/schema\/logo\/image\/"}}]}},"_links":{"self":[{"href":"https:\/\/gaia-lux.ch\/fr\/wp-json\/wp\/v2\/product\/12440","targetHints":{"allow":["GET"]}}],"collection":[{"href":"https:\/\/gaia-lux.ch\/fr\/wp-json\/wp\/v2\/product"}],"about":[{"href":"https:\/\/gaia-lux.ch\/fr\/wp-json\/wp\/v2\/types\/product"}],"version-history":[{"count":3,"href":"https:\/\/gaia-lux.ch\/fr\/wp-json\/wp\/v2\/product\/12440\/revisions"}],"predecessor-version":[{"id":12454,"href":"https:\/\/gaia-lux.ch\/fr\/wp-json\/wp\/v2\/product\/12440\/revisions\/12454"}],"wp:featuredmedia":[{"embeddable":true,"href":"https:\/\/gaia-lux.ch\/fr\/wp-json\/wp\/v2\/media\/12441"}],"wp:attachment":[{"href":"https:\/\/gaia-lux.ch\/fr\/wp-json\/wp\/v2\/media?parent=12440"}],"wp:term":[{"taxonomy":"product_brand","embeddable":true,"href":"https:\/\/gaia-lux.ch\/fr\/wp-json\/wp\/v2\/product_brand?post=12440"},{"taxonomy":"product_cat","embeddable":true,"href":"https:\/\/gaia-lux.ch\/fr\/wp-json\/wp\/v2\/product_cat?post=12440"},{"taxonomy":"product_tag","embeddable":true,"href":"https:\/\/gaia-lux.ch\/fr\/wp-json\/wp\/v2\/product_tag?post=12440"}],"curies":[{"name":"wp","href":"https:\/\/api.w.org\/{rel}","templated":true}]}}