{"id":12456,"date":"2026-02-20T12:22:19","date_gmt":"2026-02-20T11:22:19","guid":{"rendered":"https:\/\/gaia-lux.ch\/?post_type=product&#038;p=12456"},"modified":"2026-03-05T10:43:28","modified_gmt":"2026-03-05T09:43:28","slug":"mini-kelly-braise-crocodile-porosus-shiny-phw","status":"publish","type":"product","link":"https:\/\/gaia-lux.ch\/fr\/produit\/mini-kelly-braise-crocodile-porosus-shiny-phw\/","title":{"rendered":"Mini Kelly Braise Crocodile Porosus Shiny PHW"},"content":{"rendered":"","protected":false},"excerpt":{"rendered":"<p data-start=\"201\" data-end=\"552\">Ic\u00f4ne absolue du luxe miniature, ce <strong data-start=\"237\" data-end=\"251\">Mini Kelly<\/strong> sign\u00e9 <span class=\"hover:entity-accent entity-underline inline cursor-pointer align-baseline\"><span class=\"whitespace-normal\">Herm\u00e8s<\/span><\/span> incarne l\u2019excellence artisanale et la raret\u00e9 des cuirs exotiques. Confectionn\u00e9 en <strong data-start=\"378\" data-end=\"408\">crocodile Porosus brillant<\/strong>, consid\u00e9r\u00e9 comme l\u2019un des cuirs les plus pr\u00e9cieux de la Maison, il r\u00e9v\u00e8le une brillance profonde et une structure d\u2019une finesse exceptionnelle.<\/p>\n<p data-start=\"554\" data-end=\"836\">Sa teinte <strong data-start=\"564\" data-end=\"574\">Braise<\/strong>, un rouge intense et incandescent, apporte une pr\u00e9sence spectaculaire tout en conservant une \u00e9l\u00e9gance intemporelle. La <strong data-start=\"694\" data-end=\"727\">quincaillerie palladium (PHW)<\/strong> souligne cette richesse chromatique d\u2019un \u00e9clat froid et sophistiqu\u00e9.<\/p>\n<p data-start=\"554\" data-end=\"836\">Dat\u00e9 de <strong data-start=\"846\" data-end=\"854\">2018<\/strong>, ce Mini Kelly est en excellent \u00e9tat, ayant \u00e9t\u00e9 soigneusement entretenu et conserv\u00e9 avec attention. Il est livr\u00e9 en <strong data-start=\"981\" data-end=\"1001\">full set incomplet<\/strong>, comprenant la bo\u00eete Herm\u00e8s, le dustbag, la feutrine protectrice et la bandouli\u00e8re mais sans facture ni CITES.<\/p>\n","protected":false},"featured_media":12466,"template":"","meta":[],"product_brand":[],"product_cat":[323,216],"product_tag":[],"class_list":{"0":"post-12456","1":"product","2":"type-product","3":"status-publish","4":"has-post-thumbnail","6":"product_cat-kelly","7":"product_cat-les-sacs","8":"ts_product_brand-kelly","10":"first","11":"outofstock","12":"taxable","13":"shipping-taxable","14":"purchasable","15":"product-type-simple","16":"add-to-wishlist-before_add_to_cart"},"yoast_head":"<!-- This site is optimized with the Yoast SEO plugin v27.3 - https:\/\/yoast.com\/product\/yoast-seo-wordpress\/ -->\n<title>Mini Kelly Braise Crocodile Porosus Shiny PHW - Gaia Lux<\/title>\n<meta name=\"robots\" content=\"index, follow, max-snippet:-1, max-image-preview:large, max-video-preview:-1\" \/>\n<link rel=\"canonical\" href=\"https:\/\/gaia-lux.ch\/fr\/produit\/mini-kelly-braise-crocodile-porosus-shiny-phw\/\" \/>\n<meta property=\"og:locale\" content=\"fr_FR\" \/>\n<meta property=\"og:type\" content=\"article\" \/>\n<meta property=\"og:title\" content=\"Mini Kelly Braise Crocodile Porosus Shiny PHW - Gaia Lux\" \/>\n<meta property=\"og:description\" content=\"Ic\u00f4ne absolue du luxe miniature, ce Mini Kelly sign\u00e9 Herm\u00e8s incarne l\u2019excellence artisanale et la raret\u00e9 des cuirs exotiques. Confectionn\u00e9 en crocodile Porosus brillant, consid\u00e9r\u00e9 comme l\u2019un des cuirs les plus pr\u00e9cieux de la Maison, il r\u00e9v\u00e8le une brillance profonde et une structure d\u2019une finesse exceptionnelle. Sa teinte Braise, un rouge intense et incandescent, apporte une pr\u00e9sence spectaculaire tout en conservant une \u00e9l\u00e9gance intemporelle. La quincaillerie palladium (PHW) souligne cette richesse chromatique d\u2019un \u00e9clat froid et sophistiqu\u00e9. Dat\u00e9 de 2018, ce Mini Kelly est en excellent \u00e9tat, ayant \u00e9t\u00e9 soigneusement entretenu et conserv\u00e9 avec attention. Il est livr\u00e9 en full set incomplet, comprenant la bo\u00eete Herm\u00e8s, le dustbag, la feutrine protectrice et la bandouli\u00e8re mais sans facture ni CITES.\" \/>\n<meta property=\"og:url\" content=\"https:\/\/gaia-lux.ch\/fr\/produit\/mini-kelly-braise-crocodile-porosus-shiny-phw\/\" \/>\n<meta property=\"og:site_name\" content=\"Gaia Lux\" \/>\n<meta property=\"article:modified_time\" content=\"2026-03-05T09:43:28+00:00\" \/>\n<meta property=\"og:image\" content=\"https:\/\/gaia-lux.ch\/wp-content\/uploads\/2026\/02\/transparent-Photoroom-copie-2.png\" \/>\n\t<meta property=\"og:image:width\" content=\"1512\" \/>\n\t<meta property=\"og:image:height\" content=\"1512\" \/>\n\t<meta property=\"og:image:type\" content=\"image\/png\" \/>\n<meta name=\"twitter:card\" content=\"summary_large_image\" \/>\n<meta name=\"twitter:label1\" content=\"Dur\u00e9e de lecture estim\u00e9e\" \/>\n\t<meta name=\"twitter:data1\" content=\"1 minute\" \/>\n<script type=\"application\/ld+json\" class=\"yoast-schema-graph\">{\"@context\":\"https:\\\/\\\/schema.org\",\"@graph\":[{\"@type\":\"WebPage\",\"@id\":\"https:\\\/\\\/gaia-lux.ch\\\/produit\\\/mini-kelly-braise-crocodile-porosus-shiny-phw\\\/\",\"url\":\"https:\\\/\\\/gaia-lux.ch\\\/produit\\\/mini-kelly-braise-crocodile-porosus-shiny-phw\\\/\",\"name\":\"Mini Kelly Braise Crocodile Porosus Shiny PHW - Gaia Lux\",\"isPartOf\":{\"@id\":\"https:\\\/\\\/gaia-lux.ch\\\/#website\"},\"primaryImageOfPage\":{\"@id\":\"https:\\\/\\\/gaia-lux.ch\\\/produit\\\/mini-kelly-braise-crocodile-porosus-shiny-phw\\\/#primaryimage\"},\"image\":{\"@id\":\"https:\\\/\\\/gaia-lux.ch\\\/produit\\\/mini-kelly-braise-crocodile-porosus-shiny-phw\\\/#primaryimage\"},\"thumbnailUrl\":\"https:\\\/\\\/gaia-lux.ch\\\/wp-content\\\/uploads\\\/2026\\\/02\\\/transparent-Photoroom-copie-2.png\",\"datePublished\":\"2026-02-20T11:22:19+00:00\",\"dateModified\":\"2026-03-05T09:43:28+00:00\",\"breadcrumb\":{\"@id\":\"https:\\\/\\\/gaia-lux.ch\\\/produit\\\/mini-kelly-braise-crocodile-porosus-shiny-phw\\\/#breadcrumb\"},\"inLanguage\":\"fr-FR\",\"potentialAction\":[{\"@type\":\"ReadAction\",\"target\":[\"https:\\\/\\\/gaia-lux.ch\\\/produit\\\/mini-kelly-braise-crocodile-porosus-shiny-phw\\\/\"]}]},{\"@type\":\"ImageObject\",\"inLanguage\":\"fr-FR\",\"@id\":\"https:\\\/\\\/gaia-lux.ch\\\/produit\\\/mini-kelly-braise-crocodile-porosus-shiny-phw\\\/#primaryimage\",\"url\":\"https:\\\/\\\/gaia-lux.ch\\\/wp-content\\\/uploads\\\/2026\\\/02\\\/transparent-Photoroom-copie-2.png\",\"contentUrl\":\"https:\\\/\\\/gaia-lux.ch\\\/wp-content\\\/uploads\\\/2026\\\/02\\\/transparent-Photoroom-copie-2.png\",\"width\":1512,\"height\":1512},{\"@type\":\"BreadcrumbList\",\"@id\":\"https:\\\/\\\/gaia-lux.ch\\\/produit\\\/mini-kelly-braise-crocodile-porosus-shiny-phw\\\/#breadcrumb\",\"itemListElement\":[{\"@type\":\"ListItem\",\"position\":1,\"name\":\"Accueil\",\"item\":\"https:\\\/\\\/gaia-lux.ch\\\/\"},{\"@type\":\"ListItem\",\"position\":2,\"name\":\"Boutique\",\"item\":\"https:\\\/\\\/gaia-lux.ch\\\/boutique\\\/\"},{\"@type\":\"ListItem\",\"position\":3,\"name\":\"Mini Kelly Braise Crocodile Porosus Shiny PHW\"}]},{\"@type\":\"WebSite\",\"@id\":\"https:\\\/\\\/gaia-lux.ch\\\/#website\",\"url\":\"https:\\\/\\\/gaia-lux.ch\\\/\",\"name\":\"Gaia Lux\",\"description\":\"Des pi\u00e8ces uniques, rares et limit\u00e9s.\",\"publisher\":{\"@id\":\"https:\\\/\\\/gaia-lux.ch\\\/#organization\"},\"alternateName\":\"Gaia Lux : Sp\u00e9cialis\u00e9s dans la recherche de sacs Herm\u00e8s rares et limit\u00e9s.\",\"potentialAction\":[{\"@type\":\"SearchAction\",\"target\":{\"@type\":\"EntryPoint\",\"urlTemplate\":\"https:\\\/\\\/gaia-lux.ch\\\/?s={search_term_string}\"},\"query-input\":{\"@type\":\"PropertyValueSpecification\",\"valueRequired\":true,\"valueName\":\"search_term_string\"}}],\"inLanguage\":\"fr-FR\"},{\"@type\":\"Organization\",\"@id\":\"https:\\\/\\\/gaia-lux.ch\\\/#organization\",\"name\":\"Gaia Lux\",\"url\":\"https:\\\/\\\/gaia-lux.ch\\\/\",\"logo\":{\"@type\":\"ImageObject\",\"inLanguage\":\"fr-FR\",\"@id\":\"https:\\\/\\\/gaia-lux.ch\\\/#\\\/schema\\\/logo\\\/image\\\/\",\"url\":\"https:\\\/\\\/gaia-lux.ch\\\/wp-content\\\/uploads\\\/2025\\\/06\\\/cropped-LOGO-GAIA-2-Photoroom.png\",\"contentUrl\":\"https:\\\/\\\/gaia-lux.ch\\\/wp-content\\\/uploads\\\/2025\\\/06\\\/cropped-LOGO-GAIA-2-Photoroom.png\",\"width\":512,\"height\":512,\"caption\":\"Gaia Lux\"},\"image\":{\"@id\":\"https:\\\/\\\/gaia-lux.ch\\\/#\\\/schema\\\/logo\\\/image\\\/\"}}]}<\/script>\n<!-- \/ Yoast SEO plugin. -->","yoast_head_json":{"title":"Mini Kelly Braise Crocodile Porosus Shiny PHW - Gaia Lux","robots":{"index":"index","follow":"follow","max-snippet":"max-snippet:-1","max-image-preview":"max-image-preview:large","max-video-preview":"max-video-preview:-1"},"canonical":"https:\/\/gaia-lux.ch\/fr\/produit\/mini-kelly-braise-crocodile-porosus-shiny-phw\/","og_locale":"fr_FR","og_type":"article","og_title":"Mini Kelly Braise Crocodile Porosus Shiny PHW - Gaia Lux","og_description":"Ic\u00f4ne absolue du luxe miniature, ce Mini Kelly sign\u00e9 Herm\u00e8s incarne l\u2019excellence artisanale et la raret\u00e9 des cuirs exotiques. Confectionn\u00e9 en crocodile Porosus brillant, consid\u00e9r\u00e9 comme l\u2019un des cuirs les plus pr\u00e9cieux de la Maison, il r\u00e9v\u00e8le une brillance profonde et une structure d\u2019une finesse exceptionnelle. Sa teinte Braise, un rouge intense et incandescent, apporte une pr\u00e9sence spectaculaire tout en conservant une \u00e9l\u00e9gance intemporelle. La quincaillerie palladium (PHW) souligne cette richesse chromatique d\u2019un \u00e9clat froid et sophistiqu\u00e9. Dat\u00e9 de 2018, ce Mini Kelly est en excellent \u00e9tat, ayant \u00e9t\u00e9 soigneusement entretenu et conserv\u00e9 avec attention. Il est livr\u00e9 en full set incomplet, comprenant la bo\u00eete Herm\u00e8s, le dustbag, la feutrine protectrice et la bandouli\u00e8re mais sans facture ni CITES.","og_url":"https:\/\/gaia-lux.ch\/fr\/produit\/mini-kelly-braise-crocodile-porosus-shiny-phw\/","og_site_name":"Gaia Lux","article_modified_time":"2026-03-05T09:43:28+00:00","og_image":[{"width":1512,"height":1512,"url":"https:\/\/gaia-lux.ch\/wp-content\/uploads\/2026\/02\/transparent-Photoroom-copie-2.png","type":"image\/png"}],"twitter_card":"summary_large_image","twitter_misc":{"Dur\u00e9e de lecture estim\u00e9e":"1 minute"},"schema":{"@context":"https:\/\/schema.org","@graph":[{"@type":"WebPage","@id":"https:\/\/gaia-lux.ch\/produit\/mini-kelly-braise-crocodile-porosus-shiny-phw\/","url":"https:\/\/gaia-lux.ch\/produit\/mini-kelly-braise-crocodile-porosus-shiny-phw\/","name":"Mini Kelly Braise Crocodile Porosus Shiny PHW - Gaia Lux","isPartOf":{"@id":"https:\/\/gaia-lux.ch\/#website"},"primaryImageOfPage":{"@id":"https:\/\/gaia-lux.ch\/produit\/mini-kelly-braise-crocodile-porosus-shiny-phw\/#primaryimage"},"image":{"@id":"https:\/\/gaia-lux.ch\/produit\/mini-kelly-braise-crocodile-porosus-shiny-phw\/#primaryimage"},"thumbnailUrl":"https:\/\/gaia-lux.ch\/wp-content\/uploads\/2026\/02\/transparent-Photoroom-copie-2.png","datePublished":"2026-02-20T11:22:19+00:00","dateModified":"2026-03-05T09:43:28+00:00","breadcrumb":{"@id":"https:\/\/gaia-lux.ch\/produit\/mini-kelly-braise-crocodile-porosus-shiny-phw\/#breadcrumb"},"inLanguage":"fr-FR","potentialAction":[{"@type":"ReadAction","target":["https:\/\/gaia-lux.ch\/produit\/mini-kelly-braise-crocodile-porosus-shiny-phw\/"]}]},{"@type":"ImageObject","inLanguage":"fr-FR","@id":"https:\/\/gaia-lux.ch\/produit\/mini-kelly-braise-crocodile-porosus-shiny-phw\/#primaryimage","url":"https:\/\/gaia-lux.ch\/wp-content\/uploads\/2026\/02\/transparent-Photoroom-copie-2.png","contentUrl":"https:\/\/gaia-lux.ch\/wp-content\/uploads\/2026\/02\/transparent-Photoroom-copie-2.png","width":1512,"height":1512},{"@type":"BreadcrumbList","@id":"https:\/\/gaia-lux.ch\/produit\/mini-kelly-braise-crocodile-porosus-shiny-phw\/#breadcrumb","itemListElement":[{"@type":"ListItem","position":1,"name":"Accueil","item":"https:\/\/gaia-lux.ch\/"},{"@type":"ListItem","position":2,"name":"Boutique","item":"https:\/\/gaia-lux.ch\/boutique\/"},{"@type":"ListItem","position":3,"name":"Mini Kelly Braise Crocodile Porosus Shiny PHW"}]},{"@type":"WebSite","@id":"https:\/\/gaia-lux.ch\/#website","url":"https:\/\/gaia-lux.ch\/","name":"Gaia Lux","description":"Des pi\u00e8ces uniques, rares et limit\u00e9s.","publisher":{"@id":"https:\/\/gaia-lux.ch\/#organization"},"alternateName":"Gaia Lux : Sp\u00e9cialis\u00e9s dans la recherche de sacs Herm\u00e8s rares et limit\u00e9s.","potentialAction":[{"@type":"SearchAction","target":{"@type":"EntryPoint","urlTemplate":"https:\/\/gaia-lux.ch\/?s={search_term_string}"},"query-input":{"@type":"PropertyValueSpecification","valueRequired":true,"valueName":"search_term_string"}}],"inLanguage":"fr-FR"},{"@type":"Organization","@id":"https:\/\/gaia-lux.ch\/#organization","name":"Gaia Lux","url":"https:\/\/gaia-lux.ch\/","logo":{"@type":"ImageObject","inLanguage":"fr-FR","@id":"https:\/\/gaia-lux.ch\/#\/schema\/logo\/image\/","url":"https:\/\/gaia-lux.ch\/wp-content\/uploads\/2025\/06\/cropped-LOGO-GAIA-2-Photoroom.png","contentUrl":"https:\/\/gaia-lux.ch\/wp-content\/uploads\/2025\/06\/cropped-LOGO-GAIA-2-Photoroom.png","width":512,"height":512,"caption":"Gaia Lux"},"image":{"@id":"https:\/\/gaia-lux.ch\/#\/schema\/logo\/image\/"}}]}},"_links":{"self":[{"href":"https:\/\/gaia-lux.ch\/fr\/wp-json\/wp\/v2\/product\/12456","targetHints":{"allow":["GET"]}}],"collection":[{"href":"https:\/\/gaia-lux.ch\/fr\/wp-json\/wp\/v2\/product"}],"about":[{"href":"https:\/\/gaia-lux.ch\/fr\/wp-json\/wp\/v2\/types\/product"}],"version-history":[{"count":3,"href":"https:\/\/gaia-lux.ch\/fr\/wp-json\/wp\/v2\/product\/12456\/revisions"}],"predecessor-version":[{"id":12468,"href":"https:\/\/gaia-lux.ch\/fr\/wp-json\/wp\/v2\/product\/12456\/revisions\/12468"}],"wp:featuredmedia":[{"embeddable":true,"href":"https:\/\/gaia-lux.ch\/fr\/wp-json\/wp\/v2\/media\/12466"}],"wp:attachment":[{"href":"https:\/\/gaia-lux.ch\/fr\/wp-json\/wp\/v2\/media?parent=12456"}],"wp:term":[{"taxonomy":"product_brand","embeddable":true,"href":"https:\/\/gaia-lux.ch\/fr\/wp-json\/wp\/v2\/product_brand?post=12456"},{"taxonomy":"product_cat","embeddable":true,"href":"https:\/\/gaia-lux.ch\/fr\/wp-json\/wp\/v2\/product_cat?post=12456"},{"taxonomy":"product_tag","embeddable":true,"href":"https:\/\/gaia-lux.ch\/fr\/wp-json\/wp\/v2\/product_tag?post=12456"}],"curies":[{"name":"wp","href":"https:\/\/api.w.org\/{rel}","templated":true}]}}